{"id":2416,"date":"2019-09-28T23:40:11","date_gmt":"2019-09-28T16:40:11","guid":{"rendered":"http:\/\/demo21.muathemewordpress.net\/chi-tiet\/giay-dan-tuong-23908"},"modified":"2019-09-28T23:40:13","modified_gmt":"2019-09-28T16:40:13","slug":"giay-dan-tuong-23908","status":"publish","type":"product","link":"https:\/\/hosting.conasi.vn\/w\/noithat162011\/san-pham\/giay-dan-tuong-23908\/","title":{"rendered":"Gi\u1ea5y d\u00e1n t\u01b0\u1eddng 23908"},"content":{"rendered":"","protected":false},"excerpt":{"rendered":"<p>Gi\u1ea5y d\u00e1ng t\u01b0\u1eddng Casablanca 23908 h\u1ecda ti\u1ebft\u00a0 n\u1ed5i b\u1eadt, m\u00e0u s\u1eafc b\u1eaft m\u1eaft thi c\u00f4ng nhanh kh\u00f4ng b\u00e1m b\u1ea9n, d\u1ec5 lau ch\u00f9i.<br \/>\nK\u00edch th\u01b0\u1edbc: 10 x 0.53m<br \/>\nM\u00e0u s\u1eafc: H\u1ecda ti\u1ebft<br \/>\nXu\u1ea5t x\u1ee9: Malaysia<\/p>\n","protected":false},"featured_media":2417,"template":"","meta":[],"thuong-hieu":[],"_links":{"self":[{"href":"https:\/\/hosting.conasi.vn\/w\/noithat162011\/wp-json\/wp\/v2\/product\/2416"}],"collection":[{"href":"https:\/\/hosting.conasi.vn\/w\/noithat162011\/wp-json\/wp\/v2\/product"}],"about":[{"href":"https:\/\/hosting.conasi.vn\/w\/noithat162011\/wp-json\/wp\/v2\/types\/product"}],"wp:featuredmedia":[{"embeddable":true,"href":"https:\/\/hosting.conasi.vn\/w\/noithat162011\/wp-json\/wp\/v2\/media\/2417"}],"wp:attachment":[{"href":"https:\/\/hosting.conasi.vn\/w\/noithat162011\/wp-json\/wp\/v2\/media?parent=2416"}],"wp:term":[{"taxonomy":"thuong-hieu","embeddable":true,"href":"https:\/\/hosting.conasi.vn\/w\/noithat162011\/wp-json\/wp\/v2\/thuong-hieu?post=2416"}],"curies":[{"name":"wp","href":"https:\/\/api.w.org\/{rel}","templated":true}]}}