{"id":2338,"date":"2019-09-28T23:29:01","date_gmt":"2019-09-28T16:29:01","guid":{"rendered":"http:\/\/demo21.muathemewordpress.net\/chi-tiet\/gach-jamaica-grey-nat"},"modified":"2019-09-28T23:29:05","modified_gmt":"2019-09-28T16:29:05","slug":"gach-jamaica-grey-nat","status":"publish","type":"product","link":"https:\/\/hosting.conasi.vn\/w\/noithat162011\/san-pham\/gach-jamaica-grey-nat\/","title":{"rendered":"G\u1ea0CH JAMAICA GREY NAT"},"content":{"rendered":"","protected":false},"excerpt":{"rendered":"<p>T\u00ean s\u1ea3n ph\u1ea9m: JAMAICA GREY NAT<br \/>\nM\u00e3 s\u1ea3n ph\u1ea9m: 60P014A<br \/>\nXu\u1ea5t x\u1ee9: Malaysia\u00a0<br \/>\nK\u00edch th\u01b0\u1edbc: 600x600mm\u00a0<br \/>\n\u0110\u1ed9 d\u00e0y : 9.5mm\u00a0<br \/>\n\u1ee8ng d\u1ee5ng : \u1ed0p t\u01b0\u1eddng v\u00e0 l\u00e1t s\u00e0n<\/p>\n","protected":false},"featured_media":2339,"template":"","meta":[],"thuong-hieu":[],"_links":{"self":[{"href":"https:\/\/hosting.conasi.vn\/w\/noithat162011\/wp-json\/wp\/v2\/product\/2338"}],"collection":[{"href":"https:\/\/hosting.conasi.vn\/w\/noithat162011\/wp-json\/wp\/v2\/product"}],"about":[{"href":"https:\/\/hosting.conasi.vn\/w\/noithat162011\/wp-json\/wp\/v2\/types\/product"}],"wp:featuredmedia":[{"embeddable":true,"href":"https:\/\/hosting.conasi.vn\/w\/noithat162011\/wp-json\/wp\/v2\/media\/2339"}],"wp:attachment":[{"href":"https:\/\/hosting.conasi.vn\/w\/noithat162011\/wp-json\/wp\/v2\/media?parent=2338"}],"wp:term":[{"taxonomy":"thuong-hieu","embeddable":true,"href":"https:\/\/hosting.conasi.vn\/w\/noithat162011\/wp-json\/wp\/v2\/thuong-hieu?post=2338"}],"curies":[{"name":"wp","href":"https:\/\/api.w.org\/{rel}","templated":true}]}}