{"id":2282,"date":"2019-09-28T23:25:00","date_gmt":"2019-09-28T16:25:00","guid":{"rendered":"http:\/\/demo21.muathemewordpress.net\/chi-tiet\/may-rua-chen-wp73-2"},"modified":"2019-09-28T23:25:01","modified_gmt":"2019-09-28T16:25:01","slug":"may-rua-chen-wp73-2","status":"publish","type":"product","link":"https:\/\/hosting.conasi.vn\/w\/noithat162011\/san-pham\/may-rua-chen-wp73-2\/","title":{"rendered":"M\u00e1y r\u1eeda ch\u00e9n WP73\/2"},"content":{"rendered":"<section class=\"tab-content\" id=\"tab-2\">-Xu\u1ea5t x\u1ee9: Poland<br \/>\n&#8211; K\u00edch th\u01b0\u1edbc s\u1ea3n ph\u1ea9m : 597 x 820 x 570 (WxHxD) mm<br \/>\n&#8211; K\u00edch th\u01b0\u1edbc c\u1eaft (WxHxD) mm: 600 x 820-900 x 570<br \/>\n&#8211; M\u1ee9c nhi\u1ec7t \u0111\u1ed9: 7 nhi\u1ec7t \u0111\u1ed9 n\u01b0\u1edbc kh\u00e1c nhau<br \/>\n&#8211; C\u00f4ng su\u1ea5t : 14 b\u1ed9 ch\u00e9n d\u0129a<br \/>\n&#8211; \u0110i\u1ec1u khi\u1ec3n c\u01a1 v\u00e0 m\u00e0n h\u00ecnh LED \u0111i\u1ec7n t\u1eed hi\u1ec3n th\u1ecb<br \/>\n&#8211; 10 ch\u01b0\u01a1ng tr\u00ecnh l\u00e0m s\u1ea1ch (6th SENSE, pre-wash, fragile, rapid, eco, fast daily, silent, intensive, steam, hygiene)<br \/>\n&#8211; Ch\u1ee9c n\u0103ng ho\u00e3n kh\u1edfi \u0111\u1ed9ng trong 24h<br \/>\n&#8211; \u0110\u00e8n th\u00f4ng b\u00e1o l\u01b0\u1ee3ng mu\u1ed1i v\u00e0 c\u00e1c lo\u1ea1i ch\u1ea5t h\u1ed7 tr\u1ee3 vi\u1ec7c t\u1ea9y r\u1eeda<br \/>\n&#8211; B\u1ed9 l\u1ecdc t\u1ef1 \u0111\u1ed9ng SS<br \/>\n&#8211; S\u1ea3n ph\u1ea9m th\u00e2n thi\u1ec7n v\u1edbi m\u00f4i tr\u01b0\u1eddng<br \/>\n&#8211; L\u01b0\u1ee3ng n\u01b0\u1edbc ti\u00eau th\u1ee5: 11,5L (ti\u00eau th\u1ee5 h\u00e0ng n\u0103m 3220L)<br \/>\n&#8211; C\u01b0\u1eddng \u0111\u1ed9 \u00e2m thanh: 42 dBA<br \/>\n&#8211; B\u1ed3n r\u1eeda SS<\/section>\n","protected":false},"excerpt":{"rendered":"<p>C\u00f4ng ngh\u1ec7 \u0111\u1ed9c quy\u1ec1n:\u00a0<br \/>\n6th SENSE Power Clean<br \/>\nC\u00f4ng ngh\u00ea 6th Sense t\u1ef1 \u0111\u1ed9ng \u0111i\u1ec1u ch\u1ec9nh chu k\u1ef3 ho\u1ea1t \u0111\u1ed9ng th\u00edch h\u1ee3p \u0111\u1ec3 lo\u1ea1i b\u1ecf c\u00e1c v\u1ebft b\u1ea9n c\u1ee9ng \u0111\u1ea7u.<br \/>\nTi\u1ebft ki\u1ec7m t\u1edbi 50% th\u1eddi gian, l\u01b0\u1ee3ng n\u01b0\u1edbc v\u00e0 \u0111i\u1ec7n n\u0103ng ti\u00eau th\u1ee5.<br \/>\nPower Clean<br \/>\n\u00c1p su\u1ea5t c\u1ee7a m\u00e1y \u00e9p th\u1ee7y l\u1ef1c PowerClean (28 c\u1eeda) \u0111\u01b0\u1ee3c \u0111i\u1ec1u ch\u1ec9nh theo m\u1ee9c \u0111\u1ed9 b\u1ea9n m\u00e0 kh\u00f4ng c\u1ea7n b\u1ed5 sung th\u00eam n\u01b0\u1edbc.\u00a0<br \/>\nT\u1ea9y r\u1eeda m\u1ea1nh m\u1ebd ngay c\u1ea3 trong c\u00e1c gi\u00e1 \u0111\u1ef1ng th\u1ea5p h\u01a1n.\u00a0<br \/>\nT\u1ed1i \u01b0u h\u00f3a kh\u00f4ng gian, gi\u00e1 \u0111\u1ef1ng th\u1ea5p h\u01a1n c\u00f3 th\u1ec3 ch\u1ee9a t\u1ed1i \u0111a \u0111\u1ebfn 10 \u0111\u0129a.<br \/>\n\u0110\u1ea3m b\u1ea3o k\u1ebft qu\u1ea3 l\u00e0m s\u1ea1ch xu\u1ea5t s\u1eafc.\u00a0<br \/>\nKh\u00f4ng gian Flexi<br \/>\nUpper Rack &#8211; D\u1ec5 d\u00e0ng \u0111i\u1ec1u ch\u1ec9nh v\u00e0 th\u00e1o r\u1eddi, c\u00f3 t\u1edbi 4 khu v\u1ef1c c\u00f3 th\u1ec3 thu g\u1ecdn l\u1ea1i, ti\u1ebft ki\u1ec7m kh\u00f4ng gian s\u1eed d\u1ee5ng.\u00a0<br \/>\nLower Rack &#8211; L\u00ean \u0111\u1ebfn 6 khu v\u1ef1c c\u00f3 th\u1ec3 thu g\u1ecdn l\u1ea1i.<br \/>\nRack 3 &#8211; Linh ho\u1ea1t h\u01a1n trong vi\u1ec7c t\u1ea9y r\u1eeda c\u00e1c v\u1eadt d\u1ee5ng s\u1eafc nh\u1ecdn\u00a0<br \/>\nQu\u1ea3n l\u00fd kh\u00f4ng gian ho\u1ea1t \u0111\u1ed9ng c\u1ee7a m\u00e1y t\u1ed1t h\u01a1n.<br \/>\nCung c\u1ea5p s\u1ee9c ch\u1ee9a t\u1ed1i \u01b0u v\u00e0 linh ho\u1ea1t.\u00a0<br \/>\n\u00a0<\/p>\n","protected":false},"featured_media":2283,"template":"","meta":[],"thuong-hieu":[],"_links":{"self":[{"href":"https:\/\/hosting.conasi.vn\/w\/noithat162011\/wp-json\/wp\/v2\/product\/2282"}],"collection":[{"href":"https:\/\/hosting.conasi.vn\/w\/noithat162011\/wp-json\/wp\/v2\/product"}],"about":[{"href":"https:\/\/hosting.conasi.vn\/w\/noithat162011\/wp-json\/wp\/v2\/types\/product"}],"wp:featuredmedia":[{"embeddable":true,"href":"https:\/\/hosting.conasi.vn\/w\/noithat162011\/wp-json\/wp\/v2\/media\/2283"}],"wp:attachment":[{"href":"https:\/\/hosting.conasi.vn\/w\/noithat162011\/wp-json\/wp\/v2\/media?parent=2282"}],"wp:term":[{"taxonomy":"thuong-hieu","embeddable":true,"href":"https:\/\/hosting.conasi.vn\/w\/noithat162011\/wp-json\/wp\/v2\/thuong-hieu?post=2282"}],"curies":[{"name":"wp","href":"https:\/\/api.w.org\/{rel}","templated":true}]}}