{"id":2273,"date":"2019-09-28T23:24:33","date_gmt":"2019-09-28T16:24:33","guid":{"rendered":"http:\/\/demo21.muathemewordpress.net\/chi-tiet\/may-hut-mui-akr912ixv"},"modified":"2019-09-28T23:24:35","modified_gmt":"2019-09-28T16:24:35","slug":"may-hut-mui-akr912ixv","status":"publish","type":"product","link":"https:\/\/hosting.conasi.vn\/w\/noithat162011\/san-pham\/may-hut-mui-akr912ixv\/","title":{"rendered":"M\u00e1y h\u00fat m\u00f9i AKR912IXV"},"content":{"rendered":"","protected":false},"excerpt":{"rendered":"<p>&#8211; K\u00edch th\u01b0\u1edbc s\u1ea3n ph\u1ea9m: 530-1005(H) x 480(W) x 900(D) mm<br \/>\n&#8211; Kh\u1ed1i l\u01b0\u1ee3ng : 19.5kg<br \/>\n&#8211; M\u00e1y h\u00fat m\u00f9i ch\u1eef T<br \/>\n&#8211; \u0110i\u1ec7n \u00e1p \u0111\u1ecbnh m\u1ee9c : 220 -240V<br \/>\n&#8211; H\u00fat t\u1ed1i \u0111a : 1000m3\/h<br \/>\n&#8211; C\u01b0\u1eddng \u0111\u1ed9 \u00e2m thanh: 58dB<br \/>\n&#8211; \u0110\u00e8n Halogen chi\u1ebfu s\u00e1ng<br \/>\n&#8211; N\u00fat \u0111i\u1ec1u khi\u1ec3n \u0111i\u1ec7n t\u1eed<br \/>\n&#8211; B\u1ed9 \u0111\u1ebfm gi\u1edd 15 Ph\u00fat<br \/>\n&#8211; 4 m\u1ee9c si\u00eau t\u1ed1c \u0111\u1ed9 h\u00fat<br \/>\n&#8211; B\u1ed9 l\u1ecdc d\u1ea7u Aluminium 3 l\u1edbp d\u1ec5 d\u00e0ng lau ch\u00f9i<br \/>\n&#8211; B\u1ed9 l\u1ecdc than ho\u1ea1t t\u00ednh<br \/>\n&#8211; Th\u00e9p kh\u00f4ng g\u1ec9 cao c\u1ea5p v\u00e0 b\u1ec1n b\u1ec9.<br \/>\n&#8211; Bao g\u1ed3m ch\u1ebf \u0111\u1ed9 h\u00fat \u0111\u1ea9y tu\u1ea7n ho\u00e0n ho\u1eb7c ph\u00e2n lu\u1ed3ng<\/p>\n","protected":false},"featured_media":2274,"template":"","meta":[],"thuong-hieu":[],"_links":{"self":[{"href":"https:\/\/hosting.conasi.vn\/w\/noithat162011\/wp-json\/wp\/v2\/product\/2273"}],"collection":[{"href":"https:\/\/hosting.conasi.vn\/w\/noithat162011\/wp-json\/wp\/v2\/product"}],"about":[{"href":"https:\/\/hosting.conasi.vn\/w\/noithat162011\/wp-json\/wp\/v2\/types\/product"}],"wp:featuredmedia":[{"embeddable":true,"href":"https:\/\/hosting.conasi.vn\/w\/noithat162011\/wp-json\/wp\/v2\/media\/2274"}],"wp:attachment":[{"href":"https:\/\/hosting.conasi.vn\/w\/noithat162011\/wp-json\/wp\/v2\/media?parent=2273"}],"wp:term":[{"taxonomy":"thuong-hieu","embeddable":true,"href":"https:\/\/hosting.conasi.vn\/w\/noithat162011\/wp-json\/wp\/v2\/thuong-hieu?post=2273"}],"curies":[{"name":"wp","href":"https:\/\/api.w.org\/{rel}","templated":true}]}}