{"id":2267,"date":"2019-09-28T23:24:12","date_gmt":"2019-09-28T16:24:12","guid":{"rendered":"http:\/\/demo21.muathemewordpress.net\/chi-tiet\/bep-ga-akc320c-ixv-b"},"modified":"2019-09-28T23:24:14","modified_gmt":"2019-09-28T16:24:14","slug":"bep-ga-akc320c-ixv-b","status":"publish","type":"product","link":"https:\/\/hosting.conasi.vn\/w\/noithat162011\/san-pham\/bep-ga-akc320c-ixv-b\/","title":{"rendered":"B\u1ebfp ga AKC320C\/IXV-B"},"content":{"rendered":"<section class=\"tab-content\" id=\"tab-2\">T\u00ednh n\u0103ng ch\u00ednh:\u00a0<\/p>\n<ul>\n<li>\u0110\u1ea7u \u0111\u1ed1t c\u00f4ng su\u1ea5t cao \u0111\u01b0\u1ee3c s\u1ea3n xu\u1ea5t t\u1ea1i \u00dd &#8211; Ultra High Power Italian Burner<\/li>\n<li>Ti\u1ebft ki\u1ec7m n\u0103ng l\u01b0\u1ee3ng &#8211; hi\u1ec7u su\u1ea5t n\u0103ng l\u01b0\u1ee3ng t\u0103ng 10%, ti\u1ebft ki\u1ec7m l\u01b0\u1ee3ng kh\u00ed gas ti\u00eau th\u1ee5<\/li>\n<li>N\u1ea5u \u0103n nhanh &#8211; th\u1eddi gian l\u00e0m n\u00f3ng l\u00ean \u0111\u1ebfn 40%, ph\u00f9 h\u1ee3p v\u1edbi phong c\u00e1ch n\u1ea5u \u0103n c\u1ee7a ng\u01b0\u1eddi Ch\u00e2u \u00c1<\/li>\n<li>V\u00f2ng \u0111\u1ed1t k\u00e9p \u0111\u1ed9c l\u1eadp &#8211; 2 v\u00f2ng nhi\u1ec7t s\u1eed d\u1ee5ng l\u1eeda ri\u00eang bi\u1ec7t<\/li>\n<\/ul>\n<p>N\u1ea5u \u0103n l\u00e0nh m\u1ea1nh &#8211; l\u01b0\u1ee3ng kh\u00ed CO \/ CO2 \u0111\u01b0\u1ee3c th\u1ea3i ra trong qu\u00e1 tr\u00ecnh \u0111\u1ed1t ch\u00e1y kh\u00f4ng \u0111\u00e1ng k\u1ec3.<\/p>\n<ul>\n<li>Ch\u1ea5t l\u01b0\u1ee3ng cao &#8211; s\u1ea3n xu\u1ea5t t\u1ea1i \u00dd, th\u00f4ng qua chuy\u00ean gia s\u1ea3n xu\u1ea5t \u0111\u1ea7u \u0111\u1ed1t n\u1ed5i ti\u1ebfng th\u1ebf gi\u1edbi, Sabaf<\/li>\n<\/ul>\n<p>Thi\u1ebft b\u1ecb ng\u1eaft l\u1eeda &#8211; Flame Failure Device (FFD)<\/p>\n<ul>\n<li>FFD kh\u00f3a ngu\u1ed3n cung c\u1ea5p kh\u00ed gas ngay khi kh\u00f4ng c\u00f2n l\u1eeda, ng\u0103n ng\u1eeba r\u00f2 r\u1ec9 kh\u00ed trong tr\u01b0\u1eddng h\u1ee3p gi\u00f3 l\u00f9a ho\u1eb7c khi b\u1ebfp kh\u00f4ng \u0111\u01b0\u1ee3c t\u1eaft \u0111\u00fang c\u00e1ch.<\/li>\n<\/ul>\n<p>Ki\u1ec1ng b\u1ebfp b\u1eb1ng gang &#8211; Cast Iron Pan Support<\/p>\n<ul>\n<li>Ki\u1ec1ng s\u1eaft h\u00ecnh vu\u00f4ng \u0111\u01b0\u1ee3c b\u1ed1 tr\u00ed ch\u1eafc ch\u1eafn, \u1ed5n \u0111\u1ecbnh t\u1ed1i \u0111a.<\/li>\n<li>Ngo\u00e0i ra, t\u00ednh n\u0103ng ch\u00e2n cao su \u0111\u01b0\u1ee3c thi\u1ebft l\u1eadp \u0111\u1ec3 gi\u1ea3m tr\u1ea7y x\u01b0\u1edbc b\u1ec1 m\u1eb7t b\u1ebfp<\/li>\n<\/ul>\n<p>H\u1ed7 tr\u1ee3 \u0111\u1ea7u \u0111\u1ed1t &#8211; Cast Iron Wok Support<\/p>\n<ul>\n<li>M\u1ed7i \u0111\u1ea7u \u0111\u1ed1t \u0111\u01b0\u1ee3c l\u1eafp \u0111\u1eb7t trong m\u1ed7i l\u00f2, cung c\u1ea5p s\u1ef1 linh ho\u1ea1t trong vi\u1ec7c n\u1ea5u \u0103n.\u00a0<\/li>\n<\/ul>\n<p>Th\u00e9p kh\u00f4ng g\u1ec9 c\u1ea5p cao &#8211; High Grade Stainless Steel<\/p>\n<ul>\n<li>M\u1ed9t trong nh\u1eefng lo\u1ea1i Th\u00e9p kh\u00f4ng g\u1ec9 cao c\u1ea5p &#8211; SS 304 \u0111\u01b0\u1ee3c bi\u1ebft \u0111\u1ebfn v\u1edbi kh\u1ea3 n\u0103ng kh\u00e1ng r\u1ec9 v\u00e0 \u0103n m\u00f2n cao.<\/li>\n<li>Lo\u1ea1i th\u00e9p n\u00e0y c\u00f3 kh\u1ea3 n\u0103ng \u0111\u1ea9y l\u00f9i c\u00e1c v\u1ebft b\u1ea9n th\u1ef1c ph\u1ea9m v\u00e0 duy tr\u00ec b\u1ec1 m\u1eb7t b\u1ebfp b\u00f3ng m\u01b0\u1ee3t ngay c\u1ea3 sau m\u1ed9t th\u1eddi gian d\u00e0i.<\/li>\n<\/ul>\n<\/section>\n","protected":false},"excerpt":{"rendered":"<p>T\u00ednh n\u0103ng ch\u00ednh:\u00a0<br \/>\n\u0110\u1ea7u \u0111\u1ed1t c\u00f4ng su\u1ea5t cao \u0111\u01b0\u1ee3c s\u1ea3n xu\u1ea5t t\u1ea1i \u00dd &#8211; Ultra High Power Italian Burner<br \/>\nTi\u1ebft ki\u1ec7m n\u0103ng l\u01b0\u1ee3ng &#8211; hi\u1ec7u su\u1ea5t n\u0103ng l\u01b0\u1ee3ng t\u0103ng 10%, ti\u1ebft ki\u1ec7m l\u01b0\u1ee3ng kh\u00ed gas ti\u00eau th\u1ee5<br \/>\nN\u1ea5u \u0103n nhanh &#8211; th\u1eddi gian l\u00e0m n\u00f3ng l\u00ean \u0111\u1ebfn 40%, ph\u00f9 h\u1ee3p v\u1edbi phong c\u00e1ch n\u1ea5u \u0103n c\u1ee7a ng\u01b0\u1eddi Ch\u00e2u \u00c1<br \/>\nV\u00f2ng \u0111\u1ed1t k\u00e9p \u0111\u1ed9c l\u1eadp &#8211; 2 v\u00f2ng nhi\u1ec7t s\u1eed d\u1ee5ng l\u1eeda ri\u00eang bi\u1ec7t<br \/>\nN\u1ea5u \u0103n l\u00e0nh m\u1ea1nh &#8211; l\u01b0\u1ee3ng kh\u00ed CO \/ CO2 \u0111\u01b0\u1ee3c th\u1ea3i ra trong qu\u00e1 tr\u00ecnh \u0111\u1ed1t ch\u00e1y kh\u00f4ng \u0111\u00e1ng k\u1ec3.<br \/>\nCh\u1ea5t l\u01b0\u1ee3ng cao &#8211; s\u1ea3n xu\u1ea5t t\u1ea1i \u00dd, th\u00f4ng qua chuy\u00ean gia s\u1ea3n xu\u1ea5t \u0111\u1ea7u \u0111\u1ed1t n\u1ed5i ti\u1ebfng th\u1ebf gi\u1edbi, Sabaf<\/p>\n<p>Thi\u1ebft b\u1ecb ng\u1eaft l\u1eeda &#8211; Flame Failure Device (FFD)<br \/>\nFFD kh\u00f3a ngu\u1ed3n cung c\u1ea5p kh\u00ed gas ngay khi kh\u00f4ng c\u00f2n l\u1eeda, ng\u0103n ng\u1eeba r\u00f2 r\u1ec9 kh\u00ed trong tr\u01b0\u1eddng h\u1ee3p gi\u00f3 l\u00f9a ho\u1eb7c khi b\u1ebfp kh\u00f4ng \u0111\u01b0\u1ee3c t\u1eaft \u0111\u00fang c\u00e1ch.<\/p>\n<p>Ki\u1ec1ng b\u1ebfp b\u1eb1ng gang &#8211; Cast Iron Pan Support<br \/>\nKi\u1ec1ng s\u1eaft h\u00ecnh vu\u00f4ng \u0111\u01b0\u1ee3c b\u1ed1 tr\u00ed ch\u1eafc ch\u1eafn, \u1ed5n \u0111\u1ecbnh t\u1ed1i \u0111a.<br \/>\nNgo\u00e0i ra, t\u00ednh n\u0103ng ch\u00e2n cao su \u0111\u01b0\u1ee3c thi\u1ebft l\u1eadp \u0111\u1ec3 gi\u1ea3m tr\u1ea7y x\u01b0\u1edbc b\u1ec1 m\u1eb7t b\u1ebfp<br \/>\nK\u00edch th\u01b0\u1edbc:\u00a0510(H) x 300(W) x 90(D) mm<\/p>\n","protected":false},"featured_media":2268,"template":"","meta":[],"thuong-hieu":[],"_links":{"self":[{"href":"https:\/\/hosting.conasi.vn\/w\/noithat162011\/wp-json\/wp\/v2\/product\/2267"}],"collection":[{"href":"https:\/\/hosting.conasi.vn\/w\/noithat162011\/wp-json\/wp\/v2\/product"}],"about":[{"href":"https:\/\/hosting.conasi.vn\/w\/noithat162011\/wp-json\/wp\/v2\/types\/product"}],"wp:featuredmedia":[{"embeddable":true,"href":"https:\/\/hosting.conasi.vn\/w\/noithat162011\/wp-json\/wp\/v2\/media\/2268"}],"wp:attachment":[{"href":"https:\/\/hosting.conasi.vn\/w\/noithat162011\/wp-json\/wp\/v2\/media?parent=2267"}],"wp:term":[{"taxonomy":"thuong-hieu","embeddable":true,"href":"https:\/\/hosting.conasi.vn\/w\/noithat162011\/wp-json\/wp\/v2\/thuong-hieu?post=2267"}],"curies":[{"name":"wp","href":"https:\/\/api.w.org\/{rel}","templated":true}]}}