{"id":2245,"date":"2019-09-28T23:23:08","date_gmt":"2019-09-28T16:23:08","guid":{"rendered":"http:\/\/demo21.muathemewordpress.net\/chi-tiet\/lo-vi-song-amw848-ixl"},"modified":"2019-09-28T23:23:09","modified_gmt":"2019-09-28T16:23:09","slug":"lo-vi-song-amw848-ixl","status":"publish","type":"product","link":"https:\/\/hosting.conasi.vn\/w\/noithat162011\/san-pham\/lo-vi-song-amw848-ixl\/","title":{"rendered":"L\u00f2 vi s\u00f3ng AMW848\/IXL"},"content":{"rendered":"<section class=\"tab-content\" id=\"tab-2\">TH\u00d4NG S\u1ed0 N\u1ed4I B\u1eacT:\u00a0<\/p>\n<p>&#8211; K\u00edch th\u01b0\u1edbc: <span style=\"font-size: 14px; font-style: normal; font-variant-ligatures: normal; font-variant-caps: normal; font-weight: 400; letter-spacing: normal; orphans: 2; text-align: left; text-indent: 0px; text-transform: none; white-space: normal; widows: 2; word-spacing: 0px; -webkit-text-stroke-width: 0px; background-color: #ffffff; text-decoration-style: initial; text-decoration-color: initial; float: none; display: inline !important; font-family: Roboto, sans-serif; color: #333333;\">595 x 455 x 560<\/span> (mm)<br \/>\n&#8211; Xu\u1ea5t x\u1ee9: \u00dd<br \/>\n&#8211; Lo\u1ea1i m\u00e1y: MW- Combi<br \/>\n&#8211; M\u00e0u s\u1eafc: m\u00e0u Th\u00e9p kh\u00f4ng g\u1ec9<br \/>\n&#8211; Dung t\u00edch: 40L<br \/>\n&#8211; \u0110i\u1ec1u khi\u1ec3n \u0111i\u1ec7n t\u1eed v\u00e0 n\u00fam \u0111i\u1ec1u khi\u1ec3n c\u01a1: C\u00f3<br \/>\n&#8211; M\u00e0n h\u00ecnh \u0111i\u1ec1u khi\u1ec3n LCD: C\u00f3<br \/>\n&#8211; C\u00f4ng su\u1ea5t: 900W (MW), 1600W (N\u01b0\u1edbng)<br \/>\n&#8211; Nhi\u1ec7t \u0111\u1ed9: 7 M\u1ee9c \u0111\u1ed9 nhi\u1ec7t<br \/>\n&#8211; Kh\u00f3a an to\u00e0n: C\u00f3<br \/>\n&#8211; Ch\u01b0\u01a1ng tr\u00ecnh t\u1ef1 \u0111\u1ed9ng: C\u00f3<br \/>\n&#8211; Th\u00eam ch\u1ee9c n\u0103ng n\u01b0\u1edbng: C\u00f3<br \/>\n&#8211; B\u00e0n xoay: C\u00f3 (\u0110\u01b0\u1eddng k\u00ednh\u00a0306 mm)<br \/>\n&#8211; K\u00ednh M\u00e0u \u0110en + c\u1eaft SS + n\u00fam \u0111i\u1ec1u khi\u1ec3n Chrome<br \/>\n&#8211; Ph\u1ee5 ki\u1ec7n k\u00e8m theo: khay th\u1ee7y tinh, gi\u00e1 kim lo\u1ea1i<br \/>\n&#8211; H\u1ec7 th\u1ed1ng l\u00e0m s\u1ea1ch \u0111a n\u0103ng: Kh\u00f4ng<\/p>\n<\/section>\n","protected":false},"excerpt":{"rendered":"<p>C\u00f4ng ngh\u1ec7 gi\u00e1c quan th\u1ee9 6 &#8211; 6th senes technology<br \/>\nNh\u1eadn bi\u1ebft \u0111\u1ed9 \u1ea9m c\u1ee7a MWO<br \/>\nT\u1ef1 \u0111\u1ed9ng \u0111i\u1ec1u ch\u1ec9nh th\u1eddi gian n\u1ea5u<br \/>\nKi\u1ec3m so\u00e1t qu\u00e1 tr\u00ecnh n\u1ea5u<br \/>\nD\u1ec5 s\u1eed d\u1ee5ng, \u0111em l\u1ea1i hi\u1ec7u qu\u1ea3 tuy\u1ec7t v\u1eddi v\u00e0 s\u1eed d\u1ee5ng t\u1ed1i \u01b0u c\u00e1c ngu\u1ed3n l\u1ef1c, th\u1eddi gian v\u00e0 n\u0103ng l\u01b0\u1ee3ng.\u00a0<\/p>\n","protected":false},"featured_media":2246,"template":"","meta":[],"thuong-hieu":[],"_links":{"self":[{"href":"https:\/\/hosting.conasi.vn\/w\/noithat162011\/wp-json\/wp\/v2\/product\/2245"}],"collection":[{"href":"https:\/\/hosting.conasi.vn\/w\/noithat162011\/wp-json\/wp\/v2\/product"}],"about":[{"href":"https:\/\/hosting.conasi.vn\/w\/noithat162011\/wp-json\/wp\/v2\/types\/product"}],"wp:featuredmedia":[{"embeddable":true,"href":"https:\/\/hosting.conasi.vn\/w\/noithat162011\/wp-json\/wp\/v2\/media\/2246"}],"wp:attachment":[{"href":"https:\/\/hosting.conasi.vn\/w\/noithat162011\/wp-json\/wp\/v2\/media?parent=2245"}],"wp:term":[{"taxonomy":"thuong-hieu","embeddable":true,"href":"https:\/\/hosting.conasi.vn\/w\/noithat162011\/wp-json\/wp\/v2\/thuong-hieu?post=2245"}],"curies":[{"name":"wp","href":"https:\/\/api.w.org\/{rel}","templated":true}]}}