{"id":2239,"date":"2019-09-28T23:22:50","date_gmt":"2019-09-28T16:22:50","guid":{"rendered":"http:\/\/demo21.muathemewordpress.net\/chi-tiet\/may-pha-ca-phe-ace102ixl"},"modified":"2019-09-28T23:22:52","modified_gmt":"2019-09-28T16:22:52","slug":"may-pha-ca-phe-ace102ixl","status":"publish","type":"product","link":"https:\/\/hosting.conasi.vn\/w\/noithat162011\/san-pham\/may-pha-ca-phe-ace102ixl\/","title":{"rendered":"M\u00e1y pha c\u00e0 ph\u00ea ACE102IXL"},"content":{"rendered":"","protected":false},"excerpt":{"rendered":"<p>D\u1ec5 s\u1eed d\u1ee5ng &#8211; Ease to use\u00a0<br \/>\nM\u00e1y pha c\u00e0 ph\u00ea t\u1ef1 \u0111\u1ed9ng.<br \/>\nC\u00e1 nh\u00e2n h\u00f3a c\u00e1c thi\u1ebft l\u1eadp cho quy tr\u00ecnh pha c\u00e0 ph\u00ea, nhi\u1ec7t \u0111\u1ed9 v\u00e0 c\u00e1c th\u00f4ng s\u1ed1 kh\u00e1c.<\/p>\n<p>Thi\u1ebft k\u1ebf g\u1ecdn nh\u1eb9 &#8211; Ergonomic design\u00a0<br \/>\nThi\u1ebft b\u1ecb c\u00f3 th\u1ec3 th\u00e1o l\u1eafp d\u1ec5 d\u00e0ng<br \/>\n\u00a0B\u00ecnh n\u01b0\u1edbc v\u00e0 khay nh\u1ecf gi\u1ecdt c\u00f3 th\u1ec3 ti\u1ebfp c\u1eadn t\u1eeb ph\u00eda tr\u01b0\u1edbc.<\/p>\n<p>T\u1ef1 \u0111\u1ed9ng ho\u00e0n to\u00e0n &#8211; Fully Automatic<br \/>\nCh\u1ec9 c\u1ea7n v\u00e0i n\u00fat, m\u1ed9t ly c\u00e0 ph\u00ea Espresso ho\u00e0n h\u1ea3o s\u1ebd \u0111\u01b0\u1ee3c chu\u1ea9n b\u1ecb s\u1eb5n s\u00e0ng cho b\u1ea1n th\u01b0\u1edfng th\u1ee9c.<br \/>\nCh\u1ec9 c\u1ea7n th\u00eam h\u1ea1t c\u00e0 ph\u00ea v\u00e0 l\u1ef1a ch\u1ecdn lo\u1ea1i \u0111\u1ed3 u\u1ed1ng b\u1ea1n th\u00edch, m\u00e1y pha c\u00e0 ph\u00ea t\u1ef1 \u0111\u1ed9ng th\u1ef1c hi\u1ec7n quy tr\u00ecnh pha c\u00e0 ph\u00ea .<\/p>\n<p>B\u1ea3ng \u0111i\u1ec1u khi\u1ec3n c\u1ea3m \u1ee9ng &#8211; Touch Control Panel<br \/>\nB\u1ea3ng \u0111i\u1ec1u khi\u1ec3n c\u1ea3m \u1ee9ng duy tr\u00ec t\u00ednh th\u1ea9m m\u1ef9 c\u1ee7a m\u00e1y pha c\u00e0 ph\u00ea.<br \/>\nD\u1ec5 d\u00e0ng s\u1eed d\u1ee5ng c\u00e1c n\u00fat \u0111i\u1ec1u khi\u1ec3n c\u1ea3m \u1ee9ng<br \/>\nD\u1ec5 d\u00e0ng l\u00e0m s\u1ea1ch v\u1edbi b\u1ea3ng \u0111i\u1ec1u khi\u1ec3n ph\u1eb3ng v\u00e0 m\u1ecbn.<\/p>\n","protected":false},"featured_media":2240,"template":"","meta":[],"thuong-hieu":[],"_links":{"self":[{"href":"https:\/\/hosting.conasi.vn\/w\/noithat162011\/wp-json\/wp\/v2\/product\/2239"}],"collection":[{"href":"https:\/\/hosting.conasi.vn\/w\/noithat162011\/wp-json\/wp\/v2\/product"}],"about":[{"href":"https:\/\/hosting.conasi.vn\/w\/noithat162011\/wp-json\/wp\/v2\/types\/product"}],"wp:featuredmedia":[{"embeddable":true,"href":"https:\/\/hosting.conasi.vn\/w\/noithat162011\/wp-json\/wp\/v2\/media\/2240"}],"wp:attachment":[{"href":"https:\/\/hosting.conasi.vn\/w\/noithat162011\/wp-json\/wp\/v2\/media?parent=2239"}],"wp:term":[{"taxonomy":"thuong-hieu","embeddable":true,"href":"https:\/\/hosting.conasi.vn\/w\/noithat162011\/wp-json\/wp\/v2\/thuong-hieu?post=2239"}],"curies":[{"name":"wp","href":"https:\/\/api.w.org\/{rel}","templated":true}]}}