{"id":2217,"date":"2019-09-28T23:20:32","date_gmt":"2019-09-28T16:20:32","guid":{"rendered":"http:\/\/demo21.muathemewordpress.net\/chi-tiet\/bon-cau-mot-khoi-santa-rosa"},"modified":"2019-09-28T23:20:34","modified_gmt":"2019-09-28T16:20:34","slug":"bon-cau-mot-khoi-santa-rosa","status":"publish","type":"product","link":"https:\/\/hosting.conasi.vn\/w\/noithat162011\/san-pham\/bon-cau-mot-khoi-santa-rosa\/","title":{"rendered":"B\u1ed3n c\u1ea7u m\u1ed9t kh\u1ed1i Santa Rosa"},"content":{"rendered":"<section class=\"tab-content\" id=\"tab-2\">Nh\u00e0 s\u1ea3n xu\u1ea5t : Kohler<br \/>\nXu\u1ea5t x\u1ee9 : Trung Qu\u1ed1c\u00a0<br \/>\nTh\u1eddi gian b\u1ea3o h\u00e0nh : 12 th\u00e1ng<br \/>\nKi\u1ec3u d\u00e1ng : B\u1ed3n c\u1ea7u m\u1ed9t kh\u1ed1i<br \/>\nH\u1ec7 th\u1ed1ng x\u1ea3 6 l\u00edt<br \/>\nM\u00e0u s\u1eafc: tr\u1eafng<br \/>\nCh\u1ea5t li\u1ec7u: s\u1ee9 tr\u00e1ng men\u00a0<br \/>\nT\u00e2m tho\u00e1t: 305mm\u00a0<br \/>\nK\u00edch th\u01b0\u1edbc:476 x 699 x 679 mm\u00a0<br \/>\nH\u1ec7 th\u1ed1ng x\u1ea3: Ingenium<br \/>\nCon th\u1ecf: d\u1ea1ng S<\/p>\n<div>\n<\/div>\n<\/section>\n","protected":false},"excerpt":{"rendered":"<p>B\u1ed3n c\u1ea7u m\u1ed9t kh\u1ed1i Santa Rosa<br \/>\n\u0110\u1eb7c \u0111i\u1ec3m:<br \/>\n&#8211; Thi\u1ebft k\u1ebf \u0111\u01b0\u01a1ng \u0111\u1ea1i ph\u00f9 h\u1ee3p v\u1edbi ki\u1ebfn tr\u00fac nh\u00e0 mang phong c\u00e1ch hi\u1ec7n \u0111ai l\u1eabn c\u1ed5 \u0111i\u1ec3n.<br \/>\n&#8211; B\u1ed3n c\u1ea7u d\u00e1ng thon d\u00e0i<br \/>\n&#8211; Trang b\u1ecb h\u1ec7 th\u1ed1ng x\u1ea3 Ingenium\u00a0<br \/>\n&#8211; Ti\u1ebft ki\u1ec7m n\u01b0\u1edbc 20% n\u01b0\u1edbc so v\u1edbi c\u00e1c b\u1ed3n c\u1ea7u c\u00f9ng lo\u1ea1i tr\u00ean th\u1ecb tr\u01b0\u1eddng<br \/>\n&#8211; B\u00e0n ng\u1ed3i \u00eam \u00e1i, tho\u1ea3i m\u00e1i cho ng\u01b0\u1eddi d\u00f9ng.<\/p>\n","protected":false},"featured_media":2218,"template":"","meta":[],"thuong-hieu":[],"_links":{"self":[{"href":"https:\/\/hosting.conasi.vn\/w\/noithat162011\/wp-json\/wp\/v2\/product\/2217"}],"collection":[{"href":"https:\/\/hosting.conasi.vn\/w\/noithat162011\/wp-json\/wp\/v2\/product"}],"about":[{"href":"https:\/\/hosting.conasi.vn\/w\/noithat162011\/wp-json\/wp\/v2\/types\/product"}],"wp:featuredmedia":[{"embeddable":true,"href":"https:\/\/hosting.conasi.vn\/w\/noithat162011\/wp-json\/wp\/v2\/media\/2218"}],"wp:attachment":[{"href":"https:\/\/hosting.conasi.vn\/w\/noithat162011\/wp-json\/wp\/v2\/media?parent=2217"}],"wp:term":[{"taxonomy":"thuong-hieu","embeddable":true,"href":"https:\/\/hosting.conasi.vn\/w\/noithat162011\/wp-json\/wp\/v2\/thuong-hieu?post=2217"}],"curies":[{"name":"wp","href":"https:\/\/api.w.org\/{rel}","templated":true}]}}