{"id":2205,"date":"2019-09-28T23:20:00","date_gmt":"2019-09-28T16:20:00","guid":{"rendered":"http:\/\/demo21.muathemewordpress.net\/chi-tiet\/bon-cau-1-khoi-veil"},"modified":"2019-09-28T23:20:01","modified_gmt":"2019-09-28T16:20:01","slug":"bon-cau-1-khoi-veil","status":"publish","type":"product","link":"https:\/\/hosting.conasi.vn\/w\/noithat162011\/san-pham\/bon-cau-1-khoi-veil\/","title":{"rendered":"B\u1ed3n c\u1ea7u 1 kh\u1ed1i Veil"},"content":{"rendered":"","protected":false},"excerpt":{"rendered":"<p>B\u1ed3n c\u1ea7u 1 kh\u00f4i Veil v\u1edbi thi\u1ebft k\u1ebf \u0111\u01a1n gi\u1ea3n, thanh tho\u00e1t ph\u00f9 h\u1ee3p v\u1edbi phong c\u00e1ch ph\u00f2ng t\u1eafm hi\u1ec7n \u0111\u1ea1i.<br \/>\n\u0110\u1eb7c \u0111i\u1ec3m:\u00a0<\/p>\n<p>    K\u00edch th\u01b0\u1edbc:\u00a0719 x 385 x 682 mm<br \/>\n    H\u1ec7 th\u00f4ng x\u1ea3:\u00a0Class Five + 3\/4.5 L<br \/>\n    N\u1eafp \u0111\u00f3ng \u00eam<br \/>\n    T\u00e2m tho\u00e1t s\u00e0n:\u00a0305mm<br \/>\n    M\u00e3 s\u1ea3n ph\u1ea9m: K-1381T-S-0<\/p>\n<p>\u00a0<\/p>\n","protected":false},"featured_media":2206,"template":"","meta":[],"thuong-hieu":[],"_links":{"self":[{"href":"https:\/\/hosting.conasi.vn\/w\/noithat162011\/wp-json\/wp\/v2\/product\/2205"}],"collection":[{"href":"https:\/\/hosting.conasi.vn\/w\/noithat162011\/wp-json\/wp\/v2\/product"}],"about":[{"href":"https:\/\/hosting.conasi.vn\/w\/noithat162011\/wp-json\/wp\/v2\/types\/product"}],"wp:featuredmedia":[{"embeddable":true,"href":"https:\/\/hosting.conasi.vn\/w\/noithat162011\/wp-json\/wp\/v2\/media\/2206"}],"wp:attachment":[{"href":"https:\/\/hosting.conasi.vn\/w\/noithat162011\/wp-json\/wp\/v2\/media?parent=2205"}],"wp:term":[{"taxonomy":"thuong-hieu","embeddable":true,"href":"https:\/\/hosting.conasi.vn\/w\/noithat162011\/wp-json\/wp\/v2\/thuong-hieu?post=2205"}],"curies":[{"name":"wp","href":"https:\/\/api.w.org\/{rel}","templated":true}]}}