{"id":2198,"date":"2019-09-28T23:19:42","date_gmt":"2019-09-28T16:19:42","guid":{"rendered":"http:\/\/demo21.muathemewordpress.net\/chi-tiet\/nap-bon-cau-c3"},"modified":"2019-09-28T23:19:43","modified_gmt":"2019-09-28T16:19:43","slug":"nap-bon-cau-c3","status":"publish","type":"product","link":"https:\/\/hosting.conasi.vn\/w\/noithat162011\/san-pham\/nap-bon-cau-c3\/","title":{"rendered":"N\u1eaeP B\u1ed2N C\u1ea6U C3"},"content":{"rendered":"<section class=\"tab-content\" id=\"tab-2\">K\u00edch th\u01b0\u1edbc: 502 x 369 x 78 mm<br \/>\nM\u00e0u s\u1eafc: Tr\u1eafng<br \/>\nChi\u1ebfc n\u1eafp b\u1ed3n c\u1ea7u c\u00f3 kh\u1ea3 n\u0103ng ch\u1ed1ng vi khu\u1ea9n v\u01b0\u1ee3t tr\u1ed9i.<br \/>\nTrang b\u1ecb que r\u1eeda &#8211; c\u00f3 th\u1ec3 \u0111i\u1ec1u ch\u1ec9nh v\u1ecb tr\u00ed.<br \/>\nB\u1ea3ng \u0111i\u1ec1u khi\u1ec3n \u1edf m\u1eb7t b\u00ean gi\u00fap ki\u1ec3m so\u00e1t d\u1ec5 d\u00e0ng<br \/>\nC\u00f3 s\u1eb5n ch\u1ebf \u0111\u1ed9 ti\u1ebft ki\u1ec7m n\u0103ng l\u01b0\u1ee3ng<\/p>\n<p><a href=\"http:\/\/depot.ritavo.com\/Data\/Sites\/1\/media\/1387263497_98804k(SS)%20(1).pdf\">Download \u0110\u1eb7c \u0111i\u1ec3m k\u1ef9 thu\u1eadt.pdf<\/a><\/p>\n<\/section>\n","protected":false},"excerpt":{"rendered":"<p>N\u1eafp b\u1ed3n c\u1ea7u r\u1eeda c\u01a1 C3 mang \u0111\u1ebfn m\u1ed9t tr\u1ea3i nghi\u1ec7m ti\u1ec7n l\u1ee3i, tho\u1ea3i m\u00e1i v\u00e0 v\u1ec7 sinh cho ng\u01b0\u1eddi s\u1eed d\u1ee5ng, l\u00e0 m\u1ed9t trong nh\u1eefng l\u1ef1a ch\u1ecdn th\u00f4ng minh thay th\u1ebf cho gi\u1ea5y v\u1ec7 sinh. K\u1ebft h\u1ee3p ho\u00e0n h\u1ea3o v\u1edbi t\u1ea5t c\u1ea3 c\u00e1c b\u1ed3n c\u1ea7u Kohler c\u00f3 thi\u1ebft k\u1ebf n\u1eafp French curve. Thi\u1ebft k\u1ebf \u0111\u01b0\u01a1ng \u0111\u1ea1i v\u1edbi ki\u1ec3u d\u00e1ng thanh m\u1ea3nh, C3-030 mang s\u1ef1 tinh t\u1ebf v\u00e0 ti\u1ec7n nghi v\u00e0o kh\u00f4ng gian ph\u00f2ng t\u1eafm<\/p>\n","protected":false},"featured_media":2199,"template":"","meta":[],"thuong-hieu":[],"_links":{"self":[{"href":"https:\/\/hosting.conasi.vn\/w\/noithat162011\/wp-json\/wp\/v2\/product\/2198"}],"collection":[{"href":"https:\/\/hosting.conasi.vn\/w\/noithat162011\/wp-json\/wp\/v2\/product"}],"about":[{"href":"https:\/\/hosting.conasi.vn\/w\/noithat162011\/wp-json\/wp\/v2\/types\/product"}],"wp:featuredmedia":[{"embeddable":true,"href":"https:\/\/hosting.conasi.vn\/w\/noithat162011\/wp-json\/wp\/v2\/media\/2199"}],"wp:attachment":[{"href":"https:\/\/hosting.conasi.vn\/w\/noithat162011\/wp-json\/wp\/v2\/media?parent=2198"}],"wp:term":[{"taxonomy":"thuong-hieu","embeddable":true,"href":"https:\/\/hosting.conasi.vn\/w\/noithat162011\/wp-json\/wp\/v2\/thuong-hieu?post=2198"}],"curies":[{"name":"wp","href":"https:\/\/api.w.org\/{rel}","templated":true}]}}