{"id":2196,"date":"2019-09-28T23:19:36","date_gmt":"2019-09-28T16:19:36","guid":{"rendered":"http:\/\/demo21.muathemewordpress.net\/chi-tiet\/bon-cau-freelance-k-11489x-s-0"},"modified":"2019-09-28T23:19:37","modified_gmt":"2019-09-28T16:19:37","slug":"bon-cau-freelance-k-11489x-s-0","status":"publish","type":"product","link":"https:\/\/hosting.conasi.vn\/w\/noithat162011\/san-pham\/bon-cau-freelance-k-11489x-s-0\/","title":{"rendered":"B\u1ed2N C\u1ea6U FREELANCE K-11489X-S-0"},"content":{"rendered":"<section class=\"tab-content\" id=\"tab-2\"><\/section>\n","protected":false},"excerpt":{"rendered":"<p>K\u00edch th\u01b0\u1edbc:762x760x349mm<br \/>\nKi\u1ec3u d\u00e1ng: thu\u00f4n d\u00e0i<br \/>\nH\u1ec7 th\u1ed1ng x\u1ea3 Class Five<br \/>\nKi\u1ec3u x\u1ea3 thanh g\u1ea1t<br \/>\nL\u01b0\u1ee3ng n\u01b0\u1edbc ti\u00eau th\u1ee5: 3\/6L<br \/>\nTi\u1ebft ki\u1ec7m n\u01b0\u1edbc t\u1ed1i \u01b0u<br \/>\nM\u1eabu s\u1ea3n ph\u1ea9m \u0111i k\u00e8m con th\u1ecf d\u1ea1ng S<br \/>\nT\u00e2m tho\u00e1t s\u00e0n 305mm<\/p>\n","protected":false},"featured_media":2197,"template":"","meta":[],"thuong-hieu":[],"_links":{"self":[{"href":"https:\/\/hosting.conasi.vn\/w\/noithat162011\/wp-json\/wp\/v2\/product\/2196"}],"collection":[{"href":"https:\/\/hosting.conasi.vn\/w\/noithat162011\/wp-json\/wp\/v2\/product"}],"about":[{"href":"https:\/\/hosting.conasi.vn\/w\/noithat162011\/wp-json\/wp\/v2\/types\/product"}],"wp:featuredmedia":[{"embeddable":true,"href":"https:\/\/hosting.conasi.vn\/w\/noithat162011\/wp-json\/wp\/v2\/media\/2197"}],"wp:attachment":[{"href":"https:\/\/hosting.conasi.vn\/w\/noithat162011\/wp-json\/wp\/v2\/media?parent=2196"}],"wp:term":[{"taxonomy":"thuong-hieu","embeddable":true,"href":"https:\/\/hosting.conasi.vn\/w\/noithat162011\/wp-json\/wp\/v2\/thuong-hieu?post=2196"}],"curies":[{"name":"wp","href":"https:\/\/api.w.org\/{rel}","templated":true}]}}