{"id":2189,"date":"2019-09-28T23:19:18","date_gmt":"2019-09-28T16:19:18","guid":{"rendered":"http:\/\/demo21.muathemewordpress.net\/chi-tiet\/bon-cau-patio-k-3567r-0"},"modified":"2019-09-28T23:19:20","modified_gmt":"2019-09-28T16:19:20","slug":"bon-cau-patio-k-3567r-0","status":"publish","type":"product","link":"https:\/\/hosting.conasi.vn\/w\/noithat162011\/san-pham\/bon-cau-patio-k-3567r-0\/","title":{"rendered":"B\u1ed2N C\u1ea6U PATIO K-3567R-0"},"content":{"rendered":"<section class=\"tab-content\" id=\"tab-2\"><span style=\"color: #333333; font-family: Roboto, sans-serif; font-size: 14px; font-style: normal; font-variant-ligatures: normal; font-variant-caps: normal; font-weight: 400; letter-spacing: normal; orphans: 2; text-align: left; text-indent: 0px; text-transform: none; white-space: normal; widows: 2; word-spacing: 0px; -webkit-text-stroke-width: 0px; background-color: #ffffff; text-decoration-style: initial; text-decoration-color: initial; float: none; display: inline !important;\">&#8220;K\u00edch th\u01b0\u1edbc: 745 x 498 x 713 mm<\/span><br style=\"box-sizing: border-box; color: #333333; font-family: Roboto, sans-serif; font-size: 14px; font-style: normal; font-variant-ligatures: normal; font-variant-caps: normal; font-weight: 400; letter-spacing: normal; orphans: 2; text-align: left; text-indent: 0px; text-transform: none; white-space: normal; widows: 2; word-spacing: 0px; -webkit-text-stroke-width: 0px; text-decoration-style: initial; text-decoration-color: initial;\"><br \/>\n<span style=\"color: #333333; font-family: Roboto, sans-serif; font-size: 14px; font-style: normal; font-variant-ligatures: normal; font-variant-caps: normal; font-weight: 400; letter-spacing: normal; orphans: 2; text-align: left; text-indent: 0px; text-transform: none; white-space: normal; widows: 2; word-spacing: 0px; -webkit-text-stroke-width: 0px; background-color: #ffffff; text-decoration-style: initial; text-decoration-color: initial; float: none; display: inline !important;\">Ki\u1ec3u d\u00e1ng: thu\u00f4n d\u00e0i<\/span><br style=\"box-sizing: border-box; color: #333333; font-family: Roboto, sans-serif; font-size: 14px; font-style: normal; font-variant-ligatures: normal; font-variant-caps: normal; font-weight: 400; letter-spacing: normal; orphans: 2; text-align: left; text-indent: 0px; text-transform: none; white-space: normal; widows: 2; word-spacing: 0px; -webkit-text-stroke-width: 0px; text-decoration-style: initial; text-decoration-color: initial;\"><br \/>\n<span style=\"color: #333333; font-family: Roboto, sans-serif; font-size: 14px; font-style: normal; font-variant-ligatures: normal; font-variant-caps: normal; font-weight: 400; letter-spacing: normal; orphans: 2; text-align: left; text-indent: 0px; text-transform: none; white-space: normal; widows: 2; word-spacing: 0px; -webkit-text-stroke-width: 0px; background-color: #ffffff; text-decoration-style: initial; text-decoration-color: initial; float: none; display: inline !important;\">Ki\u1ec3u x\u1ea3 2 n\u00fat nh\u1ea5n<\/span><br style=\"box-sizing: border-box; color: #333333; font-family: Roboto, sans-serif; font-size: 14px; font-style: normal; font-variant-ligatures: normal; font-variant-caps: normal; font-weight: 400; letter-spacing: normal; orphans: 2; text-align: left; text-indent: 0px; text-transform: none; white-space: normal; widows: 2; word-spacing: 0px; -webkit-text-stroke-width: 0px; text-decoration-style: initial; text-decoration-color: initial;\"><br \/>\n<span style=\"color: #333333; font-family: Roboto, sans-serif; font-size: 14px; font-style: normal; font-variant-ligatures: normal; font-variant-caps: normal; font-weight: 400; letter-spacing: normal; orphans: 2; text-align: left; text-indent: 0px; text-transform: none; white-space: normal; widows: 2; word-spacing: 0px; -webkit-text-stroke-width: 0px; background-color: #ffffff; text-decoration-style: initial; text-decoration-color: initial; float: none; display: inline !important;\">L\u01b0\u1ee3ng n\u01b0\u1edbc ti\u00eau th\u1ee5: 3\/4.5L<\/span><br style=\"box-sizing: border-box; color: #333333; font-family: Roboto, sans-serif; font-size: 14px; font-style: normal; font-variant-ligatures: normal; font-variant-caps: normal; font-weight: 400; letter-spacing: normal; orphans: 2; text-align: left; text-indent: 0px; text-transform: none; white-space: normal; widows: 2; word-spacing: 0px; -webkit-text-stroke-width: 0px; text-decoration-style: initial; text-decoration-color: initial;\"><br \/>\n<span style=\"color: #333333; font-family: Roboto, sans-serif; font-size: 14px; font-style: normal; font-variant-ligatures: normal; font-variant-caps: normal; font-weight: 400; letter-spacing: normal; orphans: 2; text-align: left; text-indent: 0px; text-transform: none; white-space: normal; widows: 2; word-spacing: 0px; -webkit-text-stroke-width: 0px; background-color: #ffffff; text-decoration-style: initial; text-decoration-color: initial; float: none; display: inline !important;\">M\u1eabu s\u1ea3n ph\u1ea9m \u0111i k\u00e8m con th\u1ecf d\u1ea1ng S<\/span><br style=\"box-sizing: border-box; color: #333333; font-family: Roboto, sans-serif; font-size: 14px; font-style: normal; font-variant-ligatures: normal; font-variant-caps: normal; font-weight: 400; letter-spacing: normal; orphans: 2; text-align: left; text-indent: 0px; text-transform: none; white-space: normal; widows: 2; word-spacing: 0px; -webkit-text-stroke-width: 0px; text-decoration-style: initial; text-decoration-color: initial;\"><br \/>\n<span style=\"color: #333333; font-family: Roboto, sans-serif; font-size: 14px; font-style: normal; font-variant-ligatures: normal; font-variant-caps: normal; font-weight: 400; letter-spacing: normal; orphans: 2; text-align: left; text-indent: 0px; text-transform: none; white-space: normal; widows: 2; word-spacing: 0px; -webkit-text-stroke-width: 0px; background-color: #ffffff; text-decoration-style: initial; text-decoration-color: initial; float: none; display: inline !important;\">T\u00e2m tho\u00e1t s\u00e0n 305 mm &#8220;<\/span><\/section>\n","protected":false},"excerpt":{"rendered":"<p>Thi\u1ebft k\u1ebf \u0111\u01a1n gi\u1ea3n v\u00e0 tinh g\u1ecdn, b\u1ed3n c\u1ea7u hai kh\u1ed1i Patio v\u1edbi h\u1ec7 th\u1ed1ng x\u1ea3 2 n\u00fat nh\u1ea5n 3\/4.5L gi\u00fap ti\u1ebft ki\u1ec7m n\u01b0\u1edbc \u0111\u1ed3ng th\u1eddi \u0111\u1ea3m b\u1ea3o hi\u1ec7u su\u1ea5t x\u1ea3 v\u01b0\u1ee3t tr\u1ed9i trong su\u1ed1t qu\u00e1 tr\u00ecnh s\u1eed d\u1ee5ng.<br \/>\n&#8220;K\u00edch th\u01b0\u1edbc: 745 x 498 x 713 mm<br \/>\nKi\u1ec3u d\u00e1ng: thu\u00f4n d\u00e0i<br \/>\nKi\u1ec3u x\u1ea3 2 n\u00fat nh\u1ea5n<br \/>\nL\u01b0\u1ee3ng n\u01b0\u1edbc ti\u00eau th\u1ee5: 3\/4.5L<br \/>\nM\u1eabu s\u1ea3n ph\u1ea9m \u0111i k\u00e8m con th\u1ecf d\u1ea1ng S<br \/>\nT\u00e2m tho\u00e1t s\u00e0n 305  mm &#8220;<\/p>\n","protected":false},"featured_media":2190,"template":"","meta":[],"thuong-hieu":[],"_links":{"self":[{"href":"https:\/\/hosting.conasi.vn\/w\/noithat162011\/wp-json\/wp\/v2\/product\/2189"}],"collection":[{"href":"https:\/\/hosting.conasi.vn\/w\/noithat162011\/wp-json\/wp\/v2\/product"}],"about":[{"href":"https:\/\/hosting.conasi.vn\/w\/noithat162011\/wp-json\/wp\/v2\/types\/product"}],"wp:featuredmedia":[{"embeddable":true,"href":"https:\/\/hosting.conasi.vn\/w\/noithat162011\/wp-json\/wp\/v2\/media\/2190"}],"wp:attachment":[{"href":"https:\/\/hosting.conasi.vn\/w\/noithat162011\/wp-json\/wp\/v2\/media?parent=2189"}],"wp:term":[{"taxonomy":"thuong-hieu","embeddable":true,"href":"https:\/\/hosting.conasi.vn\/w\/noithat162011\/wp-json\/wp\/v2\/thuong-hieu?post=2189"}],"curies":[{"name":"wp","href":"https:\/\/api.w.org\/{rel}","templated":true}]}}