{"id":2182,"date":"2019-09-28T23:19:00","date_gmt":"2019-09-28T16:19:00","guid":{"rendered":"http:\/\/demo21.muathemewordpress.net\/chi-tiet\/bon-cau-hai-khoi-odeon-k-8766x-0"},"modified":"2019-09-28T23:19:02","modified_gmt":"2019-09-28T16:19:02","slug":"bon-cau-hai-khoi-odeon-k-8766x-0","status":"publish","type":"product","link":"https:\/\/hosting.conasi.vn\/w\/noithat162011\/san-pham\/bon-cau-hai-khoi-odeon-k-8766x-0\/","title":{"rendered":"B\u1ed3n c\u1ea7u hai kh\u1ed1i Odeon K-8766X-0"},"content":{"rendered":"","protected":false},"excerpt":{"rendered":"<p>\u0110\u1eb7c \u0111i\u1ec3m:\u00a0<br \/>\n&#8211; Th\u00e2n b\u1ed3n c\u1ea7u ki\u1ec3u d\u00e1ng \u0111\u1eadm ch\u1ea5t m\u1ef9, th\u00e2n c\u1ea7u thon d\u00e0i\u00a0<br \/>\n&#8211; \u0110i k\u00e8m n\u1eafp \u0111\u00f3ng \u00eam\u00a0<br \/>\n&#8211; H\u1ec7 th\u1ed1ng x\u1ea3 Class Five\u00a0<br \/>\n&#8211; Ki\u1ec3u x\u1ea3 2 n\u00fat nh\u1ea5n\u00a0<br \/>\n&#8211; M\u1ed9t l\u1ea7n x\u1ea3 3\/4L\u00a0<br \/>\n&#8211; Con th\u1ecf h\u00ecnh d\u00e1ng ch\u1eef S\u00a0<br \/>\n&#8211; T\u00e2m tho\u00e1t s\u00e0n 305mm<\/p>\n","protected":false},"featured_media":2183,"template":"","meta":[],"thuong-hieu":[],"_links":{"self":[{"href":"https:\/\/hosting.conasi.vn\/w\/noithat162011\/wp-json\/wp\/v2\/product\/2182"}],"collection":[{"href":"https:\/\/hosting.conasi.vn\/w\/noithat162011\/wp-json\/wp\/v2\/product"}],"about":[{"href":"https:\/\/hosting.conasi.vn\/w\/noithat162011\/wp-json\/wp\/v2\/types\/product"}],"wp:featuredmedia":[{"embeddable":true,"href":"https:\/\/hosting.conasi.vn\/w\/noithat162011\/wp-json\/wp\/v2\/media\/2183"}],"wp:attachment":[{"href":"https:\/\/hosting.conasi.vn\/w\/noithat162011\/wp-json\/wp\/v2\/media?parent=2182"}],"wp:term":[{"taxonomy":"thuong-hieu","embeddable":true,"href":"https:\/\/hosting.conasi.vn\/w\/noithat162011\/wp-json\/wp\/v2\/thuong-hieu?post=2182"}],"curies":[{"name":"wp","href":"https:\/\/api.w.org\/{rel}","templated":true}]}}