{"id":2180,"date":"2019-09-28T23:18:54","date_gmt":"2019-09-28T16:18:54","guid":{"rendered":"http:\/\/demo21.muathemewordpress.net\/chi-tiet\/bon-cau-wellworth-3422t"},"modified":"2019-09-28T23:18:56","modified_gmt":"2019-09-28T16:18:56","slug":"bon-cau-wellworth-3422t","status":"publish","type":"product","link":"https:\/\/hosting.conasi.vn\/w\/noithat162011\/san-pham\/bon-cau-wellworth-3422t\/","title":{"rendered":"B\u1ed2N C\u1ea6U WELLWORTH 3422T"},"content":{"rendered":"<section class=\"tab-content\" id=\"tab-2\"><a href=\"http:\/\/depot.ritavo.com\/Data\/Sites\/1\/media\/DDKT%20-%20K-3422T-W4-0.pdf\">\u0110\u1eb7c \u0111i\u1ec3m k\u1ef9 thu\u1eadt (PDF)<\/a><\/section>\n","protected":false},"excerpt":{"rendered":"<p>Hi\u1ec7u su\u1ea5t x\u1ea3 phi th\u01b0\u1eddng nh\u1edd c\u00f4ng ngh\u1ec7 x\u1ea3 ti\u00ean ti\u1ebfn Class Five 4.8L gi\u00fap ti\u1ebft ki\u1ec7m n\u01b0\u1edbc hi\u1ec7u qu\u1ea3. B\u1ed3n c\u1ea7u Wellworth \u0111\u00e3 \u0111\u00e1nh d\u1ea5u m\u1ed9t ti\u00eau chu\u1ea9n m\u1edbi t\u1ea1i M\u1ef9 cho thi\u1ebft k\u1ebf s\u00e1ng t\u1ea1o v\u00e0 t\u00ednh n\u0103ng \u01b0u vi\u1ec7t t\u1eeb n\u0103m 1936.<\/p>\n","protected":false},"featured_media":2181,"template":"","meta":[],"thuong-hieu":[],"_links":{"self":[{"href":"https:\/\/hosting.conasi.vn\/w\/noithat162011\/wp-json\/wp\/v2\/product\/2180"}],"collection":[{"href":"https:\/\/hosting.conasi.vn\/w\/noithat162011\/wp-json\/wp\/v2\/product"}],"about":[{"href":"https:\/\/hosting.conasi.vn\/w\/noithat162011\/wp-json\/wp\/v2\/types\/product"}],"wp:featuredmedia":[{"embeddable":true,"href":"https:\/\/hosting.conasi.vn\/w\/noithat162011\/wp-json\/wp\/v2\/media\/2181"}],"wp:attachment":[{"href":"https:\/\/hosting.conasi.vn\/w\/noithat162011\/wp-json\/wp\/v2\/media?parent=2180"}],"wp:term":[{"taxonomy":"thuong-hieu","embeddable":true,"href":"https:\/\/hosting.conasi.vn\/w\/noithat162011\/wp-json\/wp\/v2\/thuong-hieu?post=2180"}],"curies":[{"name":"wp","href":"https:\/\/api.w.org\/{rel}","templated":true}]}}