{"id":2174,"date":"2019-09-28T23:18:37","date_gmt":"2019-09-28T16:18:37","guid":{"rendered":"http:\/\/demo21.muathemewordpress.net\/chi-tiet\/bon-cau-2-khoi-freelance-tm"},"modified":"2019-09-28T23:18:39","modified_gmt":"2019-09-28T16:18:39","slug":"bon-cau-2-khoi-freelance-tm","status":"publish","type":"product","link":"https:\/\/hosting.conasi.vn\/w\/noithat162011\/san-pham\/bon-cau-2-khoi-freelance-tm\/","title":{"rendered":"B\u1ed3n c\u1ea7u 2 kh\u1ed1i Freelance TM"},"content":{"rendered":"","protected":false},"excerpt":{"rendered":"<p>B\u1ed3n c\u1ea7u 2 kh\u1ed1i Freelance TM \u0111\u01b0\u1ee3c s\u1ea3n xu\u1ea5t ph\u00f9 h\u1ee3p v\u1edbi m\u1ecdi nhu c\u1ea7u thi\u1ebft k\u1ebf ph\u00f2ng t\u1eafm hi\u1ec7n \u0111\u1ea1i. \u0110\u01b0\u1ee3c l\u00e0m t\u1eeb nh\u1eefng ch\u1ea5t li\u1ec7u b\u1ec1n v\u1eefng \u0111\u1ea3m b\u1ea3o s\u1eed d\u1ee5ng l\u00e2u d\u00e0i.\u00a0<br \/>\n&#8211; K\u00edch th\u01b0\u1edbc: 782 x 355 x 760mm<br \/>\n&#8211; T\u00e2m tho\u00e1t s\u00e0n\/tho\u00e1t t\u01b0\u1eddng: 305mm\/180mm<br \/>\n&#8211; N\u00fat nh\u1ea5n x\u1ea3<\/p>\n","protected":false},"featured_media":2175,"template":"","meta":[],"thuong-hieu":[],"_links":{"self":[{"href":"https:\/\/hosting.conasi.vn\/w\/noithat162011\/wp-json\/wp\/v2\/product\/2174"}],"collection":[{"href":"https:\/\/hosting.conasi.vn\/w\/noithat162011\/wp-json\/wp\/v2\/product"}],"about":[{"href":"https:\/\/hosting.conasi.vn\/w\/noithat162011\/wp-json\/wp\/v2\/types\/product"}],"wp:featuredmedia":[{"embeddable":true,"href":"https:\/\/hosting.conasi.vn\/w\/noithat162011\/wp-json\/wp\/v2\/media\/2175"}],"wp:attachment":[{"href":"https:\/\/hosting.conasi.vn\/w\/noithat162011\/wp-json\/wp\/v2\/media?parent=2174"}],"wp:term":[{"taxonomy":"thuong-hieu","embeddable":true,"href":"https:\/\/hosting.conasi.vn\/w\/noithat162011\/wp-json\/wp\/v2\/thuong-hieu?post=2174"}],"curies":[{"name":"wp","href":"https:\/\/api.w.org\/{rel}","templated":true}]}}