{"id":2155,"date":"2019-09-28T23:17:51","date_gmt":"2019-09-28T16:17:51","guid":{"rendered":"http:\/\/demo21.muathemewordpress.net\/chi-tiet\/bon-cau-hai-khoi-ove-2"},"modified":"2019-09-28T23:17:52","modified_gmt":"2019-09-28T16:17:52","slug":"bon-cau-hai-khoi-ove-2","status":"publish","type":"product","link":"https:\/\/hosting.conasi.vn\/w\/noithat162011\/san-pham\/bon-cau-hai-khoi-ove-2\/","title":{"rendered":"B\u1ed3n c\u1ea7u hai kh\u1ed1i Ove"},"content":{"rendered":"<section class=\"tab-content\" id=\"tab-2\">&#8211; Th\u00e2n b\u1ed3n c\u1ea7u ki\u1ec3u d\u00e1ng Ch\u00e2u \u00c2u<br \/>\n&#8211; Ch\u1ea5t li\u1ec7u s\u1ee9 cao c\u1ea5p<br \/>\n&#8211; \u0110i k\u00e8m n\u1eafp \u0111\u00f3ng \u00eam K-17660X-M<\/p>\n<p>\n&#8211; H\u1ec7 th\u1ed1ng x\u1ea3 k\u00e9p<br \/>\n&#8211; Ki\u1ec3u x\u1ea3 2 n\u00fat nh\u1ea5n\u00a0<\/p>\n<p>&#8211; L\u01b0\u1ee3ng n\u01b0\u1edbc x\u1ea3 2.6\/4Lit m\u1ed9t l\u1ea7n x\u1ea3<\/p>\n<p>&#8211; Con th\u1ecf h\u00ecnh d\u00e1ng ch\u1eef S t\u00e2m tho\u00e1t s\u00e0n 305mm\u00a0<\/p>\n<p>Bao g\u1ed3m\u00a0 : Th\u00e2n b\u1ed3n c\u1ea7u K-17736X-M , K\u00e9t n\u01b0\u1edbc\u00a0 K-45678X ,\u00a0<\/section>\n","protected":false},"excerpt":{"rendered":"<p>L\u1ea5y c\u1ea3m h\u1ee9ng t\u1eeb nh\u1eefng \u0111\u01b0\u1eddng cong t\u1ef1 nhi\u00ean c\u1ee7a nh\u1eefng chi\u1ebfc mu\u1ed7ng, mang phong c\u00e1ch ph\u01b0\u01a1ng \u0110\u00f4ng huy\u1ec1n b\u00ed, b\u1ed3n c\u1ea7u hai kh\u1ed1i Ove mang \u0111\u1ebfn v\u1ebb \u0111\u1eb9p \u0111\u1ed9c \u0111\u00e1o nh\u01b0ng kh\u00f4ng k\u00e9m ph\u1ea7n hi\u1ec7n \u0111\u1ea1i.<\/p>\n","protected":false},"featured_media":2156,"template":"","meta":[],"thuong-hieu":[],"_links":{"self":[{"href":"https:\/\/hosting.conasi.vn\/w\/noithat162011\/wp-json\/wp\/v2\/product\/2155"}],"collection":[{"href":"https:\/\/hosting.conasi.vn\/w\/noithat162011\/wp-json\/wp\/v2\/product"}],"about":[{"href":"https:\/\/hosting.conasi.vn\/w\/noithat162011\/wp-json\/wp\/v2\/types\/product"}],"wp:featuredmedia":[{"embeddable":true,"href":"https:\/\/hosting.conasi.vn\/w\/noithat162011\/wp-json\/wp\/v2\/media\/2156"}],"wp:attachment":[{"href":"https:\/\/hosting.conasi.vn\/w\/noithat162011\/wp-json\/wp\/v2\/media?parent=2155"}],"wp:term":[{"taxonomy":"thuong-hieu","embeddable":true,"href":"https:\/\/hosting.conasi.vn\/w\/noithat162011\/wp-json\/wp\/v2\/thuong-hieu?post=2155"}],"curies":[{"name":"wp","href":"https:\/\/api.w.org\/{rel}","templated":true}]}}