{"id":171,"date":"2019-03-25T15:01:47","date_gmt":"2019-03-25T15:01:47","guid":{"rendered":"https:\/\/noithat12.khowebseotop.vn\/?post_type=product&#038;p=171"},"modified":"2019-03-25T15:01:47","modified_gmt":"2019-03-25T15:01:47","slug":"thiet-ke-noi-that-biet-thu-vinh-phuc","status":"publish","type":"product","link":"https:\/\/hosting.conasi.vn\/w\/noithat122011\/san-pham\/thiet-ke-noi-that-biet-thu-vinh-phuc\/","title":{"rendered":"Thi\u1ebft k\u1ebf n\u1ed9i th\u1ea5t bi\u1ec7t th\u1ef1 V\u0129nh Ph\u00fac"},"content":{"rendered":"<p>M\u1ed7i m\u1ed9t gia \u0111\u00ecnh l\u1ea1i c\u00f3 nh\u1eefng mong mu\u1ed1n ri\u00eang cho kh\u00f4ng gian s\u1ed1ng c\u1ee7a m\u00ecnh, \u0111\u00f3 c\u0169ng l\u00e0 y\u1ebfu t\u1ed1 quan tr\u1ecdng nh\u1ea5t \u0111\u1ec3 c\u00e1c KTS Ahome c\u00f3 th\u1ec3 t\u1ea1o ra nh\u1eefng c\u00f4ng tr\u00ecnh ho\u00e0n h\u1ea3o.<\/p>\n<p>&nbsp;<\/p>\n","protected":false},"excerpt":{"rendered":"<p>M\u1ed7i m\u1ed9t gia \u0111\u00ecnh l\u1ea1i c\u00f3 nh\u1eefng mong mu\u1ed1n ri\u00eang cho kh\u00f4ng gian s\u1ed1ng c\u1ee7a m\u00ecnh, \u0111\u00f3 c\u0169ng l\u00e0 y\u1ebfu t\u1ed1 quan tr\u1ecdng nh\u1ea5t \u0111\u1ec3 c\u00e1c KTS Ahome c\u00f3 th\u1ec3 t\u1ea1o ra nh\u1eefng c\u00f4ng tr\u00ecnh ho\u00e0n h\u1ea3o. &nbsp;<\/p>\n","protected":false},"featured_media":172,"comment_status":"open","ping_status":"closed","template":"","meta":[],"_links":{"self":[{"href":"https:\/\/hosting.conasi.vn\/w\/noithat122011\/wp-json\/wp\/v2\/product\/171"}],"collection":[{"href":"https:\/\/hosting.conasi.vn\/w\/noithat122011\/wp-json\/wp\/v2\/product"}],"about":[{"href":"https:\/\/hosting.conasi.vn\/w\/noithat122011\/wp-json\/wp\/v2\/types\/product"}],"replies":[{"embeddable":true,"href":"https:\/\/hosting.conasi.vn\/w\/noithat122011\/wp-json\/wp\/v2\/comments?post=171"}],"wp:featuredmedia":[{"embeddable":true,"href":"https:\/\/hosting.conasi.vn\/w\/noithat122011\/wp-json\/wp\/v2\/media\/172"}],"wp:attachment":[{"href":"https:\/\/hosting.conasi.vn\/w\/noithat122011\/wp-json\/wp\/v2\/media?parent=171"}],"curies":[{"name":"wp","href":"https:\/\/api.w.org\/{rel}","templated":true}]}}