{"id":297,"date":"2019-03-27T08:43:36","date_gmt":"2019-03-27T08:43:36","guid":{"rendered":"https:\/\/noithat12.khowebseotop.vn\/?page_id=297"},"modified":"2019-03-27T08:45:31","modified_gmt":"2019-03-27T08:45:31","slug":"hoat-dong-cong-ty","status":"publish","type":"page","link":"https:\/\/hosting.conasi.vn\/w\/noithat122011\/hoat-dong-cong-ty\/","title":{"rendered":"Ho\u1ea1t \u0111\u1ed9ng c\u00f4ng ty"},"content":{"rendered":"\t<section class=\"section\" id=\"section_2121026671\">\n\t\t<div class=\"bg section-bg fill bg-fill  bg-loaded\" >\n\n\t\t\t\n\t\t\t\n\t\t\t\n\n\t\t<\/div>\n\n\t\t<div class=\"section-content relative\">\n\t\t\t\n<div class=\"row\"  id=\"row-1741321226\">\n\n\t<div id=\"col-2032635862\" class=\"col div-no-padding small-12 large-12\"  >\n\t\t<div class=\"col-inner\"  >\n\t\t\t\n\t\t\t\n<h2 class=\"title-section text-uppercase\" style=\"text-align: center;\">HO\u1ea0T \u0110\u1ed8NG C\u00d4NG TY<\/h2>\n<div class=\"text-col text-justify\">\n<p>Ngu\u1ed3n nh\u00e2n l\u1ef1c ch\u00ednh l\u00e0 m\u1ea3nh gh\u00e9p quan tr\u1ecdng nh\u1ea5t \u0111\u1ec3 t\u1ea1o n\u00ean b\u1ee9c tranh v\u1ec1 m\u1ed9t doanh nghi\u1ec7p th\u00e0nh c\u00f4ng. Th\u1ea5u hi\u1ec3u \u0111i\u1ec1u n\u00e0y, c\u00f4ng ty Ahome lu\u00f4n ch\u00fa tr\u1ecdng t\u1edbi vi\u1ec7c tuy\u1ec3n ch\u1ecdn, x\u00e2y d\u1ef1ng \u0111\u1ed9i ng\u0169 chuy\u00ean vi\u00ean thi\u1ebft k\u1ebf n\u1ed9i th\u1ea5t.<\/p>\n<ul>\n<li>\u0110\u1ed9i ng\u0169 KTS v\u1edbi h\u01a1n 10 n\u0103m kinh nghi\u1ec7m trong l\u0129nh v\u1ef1c thi\u1ebft k\u1ebf \u2013 thi c\u00f4ng n\u1ed9i th\u1ea5t cao c\u1ea5p.<\/li>\n<li>\u0110\u00e3 th\u1ef1c hi\u1ec7n r\u1ea5t nhi\u1ec1u c\u00e1c d\u1ef1 \u00e1n t\u1ea1i nh\u1eefng khu \u0111\u00f4 th\u1ecb l\u1edbn nh\u01b0: Vinhomes Riverside, Vinhomes Th\u0103ng Long, Royal City, Mandarin Garden, Ecopark\u2026<\/li>\n<li>\u0110\u01b0\u1ee3c \u0111\u00e0o t\u1ea1o chuy\u00ean s\u00e2u t\u1ea1i c\u00e1c tr\u01b0\u1eddng ki\u1ebfn tr\u00fac trong v\u00e0 ngo\u00e0i n\u01b0\u1edbc.<\/li>\n<li>Th\u01b0\u1eddng xuy\u00ean giao l\u01b0u, trao \u0111\u1ed5i kinh nghi\u1ec7m v\u1edbi c\u00e1c KTS t\u1ea1i c\u00e1c n\u01b0\u1edbc ti\u00ean ti\u1ebfn<\/li>\n<\/ul>\n<p>V\u1edbi ngu\u1ed3n nh\u00e2n l\u1ef1c ch\u1ea5t l\u01b0\u1ee3ng cao, qu\u00fd v\u1ecb ho\u00e0n to\u00e0n c\u00f3 th\u1ec3 y\u00ean t\u00e2m v\u00e0 \u0111\u1eb7t ni\u1ec1m tin v\u00e0o d\u1ecbch v\u1ee5 thi\u1ebft k\u1ebf n\u1ed9i th\u1ea5t c\u1ee7a ch\u00fang t\u00f4i.<\/p>\n<\/div>\n\t\t<\/div>\n\t\t\t<\/div>\n\n\t\n<\/div>\n\t\t<\/div>\n\n\t\t\n<style>\n#section_2121026671 {\n  padding-top: 30px;\n  padding-bottom: 30px;\n}\n<\/style>\n\t<\/section>\n\t\n\t<section class=\"section\" id=\"section_1165428036\">\n\t\t<div class=\"bg section-bg fill bg-fill  bg-loaded\" >\n\n\t\t\t\n\t\t\t\n\t\t\t\n\n\t\t<\/div>\n\n\t\t<div class=\"section-content relative\">\n\t\t\t\n<div class=\"row\"  id=\"row-293120623\">\n\n\t<div id=\"col-1514931191\" class=\"col div-no-padding medium-6 small-12 large-6\"  >\n\t\t<div class=\"col-inner\"  >\n\t\t\t\n\t\t\t\n\t<div class=\"img has-hover x md-x lg-x y md-y lg-y\" id=\"image_2092692753\">\n\t\t\t\t\t\t\t\t<div class=\"img-inner dark\" >\n\t\t\t<img width=\"1000\" height=\"666\" src=\"https:\/\/hosting.conasi.vn\/w\/noithat122011\/wp-content\/uploads\/2019\/03\/KT900597.jpg\" class=\"attachment-large size-large\" alt=\"\" loading=\"lazy\" srcset=\"https:\/\/hosting.conasi.vn\/w\/noithat122011\/wp-content\/uploads\/2019\/03\/KT900597.jpg 1000w, https:\/\/hosting.conasi.vn\/w\/noithat122011\/wp-content\/uploads\/2019\/03\/KT900597-510x340.jpg 510w, https:\/\/hosting.conasi.vn\/w\/noithat122011\/wp-content\/uploads\/2019\/03\/KT900597-601x400.jpg 601w, https:\/\/hosting.conasi.vn\/w\/noithat122011\/wp-content\/uploads\/2019\/03\/KT900597-768x511.jpg 768w\" sizes=\"(max-width: 1000px) 100vw, 1000px\" \/>\t\t\t\t\t\t\n\t\t\t\t\t<\/div>\n\t\t\t\t\t\t\t\t\n<style>\n#image_2092692753 {\n  width: 100%;\n}\n<\/style>\n\t<\/div>\n\t\n\t\t<\/div>\n\t\t\t<\/div>\n\n\t\n\n\t<div id=\"col-522012921\" class=\"col div-no-padding medium-6 small-12 large-6\"  >\n\t\t<div class=\"col-inner\"  >\n\t\t\t\n\t\t\t\n<h2 class=\"title-section text-uppercase\">HO\u1ea0T \u0110\u1ed8NG C\u00d4NG TY<\/h2>\n<div class=\"text-col text-justify\">\n<p>Ngu\u1ed3n nh\u00e2n l\u1ef1c ch\u00ednh l\u00e0 m\u1ea3nh gh\u00e9p quan tr\u1ecdng nh\u1ea5t \u0111\u1ec3 t\u1ea1o n\u00ean b\u1ee9c tranh v\u1ec1 m\u1ed9t doanh nghi\u1ec7p th\u00e0nh c\u00f4ng. Th\u1ea5u hi\u1ec3u \u0111i\u1ec1u n\u00e0y, c\u00f4ng ty Ahome lu\u00f4n ch\u00fa tr\u1ecdng t\u1edbi vi\u1ec7c tuy\u1ec3n ch\u1ecdn, x\u00e2y d\u1ef1ng \u0111\u1ed9i ng\u0169 chuy\u00ean vi\u00ean thi\u1ebft k\u1ebf n\u1ed9i th\u1ea5t.<\/p>\n<ul>\n<li>\u0110\u1ed9i ng\u0169 KTS v\u1edbi h\u01a1n 10 n\u0103m kinh nghi\u1ec7m trong l\u0129nh v\u1ef1c thi\u1ebft k\u1ebf \u2013 thi c\u00f4ng n\u1ed9i th\u1ea5t cao c\u1ea5p.<\/li>\n<li>\u0110\u00e3 th\u1ef1c hi\u1ec7n r\u1ea5t nhi\u1ec1u c\u00e1c d\u1ef1 \u00e1n t\u1ea1i nh\u1eefng khu \u0111\u00f4 th\u1ecb l\u1edbn nh\u01b0: Vinhomes Riverside, Vinhomes Th\u0103ng Long, Royal City, Mandarin Garden, Ecopark\u2026<\/li>\n<li>\u0110\u01b0\u1ee3c \u0111\u00e0o t\u1ea1o chuy\u00ean s\u00e2u t\u1ea1i c\u00e1c tr\u01b0\u1eddng ki\u1ebfn tr\u00fac trong v\u00e0 ngo\u00e0i n\u01b0\u1edbc.<\/li>\n<li>Th\u01b0\u1eddng xuy\u00ean giao l\u01b0u, trao \u0111\u1ed5i kinh nghi\u1ec7m v\u1edbi c\u00e1c KTS t\u1ea1i c\u00e1c n\u01b0\u1edbc ti\u00ean ti\u1ebfn<\/li>\n<\/ul>\n<p>V\u1edbi ngu\u1ed3n nh\u00e2n l\u1ef1c ch\u1ea5t l\u01b0\u1ee3ng cao, qu\u00fd v\u1ecb ho\u00e0n to\u00e0n c\u00f3 th\u1ec3 y\u00ean t\u00e2m v\u00e0 \u0111\u1eb7t ni\u1ec1m tin v\u00e0o d\u1ecbch v\u1ee5 thi\u1ebft k\u1ebf n\u1ed9i th\u1ea5t c\u1ee7a ch\u00fang t\u00f4i.<\/p>\n<\/div>\n\t\t<\/div>\n\t\t\t<\/div>\n\n\t\n<\/div>\n\t\t<\/div>\n\n\t\t\n<style>\n#section_1165428036 {\n  padding-top: 30px;\n  padding-bottom: 30px;\n}\n<\/style>\n\t<\/section>\n\t\n\t<section class=\"section\" id=\"section_422475672\">\n\t\t<div class=\"bg section-bg fill bg-fill  bg-loaded\" >\n\n\t\t\t\n\t\t\t\n\t\t\t\n\n\t\t<\/div>\n\n\t\t<div class=\"section-content relative\">\n\t\t\t\n<div class=\"row\"  id=\"row-1613212237\">\n\n\t<div id=\"col-1320429879\" class=\"col div-no-padding medium-6 small-12 large-6\"  >\n\t\t<div class=\"col-inner\"  >\n\t\t\t\n\t\t\t\n<h2 class=\"title-section text-uppercase\"><span style=\"font-size: 100%;\">D\u1ecaCH V\u1ee4 THI\u1ebeT K\u1ebe N\u1ed8I TH\u1ea4T<\/span><\/h2>\n<div class=\"text-col text-justify\">\n<p><span style=\"font-size: 100%;\"><em>Theo th\u1ed1ng k\u00ea, c\u00f3 t\u1edbi tr\u00ean 50% gia ch\u1ee7 kh\u00f4ng coi tr\u1ecdng vi\u1ec7c thi\u1ebft k\u1ebf n\u1ed9i th\u1ea5t khi v\u1ec1 nh\u00e0 m\u1edbi ho\u1eb7c d\u00f9 quan t\u00e2m nh\u01b0ng kh\u00f4ng \u0111\u1ee7 th\u1eddi gian, nh\u00e2n l\u1ef1c.\u00a0<\/em><\/span><\/p>\n<p><span style=\"font-size: 100%;\"><strong>B\u1ea1n \u0111\u01b0\u1ee3c g\u00ec khi l\u1ef1a ch\u1ecdn d\u1ecbch v\u1ee5 thi\u1ebft k\u1ebf n\u1ed9i th\u1ea5t c\u1ee7a Ahome?<\/strong><\/span><\/p>\n<p><span style=\"font-size: 100%;\">D\u1ecbch v\u1ee5 thi\u1ebft k\u1ebf n\u1ed9i th\u1ea5t Ahome \u0111\u01b0\u1ee3c \u0111\u00e1nh gi\u00e1 theo ti\u00eau chu\u1ea9n 5 sao, nh\u1eb1m \u0111\u00e1p \u1ee9ng cao nh\u1ea5t nhu c\u1ea7u c\u1ee7a kh\u00e1ch h\u00e0ng:<\/span><\/p>\n<ul>\n<li><span style=\"font-size: 100%;\">Kh\u00f4ng h\u1ea1n ch\u1ebf s\u1ed1 l\u1ea7n s\u1eeda \u0111\u1ed5i b\u1ea3n v\u1ebd<\/span><\/li>\n<li><span style=\"font-size: 100%;\">Thi\u1ebft k\u1ebf chu\u1ea9n theo y\u00eau c\u1ea7u c\u1ee7a kh\u00e1ch h\u00e0ng<\/span><\/li>\n<li><span style=\"font-size: 100%;\">L\u00ean \u00fd t\u01b0\u1edfng c\u1ee5 th\u1ec3 cho t\u1eebng kh\u00f4ng gian, th\u01b0\u1eddng xuy\u00ean c\u1eadp nh\u1eadt nh\u1eefng xu h\u01b0\u1edbng thi\u1ebft k\u1ebf m\u1edbi<\/span><\/li>\n<li><span style=\"font-size: 100%;\">T\u1ed1i \u01b0u h\u00f3a c\u00f4ng n\u0103ng cho to\u00e0n b\u1ed9 ng\u00f4i nh\u00e0<\/span><\/li>\n<li><span style=\"font-size: 100%;\">Thi\u1ebft k\u1ebf mang t\u00ednh th\u1ef1c ti\u1ec5n, thi\u1ebft k\u1ebf \u0111\u1ec3 thi c\u00f4ng<\/span><\/li>\n<\/ul>\n<p><span style=\"font-size: 100%;\">Ch\u00fang t\u00f4i cam k\u1ebft tuy\u1ec7t \u0111\u1ed1i v\u1ec1 UY T\u00cdN v\u00e0 CH\u1ea4T L\u01af\u1ee2NG \u0111\u1ed1i v\u1edbi t\u1ea5t c\u1ea3 m\u1ecdi kh\u00e1ch h\u00e0ng khi \u0111\u1ebfn v\u1edbi Ahome. B\u1ea5t k\u1ec3 b\u1ea1n l\u00e0 ai, b\u1ea1n \u0111i xe g\u00ec, khi \u0111\u1ebfn v\u1edbi Ahome, b\u1ea1n \u0111\u1ec1u s\u1ebd \u0111\u01b0\u1ee3c ti\u1ebfp \u0111\u00f3n v\u00e0 tr\u1ea3i nghi\u1ec7m c\u00e1c d\u1ecbch v\u1ee5 m\u1ed9t c\u00e1ch t\u1ed1t nh\u1ea5t, chu \u0111\u00e1o nh\u1ea5t.<\/span><\/p>\n<\/div>\n\t\t<\/div>\n\t\t\t<\/div>\n\n\t\n\n\t<div id=\"col-862186539\" class=\"col div-no-padding medium-6 small-12 large-6\"  >\n\t\t<div class=\"col-inner\"  >\n\t\t\t\n\t\t\t\n\t<div class=\"img has-hover x md-x lg-x y md-y lg-y\" id=\"image_1756493402\">\n\t\t\t\t\t\t\t\t<div class=\"img-inner dark\" >\n\t\t\t<img width=\"570\" height=\"380\" src=\"https:\/\/hosting.conasi.vn\/w\/noithat122011\/wp-content\/uploads\/2019\/03\/TEMPLATE-570X380-1.png\" class=\"attachment-large size-large\" alt=\"\" loading=\"lazy\" srcset=\"https:\/\/hosting.conasi.vn\/w\/noithat122011\/wp-content\/uploads\/2019\/03\/TEMPLATE-570X380-1.png 570w, https:\/\/hosting.conasi.vn\/w\/noithat122011\/wp-content\/uploads\/2019\/03\/TEMPLATE-570X380-1-510x340.png 510w\" sizes=\"(max-width: 570px) 100vw, 570px\" \/>\t\t\t\t\t\t\n\t\t\t\t\t<\/div>\n\t\t\t\t\t\t\t\t\n<style>\n#image_1756493402 {\n  width: 100%;\n}\n<\/style>\n\t<\/div>\n\t\n\t\t<\/div>\n\t\t\t<\/div>\n\n\t\n<\/div>\n\t\t<\/div>\n\n\t\t\n<style>\n#section_422475672 {\n  padding-top: 30px;\n  padding-bottom: 30px;\n}\n<\/style>\n\t<\/section>\n\t\n","protected":false},"excerpt":{"rendered":"","protected":false},"author":1,"featured_media":0,"parent":0,"menu_order":0,"comment_status":"closed","ping_status":"closed","template":"page-blank.php","meta":[],"_links":{"self":[{"href":"https:\/\/hosting.conasi.vn\/w\/noithat122011\/wp-json\/wp\/v2\/pages\/297"}],"collection":[{"href":"https:\/\/hosting.conasi.vn\/w\/noithat122011\/wp-json\/wp\/v2\/pages"}],"about":[{"href":"https:\/\/hosting.conasi.vn\/w\/noithat122011\/wp-json\/wp\/v2\/types\/page"}],"author":[{"embeddable":true,"href":"https:\/\/hosting.conasi.vn\/w\/noithat122011\/wp-json\/wp\/v2\/users\/1"}],"replies":[{"embeddable":true,"href":"https:\/\/hosting.conasi.vn\/w\/noithat122011\/wp-json\/wp\/v2\/comments?post=297"}],"version-history":[{"count":3,"href":"https:\/\/hosting.conasi.vn\/w\/noithat122011\/wp-json\/wp\/v2\/pages\/297\/revisions"}],"predecessor-version":[{"id":300,"href":"https:\/\/hosting.conasi.vn\/w\/noithat122011\/wp-json\/wp\/v2\/pages\/297\/revisions\/300"}],"wp:attachment":[{"href":"https:\/\/hosting.conasi.vn\/w\/noithat122011\/wp-json\/wp\/v2\/media?parent=297"}],"curies":[{"name":"wp","href":"https:\/\/api.w.org\/{rel}","templated":true}]}}