{"id":59,"date":"2019-03-20T10:11:22","date_gmt":"2019-03-20T03:11:22","guid":{"rendered":"http:\/\/noithat10.khowebseotop.vn\/?page_id=59"},"modified":"2019-03-21T13:22:54","modified_gmt":"2019-03-21T06:22:54","slug":"thu-ngo","status":"publish","type":"page","link":"https:\/\/hosting.conasi.vn\/w\/noithat102011\/thu-ngo\/","title":{"rendered":"Th\u01b0 ng\u1ecf"},"content":{"rendered":"<h2 style=\"text-align: center;\"><span style=\"font-size: 100%;\">TH\u01af NGO\u0309<\/span><\/h2>\n<h3><span style=\"font-size: 100%;\"><strong>Ki\u0301nh g\u01b0\u0309i QUY\u0301 KHA\u0301CH HA\u0300NG!<\/strong><\/span><\/h3>\n<p><span style=\"font-size: 100%;\">L\u01a1\u0300i \u0111\u00e2\u0300u ti\u00ean cho phe\u0301p\u00a0<em><strong>C\u00f4ng ty N\u00f4\u0323i th\u00e2\u0301t M\u00f4\u0323c Style<\/strong><\/em>\u00a0\u0111\u01b0\u01a1\u0323c g\u01b0\u0309i l\u01a1\u0300i cha\u0300o tr\u00e2n tro\u0323ng, l\u01a1\u0300i chu\u0301c may m\u0103\u0301n va\u0300 tha\u0300nh c\u00f4ng t\u01a1\u0301i Quy\u0301 kha\u0301ch ha\u0300ng!<\/span><\/p>\n<p><span style=\"font-size: 100%;\">B\u0103\u0300ng s\u01b0\u0323 n\u00f4\u0303 l\u01b0\u0323c kh\u00f4ng ng\u01b0\u0300ng nghi\u0309, tro\u0323ng du\u0323ng \u0111\u01b0\u01a1\u0323c nh\u01b0\u0303ng ki\u00ea\u0301n tru\u0301c s\u01b0 ta\u0300i hoa, sa\u0301ng ta\u0323o, \u0111\u00f4\u0300ng th\u01a1\u0300i th\u01b0\u01a1\u0300ng xuy\u00ean n\u00e2ng cao tay ngh\u00ea\u0300 th\u01a1\u0323 va\u0300 hi\u00ea\u0323n \u0111a\u0323i hoa\u0301 d\u00e2y chuy\u00ea\u0300n sa\u0309n xu\u00e2\u0301t. T\u01a1\u0301i nay<em><strong>\u00a0N\u00f4\u0323i th\u00e2\u0301t M\u00f4\u0323c Style<\/strong><\/em>\u00a0\u0111a\u0303 \u0111\u01b0\u0301ng trong ha\u0300ng ngu\u0303 nh\u01b0\u0303ng x\u01b0\u01a1\u0309ng sa\u0309n xu\u00e2\u0301t n\u00f4\u0323i th\u00e2\u0301t uy ti\u0301n, ch\u00e2\u0301t l\u01b0\u01a1\u0323ng v\u01a1\u0301i gia\u0301 tha\u0300nh re\u0309 ha\u0300ng \u0111\u00e2\u0300u Mi\u00ea\u0300n B\u0103\u0301c.\u00a0<\/span><\/p>\n<p><span style=\"font-size: 100%;\">V\u01a1\u0301i th\u00ea\u0301 ma\u0323nh<strong>\u00a0sa\u0309n xu\u00e2\u0301t\u00a0<a href=\"https:\/\/noithatmocstyle.vn\/danh-muc\/noi-that-nha-hang\/ban-ghe-cafe\/\">ba\u0300n gh\u00ea\u0301 cafe<\/a><\/strong>,\u00a0<a href=\"https:\/\/noithatmocstyle.vn\/danh-muc\/noi-that-nha-hang\/ban-ghe-nha-hang\/\"><strong>ba\u0300n gh\u00ea\u0301 nha\u0300 ha\u0300ng<\/strong><\/a>,\u00a0<a href=\"https:\/\/noithatmocstyle.vn\/danh-muc\/noi-that-nha-hang\/quay-bar-cafe-nha-hang\/\"><strong>qu\u00e2\u0300y bar<\/strong><\/a>,\u00a0<a href=\"https:\/\/noithatmocstyle.vn\/danh-muc\/noi-that-nha-hang\/gia-ke-trang-tri\/\"><strong>gia\u0301 k\u00ea\u0323 trang tri\u0301<\/strong><\/a>\u00a0cho kinh doanh kh\u00f4\u0301i \u0103n u\u00f4\u0301ng. V\u01a1\u0301i v\u00ea\u0300 da\u0300y kinh nghi\u00ea\u0323m<strong>\u00a0thi c\u00f4ng n\u00f4\u0323i th\u00e2\u0301t Homestay<\/strong>,\u00a0<strong>nha\u0300 \u01a1\u0309 cu\u0300ng\u00a0<a href=\"https:\/\/noithatmocstyle.vn\/thi-cong-noi-that-van-phong\/\">n\u00f4\u0323i th\u00e2\u0301t v\u0103n pho\u0300ng gia\u0301 re\u0309<\/a><\/strong>.\u00a0<strong>Sa\u0309n ph\u00e2\u0309m mu\u0303i nho\u0323n la\u0300 \u0111\u00f4\u0300 n\u00f4\u0323i th\u00e2\u0301t t\u01b0\u0300 g\u00f4\u0303 th\u00f4ng<\/strong>,<strong>\u00a0pallet g\u00f4\u0303 th\u00f4ng<\/strong>,\u00a0<a href=\"https:\/\/noithatmocstyle.vn\/danh-muc\/noi-that-nha-hang\/ban-ghe-cafe\/ban-ghe-chan-sat-mat-go\/\"><strong>ba\u0300n gh\u00ea\u0301 ch\u00e2n s\u0103\u0301t m\u0103\u0323t g\u00f4\u0303<\/strong><\/a>\u00a0va\u0300\u00a0<strong>sa\u0301ng ta\u0323o t\u01b0\u0300 thu\u0300ng phuy<\/strong>. Chu\u0301ng t\u00f4i mang \u0111\u00ea\u0301n cho kh\u00f4ng gian cu\u0309a ba\u0323n ne\u0301t \u0111e\u0323p hi\u00ea\u0323n \u0111a\u0323i, pha\u0301 ca\u0301ch, sa\u0301ng ta\u0323o v\u01a1\u0301i chi phi\u0301 th\u00e2\u0301p nh\u00e2\u0301t.<\/span><\/p>\n<p><span style=\"font-size: 100%;\">10 n\u0103m hi\u0300nh tha\u0300nh! 10 n\u0103m pha\u0301t tri\u00ea\u0309n! 10 n\u0103m c\u00f4\u0323ng ta\u0301c! \u0110\u0103\u0323t n\u00ea\u0300n mo\u0301ng cho ha\u0300ng nga\u0300n d\u01b0\u0323 a\u0301n \u0111\u00e2\u0300u t\u01b0 kh\u00f4\u0301i nha\u0300 ha\u0300ng, qua\u0301n xa\u0301, nha\u0300 \u01a1\u0309 cu\u0300ng n\u00f4\u0323i th\u00e2\u0301t v\u0103n pho\u0300ng tr\u00ean kh\u0103\u0301p mi\u00ea\u0300n B\u0103\u0301c.\u00a0<em><strong>N\u00f4\u0323i th\u00e2\u0301t M\u00f4\u0323c Style<\/strong><\/em>\u00a0v\u00f4 cu\u0300ng h\u00e2n ha\u0323nh \u0111\u01b0\u01a1\u0323c \u0111\u00f4\u0300ng ha\u0300nh cu\u0300ng Quy\u0301 kha\u0301ch ha\u0300ng kh\u01a1\u0309i nghi\u00ea\u0323p, \u0111\u00e2\u0300u t\u01b0 kinh doanh cu\u0303ng nh\u01b0 \u0111i\u00ea\u0309m t\u00f4 kh\u00f4ng gian s\u00f4\u0301ng tr\u01a1\u0309 n\u00ean \u0111e\u0323p, \u0111\u00f4\u0323c, \u00e2\u0301n t\u01b0\u01a1\u0323ng. Chu\u0301ng t\u00f4i v\u00f4 cu\u0300ng ca\u0309m \u01a1n Quy\u0301 kha\u0301ch ha\u0300ng \u0111a\u0303 tin t\u01b0\u01a1\u0309ng. Va\u0300 trao c\u01a1 h\u00f4\u0323i cho chu\u0301ng t\u00f4i \u0111\u01b0\u01a1\u0323c \u0111\u00f4\u0300ng ha\u0300nh cu\u0300ng Quy\u0301 kha\u0301ch ha\u0300ng su\u00f4\u0301t qua\u0303ng th\u01a1\u0300i gian qua.\u00a0<\/span><\/p>\n<p><span style=\"font-size: 100%;\">B\u0103\u0300ng ca\u0301i t\u00e2m cu\u0309a ng\u01b0\u01a1\u0300i la\u0300m ngh\u00ea\u0300, b\u0103\u0300ng ca\u0301i t\u00e2\u0300m cu\u0309a \u0111\u00f4\u0323i ngu\u0303 la\u0303nh \u0111a\u0323o \u0111i\u0323nh h\u01b0\u01a1\u0301ng c\u00f4ng ty pha\u0301t tri\u00ea\u0309n b\u00ea\u0300n v\u01b0\u0303ng. Chu\u0301ng t\u00f4i lu\u00f4n tr\u00e2n tro\u0323ng t\u01b0\u0300ng gi\u00e2y phu\u0301t quy\u0301 gia\u0301 cu\u0309a Quy\u0301 kha\u0301ch ha\u0300ng. N\u00f4\u0303 l\u01b0\u0323c vi\u0300 quy\u00ea\u0300n va\u0300 l\u01a1\u0323i i\u0301ch cu\u0309a Quy\u0301 kha\u0301ch ha\u0300ng.\u00a0<\/span><\/p>\n<ul>\n<li><span style=\"font-size: 100%;\">V\u01a1\u0301i t\u00e2m ni\u00ea\u0323m: Ch\u01b0\u0303 ti\u0301n quy\u0301 h\u01a1n va\u0300ng<\/span><\/li>\n<li><span style=\"font-size: 100%;\">V\u01a1\u0301i s\u01b0\u0301 m\u00ea\u0323nh: \u0110em t\u01a1\u0301i cho nha\u0300 ha\u0300ng, qua\u0301n cafe, nha\u0300 \u01a1\u0309, v\u0103n pho\u0300ng cu\u0309a ba\u0323n nh\u01b0\u0303ng kh\u00f4ng gian \u0111e\u0323p, \u0111\u00f4\u0323c, \u00e2\u0301n t\u01b0\u01a1\u0323ng. Cu\u0300ng \u0111\u00e2\u0300u t\u01b0 sinh l\u01a1\u0300i nhanh, pha\u0301t tri\u00ea\u0309n ma\u0323nh me\u0303.<\/span><\/li>\n<li><span style=\"font-size: 100%;\">V\u01a1\u0301i t\u00e2\u0300m nhi\u0300n: Tr\u01a1\u0309 tha\u0300nh \u0111\u01a1n vi\u0323 sa\u0309n xu\u00e2\u0301t n\u00f4\u0323i th\u00e2\u0301t gia\u0301 re\u0309, uy ti\u0301n, ch\u00e2\u0301t l\u01b0\u01a1\u0323ng ha\u0300ng \u0111\u00e2\u0300u Vi\u00ea\u0323t Nam, n\u00e2ng t\u00e2\u0300m qu\u00f4\u0301c t\u00ea\u0301.<\/span><\/li>\n<\/ul>\n<p><span style=\"font-size: 100%;\">Chu\u0301ng t\u00f4i t\u01b0\u0323 tin se\u0303 la\u0300 \u0111\u00f4\u0301i ta\u0301c \u0111a\u0301ng tin c\u00e2\u0323y, ng\u01b0\u01a1\u0300i ba\u0323n \u0111\u00f4\u0300ng ha\u0300nh tr\u00ean con \u0111\u01b0\u01a1\u0300ng pha\u0301t tri\u00ea\u0309n s\u01b0\u0323 nghi\u00ea\u0323p cu\u0309a Quy\u0301 kha\u0301ch ha\u0300ng! Ngoa\u0300i th\u01b0 ngo\u0309, ki\u0301nh m\u01a1\u0300i quy\u0301 kha\u0301ch ha\u0300ng tham kha\u0309o\u00a0<a href=\"https:\/\/noithatmocstyle.vn\/ho-so-nang-luc\/\">H\u00f4\u0300 s\u01a1 n\u0103ng l\u01b0\u0323c cu\u0309a C\u00f4ng ty N\u00f4\u0323i th\u00e2\u0301t M\u00f4\u0323c Style<\/a>!<\/span><\/p>\n<p><span style=\"font-size: 100%;\"><em><strong>N\u00f4\u0323i th\u00e2\u0301t M\u00f4\u0323c Style<\/strong><\/em>\u00a0xin ch\u00e2n tha\u0300nh ca\u0309m \u01a1n Quy\u0301 kha\u0301ch ha\u0300ng \u0111a\u0303 da\u0300nh th\u01a1\u0300i gian l\u01b0u t\u00e2m t\u01a1\u0301i Th\u01b0 ngo\u0309 cu\u0309a chu\u0301ng t\u00f4i. M\u00f4\u0323c Style r\u00e2\u0301t h\u00e2n ha\u0323nh \u0111\u01b0\u01a1\u0323c phu\u0323c vu\u0323 Quy\u0301 kha\u0301ch ha\u0300ng trong khoa\u0309ng th\u01a1\u0300i gian s\u0103\u0301p t\u01a1\u0301i. L\u01a1\u0300i cu\u00f4\u0301i, ki\u0301nh chu\u0301c Quy\u0301 kha\u0301ch ha\u0300ng lu\u00f4n ha\u0323nh phu\u0301c, tha\u0300nh c\u00f4ng va\u0300 thi\u0323nh v\u01b0\u01a1\u0323ng!<\/span><\/p>\n<p><span style=\"font-size: 100%;\">Tr\u00e2n tro\u0323ng ca\u0309m \u01a1n!<\/span><\/p>\n<p><span style=\"font-size: 100%;\"><em><strong>C\u00f4ng ty N\u00f4\u0323i th\u00e2\u0301t M\u00f4\u0323c Style :<\/strong><\/em><\/span><\/p>\n<ul>\n<li><span style=\"font-size: 100%;\">Website:<strong>\u00a0<a href=\"https:\/\/noithatmocstyle.vn\/\">https:\/\/noithatmocstyle.vn<\/a><\/strong><\/span><\/li>\n<li><span style=\"font-size: 100%;\">\u0110i\u0323a chi\u0309 x\u01b0\u01a1\u0309ng sa\u0309n xu\u00e2\u0301t:<\/span>\n<ul>\n<li><span style=\"font-size: 100%;\"><strong>C\u01a1 s\u01a1\u0309 1: \u0110\u00f4\u0323i 8, Ca\u0301t Qu\u00ea\u0301, Hoa\u0300i \u0110\u01b0\u0301c, Ha\u0300 N\u00f4\u0323i<\/strong><\/span><\/li>\n<li><span style=\"font-size: 100%;\"><strong>C\u01a1 s\u01a1\u0309 2: Li\u00ean Trung, \u0110an Ph\u01b0\u01a1\u0323ng, Ha\u0300 N\u00f4\u0323i<\/strong><\/span><\/li>\n<\/ul>\n<\/li>\n<li><span style=\"font-size: 100%;\">Hotline:\u00a0<strong>0965.382.399<\/strong><\/span><\/li>\n<li><span style=\"font-size: 100%;\">Ch\u0103m so\u0301c kha\u0301ch ha\u0300ng:\u00a0<strong>0943.439.588<\/strong><\/span><\/li>\n<\/ul>\n<p>&nbsp;<\/p>\n","protected":false},"excerpt":{"rendered":"<p>TH\u01af NGO\u0309 Ki\u0301nh g\u01b0\u0309i QUY\u0301 KHA\u0301CH HA\u0300NG! L\u01a1\u0300i \u0111\u00e2\u0300u ti\u00ean cho phe\u0301p\u00a0C\u00f4ng ty N\u00f4\u0323i th\u00e2\u0301t M\u00f4\u0323c Style\u00a0\u0111\u01b0\u01a1\u0323c g\u01b0\u0309i l\u01a1\u0300i cha\u0300o tr\u00e2n tro\u0323ng, l\u01a1\u0300i chu\u0301c may m\u0103\u0301n va\u0300 tha\u0300nh c\u00f4ng t\u01a1\u0301i Quy\u0301 kha\u0301ch ha\u0300ng! B\u0103\u0300ng s\u01b0\u0323 n\u00f4\u0303 l\u01b0\u0323c kh\u00f4ng ng\u01b0\u0300ng nghi\u0309, tro\u0323ng du\u0323ng \u0111\u01b0\u01a1\u0323c nh\u01b0\u0303ng ki\u00ea\u0301n tru\u0301c s\u01b0 ta\u0300i hoa, sa\u0301ng ta\u0323o, \u0111\u00f4\u0300ng th\u01a1\u0300i th\u01b0\u01a1\u0300ng xuy\u00ean&#8230;<\/p>\n","protected":false},"author":2,"featured_media":0,"parent":0,"menu_order":0,"comment_status":"closed","ping_status":"closed","template":"page-left-sidebar.php","meta":[],"_links":{"self":[{"href":"https:\/\/hosting.conasi.vn\/w\/noithat102011\/wp-json\/wp\/v2\/pages\/59"}],"collection":[{"href":"https:\/\/hosting.conasi.vn\/w\/noithat102011\/wp-json\/wp\/v2\/pages"}],"about":[{"href":"https:\/\/hosting.conasi.vn\/w\/noithat102011\/wp-json\/wp\/v2\/types\/page"}],"author":[{"embeddable":true,"href":"https:\/\/hosting.conasi.vn\/w\/noithat102011\/wp-json\/wp\/v2\/users\/2"}],"replies":[{"embeddable":true,"href":"https:\/\/hosting.conasi.vn\/w\/noithat102011\/wp-json\/wp\/v2\/comments?post=59"}],"version-history":[{"count":7,"href":"https:\/\/hosting.conasi.vn\/w\/noithat102011\/wp-json\/wp\/v2\/pages\/59\/revisions"}],"predecessor-version":[{"id":676,"href":"https:\/\/hosting.conasi.vn\/w\/noithat102011\/wp-json\/wp\/v2\/pages\/59\/revisions\/676"}],"wp:attachment":[{"href":"https:\/\/hosting.conasi.vn\/w\/noithat102011\/wp-json\/wp\/v2\/media?parent=59"}],"curies":[{"name":"wp","href":"https:\/\/api.w.org\/{rel}","templated":true}]}}