{"id":57,"date":"2019-03-20T10:11:16","date_gmt":"2019-03-20T03:11:16","guid":{"rendered":"http:\/\/noithat10.khowebseotop.vn\/?page_id=57"},"modified":"2019-03-21T13:38:01","modified_gmt":"2019-03-21T06:38:01","slug":"gioi-thieu","status":"publish","type":"page","link":"https:\/\/hosting.conasi.vn\/w\/noithat102011\/gioi-thieu\/","title":{"rendered":"Gi\u1edbi thi\u1ec7u"},"content":{"rendered":"<div class=\"row\"  id=\"row-115894036\">\n\n\t<div id=\"col-640707140\" class=\"col small-12 large-12\"  >\n\t\t<div class=\"col-inner\"  >\n\t\t\t\n\t\t\t\n\t<div class=\"img has-hover x md-x lg-x y md-y lg-y\" id=\"image_1737536575\">\n\t\t\t\t\t\t\t\t<div class=\"img-inner dark\" >\n\t\t\t<img width=\"1626\" height=\"490\" src=\"https:\/\/hosting.conasi.vn\/w\/noithat102011\/wp-content\/uploads\/2019\/03\/slider04.jpg\" class=\"attachment-original size-original\" alt=\"N\u1ed9i th\u1ea5t M\u1ed9c style\" loading=\"lazy\" srcset=\"https:\/\/hosting.conasi.vn\/w\/noithat102011\/wp-content\/uploads\/2019\/03\/slider04.jpg 1626w, https:\/\/hosting.conasi.vn\/w\/noithat102011\/wp-content\/uploads\/2019\/03\/slider04-510x154.jpg 510w, https:\/\/hosting.conasi.vn\/w\/noithat102011\/wp-content\/uploads\/2019\/03\/slider04-300x90.jpg 300w, https:\/\/hosting.conasi.vn\/w\/noithat102011\/wp-content\/uploads\/2019\/03\/slider04-768x231.jpg 768w, https:\/\/hosting.conasi.vn\/w\/noithat102011\/wp-content\/uploads\/2019\/03\/slider04-1024x309.jpg 1024w\" sizes=\"(max-width: 1626px) 100vw, 1626px\" \/>\t\t\t\t\t\t\n\t\t\t\t\t<\/div>\n\t\t\t\t\t\t\t\t\n<style>\n#image_1737536575 {\n  width: 100%;\n}\n<\/style>\n\t<\/div>\n\t\n\t\t<\/div>\n\t\t\t<\/div>\n\n\t\n<\/div>\n<div class=\"row\"  id=\"row-2107559336\">\n\n\t<div id=\"col-849147315\" class=\"col medium-6 small-12 large-6\"  >\n\t\t<div class=\"col-inner\"  >\n\t\t\t\n\t\t\t\n<h3>V\u1ec1 ch\u00fang t\u00f4i<\/h3>\n<p><span style=\"font-size: 100%;\">Ti\u1ec1n th\u00e2n l\u00e0\u00a0 m\u1ed9t c\u01a1 s\u1edf s\u1ea3n xu\u1ea5t nh\u1ecf N\u1ed9i th\u1ea5t Vitago \u0111\u00e3 m\u1ea1nh d\u1ea1n \u0111\u1ea7u t\u01b0 trang thi\u1ebft b\u1ecb m\u00e1y m\u00f3c c\u00f9ng v\u1edbi \u0111\u1ed9i ng\u0169 c\u00f4ng nh\u00e2n c\u00f3 tay ngh\u1ec1 cao v\u00e0 nhi\u1ec7t t\u00ecnh s\u00e1ng t\u1ea1o trong c\u00f4ng vi\u1ec7c \u0111\u00e3 gi\u00fap cho N\u1ed9i th\u1ea5t vi\u1ec7t c\u00f3 m\u1ed9t c\u01a1 s\u1edf l\u1edbn m\u1ea1nh. C\u00f9ng v\u1edbi th\u1eddi gian N\u1ed9i th\u1ea5t Vitago ng\u00e0y c\u00e0ng l\u1edbn m\u1ea1nh v\u00e0 ph\u00e1t tri\u1ec3n.<\/span><\/p>\n<div class=\"row\"  id=\"row-1551210416\">\n\n\t<div id=\"col-9085958\" class=\"col medium-6 small-12 large-6\"  >\n\t\t<div class=\"col-inner\"  >\n\t\t\t\n\t\t\t\n\n\t\t<div class=\"icon-box featured-box icon-box-left text-left\"  >\n\t\t\t\t\t<div class=\"icon-box-img\" style=\"width: 52px\">\n\t\t\t\t<div class=\"icon\">\n\t\t\t\t\t<div class=\"icon-inner\" >\n\t\t\t\t\t\t<img width=\"50\" height=\"50\" src=\"https:\/\/hosting.conasi.vn\/w\/noithat102011\/wp-content\/uploads\/2019\/03\/tu-van-24-7.png\" class=\"attachment-medium size-medium\" alt=\"\" loading=\"lazy\" \/>\t\t\t\t\t<\/div>\n\t\t\t\t<\/div>\n\t\t\t<\/div>\n\t\t\t\t<div class=\"icon-box-text last-reset\">\n\t\t\t\t\t\t\t\t\t\n<h4><strong>T\u01b0 v\u1ea5n 24\/7<br \/><\/strong>ho\u00e0n to\u00e0n mi\u1ec5n ph\u00ed<\/h4>\n\t\t<\/div>\n\t<\/div>\n\t\n\t\n\t<div id=\"gap-499110861\" class=\"gap-element clearfix\" style=\"display:block; height:auto;\">\n\t\t\n<style>\n#gap-499110861 {\n  padding-top: 30px;\n}\n<\/style>\n\t<\/div>\n\t\n\n\t\t<div class=\"icon-box featured-box icon-box-left text-left\"  >\n\t\t\t\t\t<div class=\"icon-box-img\" style=\"width: 52px\">\n\t\t\t\t<div class=\"icon\">\n\t\t\t\t\t<div class=\"icon-inner\" >\n\t\t\t\t\t\t<img width=\"51\" height=\"51\" src=\"https:\/\/hosting.conasi.vn\/w\/noithat102011\/wp-content\/uploads\/2019\/03\/icon-2.png\" class=\"attachment-medium size-medium\" alt=\"\" loading=\"lazy\" \/>\t\t\t\t\t<\/div>\n\t\t\t\t<\/div>\n\t\t\t<\/div>\n\t\t\t\t<div class=\"icon-box-text last-reset\">\n\t\t\t\t\t\t\t\t\t\n<h4><strong>Thanh to\u00e1n ti\u1ec1n<br \/><\/strong>khi nh\u1eadn h\u00e0ng<\/h4>\n\t\t<\/div>\n\t<\/div>\n\t\n\t\n\t\t<\/div>\n\t\t\t<\/div>\n\n\t\n\n\t<div id=\"col-622870165\" class=\"col medium-6 small-12 large-6\"  >\n\t\t<div class=\"col-inner\"  >\n\t\t\t\n\t\t\t\n\n\t\t<div class=\"icon-box featured-box icon-box-left text-left\"  >\n\t\t\t\t\t<div class=\"icon-box-img\" style=\"width: 52px\">\n\t\t\t\t<div class=\"icon\">\n\t\t\t\t\t<div class=\"icon-inner\" >\n\t\t\t\t\t\t<img width=\"51\" height=\"51\" src=\"https:\/\/hosting.conasi.vn\/w\/noithat102011\/wp-content\/uploads\/2019\/03\/icon-4.jpg\" class=\"attachment-medium size-medium\" alt=\"\" loading=\"lazy\" \/>\t\t\t\t\t<\/div>\n\t\t\t\t<\/div>\n\t\t\t<\/div>\n\t\t\t\t<div class=\"icon-box-text last-reset\">\n\t\t\t\t\t\t\t\t\t\n<h4><strong>V\u1eadn chuy\u1ec3n mi\u1ec5n ph\u00ed<br \/><\/strong>n\u1ed9i th\u00e0nh H\u00e0 N\u1ed9i<\/h4>\n\t\t<\/div>\n\t<\/div>\n\t\n\t\n\t<div id=\"gap-56511875\" class=\"gap-element clearfix\" style=\"display:block; height:auto;\">\n\t\t\n<style>\n#gap-56511875 {\n  padding-top: 30px;\n}\n<\/style>\n\t<\/div>\n\t\n\n\t\t<div class=\"icon-box featured-box icon-box-left text-left\"  >\n\t\t\t\t\t<div class=\"icon-box-img\" style=\"width: 52px\">\n\t\t\t\t<div class=\"icon\">\n\t\t\t\t\t<div class=\"icon-inner\" >\n\t\t\t\t\t\t<img width=\"52\" height=\"52\" src=\"https:\/\/hosting.conasi.vn\/w\/noithat102011\/wp-content\/uploads\/2019\/03\/icon-3.png\" class=\"attachment-medium size-medium\" alt=\"\" loading=\"lazy\" \/>\t\t\t\t\t<\/div>\n\t\t\t\t<\/div>\n\t\t\t<\/div>\n\t\t\t\t<div class=\"icon-box-text last-reset\">\n\t\t\t\t\t\t\t\t\t\n<h4><strong>T\u01b0 v\u1ea5n 24\/7<br \/><\/strong>0965.382.399<\/h4>\n\t\t<\/div>\n\t<\/div>\n\t\n\t\n\t\t<\/div>\n\t\t\t<\/div>\n\n\t\n<\/div>\n\t\t<\/div>\n\t\t\t<\/div>\n\n\t\n\n\t<div id=\"col-1215351244\" class=\"col medium-6 small-12 large-6\"  >\n\t\t<div class=\"col-inner\"  >\n\t\t\t\n\t\t\t\n\t<div class=\"img has-hover x md-x lg-x y md-y lg-y\" id=\"image_603120414\">\n\t\t\t\t\t\t\t\t<div class=\"img-inner dark\" >\n\t\t\t<img width=\"660\" height=\"438\" src=\"https:\/\/hosting.conasi.vn\/w\/noithat102011\/wp-content\/uploads\/2019\/03\/mo-quan-cafe-nho-can-chuan-bi-gi.jpg\" class=\"attachment-original size-original\" alt=\"\" loading=\"lazy\" srcset=\"https:\/\/hosting.conasi.vn\/w\/noithat102011\/wp-content\/uploads\/2019\/03\/mo-quan-cafe-nho-can-chuan-bi-gi.jpg 660w, https:\/\/hosting.conasi.vn\/w\/noithat102011\/wp-content\/uploads\/2019\/03\/mo-quan-cafe-nho-can-chuan-bi-gi-510x338.jpg 510w, https:\/\/hosting.conasi.vn\/w\/noithat102011\/wp-content\/uploads\/2019\/03\/mo-quan-cafe-nho-can-chuan-bi-gi-300x199.jpg 300w\" sizes=\"(max-width: 660px) 100vw, 660px\" \/>\t\t\t\t\t\t\n\t\t\t\t\t<\/div>\n\t\t\t\t\t\t\t\t\n<style>\n#image_603120414 {\n  width: 100%;\n}\n<\/style>\n\t<\/div>\n\t\n\t\t<\/div>\n\t\t\t<\/div>\n\n\t\n<\/div>\n<div class=\"row\"  id=\"row-445840590\">\n\n\t<div id=\"col-908343745\" class=\"col medium-6 small-12 large-6\"  >\n\t\t<div class=\"col-inner\"  >\n\t\t\t\n\t\t\t\n\t<div class=\"img has-hover x md-x lg-x y md-y lg-y\" id=\"image_2056499059\">\n\t\t\t\t\t\t\t\t<div class=\"img-inner dark\" >\n\t\t\t<img width=\"400\" height=\"225\" src=\"https:\/\/hosting.conasi.vn\/w\/noithat102011\/wp-content\/uploads\/2019\/03\/18206903-1-1024x576-1.jpg\" class=\"attachment-original size-original\" alt=\"\" loading=\"lazy\" srcset=\"https:\/\/hosting.conasi.vn\/w\/noithat102011\/wp-content\/uploads\/2019\/03\/18206903-1-1024x576-1.jpg 400w, https:\/\/hosting.conasi.vn\/w\/noithat102011\/wp-content\/uploads\/2019\/03\/18206903-1-1024x576-1-300x169.jpg 300w\" sizes=\"(max-width: 400px) 100vw, 400px\" \/>\t\t\t\t\t\t\n\t\t\t\t\t<\/div>\n\t\t\t\t\t\t\t\t\n<style>\n#image_2056499059 {\n  width: 100%;\n}\n<\/style>\n\t<\/div>\n\t\n\t\t<\/div>\n\t\t\t<\/div>\n\n\t\n\n\t<div id=\"col-1115961921\" class=\"col medium-6 small-12 large-6\"  >\n\t\t<div class=\"col-inner\"  >\n\t\t\t\n\t\t\t\n<h3>N\u1ed8I TH\u1ea4T PH\u00d2NG KH\u00c1CH<\/h3>\n<p>Ph\u00f2ng kh\u00e1ch nh\u00e0 chung c\u01b0, bi\u1ec7t th\u1ef1 kh\u00f4ng \u0111\u01a1n gi\u1ea3n ch\u1ec9 l\u00e0 n\u01a1i g\u1eb7p g\u1ee1 n\u00f3i chuy\u1ec7n c\u1ee7a nh\u1eefng ng\u01b0\u1eddi tr\u01b0\u1edfng th\u00e0nh m\u00e0 c\u00f2n l\u00e0 n\u01a1i gi\u1ea3i tr\u00ed v\u00e0 di\u1ec5n ra nhi\u1ec1u ho\u1ea1t \u0111\u1ed9ng chung c\u1ee7a c\u1ea3 gia \u0111\u00ecnh.<\/p>\n<p>\u0110\u1ec3 thi\u1ebft k\u1ebf m\u1ed9t ph\u00f2ng kh\u00e1ch \u0111\u1eb9p kh\u00f4ng h\u1ec1 \u0111\u01a1n gi\u1ea3n, ch\u00fang ta c\u1ea7n l\u00e0m vi\u1ec7c v\u1edbi c\u00e1c chuy\u00ean gia thi\u1ebft k\u1ebf \u0111\u1ec3 ch\u1ecdn l\u1ef1a gi\u1eefa v\u00f4 v\u00e0n \u00fd t\u01b0\u1edfng. B\u1edfi th\u1ebf, N\u1ed8I TH\u1ea4T VITAGO lu\u00f4n c\u1ed1 g\u1eafng \u0111\u1ec3 mang l\u1ea1i kh\u00f4ng gian ph\u00f2ng kh\u00e1ch nh\u1eefng \u0111i\u1ec1u tuy\u1ec7t v\u1eddi nh\u1ea5t!<\/p>\n\t\t<\/div>\n\t\t\t<\/div>\n\n\t\n<\/div>\n<div class=\"row\"  id=\"row-498045323\">\n\n\t<div id=\"col-829475194\" class=\"col medium-6 small-12 large-6\"  >\n\t\t<div class=\"col-inner\"  >\n\t\t\t\n\t\t\t\n<h3 class=\"vk-heading vk-main-heading\">N\u1ed8I TH\u1ea4T\u00a0<span class=\"vk-text-color-yellow-1\">PH\u00d2NG NG\u1ee6<\/span><\/h3>\n<div class=\"content\">\n<p>Phong c\u00e1ch hi\u1ec7n \u0111\u1ea1i \u0111ang \u0111\u01b0\u1ee3c nhi\u1ec1u ng\u01b0\u1eddi l\u1ef1a ch\u1ecdn trong thi\u1ebft k\u1ebf n\u1ed9i th\u1ea5t, v\u00ec n\u00f3 kh\u00f4ng ch\u1ec9 mang l\u1ea1i m\u1ed9t kh\u00f4ng gian \u0111\u1eb9p v\u00e0 tinh t\u1ebf m\u00e0 n\u00f3 c\u00f2n cho b\u1ea1n m\u1ed9t kh\u00f4ng gian \u0111\u1ec3 th\u1ecfa s\u1ee9c s\u00e1ng t\u1ea1o theo phong c\u00e1ch ri\u00eang c\u1ee7a m\u00ecnh \u0111\u1ec3 c\u00f3 \u0111\u01b0\u1ee3c m\u1ed9t c\u0103n ph\u00f2ng ng\u1ee7 \u0111\u1eb9p ph\u00f9 h\u1ee3p v\u1edbi cu\u1ed9c s\u1ed1ng n\u0103ng \u0111\u1ed9ng v\u00e0 hi\u1ec7n \u0111\u1ea1i ng\u00e0y nay.<\/p>\n<p>H\u00e3y \u0111\u1ec3 N\u1ed8I TH\u1ea4T VITAGO mang \u0111\u1ebfn kh\u00f4ng gian ph\u00f2ng ng\u1ee7 c\u1ee7a b\u1ea1n nh\u1eefng \u0111i\u1ec1u tuy\u1ec7t v\u1eddi nh\u1ea5t nh\u00e9!<\/p>\n<\/div>\n\t\t<\/div>\n\t\t\t<\/div>\n\n\t\n\n\t<div id=\"col-1215093526\" class=\"col medium-6 small-12 large-6\"  >\n\t\t<div class=\"col-inner\"  >\n\t\t\t\n\t\t\t\n\t<div class=\"img has-hover x md-x lg-x y md-y lg-y\" id=\"image_793113023\">\n\t\t\t\t\t\t\t\t<div class=\"img-inner image-cover dark\" style=\"padding-top:50%;\">\n\t\t\t<img width=\"960\" height=\"642\" src=\"https:\/\/hosting.conasi.vn\/w\/noithat102011\/wp-content\/uploads\/2019\/03\/39391359_1898322740473776_4339809155456958464_n.jpg\" class=\"attachment-original size-original\" alt=\"\" loading=\"lazy\" srcset=\"https:\/\/hosting.conasi.vn\/w\/noithat102011\/wp-content\/uploads\/2019\/03\/39391359_1898322740473776_4339809155456958464_n.jpg 960w, https:\/\/hosting.conasi.vn\/w\/noithat102011\/wp-content\/uploads\/2019\/03\/39391359_1898322740473776_4339809155456958464_n-510x341.jpg 510w, https:\/\/hosting.conasi.vn\/w\/noithat102011\/wp-content\/uploads\/2019\/03\/39391359_1898322740473776_4339809155456958464_n-300x201.jpg 300w, https:\/\/hosting.conasi.vn\/w\/noithat102011\/wp-content\/uploads\/2019\/03\/39391359_1898322740473776_4339809155456958464_n-768x514.jpg 768w\" sizes=\"(max-width: 960px) 100vw, 960px\" \/>\t\t\t\t\t\t\n\t\t\t\t\t<\/div>\n\t\t\t\t\t\t\t\t\n<style>\n#image_793113023 {\n  width: 100%;\n}\n<\/style>\n\t<\/div>\n\t\n\t\t<\/div>\n\t\t\t<\/div>\n\n\t\n<\/div>\n<div class=\"row\"  id=\"row-1162068121\">\n\n\t<div id=\"col-479883791\" class=\"col medium-6 small-12 large-6\"  >\n\t\t<div class=\"col-inner\"  >\n\t\t\t\n\t\t\t\n\t<div class=\"img has-hover x md-x lg-x y md-y lg-y\" id=\"image_1616687163\">\n\t\t\t\t\t\t\t\t<div class=\"img-inner image-cover dark\" style=\"padding-top:50%;\">\n\t\t\t<img width=\"960\" height=\"720\" src=\"https:\/\/hosting.conasi.vn\/w\/noithat102011\/wp-content\/uploads\/2019\/03\/IMG_4095.jpg\" class=\"attachment-original size-original\" alt=\"\" loading=\"lazy\" srcset=\"https:\/\/hosting.conasi.vn\/w\/noithat102011\/wp-content\/uploads\/2019\/03\/IMG_4095.jpg 960w, https:\/\/hosting.conasi.vn\/w\/noithat102011\/wp-content\/uploads\/2019\/03\/IMG_4095-510x383.jpg 510w, https:\/\/hosting.conasi.vn\/w\/noithat102011\/wp-content\/uploads\/2019\/03\/IMG_4095-300x225.jpg 300w, https:\/\/hosting.conasi.vn\/w\/noithat102011\/wp-content\/uploads\/2019\/03\/IMG_4095-768x576.jpg 768w\" sizes=\"(max-width: 960px) 100vw, 960px\" \/>\t\t\t\t\t\t\n\t\t\t\t\t<\/div>\n\t\t\t\t\t\t\t\t\n<style>\n#image_1616687163 {\n  width: 100%;\n}\n<\/style>\n\t<\/div>\n\t\n\t\t<\/div>\n\t\t\t<\/div>\n\n\t\n\n\t<div id=\"col-1665526874\" class=\"col medium-6 small-12 large-6\"  >\n\t\t<div class=\"col-inner\"  >\n\t\t\t\n\t\t\t\n<h3 class=\"vk-heading vk-main-heading\">THI\u1ebeT K\u1ebe\u00a0<span class=\"vk-text-color-yellow-1\">PH\u00d2NG B\u1ebeP<\/span><\/h3>\n<div class=\"content\">\n<p>thi\u1ebft k\u1ebf n\u1ed9i th\u1ea5t ph\u00f2ng b\u1ebfp m\u1ed9t c\u00e1ch khoa h\u1ecdc, t\u1ed5 ch\u1ee9c s\u1eafp \u0111\u1eb7t thi\u1ebft b\u1ecb h\u1ee3p l\u00fd c\u00f3 \u00fd \u0111\u1ed3 s\u1ebd l\u00e0m b\u1ea1n th\u1ea5y th\u00fa v\u1ecb v\u1edbi m\u1ed9t kh\u00f4ng gian b\u1ebfp r\u1ed9ng r\u00e3i, tho\u00e1ng m\u00e1t b\u1edfi b\u1ea1n s\u1ebd ph\u1ea3i l\u00e0m m\u1ed9t s\u1ed1 vi\u1ec7c quan tr\u1ecdng trong b\u1ebfp nh\u01b0 n\u1ea5u \u0103n cho gia \u0111\u00ecnh, t\u1ed5 ch\u1ee9c c\u00e1c b\u1eefa ti\u1ec7c v\u1edbi b\u1ea1n b\u00e8, h\u1ecd h\u00e0ng\u2026.t\u1ea5t c\u1ea3 \u0111\u1ec3 t\u1ea1o n\u00ean nh\u1eefng kho\u1ea3nh kh\u1eafc h\u1ea1nh ph\u00fac v\u00e0 th\u00e2n m\u1eadt b\u00ean ng\u01b0\u1eddi th\u00e2n.<\/p>\n<p>H\u00e3y \u0111\u1ec3n N\u1ed8I TH\u1ea4T VITAGO mang l\u1ea1i s\u1ef1 \u1ea5m c\u00fang, th\u00e2n thi\u1ec7n v\u00e0 v\u00f4 c\u00f9ng ti\u1ec7n nghi cho c\u0103n b\u1ebfp c\u1ee7a b\u1ea1n nh\u00e9!<\/p>\n<\/div>\n\t\t<\/div>\n\t\t\t<\/div>\n\n\t\n<\/div>\n<div class=\"row\"  id=\"row-2029576185\">\n\n\t<div id=\"col-640038176\" class=\"col small-12 large-12\"  >\n\t\t<div class=\"col-inner\"  >\n\t\t\t\n\t\t\t\n<h3>Ch\u00fang t\u00f4i c\u00f3 th\u1ec3 l\u00e0m g\u00ec cho b\u1ea1n?<\/h3>\n<p>Ch\u00fang t\u00f4i v\u1edbi \u0111\u1ed9i ng\u0169 k\u0129 s\u01b0, ki\u1ebfn tr\u00fac s\u01b0 l\u00e0nh ngh\u1ec1 v\u1edbi nhi\u1ec1u n\u0103m kinh nghi\u1ec7m v\u1ec1 l\u0129nh v\u1ef1c t\u01b0 v\u1ea5n v\u00e0\u00a0<a href=\"http:\/\/noithattuanvan.com\/\">thi\u1ebft k\u1ebf n\u1ed9i th\u1ea5t<\/a>\u00a0sang tr\u1ecdng, \u1ea5n t\u01b0\u1ee3ng cho c\u00e1c h\u1ed9 gia \u0111\u00ecnh, c\u00e1c bi\u1ec7t th\u1ef1, chung c\u01b0,\u2026 Nh\u1eb1m mang \u0111\u1ebfn kh\u00f4ng gian s\u1ed1ng l\u00fd t\u01b0\u1edfng, ho\u00e0n h\u1ea3o cho c\u00e1c gia \u0111\u00ecnh tr\u1ebb Vi\u1ec7t Nam. V\u1edbi ph\u01b0\u01a1ng ch\u00e2m v\u00ec kh\u00e1ch h\u00e0ng ph\u1ee5c v\u1ee5, Ch\u00fang t\u00f4i lu\u00f4n l\u1eafng nghe \u00fd ki\u1ebfn ph\u1ea3n h\u1ed5i c\u1ee7a kh\u00e1ch h\u00e0ng v\u1ec1 y\u00eau c\u1ea7u thi\u1ebft k\u1ebf v\u00e0 ch\u1ea5t l\u01b0\u1ee3ng s\u1ea3n ph\u1ea9m.<\/p>\n<p>V\u1edbi ngu\u1ed3n g\u1ed7 t\u1ef1 nhi\u00ean ng\u00e0y c\u00e0ng c\u1ea1n ki\u1ec7t, v\u00e0 \u0111\u1ec3 \u0111\u00e1p \u1ee9ng nhu c\u1ea7u s\u1eed d\u1ee5ng g\u1ed7 trong thi\u1ebft k\u1ebf n\u1ed9i th\u1ea5t, s\u1ea3n xu\u1ea5t n\u1ed9i th\u1ea5t gia d\u1ee5ng trong gia \u0111\u00ecnh, v\u00e1n g\u1ed7 nh\u00e2n t\u1ea1o ra \u0111\u1eddi, v\u1edbi nhi\u1ec1u ch\u1ee7ng lo\u1ea1i phong ph\u00fa, m\u00e0u s\u1eafc \u0111a d\u1ea1ng, ph\u00f9 h\u1ee3p cho nhi\u1ec1u m\u1ee5c \u0111\u00edch s\u1eed d\u1ee5ng kh\u00e1c nhau trong n\u1ed9i th\u1ea5t, \u0111\u1eb7c bi\u1ec7t v\u00e1n g\u1ed7 nh\u00e2n t\u1ea1o c\u00f3 \u0111\u1eb7c t\u00ednh c\u01a1 l\u00fd \u01b0u vi\u1ec7t l\u00e0 kh\u00f4ng cong v\u00eanh, co ng\u00f3t n\u00ean hi\u1ec7n nay g\u1ed7 c\u00f4ng nghi\u1ec7p th\u01b0\u1eddng \u0111\u01b0\u1ee3c \u1ee9ng d\u1ee5ng nhi\u1ec1u trong thi\u1ebft k\u1ebf n\u1ed9i th\u1ea5t hi\u1ec7n \u0111\u1ea1i.<\/p>\n\t\t<\/div>\n\t\t\n<style>\n#col-640038176 > .col-inner {\n  padding: 15px 15px 15px 15px;\n}\n<\/style>\n\t<\/div>\n\n\t\n\n<style>\n#row-2029576185 > .col > .col-inner {\n  background-color: rgb(242, 242, 242);\n}\n<\/style>\n<\/div>\n<div class=\"row\"  id=\"row-1134495776\">\n\n\t<div id=\"col-393693340\" class=\"col medium-4 small-12 large-4\"  >\n\t\t<div class=\"col-inner\"  >\n\t\t\t\n\t\t\t\n<h3>Kh\u00f4ng ng\u1eebng c\u1ea3i ti\u1ebfn c\u00f4ng ngh\u1ec7, n\u00e2ng cao n\u0103ng su\u1ea5t v\u00e0 ch\u1ea5t l\u01b0\u1ee3ng s\u1ea3n ph\u1ea9m.<\/h3>\n<p>\u0110\u1ec3 tr\u1edf th\u00e0nh m\u1ed9t c\u00f4ng ty h\u00e0ng \u0111\u1ea7u v\u1ec1 s\u1ea3n xu\u1ea5t v\u00e0 cung c\u1ea5p c\u00e1c s\u1ea3n ph\u1ea9m g\u1ed7 c\u00f4ng nghi\u1ec7p trong m\u1ed9t th\u1ecb tr\u01b0\u1eddng s\u00f4i \u0111\u1ed9ng v\u00e0 lu\u00f4n lu\u00f4n bi\u1ebfn \u0111\u1ed5i kh\u00f4ng ng\u1eebng, ch\u00fang t\u00f4i lu\u00f4n lu\u00f4n ch\u00fa tr\u1ecdng trong vi\u1ec7c n\u00e2ng cao n\u0103ng su\u1ea5t v\u00e0 ch\u1ea5t l\u01b0\u1ee3ng c\u1ee7a s\u1ea3n ph\u1ea9m c\u0169ng nh\u01b0 ho\u00e0n thi\u1ec7n h\u1ec7 th\u1ed1ng c\u00f4ng ngh\u1ec7 m\u00e1y m\u00f3c thi\u1ebft b\u1ecb s\u1ea3n xu\u1ea5t<\/p>\n\t<div class=\"img has-hover x md-x lg-x y md-y lg-y\" id=\"image_31607298\">\n\t\t\t\t\t\t\t\t<div class=\"img-inner dark\" >\n\t\t\t<img width=\"300\" height=\"195\" src=\"https:\/\/hosting.conasi.vn\/w\/noithat102011\/wp-content\/uploads\/2019\/03\/1-xu-huong-thiet-ke-noi-that-phong-khach-dep-1.jpg\" class=\"attachment-original size-original\" alt=\"\" loading=\"lazy\" \/>\t\t\t\t\t\t\n\t\t\t\t\t<\/div>\n\t\t\t\t\t\t\t\t\n<style>\n#image_31607298 {\n  width: 100%;\n}\n<\/style>\n\t<\/div>\n\t\n\t\t<\/div>\n\t\t\t<\/div>\n\n\t\n\n\t<div id=\"col-628852835\" class=\"col medium-4 small-12 large-4\"  >\n\t\t<div class=\"col-inner\"  >\n\t\t\t\n\t\t\t\n<h3>Lu\u00f4n lu\u00f4n h\u01b0\u1edbng t\u1edbi kh\u00e1ch h\u00e0ng<\/h3>\n<p>Lu\u00f4n mang t\u1edbi kh\u00e1ch h\u00e0ng nh\u1eefng s\u1ea3n ph\u1ea9m v\u00e0 d\u1ecbch v\u1ee5 v\u1edbi ch\u1ea5t l\u01b0\u1ee3ng t\u1ed1t nh\u1ea5t v\u00e0 nhanh nh\u1ea5t . \u0110\u00e1p \u1ee9ng \u0111a d\u1ea1ng c\u00e1c nhu c\u1ea7u c\u1ee7a kh\u00e1ch h\u00e0ng b\u1eb1ng c\u00e1c d\u1ecbch v\u1ee5 gia t\u0103ng. Thi\u1ebft l\u1eadp m\u1ed9t m\u1ed1i quan h\u1ec7 th\u00e2n thi\u1ebft, b\u1ec1n v\u1eefng v\u1edbi kh\u00e1ch h\u00e0ng.<\/p>\n\t<div class=\"img has-hover x md-x lg-x y md-y lg-y\" id=\"image_499020468\">\n\t\t\t\t\t\t\t\t<div class=\"img-inner dark\" >\n\t\t\t<img width=\"300\" height=\"189\" src=\"https:\/\/hosting.conasi.vn\/w\/noithat102011\/wp-content\/uploads\/2019\/03\/ghe-eames-boc-da2-1.png\" class=\"attachment-original size-original\" alt=\"\" loading=\"lazy\" \/>\t\t\t\t\t\t\n\t\t\t\t\t<\/div>\n\t\t\t\t\t\t\t\t\n<style>\n#image_499020468 {\n  width: 100%;\n}\n<\/style>\n\t<\/div>\n\t\n<h3>H\u1ee3p t\u00e1c, chia s\u1ebb, tin c\u1eady<\/h3>\n<p>S\u1ee9c m\u1ea1nh t\u1eadp th\u1ec3 l\u00e0 nh\u00e2n t\u1ed1 t\u1ea1o n\u00ean s\u1ee9c m\u1ea1nh c\u1ee7a N\u1ed9i Th\u1ea5t Vitago. \u0110o\u00e0n k\u1ebft \u0111\u01b0\u1ee3c t\u1ea1o ra t\u1eeb s\u1ef1 k\u1ebft h\u1ee3p, b\u1ed5 sung gi\u1eefa c\u00e1c c\u00e1 nh\u00e2n v\u1edbi n\u0103ng l\u1ef1c v\u00e0 c\u00e1 t\u00ednh ri\u00eang bi\u1ec7t. Thi\u1ebft l\u1eadp m\u00f4i tr\u01b0\u1eddng l\u00e0m vi\u1ec7c tin t\u01b0\u1edfng v\u00e0 t\u00f4n tr\u1ecdng l\u1eabn nhau. T\u1ea1o c\u01a1 h\u1ed9i cho s\u1ef1 ph\u00e1t tri\u1ec3n c\u1ee7a m\u1ecdi th\u00e0nh vi\u00ean N\u1ed9i Th\u1ea5t Vitago.<\/p>\n\t\t<\/div>\n\t\t\t<\/div>\n\n\t\n\n\t<div id=\"col-1227312199\" class=\"col medium-4 small-12 large-4\"  >\n\t\t<div class=\"col-inner\"  >\n\t\t\t\n\t\t\t\n\t<div class=\"img has-hover x md-x lg-x y md-y lg-y\" id=\"image_1192061968\">\n\t\t\t\t\t\t\t\t<div class=\"img-inner image-cover dark\" style=\"padding-top:59%;\">\n\t\t\t<img width=\"400\" height=\"307\" src=\"https:\/\/hosting.conasi.vn\/w\/noithat102011\/wp-content\/uploads\/2019\/03\/Nha\u0300-ha\u0300ng-ha\u0309i-sa\u0309n-Tom.jpg\" class=\"attachment-original size-original\" alt=\"\" loading=\"lazy\" srcset=\"https:\/\/hosting.conasi.vn\/w\/noithat102011\/wp-content\/uploads\/2019\/03\/Nha\u0300-ha\u0300ng-ha\u0309i-sa\u0309n-Tom.jpg 400w, https:\/\/hosting.conasi.vn\/w\/noithat102011\/wp-content\/uploads\/2019\/03\/Nha\u0300-ha\u0300ng-ha\u0309i-sa\u0309n-Tom-300x230.jpg 300w\" sizes=\"(max-width: 400px) 100vw, 400px\" \/>\t\t\t\t\t\t\n\t\t\t\t\t<\/div>\n\t\t\t\t\t\t\t\t\n<style>\n#image_1192061968 {\n  width: 100%;\n}\n<\/style>\n\t<\/div>\n\t\n<h3>H\u1ee3p t\u00e1c, chia s\u1ebb, tin c\u1eady<\/h3>\n<p>S\u1ee9c m\u1ea1nh t\u1eadp th\u1ec3 l\u00e0 nh\u00e2n t\u1ed1 t\u1ea1o n\u00ean s\u1ee9c m\u1ea1nh c\u1ee7a N\u1ed9i Th\u1ea5t Vitago. \u0110o\u00e0n k\u1ebft \u0111\u01b0\u1ee3c t\u1ea1o ra t\u1eeb s\u1ef1 k\u1ebft h\u1ee3p, b\u1ed5 sung gi\u1eefa c\u00e1c c\u00e1 nh\u00e2n v\u1edbi n\u0103ng l\u1ef1c v\u00e0 c\u00e1 t\u00ednh ri\u00eang bi\u1ec7t. Thi\u1ebft l\u1eadp m\u00f4i tr\u01b0\u1eddng l\u00e0m vi\u1ec7c tin t\u01b0\u1edfng v\u00e0 t\u00f4n tr\u1ecdng l\u1eabn nhau. T\u1ea1o c\u01a1 h\u1ed9i cho s\u1ef1 ph\u00e1t tri\u1ec3n c\u1ee7a m\u1ecdi th\u00e0nh vi\u00ean N\u1ed9i Th\u1ea5t Vitago.<\/p>\n\t\t<\/div>\n\t\t\t<\/div>\n\n\t\n<\/div>\n","protected":false},"excerpt":{"rendered":"","protected":false},"author":2,"featured_media":0,"parent":0,"menu_order":0,"comment_status":"closed","ping_status":"closed","template":"page-blank.php","meta":[],"_links":{"self":[{"href":"https:\/\/hosting.conasi.vn\/w\/noithat102011\/wp-json\/wp\/v2\/pages\/57"}],"collection":[{"href":"https:\/\/hosting.conasi.vn\/w\/noithat102011\/wp-json\/wp\/v2\/pages"}],"about":[{"href":"https:\/\/hosting.conasi.vn\/w\/noithat102011\/wp-json\/wp\/v2\/types\/page"}],"author":[{"embeddable":true,"href":"https:\/\/hosting.conasi.vn\/w\/noithat102011\/wp-json\/wp\/v2\/users\/2"}],"replies":[{"embeddable":true,"href":"https:\/\/hosting.conasi.vn\/w\/noithat102011\/wp-json\/wp\/v2\/comments?post=57"}],"version-history":[{"count":35,"href":"https:\/\/hosting.conasi.vn\/w\/noithat102011\/wp-json\/wp\/v2\/pages\/57\/revisions"}],"predecessor-version":[{"id":727,"href":"https:\/\/hosting.conasi.vn\/w\/noithat102011\/wp-json\/wp\/v2\/pages\/57\/revisions\/727"}],"wp:attachment":[{"href":"https:\/\/hosting.conasi.vn\/w\/noithat102011\/wp-json\/wp\/v2\/media?parent=57"}],"curies":[{"name":"wp","href":"https:\/\/api.w.org\/{rel}","templated":true}]}}