{"id":379,"date":"2020-03-04T16:07:35","date_gmt":"2020-03-04T16:07:35","guid":{"rendered":"http:\/\/mitsubishi.w2steam.com\/?page_id=379"},"modified":"2020-03-11T08:04:46","modified_gmt":"2020-03-11T08:04:46","slug":"bang-gia-xe-mitsubishi","status":"publish","type":"page","link":"https:\/\/hosting.conasi.vn\/w\/mitsubishi2011\/bang-gia-xe-mitsubishi\/","title":{"rendered":"B\u1ea3ng gi\u00e1 xe Mitsubishi"},"content":{"rendered":"\n<div class=\"title_page_tg\">\n<div class=\"bg_svg\"><svg xmlns=\"http:\/\/www.w3.org\/2000\/svg\" viewBox=\"0 0 1000 100\" preserveAspectRatio=\"none\"><path class=\"elementor-shape-fill\" opacity=\"0.33\" d=\"M473,67.3c-203.9,88.3-263.1-34-320.3,0C66,119.1,0,59.7,0,59.7V0h1000v59.7 c0,0-62.1,26.1-94.9,29.3c-32.8,3.3-62.8-12.3-75.8-22.1C806,49.6,745.3,8.7,694.9,4.7S492.4,59,473,67.3z\"><\/path><path class=\"elementor-shape-fill\" opacity=\"0.66\" d=\"M734,67.3c-45.5,0-77.2-23.2-129.1-39.1c-28.6-8.7-150.3-10.1-254,39.1 s-91.7-34.4-149.2,0C115.7,118.3,0,39.8,0,39.8V0h1000v36.5c0,0-28.2-18.5-92.1-18.5C810.2,18.1,775.7,67.3,734,67.3z\"><\/path><path class=\"elementor-shape-fill\" d=\"M766.1,28.9c-200-57.5-266,65.5-395.1,19.5C242,1.8,242,5.4,184.8,20.6C128,35.8,132.3,44.9,89.9,52.5C28.6,63.7,0,0,0,0 h1000c0,0-9.9,40.9-83.6,48.1S829.6,47,766.1,28.9z\"><\/path>\n<\/svg>\n<\/div>\n<div class=\"box_title_tg\">\n<h2 class=\"title_tg text-center uppercase\">B\u1ea3ng Gi\u00e1 Xe Mitsubishi 2020 t\u1ea1i Vi\u1ec7t Nam<\/h2>\n<\/div>\n<\/div>\n\t<section class=\"section page_list_pr\" id=\"section_854700900\">\n\t\t<div class=\"bg section-bg fill bg-fill  bg-loaded\" >\n\n\t\t\t\n\t\t\t\n\t\t\t\n\n\t\t<\/div>\n\n\t\t<div class=\"section-content relative\">\n\t\t\t\n\n<div class=\"row list_p\"  id=\"row-766636488\">\n\n\n\t<div id=\"col-472644500\" class=\"col small-12 large-12\"  >\n\t\t<div class=\"col-inner\"  >\n\t\t\t\n\t\t\t\n\n<p>Mitsubishi Vi\u1ec7t Nam ti\u1ebfp t\u1ee5c tri\u1ec3n khai &#8220;<strong>Ch\u01b0\u01a1ng tr\u00ecnh khuy\u1ebfn m\u00e3i trong n\u0103m<\/strong>&#8221; v\u1edbi <span style=\"color:#c0392b\"><strong>nhi\u1ec1u qu\u00e0 t\u1eb7ng h\u1ea5p d\u1eabn (Li\u00ean h\u1ec7 tr\u1ef1c ti\u1ebfp) + Gi\u1ea3m gi\u00e1 \u0111\u1eb7c bi\u1ec7t<\/strong><\/span> khi mua xe. Th\u00f4ng tin khuy\u1ebfn m\u00e3i chi ti\u1ebft t\u1eebng d\u00f2ng xe nh\u01b0 sau:<\/p>\n\n\t\t<\/div>\n\t\t\t<\/div>\n\n\t\n\n\t<div id=\"col-477810896\" class=\"col small-12 large-12\"  >\n\t\t<div class=\"col-inner\"  >\n\t\t\t\n\t\t\t\n\n<h3 class=\"mt-0\"><a class=\"product-name\" href=\"\/mitsubishi-x-pander\/\">Gi\u00e1 xe Mitsubishi Xpander 2020<\/a><\/h3>\n<div class=\"row\"  id=\"row-898786473\">\n\n\n\t<div id=\"col-760367212\" class=\"col medium-4 small-12 large-4\"  >\n\t\t<div class=\"col-inner\"  >\n\t\t\t\n\t\t\t\n\n\t<div class=\"img has-hover x md-x lg-x y md-y lg-y\" id=\"image_238140489\">\n\t\t<a class=\"\" href=\"\/mitsubishi-x-pander\/\"  >\t\t\t\t\t\t<div class=\"img-inner dark\" >\n\t\t\t<img width=\"800\" height=\"468\" src=\"https:\/\/hosting.conasi.vn\/w\/mitsubishi2011\/wp-content\/uploads\/2020\/03\/mitsubishi-xpander-at-mautrang.png\" class=\"attachment-large size-large\" alt=\"\" loading=\"lazy\" srcset=\"https:\/\/hosting.conasi.vn\/w\/mitsubishi2011\/wp-content\/uploads\/2020\/03\/mitsubishi-xpander-at-mautrang.png 800w, https:\/\/hosting.conasi.vn\/w\/mitsubishi2011\/wp-content\/uploads\/2020\/03\/mitsubishi-xpander-at-mautrang-510x298.png 510w, https:\/\/hosting.conasi.vn\/w\/mitsubishi2011\/wp-content\/uploads\/2020\/03\/mitsubishi-xpander-at-mautrang-684x400.png 684w, https:\/\/hosting.conasi.vn\/w\/mitsubishi2011\/wp-content\/uploads\/2020\/03\/mitsubishi-xpander-at-mautrang-768x449.png 768w\" sizes=\"(max-width: 800px) 100vw, 800px\" \/>\t\t\t\t\t\t\n\t\t\t\t\t<\/div>\n\t\t\t\t\t\t<\/a>\t\t\n<style>\n#image_238140489 {\n  width: 100%;\n}\n<\/style>\n\t<\/div>\n\t\n\n\n\t\t<\/div>\n\t\t\t<\/div>\n\n\t\n\n\t<div id=\"col-1668813588\" class=\"col medium-8 small-12 large-8\"  >\n\t\t<div class=\"col-inner\"  >\n\t\t\t\n\t\t\t\n\n<div class=\"product-version-list\">\n<div class=\"product-version\">\n<h3>Mitsubishi Xpander MT (M\u00e1y x\u0103ng)<\/h3>\n<div><span class=\"price\"> 550 tri\u1ec7u<\/span><\/div>\n<\/div>\n<div class=\"product-version\">\n<h3>Mitsubishi Xpander AT (M\u00e1y x\u0103ng)<\/h3>\n<div><span class=\"price\"> 620 tri\u1ec7u<\/span> <\/div>\n<\/div>\n<\/div>\n<a href=\"#popup_form\" target=\"_self\" class=\"button primary lowercase btn_dkbg\"  >\n    <span>\u0110\u0103ng k\u00fd nh\u1eadn b\u00e1o gi\u00e1<\/span>\n  <\/a>\n\n\n<a href=\"\/mitsubishi-x-pander\/\" target=\"_self\" class=\"button primary lowercase btn_ttct\"  >\n    <span>Xem th\u00f4ng tin chi ti\u1ebft<\/span>\n  <i class=\"icon-angle-right\" ><\/i><\/a>\n\n\n\n\t\t<\/div>\n\t\t\t<\/div>\n\n\t\n\n<\/div>\n\n\t\t<\/div>\n\t\t\t<\/div>\n\n\t\n\n\t<div id=\"col-339959915\" class=\"col small-12 large-12\"  >\n\t\t<div class=\"col-inner\"  >\n\t\t\t\n\t\t\t\n\n<h3 class=\"mt-0\"><a class=\"product-name\" href=\"\/mitsubishi-pajero-sport\/\">Gi\u00e1 xe Mitsubishi Pajero Sport 2020<\/a><\/h3>\n<div class=\"row\"  id=\"row-310842168\">\n\n\n\t<div id=\"col-1587722740\" class=\"col medium-4 small-12 large-4\"  >\n\t\t<div class=\"col-inner\"  >\n\t\t\t\n\t\t\t\n\n\t<div class=\"img has-hover x md-x lg-x y md-y lg-y\" id=\"image_1107357983\">\n\t\t<a class=\"\" href=\"\/mitsubishi-pajero-sport\/\"  >\t\t\t\t\t\t<div class=\"img-inner dark\" >\n\t\t\t<img width=\"800\" height=\"468\" src=\"https:\/\/hosting.conasi.vn\/w\/mitsubishi2011\/wp-content\/uploads\/2020\/03\/mitsubishi-pajero-sport-all-new-gasoline-4x2-at-den.png\" class=\"attachment-large size-large\" alt=\"\" loading=\"lazy\" srcset=\"https:\/\/hosting.conasi.vn\/w\/mitsubishi2011\/wp-content\/uploads\/2020\/03\/mitsubishi-pajero-sport-all-new-gasoline-4x2-at-den.png 800w, https:\/\/hosting.conasi.vn\/w\/mitsubishi2011\/wp-content\/uploads\/2020\/03\/mitsubishi-pajero-sport-all-new-gasoline-4x2-at-den-510x298.png 510w, https:\/\/hosting.conasi.vn\/w\/mitsubishi2011\/wp-content\/uploads\/2020\/03\/mitsubishi-pajero-sport-all-new-gasoline-4x2-at-den-684x400.png 684w, https:\/\/hosting.conasi.vn\/w\/mitsubishi2011\/wp-content\/uploads\/2020\/03\/mitsubishi-pajero-sport-all-new-gasoline-4x2-at-den-768x449.png 768w\" sizes=\"(max-width: 800px) 100vw, 800px\" \/>\t\t\t\t\t\t\n\t\t\t\t\t<\/div>\n\t\t\t\t\t\t<\/a>\t\t\n<style>\n#image_1107357983 {\n  width: 100%;\n}\n<\/style>\n\t<\/div>\n\t\n\n\n\t\t<\/div>\n\t\t\t<\/div>\n\n\t\n\n\t<div id=\"col-2125953245\" class=\"col medium-8 small-12 large-8\"  >\n\t\t<div class=\"col-inner\"  >\n\t\t\t\n\t\t\t\n\n<div class=\"product-version-list\">\n<div class=\"product-version\">\n<h3>\nMitsubishi Pajero Sport Diesel 4&#215;2 AT (M\u00e1y d\u1ea7u)<\/h3>\n<div><span class=\"price\">1,062 tri\u1ec7u<\/span><\/div>\n<\/div>\n<div class=\"product-version\">\n<h3>Mitsubishi Pajero Sport Gasoline 4&#215;2 AT (M\u00e1y x\u0103ng)<\/h3>\n<div><span class=\"price\">1,092 tri\u1ec7u<\/span> <\/div>\n<\/div>\n<div class=\"product-version\">\n<h3>Mitsubishi Pajero Sport Gasoline 4&#215;4 AT (M\u00e1y x\u0103ng)<\/h3>\n<div><span class=\"price\">1,182 tri\u1ec7u<br \/>\n<\/span> <\/div>\n<\/div>\n<div class=\"product-version\">\n<h3>Mitsubishi Pajero Sport Gasoline 4&#215;2 AT Premium (M\u00e1y x\u0103ng)<\/h3>\n<div><span class=\"price\">1,160 tri\u1ec7u<br \/>\n<\/span> <\/div>\n<\/div>\n<div class=\"product-version\">\n<h3>Mitsubishi Pajero Sport Gasoline 4&#215;4 AT Premium (M\u00e1y x\u0103ng)<\/h3>\n<div><span class=\"price\">1,250 tri\u1ec7u<br \/>\n<\/span> <\/div>\n<\/div>\n<\/div>\n<a href=\"#popup_form\" target=\"_self\" class=\"button primary lowercase btn_dkbg\"  >\n    <span>\u0110\u0103ng k\u00fd nh\u1eadn b\u00e1o gi\u00e1<\/span>\n  <\/a>\n\n\n<a href=\"\/mitsubishi-pajero-sport\/\" target=\"_self\" class=\"button primary lowercase btn_ttct\"  >\n    <span>Xem th\u00f4ng tin chi ti\u1ebft<\/span>\n  <i class=\"icon-angle-right\" ><\/i><\/a>\n\n\n\n\t\t<\/div>\n\t\t\t<\/div>\n\n\t\n\n<\/div>\n\n\t\t<\/div>\n\t\t\t<\/div>\n\n\t\n\n\t<div id=\"col-1847736222\" class=\"col small-12 large-12\"  >\n\t\t<div class=\"col-inner\"  >\n\t\t\t\n\t\t\t\n\n<h3 class=\"mt-0\"><a class=\"product-name\" href=\"\/mitsubishi-outlander\/\">Gi\u00e1 xe Mitsubishi Outlander 2020<\/a><\/h3>\n<div class=\"row\"  id=\"row-860199182\">\n\n\n\t<div id=\"col-1140209749\" class=\"col medium-4 small-12 large-4\"  >\n\t\t<div class=\"col-inner\"  >\n\t\t\t\n\t\t\t\n\n\t<div class=\"img has-hover x md-x lg-x y md-y lg-y\" id=\"image_572466987\">\n\t\t<a class=\"\" href=\"\/mitsubishi-outlander\/\"  >\t\t\t\t\t\t<div class=\"img-inner dark\" >\n\t\t\t<img width=\"800\" height=\"468\" src=\"https:\/\/hosting.conasi.vn\/w\/mitsubishi2011\/wp-content\/uploads\/2020\/03\/mitsubishi-outlander-2-4-cvt-premium-do.png\" class=\"attachment-large size-large\" alt=\"\" loading=\"lazy\" srcset=\"https:\/\/hosting.conasi.vn\/w\/mitsubishi2011\/wp-content\/uploads\/2020\/03\/mitsubishi-outlander-2-4-cvt-premium-do.png 800w, https:\/\/hosting.conasi.vn\/w\/mitsubishi2011\/wp-content\/uploads\/2020\/03\/mitsubishi-outlander-2-4-cvt-premium-do-510x298.png 510w, https:\/\/hosting.conasi.vn\/w\/mitsubishi2011\/wp-content\/uploads\/2020\/03\/mitsubishi-outlander-2-4-cvt-premium-do-684x400.png 684w, https:\/\/hosting.conasi.vn\/w\/mitsubishi2011\/wp-content\/uploads\/2020\/03\/mitsubishi-outlander-2-4-cvt-premium-do-768x449.png 768w\" sizes=\"(max-width: 800px) 100vw, 800px\" \/>\t\t\t\t\t\t\n\t\t\t\t\t<\/div>\n\t\t\t\t\t\t<\/a>\t\t\n<style>\n#image_572466987 {\n  width: 100%;\n}\n<\/style>\n\t<\/div>\n\t\n\n\n\t\t<\/div>\n\t\t\t<\/div>\n\n\t\n\n\t<div id=\"col-58914191\" class=\"col medium-8 small-12 large-8\"  >\n\t\t<div class=\"col-inner\"  >\n\t\t\t\n\t\t\t\n\n<div class=\"product-version-list\">\n<div class=\"product-version\">\n<h3>Mitsubishi Outlander 2.0 CVT (M\u00e1y x\u0103ng)<\/h3>\n<div><span class=\"price\">807.5 tri\u1ec7u<\/span><\/div>\n<\/div>\n<div class=\"product-version\">\n<h3>Mitsubishi Outlander 2.0 CVT Premium (M\u00e1y x\u0103ng)<\/h3>\n<div><span class=\"price\">908.5 tri\u1ec7u<br \/>\n<\/span> <\/div>\n<\/div>\n<div class=\"product-version\">\n<h3>Mitsubishi Outlander 2.4 CVT Premium (M\u00e1y x\u0103ng)<\/h3>\n<div><span class=\"price\">1,048.5 tri\u1ec7u<\/span> <\/div>\n<\/div>\n<\/div>\n<a href=\"#popup_form\" target=\"_self\" class=\"button primary lowercase btn_dkbg\"  >\n    <span>\u0110\u0103ng k\u00fd nh\u1eadn b\u00e1o gi\u00e1<\/span>\n  <\/a>\n\n\n<a href=\"\/mitsubishi-outlander\/\" target=\"_self\" class=\"button primary lowercase btn_ttct\"  >\n    <span>Xem th\u00f4ng tin chi ti\u1ebft<\/span>\n  <i class=\"icon-angle-right\" ><\/i><\/a>\n\n\n\n\t\t<\/div>\n\t\t\t<\/div>\n\n\t\n\n<\/div>\n\n\t\t<\/div>\n\t\t\t<\/div>\n\n\t\n\n\t<div id=\"col-306090217\" class=\"col small-12 large-12\"  >\n\t\t<div class=\"col-inner\"  >\n\t\t\t\n\t\t\t\n\n<h3 class=\"mt-0\"><a class=\"product-name\" href=\"\/mitsubishi-attrage\/\">Gi\u00e1 xe Mitsubishi Attrage 2020<\/a><\/h3>\n<div class=\"row\"  id=\"row-1203128370\">\n\n\n\t<div id=\"col-317622692\" class=\"col medium-4 small-12 large-4\"  >\n\t\t<div class=\"col-inner\"  >\n\t\t\t\n\t\t\t\n\n\t<div class=\"img has-hover x md-x lg-x y md-y lg-y\" id=\"image_1961401292\">\n\t\t<a class=\"\" href=\"\/mitsubishi-attrage\/\"  >\t\t\t\t\t\t<div class=\"img-inner dark\" >\n\t\t\t<img width=\"800\" height=\"468\" src=\"https:\/\/hosting.conasi.vn\/w\/mitsubishi2011\/wp-content\/uploads\/2020\/03\/mitsubishi-attrage-mt-eco-trang.png\" class=\"attachment-large size-large\" alt=\"\" loading=\"lazy\" srcset=\"https:\/\/hosting.conasi.vn\/w\/mitsubishi2011\/wp-content\/uploads\/2020\/03\/mitsubishi-attrage-mt-eco-trang.png 800w, https:\/\/hosting.conasi.vn\/w\/mitsubishi2011\/wp-content\/uploads\/2020\/03\/mitsubishi-attrage-mt-eco-trang-510x298.png 510w, https:\/\/hosting.conasi.vn\/w\/mitsubishi2011\/wp-content\/uploads\/2020\/03\/mitsubishi-attrage-mt-eco-trang-684x400.png 684w, https:\/\/hosting.conasi.vn\/w\/mitsubishi2011\/wp-content\/uploads\/2020\/03\/mitsubishi-attrage-mt-eco-trang-768x449.png 768w\" sizes=\"(max-width: 800px) 100vw, 800px\" \/>\t\t\t\t\t\t\n\t\t\t\t\t<\/div>\n\t\t\t\t\t\t<\/a>\t\t\n<style>\n#image_1961401292 {\n  width: 100%;\n}\n<\/style>\n\t<\/div>\n\t\n\n\n\t\t<\/div>\n\t\t\t<\/div>\n\n\t\n\n\t<div id=\"col-1584444\" class=\"col medium-8 small-12 large-8\"  >\n\t\t<div class=\"col-inner\"  >\n\t\t\t\n\t\t\t\n\n<div class=\"product-version-list\">\n<div class=\"product-version\">\n<h3>\nMitsubishi Attrage MT Eco (M\u00e1y x\u0103ng)<\/h3>\n<div><span class=\"price\">375.5 tri\u1ec7u<\/span><\/div>\n<\/div>\n<div class=\"product-version\">\n<h3>Mitsubishi Attrage MT (M\u00e1y x\u0103ng)<\/h3>\n<div><span class=\"price\">405.5 tri\u1ec7u<\/span> <\/div>\n<\/div>\n<div class=\"product-version\">\n<h3>Mitsubishi Attrage CVT Eco (M\u00e1y x\u0103ng)<\/h3>\n<div><span class=\"price\">425.5 tri\u1ec7u<\/span> <\/div>\n<\/div>\n<div class=\"product-version\">\n<h3>Mitsubishi Attrage CVT (M\u00e1y x\u0103ng)<\/h3>\n<div><span class=\"price\">475.5 tri\u1ec7u<\/span> <\/div>\n<\/div>\n<\/div>\n<a href=\"#popup_form\" target=\"_self\" class=\"button primary lowercase btn_dkbg\"  >\n    <span>\u0110\u0103ng k\u00fd nh\u1eadn b\u00e1o gi\u00e1<\/span>\n  <\/a>\n\n\n<a href=\"\/mitsubishi-attrage\/\" target=\"_self\" class=\"button primary lowercase btn_ttct\"  >\n    <span>Xem th\u00f4ng tin chi ti\u1ebft<\/span>\n  <i class=\"icon-angle-right\" ><\/i><\/a>\n\n\n\n\t\t<\/div>\n\t\t\t<\/div>\n\n\t\n\n<\/div>\n\n\t\t<\/div>\n\t\t\t<\/div>\n\n\t\n\n\t<div id=\"col-926988917\" class=\"col small-12 large-12\"  >\n\t\t<div class=\"col-inner\"  >\n\t\t\t\n\t\t\t\n\n<h3 class=\"mt-0\"><a class=\"product-name\" href=\"\/mitsubishi-mirage\/\">Gi\u00e1 xe Mitsubishi Mirage 2020<\/a><\/h3>\n<div class=\"row\"  id=\"row-1259072190\">\n\n\n\t<div id=\"col-1511149641\" class=\"col medium-4 small-12 large-4\"  >\n\t\t<div class=\"col-inner\"  >\n\t\t\t\n\t\t\t\n\n\t<div class=\"img has-hover x md-x lg-x y md-y lg-y\" id=\"image_186092498\">\n\t\t<a class=\"\" href=\"\/mitsubishi-mirage\/\"  >\t\t\t\t\t\t<div class=\"img-inner dark\" >\n\t\t\t<img width=\"800\" height=\"468\" src=\"https:\/\/hosting.conasi.vn\/w\/mitsubishi2011\/wp-content\/uploads\/2020\/03\/mitsubishi-mirage-cvt-eco-cam.png\" class=\"attachment-large size-large\" alt=\"\" loading=\"lazy\" srcset=\"https:\/\/hosting.conasi.vn\/w\/mitsubishi2011\/wp-content\/uploads\/2020\/03\/mitsubishi-mirage-cvt-eco-cam.png 800w, https:\/\/hosting.conasi.vn\/w\/mitsubishi2011\/wp-content\/uploads\/2020\/03\/mitsubishi-mirage-cvt-eco-cam-510x298.png 510w, https:\/\/hosting.conasi.vn\/w\/mitsubishi2011\/wp-content\/uploads\/2020\/03\/mitsubishi-mirage-cvt-eco-cam-684x400.png 684w, https:\/\/hosting.conasi.vn\/w\/mitsubishi2011\/wp-content\/uploads\/2020\/03\/mitsubishi-mirage-cvt-eco-cam-768x449.png 768w\" sizes=\"(max-width: 800px) 100vw, 800px\" \/>\t\t\t\t\t\t\n\t\t\t\t\t<\/div>\n\t\t\t\t\t\t<\/a>\t\t\n<style>\n#image_186092498 {\n  width: 100%;\n}\n<\/style>\n\t<\/div>\n\t\n\n\n\t\t<\/div>\n\t\t\t<\/div>\n\n\t\n\n\t<div id=\"col-373808767\" class=\"col medium-8 small-12 large-8\"  >\n\t\t<div class=\"col-inner\"  >\n\t\t\t\n\t\t\t\n\n<div class=\"product-version-list\">\n<div class=\"product-version\">\n<h3>Mitsubishi Mirage MT (M\u00e1y x\u0103ng)<\/h3>\n<div><span class=\"price\">350.5 tri\u1ec7u<\/span><\/div>\n<\/div>\n<div class=\"product-version\">\n<h3>Mitsubishi Mirage CVT Eco (M\u00e1y x\u0103ng)<\/h3>\n<div><span class=\"price\">395.5 tri\u1ec7u<\/span> <\/div>\n<\/div>\n<div class=\"product-version\">\n<h3>Mitsubishi Mirage CVT (M\u00e1y x\u0103ng)<\/h3>\n<div><span class=\"price\">450.5 tri\u1ec7u<\/span> <\/div>\n<\/div>\n<\/div>\n<a href=\"#popup_form\" target=\"_self\" class=\"button primary lowercase btn_dkbg\"  >\n    <span>\u0110\u0103ng k\u00fd nh\u1eadn b\u00e1o gi\u00e1<\/span>\n  <\/a>\n\n\n<a href=\"\/mitsubishi-mirage\/\" target=\"_self\" class=\"button primary lowercase btn_ttct\"  >\n    <span>Xem th\u00f4ng tin chi ti\u1ebft<\/span>\n  <i class=\"icon-angle-right\" ><\/i><\/a>\n\n\n\n\t\t<\/div>\n\t\t\t<\/div>\n\n\t\n\n<\/div>\n\n\t\t<\/div>\n\t\t\t<\/div>\n\n\t\n\n\t<div id=\"col-1867576702\" class=\"col small-12 large-12\"  >\n\t\t<div class=\"col-inner\"  >\n\t\t\t\n\t\t\t\n\n<h3 class=\"mt-0\"><a class=\"product-name\" href=\"\/mitsubishi-triton\/\">Gi\u00e1 xe Mitsubishi Triton 2020<\/a><\/h3>\n<div class=\"row\"  id=\"row-1468433413\">\n\n\n\t<div id=\"col-1355359787\" class=\"col medium-4 small-12 large-4\"  >\n\t\t<div class=\"col-inner\"  >\n\t\t\t\n\t\t\t\n\n\t<div class=\"img has-hover x md-x lg-x y md-y lg-y\" id=\"image_793974752\">\n\t\t<a class=\"\" href=\"\/mitsubishi-triton\/\"  >\t\t\t\t\t\t<div class=\"img-inner dark\" >\n\t\t\t<img width=\"800\" height=\"468\" src=\"https:\/\/hosting.conasi.vn\/w\/mitsubishi2011\/wp-content\/uploads\/2020\/03\/mitsubishi-triton-4x4-at-mivec-2020-den.png\" class=\"attachment-large size-large\" alt=\"\" loading=\"lazy\" srcset=\"https:\/\/hosting.conasi.vn\/w\/mitsubishi2011\/wp-content\/uploads\/2020\/03\/mitsubishi-triton-4x4-at-mivec-2020-den.png 800w, https:\/\/hosting.conasi.vn\/w\/mitsubishi2011\/wp-content\/uploads\/2020\/03\/mitsubishi-triton-4x4-at-mivec-2020-den-510x298.png 510w, https:\/\/hosting.conasi.vn\/w\/mitsubishi2011\/wp-content\/uploads\/2020\/03\/mitsubishi-triton-4x4-at-mivec-2020-den-684x400.png 684w, https:\/\/hosting.conasi.vn\/w\/mitsubishi2011\/wp-content\/uploads\/2020\/03\/mitsubishi-triton-4x4-at-mivec-2020-den-768x449.png 768w\" sizes=\"(max-width: 800px) 100vw, 800px\" \/>\t\t\t\t\t\t\n\t\t\t\t\t<\/div>\n\t\t\t\t\t\t<\/a>\t\t\n<style>\n#image_793974752 {\n  width: 100%;\n}\n<\/style>\n\t<\/div>\n\t\n\n\n\t\t<\/div>\n\t\t\t<\/div>\n\n\t\n\n\t<div id=\"col-1701418437\" class=\"col medium-8 small-12 large-8\"  >\n\t\t<div class=\"col-inner\"  >\n\t\t\t\n\t\t\t\n\n<div class=\"product-version-list\">\n<div class=\"product-version\">\n<h3>Mitsubishi Triton 4&#215;2 MT (M\u00e1y d\u1ea7u)<\/h3>\n<div><span class=\"price\">555.5 tri\u1ec7u<\/span><\/div>\n<\/div>\n<div class=\"product-version\">\n<h3>Mitsubishi Triton 4&#215;2 AT (M\u00e1y d\u1ea7u)<\/h3>\n<div><span class=\"price\">586.5 tri\u1ec7u<\/span> <\/div>\n<\/div>\n<div class=\"product-version\">\n<h3>Mitsubishi Triton 4&#215;4 MT (M\u00e1y d\u1ea7u)<\/h3>\n<div><span class=\"price\">646.5 tri\u1ec7u<\/span> <\/div>\n<\/div>\n<div class=\"product-version\">\n<h3>Mitsubishi Triton 4&#215;2 AT Mivec (M\u00e1y d\u1ea7u)<\/h3>\n<div><span class=\"price\">730.5 tri\u1ec7u<\/span> <\/div>\n<\/div>\n<div class=\"product-version\">\n<h3>Mitsubishi Triton 4&#215;4 AT Mivec (M\u00e1y d\u1ea7u)<\/h3>\n<div><span class=\"price\">818.5 tri\u1ec7u<\/span> <\/div>\n<\/div>\n<\/div>\n<a href=\"#popup_form\" target=\"_self\" class=\"button primary lowercase btn_dkbg\"  >\n    <span>\u0110\u0103ng k\u00fd nh\u1eadn b\u00e1o gi\u00e1<\/span>\n  <\/a>\n\n\n<a href=\"\/mitsubishi-triton\/\" target=\"_self\" class=\"button primary lowercase btn_ttct\"  >\n    <span>Xem th\u00f4ng tin chi ti\u1ebft<\/span>\n  <i class=\"icon-angle-right\" ><\/i><\/a>\n\n\n\n\t\t<\/div>\n\t\t\t<\/div>\n\n\t\n\n<\/div>\n\n\t\t<\/div>\n\t\t\t<\/div>\n\n\t\n\n<\/div>\n\n\t\t<\/div>\n\n\t\t\n<style>\n#section_854700900 {\n  padding-top: 30px;\n  padding-bottom: 30px;\n}\n<\/style>\n\t<\/section>\n\t\n\n","protected":false},"excerpt":{"rendered":"<p>B\u1ea3ng Gi\u00e1 Xe Mitsubishi 2020 t\u1ea1i Vi\u1ec7t Nam<\/p>\n","protected":false},"author":1,"featured_media":0,"parent":0,"menu_order":0,"comment_status":"closed","ping_status":"closed","template":"page-blank.php","meta":[],"_links":{"self":[{"href":"https:\/\/hosting.conasi.vn\/w\/mitsubishi2011\/wp-json\/wp\/v2\/pages\/379"}],"collection":[{"href":"https:\/\/hosting.conasi.vn\/w\/mitsubishi2011\/wp-json\/wp\/v2\/pages"}],"about":[{"href":"https:\/\/hosting.conasi.vn\/w\/mitsubishi2011\/wp-json\/wp\/v2\/types\/page"}],"author":[{"embeddable":true,"href":"https:\/\/hosting.conasi.vn\/w\/mitsubishi2011\/wp-json\/wp\/v2\/users\/1"}],"replies":[{"embeddable":true,"href":"https:\/\/hosting.conasi.vn\/w\/mitsubishi2011\/wp-json\/wp\/v2\/comments?post=379"}],"version-history":[{"count":16,"href":"https:\/\/hosting.conasi.vn\/w\/mitsubishi2011\/wp-json\/wp\/v2\/pages\/379\/revisions"}],"predecessor-version":[{"id":936,"href":"https:\/\/hosting.conasi.vn\/w\/mitsubishi2011\/wp-json\/wp\/v2\/pages\/379\/revisions\/936"}],"wp:attachment":[{"href":"https:\/\/hosting.conasi.vn\/w\/mitsubishi2011\/wp-json\/wp\/v2\/media?parent=379"}],"curies":[{"name":"wp","href":"https:\/\/api.w.org\/{rel}","templated":true}]}}