{"id":286,"date":"2019-05-13T02:17:33","date_gmt":"2019-05-13T02:17:33","guid":{"rendered":"https:\/\/ford1.khowebseotop.vn\/?page_id=286"},"modified":"2020-05-09T23:52:34","modified_gmt":"2020-05-09T16:52:34","slug":"lien-he","status":"publish","type":"page","link":"https:\/\/hosting.conasi.vn\/w\/mitsubishi2011\/lien-he\/","title":{"rendered":"Li\u00ean h\u1ec7"},"content":{"rendered":"\n\t<section class=\"section ss_contact\" id=\"section_627590793\">\n\t\t<div class=\"bg section-bg fill bg-fill  bg-loaded\" >\n\n\t\t\t\n\t\t\t\n\t\t\t\n\n\t\t<\/div>\n\n\t\t<div class=\"section-content relative\">\n\t\t\t\n\n<div class=\"container section-title-container\" ><h1 class=\"section-title section-title-center\"><b><\/b><span class=\"section-title-main\" style=\"color:rgb(229, 20, 20);\">LI\u00caN H\u1ec6<\/span><b><\/b><\/h1><\/div>\n\n<div class=\"row\"  id=\"row-1304284616\">\n\n\n\t<div id=\"col-1913113325\" class=\"col div-contact medium-5 small-12 large-5\"  >\n\t\t<div class=\"col-inner\"  >\n\t\t\t\n\t\t\t\n\n<h4 class=\"title-footer-block\">MITSUBISHI SAI GON<\/h4>\n<ul>\n<li><span class=\"icon\"><em class=\"fa fa-phone\">&nbsp; <\/em> <\/span>\n<p>0999000000<\/p>\n<\/li>\n<li><span class=\"icon\"><em class=\"fa fa-envelope\">&nbsp; <\/em> <\/span>\n<p>email@gmail.com<\/p>\n<\/li>\n<li><span class=\"icon\"><em class=\"fa fa-home\">&nbsp; <\/em> <\/span>\n<p>Ph\u1ea1m V\u0103n B\u1ea1ch, P. 15, Q. T\u00e2n B\u00ecnh, TP. HCM<\/p>\n<\/li>\n<li><span class=\"icon\"><em class=\"fa fa-at\">&nbsp; <\/em> <\/span>\n<p>www.tenweb.vn<\/p>\n<\/li>\n<\/ul>\n\n\t\t<\/div>\n\t\t\t<\/div>\n\n\t\n\n\t<div id=\"col-1399271261\" class=\"col medium-7 small-12 large-7\"  >\n\t\t<div class=\"col-inner\"  >\n\t\t\t\n\t\t\t\n\n<div role=\"form\" class=\"wpcf7\" id=\"wpcf7-f170-o1\" lang=\"vi\" dir=\"ltr\">\n<div class=\"screen-reader-response\"><p role=\"status\" aria-live=\"polite\" aria-atomic=\"true\"><\/p> <ul><\/ul><\/div>\n<form action=\"\/w\/mitsubishi2011\/wp-json\/wp\/v2\/pages\/286#wpcf7-f170-o1\" method=\"post\" class=\"wpcf7-form init\" novalidate=\"novalidate\" data-status=\"init\">\n<div style=\"display: none;\">\n<input type=\"hidden\" name=\"_wpcf7\" value=\"170\" \/>\n<input type=\"hidden\" name=\"_wpcf7_version\" value=\"5.3\" \/>\n<input type=\"hidden\" name=\"_wpcf7_locale\" value=\"vi\" \/>\n<input type=\"hidden\" name=\"_wpcf7_unit_tag\" value=\"wpcf7-f170-o1\" \/>\n<input type=\"hidden\" name=\"_wpcf7_container_post\" value=\"0\" \/>\n<input type=\"hidden\" name=\"_wpcf7_posted_data_hash\" value=\"\" \/>\n<\/div>\n<div class=\"form-yeu-cau\">\n<div class=\"form-tieu-de\">\n<h3>Y\u00caU C\u1ea6U B\u00c1O GI\u00c1<\/h3>\n<p>\u0110\u1ec3 nh\u1eadn \u0111\u01b0\u1ee3c \"B\u00c1O GI\u00c1 \u0110\u1eb6C BI\u1ec6T\" v\u00e0 c\u00e1c \"CH\u01af\u01a0NG TR\u00ccNH \u01afU \u0110\u00c3I\", Qu\u00fd kh\u00e1ch vui l\u00f2ng \u0111i\u1ec1n form b\u00e1o gi\u00e1 d\u01b0\u1edbi \u0111\u00e2y:<\/p>\n<\/div>\n<p><label>Ch\u1ecdn lo\u1ea1i xe<\/label><br \/>\n   <span class=\"wpcf7-form-control-wrap loai-xe\"><select name=\"loai-xe\" class=\"wpcf7-form-control wpcf7-select\" aria-invalid=\"false\"><option value=\"----- Ch\u1ecdn lo\u1ea1i xe -----\">----- Ch\u1ecdn lo\u1ea1i xe -----<\/option><option value=\"Mitsubishi Triton\">Mitsubishi Triton<\/option><option value=\"Mitsubishi Mirage\">Mitsubishi Mirage<\/option><option value=\"Mitsubishi Attrage\">Mitsubishi Attrage<\/option><option value=\"Mitsubishi Pajero Sport\">Mitsubishi Pajero Sport<\/option><option value=\"Mitsubishi Outlander\">Mitsubishi Outlander<\/option><option value=\"Mitsubishi X-Pander\">Mitsubishi X-Pander<\/option><\/select><\/span><br \/>\n<label>H\u00ecnh th\u1ee9c thanh to\u00e1n:<\/label> <span class=\"wpcf7-form-control-wrap thanh-toan\"><span class=\"wpcf7-form-control wpcf7-radio\"><span class=\"wpcf7-list-item first\"><input type=\"radio\" name=\"thanh-toan\" value=\"Tr\u1ea3 g\u00f3p\" checked=\"checked\" \/><span class=\"wpcf7-list-item-label\">Tr\u1ea3 g\u00f3p<\/span><\/span><span class=\"wpcf7-list-item last\"><input type=\"radio\" name=\"thanh-toan\" value=\"Tr\u1ea3 h\u1ebft\" \/><span class=\"wpcf7-list-item-label\">Tr\u1ea3 h\u1ebft<\/span><\/span><\/span><\/span><br \/>\n<label>H\u1ecd t\u00ean *<br \/>\n    <span class=\"wpcf7-form-control-wrap your-name\"><input type=\"text\" name=\"your-name\" value=\"\" size=\"40\" class=\"wpcf7-form-control wpcf7-text wpcf7-validates-as-required\" aria-required=\"true\" aria-invalid=\"false\" \/><\/span> <\/label><br \/>\n<label>\u0110i\u1ec7n tho\u1ea1i *<br \/>\n    <span class=\"wpcf7-form-control-wrap your-phone\"><input type=\"tel\" name=\"your-phone\" value=\"\" size=\"40\" class=\"wpcf7-form-control wpcf7-text wpcf7-tel wpcf7-validates-as-required wpcf7-validates-as-tel\" aria-required=\"true\" aria-invalid=\"false\" \/><\/span> <\/label><br \/>\n<label>\u0110\u1ecba ch\u1ec9<br \/>\n    <span class=\"wpcf7-form-control-wrap your-address\"><input type=\"text\" name=\"your-address\" value=\"\" size=\"40\" class=\"wpcf7-form-control wpcf7-text\" aria-invalid=\"false\" \/><\/span> <\/label><br \/>\n<input type=\"submit\" value=\"G\u1eedi y\u00eau c\u1ea7u ngay\" class=\"wpcf7-form-control wpcf7-submit\" \/>\n<\/div>\n<div class=\"wpcf7-response-output\" aria-hidden=\"true\"><\/div><\/form><\/div>\n\n\n\t\t<\/div>\n\t\t\t<\/div>\n\n\t\n\n<\/div>\n\n\t\t<\/div>\n\n\t\t\n<style>\n#section_627590793 {\n  padding-top: 30px;\n  padding-bottom: 30px;\n}\n<\/style>\n\t<\/section>\n\t\n<p><iframe style=\"border: 0;\" src=\"https:\/\/www.google.com\/maps\/embed?pb=!1m18!1m12!1m3!1d3918.8951647747363!2d106.63615131462117!3d10.819334261359117!2m3!1f0!2f0!3f0!3m2!1i1024!2i768!4f13.1!3m3!1m2!1s0x317529667c77fcdd%3A0x39f60dd29f004faf!2zMi84NSBQaOG6oW0gVsSDbiBC4bqhY2gsIFBoxrDhu51uZyAxNSwgVMOibiBCw6xuaCwgSOG7kyBDaMOtIE1pbmgsIFZp4buHdCBOYW0!5e0!3m2!1svi!2s!4v1568732176587!5m2!1svi!2s\" width=\"100%\" height=\"250\" frameborder=\"0\" allowfullscreen=\"allowfullscreen\"><span data-mce-type=\"bookmark\" style=\"display: inline-block; width: 0px; overflow: hidden; line-height: 0;\" class=\"mce_SELRES_start\">&#65279;<\/span><\/iframe><\/p>\n\n","protected":false},"excerpt":{"rendered":"<p>&#65279;<\/p>\n","protected":false},"author":1,"featured_media":0,"parent":0,"menu_order":0,"comment_status":"closed","ping_status":"closed","template":"page-blank.php","meta":[],"_links":{"self":[{"href":"https:\/\/hosting.conasi.vn\/w\/mitsubishi2011\/wp-json\/wp\/v2\/pages\/286"}],"collection":[{"href":"https:\/\/hosting.conasi.vn\/w\/mitsubishi2011\/wp-json\/wp\/v2\/pages"}],"about":[{"href":"https:\/\/hosting.conasi.vn\/w\/mitsubishi2011\/wp-json\/wp\/v2\/types\/page"}],"author":[{"embeddable":true,"href":"https:\/\/hosting.conasi.vn\/w\/mitsubishi2011\/wp-json\/wp\/v2\/users\/1"}],"replies":[{"embeddable":true,"href":"https:\/\/hosting.conasi.vn\/w\/mitsubishi2011\/wp-json\/wp\/v2\/comments?post=286"}],"version-history":[{"count":11,"href":"https:\/\/hosting.conasi.vn\/w\/mitsubishi2011\/wp-json\/wp\/v2\/pages\/286\/revisions"}],"predecessor-version":[{"id":952,"href":"https:\/\/hosting.conasi.vn\/w\/mitsubishi2011\/wp-json\/wp\/v2\/pages\/286\/revisions\/952"}],"wp:attachment":[{"href":"https:\/\/hosting.conasi.vn\/w\/mitsubishi2011\/wp-json\/wp\/v2\/media?parent=286"}],"curies":[{"name":"wp","href":"https:\/\/api.w.org\/{rel}","templated":true}]}}