{"id":279,"date":"2019-05-13T02:15:20","date_gmt":"2019-05-13T02:15:20","guid":{"rendered":"https:\/\/ford1.khowebseotop.vn\/?page_id=279"},"modified":"2020-03-10T10:58:18","modified_gmt":"2020-03-10T10:58:18","slug":"mua-xe-tra-gop","status":"publish","type":"page","link":"https:\/\/hosting.conasi.vn\/w\/mitsubishi2011\/mua-xe-tra-gop\/","title":{"rendered":"Mua Xe Tr\u1ea3 G\u00f3p"},"content":{"rendered":"\n<div class=\"title_page_tg\">\n<div class=\"bg_svg\"><svg xmlns=\"http:\/\/www.w3.org\/2000\/svg\" viewBox=\"0 0 1000 100\" preserveAspectRatio=\"none\"><path class=\"elementor-shape-fill\" opacity=\"0.33\" d=\"M473,67.3c-203.9,88.3-263.1-34-320.3,0C66,119.1,0,59.7,0,59.7V0h1000v59.7 c0,0-62.1,26.1-94.9,29.3c-32.8,3.3-62.8-12.3-75.8-22.1C806,49.6,745.3,8.7,694.9,4.7S492.4,59,473,67.3z\"><\/path><path class=\"elementor-shape-fill\" opacity=\"0.66\" d=\"M734,67.3c-45.5,0-77.2-23.2-129.1-39.1c-28.6-8.7-150.3-10.1-254,39.1 s-91.7-34.4-149.2,0C115.7,118.3,0,39.8,0,39.8V0h1000v36.5c0,0-28.2-18.5-92.1-18.5C810.2,18.1,775.7,67.3,734,67.3z\"><\/path><path class=\"elementor-shape-fill\" d=\"M766.1,28.9c-200-57.5-266,65.5-395.1,19.5C242,1.8,242,5.4,184.8,20.6C128,35.8,132.3,44.9,89.9,52.5C28.6,63.7,0,0,0,0 h1000c0,0-9.9,40.9-83.6,48.1S829.6,47,766.1,28.9z\"><\/path>\n<\/svg>\n<\/div>\n<div class=\"box_title_tg\">\n<h2 class=\"title_tg text-center uppercase\">T\u01af V\u1ea4N MUA XE mitsubishi TR\u1ea2 G\u00d3P<\/h2>\n<\/div>\n<\/div>\n\t<section class=\"section\" id=\"section_1550701789\">\n\t\t<div class=\"bg section-bg fill bg-fill  bg-loaded\" >\n\n\t\t\t\n\t\t\t\n\t\t\t\n\n\t\t<\/div>\n\n\t\t<div class=\"section-content relative\">\n\t\t\t\n\n<div class=\"row\"  id=\"row-249909928\">\n\n\n\t<div id=\"col-511535625\" class=\"col small-12 large-12\"  >\n\t\t<div class=\"col-inner\"  >\n\t\t\t\n\t\t\t\n\n<div class=\"row\"  id=\"row-63735737\">\n\n\n\t<div id=\"col-483279580\" class=\"col medium-6 small-12 large-6\"  >\n\t\t<div class=\"col-inner\"  >\n\t\t\t\n\t\t\t\n\n<p>L\u00e0 tr\u1ea3 tr\u01b0\u1edbc m\u1ed9t ph\u1ea7n ti\u1ec1n mua xe, ph\u1ea7n c\u00f2n thi\u1ebfu s\u1ebd vay ng\u00e2n h\u00e0ng r\u1ed3i h\u00e0ng th\u00e1ng tr\u1ea3 d\u1ea7n cho ng\u00e2n h\u00e0ng c\u1ea3 g\u1ed1c v\u00e0 l\u00e3i theo phu\u01a1ng th\u1ee9c tr\u1eeb l\u00f9i trong su\u1ed1t th\u1eddi gian tr\u1ea3 g\u00f3p.<\/p>\n<p>V\u00ed d\u1ee5:<\/p>\n<blockquote>\n<p>Kh\u00e1ch h\u00e0ng A mua tr\u1ea3 g\u00f3p xe Mitsubishi Xpander 1.5 MT tr\u1ecb gi\u00e1 550 tri\u1ec7u theo ph\u01b0\u01a1ng th\u1ee9c:&nbsp; TR\u1ea2 TR\u01af\u1edaC 20% = 110 tri\u1ec7u, ph\u1ea7n c\u00f2n l\u1ea1i l\u00e0 440 tri\u1ec7u s\u1ebd vay ng\u00e2n h\u00e0ng v\u1edbi l\u00e3i su\u1ea5t c\u1ef1c \u01b0u \u0111\u00e3i 0.69% trong n\u0103m \u0111\u1ea7u ti\u00ean t\u1ee9c 12 th\u00e1ng, Sang n\u0103m 2 th\u00e1ng th\u1ee9&nbsp; t\u1ee9c th\u00e1ng 13 t\u1ea7m 9.8% v\u00e0 tr\u1ea3 g\u00f3p trong 8 n\u0103m (C\u1ee5 th\u1ec3: sau khi t\u00ednh to\u00e1n, m\u1ed7i th\u00e1ng kh\u00e1ch h\u00e0ng A ph\u1ea3i thanh to\u00e1n t\u1ea7m l\u00e3i + g\u1ed1c = 8Tr v\u00e0 bi\u00ean \u0111\u1ed9 gi\u1ea3m d\u1ea7n \u0111\u1ebfn th\u00e1ng cu\u1ed1i c\u00f9ng l\u00e0 theo quy t\u1eafc tr\u1eeb l\u00f9i t\u1ea7m 4,6Tr VN\u0110 .<\/p>\n<\/blockquote>\n<p>H\u1ed7 tr\u1ee3 t\u01b0 v\u1ea5n mua xe Mitsubishi tr\u1ea3 g\u00f3p t\u1edbi 95% gi\u00e1 tr\u1ecb xe, th\u1eddi gian vay t\u1ed1i \u0111a 7 n\u0103m. Th\u1ee7 t\u1ee5c \u0111\u01a1n gi\u1ea3n nhanh g\u1ecdn, th\u1eddi gian th\u1ea9m duy\u1ec7t trong v\u00f2ng 24h, k\u1ec3 c\u1ea3 kh\u00e1ch h\u00e0ng \u1edf t\u1ec9nh, bao \u0111\u1eadu h\u1ed3 s\u01a1 kh\u00f3. Vui l\u00f2ng li\u00ean h\u1ec7 \u0111\u1ec3 \u0111\u01b0\u1ee3c t\u01b0 v\u1ea5n ch\u00ednh x\u00e1c.<\/p>\n\n\t\t<\/div>\n\t\t\t<\/div>\n\n\t\n\n\t<div id=\"col-1298983535\" class=\"col medium-6 small-12 large-6\"  >\n\t\t<div class=\"col-inner\"  >\n\t\t\t\n\t\t\t\n\n<div role=\"form\" class=\"wpcf7\" id=\"wpcf7-f170-o1\" lang=\"vi\" dir=\"ltr\">\n<div class=\"screen-reader-response\"><p role=\"status\" aria-live=\"polite\" aria-atomic=\"true\"><\/p> <ul><\/ul><\/div>\n<form action=\"\/w\/mitsubishi2011\/wp-json\/wp\/v2\/pages\/279#wpcf7-f170-o1\" method=\"post\" class=\"wpcf7-form init\" novalidate=\"novalidate\" data-status=\"init\">\n<div style=\"display: none;\">\n<input type=\"hidden\" name=\"_wpcf7\" value=\"170\" \/>\n<input type=\"hidden\" name=\"_wpcf7_version\" value=\"5.3\" \/>\n<input type=\"hidden\" name=\"_wpcf7_locale\" value=\"vi\" \/>\n<input type=\"hidden\" name=\"_wpcf7_unit_tag\" value=\"wpcf7-f170-o1\" \/>\n<input type=\"hidden\" name=\"_wpcf7_container_post\" value=\"0\" \/>\n<input type=\"hidden\" name=\"_wpcf7_posted_data_hash\" value=\"\" \/>\n<\/div>\n<div class=\"form-yeu-cau\">\n<div class=\"form-tieu-de\">\n<h3>Y\u00caU C\u1ea6U B\u00c1O GI\u00c1<\/h3>\n<p>\u0110\u1ec3 nh\u1eadn \u0111\u01b0\u1ee3c \"B\u00c1O GI\u00c1 \u0110\u1eb6C BI\u1ec6T\" v\u00e0 c\u00e1c \"CH\u01af\u01a0NG TR\u00ccNH \u01afU \u0110\u00c3I\", Qu\u00fd kh\u00e1ch vui l\u00f2ng \u0111i\u1ec1n form b\u00e1o gi\u00e1 d\u01b0\u1edbi \u0111\u00e2y:<\/p>\n<\/div>\n<p><label>Ch\u1ecdn lo\u1ea1i xe<\/label><br \/>\n   <span class=\"wpcf7-form-control-wrap loai-xe\"><select name=\"loai-xe\" class=\"wpcf7-form-control wpcf7-select\" aria-invalid=\"false\"><option value=\"----- Ch\u1ecdn lo\u1ea1i xe -----\">----- Ch\u1ecdn lo\u1ea1i xe -----<\/option><option value=\"Mitsubishi Triton\">Mitsubishi Triton<\/option><option value=\"Mitsubishi Mirage\">Mitsubishi Mirage<\/option><option value=\"Mitsubishi Attrage\">Mitsubishi Attrage<\/option><option value=\"Mitsubishi Pajero Sport\">Mitsubishi Pajero Sport<\/option><option value=\"Mitsubishi Outlander\">Mitsubishi Outlander<\/option><option value=\"Mitsubishi X-Pander\">Mitsubishi X-Pander<\/option><\/select><\/span><br \/>\n<label>H\u00ecnh th\u1ee9c thanh to\u00e1n:<\/label> <span class=\"wpcf7-form-control-wrap thanh-toan\"><span class=\"wpcf7-form-control wpcf7-radio\"><span class=\"wpcf7-list-item first\"><input type=\"radio\" name=\"thanh-toan\" value=\"Tr\u1ea3 g\u00f3p\" checked=\"checked\" \/><span class=\"wpcf7-list-item-label\">Tr\u1ea3 g\u00f3p<\/span><\/span><span class=\"wpcf7-list-item last\"><input type=\"radio\" name=\"thanh-toan\" value=\"Tr\u1ea3 h\u1ebft\" \/><span class=\"wpcf7-list-item-label\">Tr\u1ea3 h\u1ebft<\/span><\/span><\/span><\/span><br \/>\n<label>H\u1ecd t\u00ean *<br \/>\n    <span class=\"wpcf7-form-control-wrap your-name\"><input type=\"text\" name=\"your-name\" value=\"\" size=\"40\" class=\"wpcf7-form-control wpcf7-text wpcf7-validates-as-required\" aria-required=\"true\" aria-invalid=\"false\" \/><\/span> <\/label><br \/>\n<label>\u0110i\u1ec7n tho\u1ea1i *<br \/>\n    <span class=\"wpcf7-form-control-wrap your-phone\"><input type=\"tel\" name=\"your-phone\" value=\"\" size=\"40\" class=\"wpcf7-form-control wpcf7-text wpcf7-tel wpcf7-validates-as-required wpcf7-validates-as-tel\" aria-required=\"true\" aria-invalid=\"false\" \/><\/span> <\/label><br \/>\n<label>\u0110\u1ecba ch\u1ec9<br \/>\n    <span class=\"wpcf7-form-control-wrap your-address\"><input type=\"text\" name=\"your-address\" value=\"\" size=\"40\" class=\"wpcf7-form-control wpcf7-text\" aria-invalid=\"false\" \/><\/span> <\/label><br \/>\n<input type=\"submit\" value=\"G\u1eedi y\u00eau c\u1ea7u ngay\" class=\"wpcf7-form-control wpcf7-submit\" \/>\n<\/div>\n<div class=\"wpcf7-response-output\" aria-hidden=\"true\"><\/div><\/form><\/div>\n\n\n\t\t<\/div>\n\t\t\t<\/div>\n\n\t\n\n<\/div>\n\n\t\t<\/div>\n\t\t\t<\/div>\n\n\t\n\n<\/div>\n\n\t\t<\/div>\n\n\t\t\n<style>\n#section_1550701789 {\n  padding-top: 30px;\n  padding-bottom: 30px;\n}\n<\/style>\n\t<\/section>\n\t\n\t<section class=\"section ss_icon_tg\" id=\"section_71094061\">\n\t\t<div class=\"bg section-bg fill bg-fill  bg-loaded\" >\n\n\t\t\t\n\t\t\t\n\t\t\t\n\n\t\t<\/div>\n\n\t\t<div class=\"section-content relative\">\n\t\t\t\n\n<svg xmlns=\"http:\/\/www.w3.org\/2000\/svg\" viewBox=\"0 0 283.5 27.8\" preserveAspectRatio=\"none\">\n\t<path class=\"elementor-shape-fill\" d=\"M283.5,9.7c0,0-7.3,4.3-14,4.6c-6.8,0.3-12.6,0-20.9-1.5c-11.3-2-33.1-10.1-44.7-5.7\ts-12.1,4.6-18,7.4c-6.6,3.2-20,9.6-36.6,9.3C131.6,23.5,99.5,7.2,86.3,8c-1.4,0.1-6.6,0.8-10.5,2c-3.8,1.2-9.4,3.8-17,4.7\tc-3.2,0.4-8.3,1.1-14.2,0.9c-1.5-0.1-6.3-0.4-12-1.6c-5.7-1.2-11-3.1-15.8-3.7C6.5,9.2,0,10.8,0,10.8V0h283.5V9.7z M260.8,11.3\tc-0.7-1-2-0.4-4.3-0.4c-2.3,0-6.1-1.2-5.8-1.1c0.3,0.1,3.1,1.5,6,1.9C259.7,12.2,261.4,12.3,260.8,11.3z M242.4,8.6\tc0,0-2.4-0.2-5.6-0.9c-3.2-0.8-10.3-2.8-15.1-3.5c-8.2-1.1-15.8,0-15.1,0.1c0.8,0.1,9.6-0.6,17.6,1.1c3.3,0.7,9.3,2.2,12.4,2.7\tC239.9,8.7,242.4,8.6,242.4,8.6z M185.2,8.5c1.7-0.7-13.3,4.7-18.5,6.1c-2.1,0.6-6.2,1.6-10,2c-3.9,0.4-8.9,0.4-8.8,0.5\tc0,0.2,5.8,0.8,11.2,0c5.4-0.8,5.2-1.1,7.6-1.6C170.5,14.7,183.5,9.2,185.2,8.5z M199.1,6.9c0.2,0-0.8-0.4-4.8,1.1\tc-4,1.5-6.7,3.5-6.9,3.7c-0.2,0.1,3.5-1.8,6.6-3C197,7.5,199,6.9,199.1,6.9z M283,6c-0.1,0.1-1.9,1.1-4.8,2.5s-6.9,2.8-6.7,2.7\tc0.2,0,3.5-0.6,7.4-2.5C282.8,6.8,283.1,5.9,283,6z M31.3,11.6c0.1-0.2-1.9-0.2-4.5-1.2s-5.4-1.6-7.8-2C15,7.6,7.3,8.5,7.7,8.6\tC8,8.7,15.9,8.3,20.2,9.3c2.2,0.5,2.4,0.5,5.7,1.6S31.2,11.9,31.3,11.6z M73,9.2c0.4-0.1,3.5-1.6,8.4-2.6c4.9-1.1,8.9-0.5,8.9-0.8\tc0-0.3-1-0.9-6.2-0.3S72.6,9.3,73,9.2z M71.6,6.7C71.8,6.8,75,5.4,77.3,5c2.3-0.3,1.9-0.5,1.9-0.6c0-0.1-1.1-0.2-2.7,0.2\tC74.8,5.1,71.4,6.6,71.6,6.7z M93.6,4.4c0.1,0.2,3.5,0.8,5.6,1.8c2.1,1,1.8,0.6,1.9,0.5c0.1-0.1-0.8-0.8-2.4-1.3\tC97.1,4.8,93.5,4.2,93.6,4.4z M65.4,11.1c-0.1,0.3,0.3,0.5,1.9-0.2s2.6-1.3,2.2-1.2s-0.9,0.4-2.5,0.8C65.3,10.9,65.5,10.8,65.4,11.1\tz M34.5,12.4c-0.2,0,2.1,0.8,3.3,0.9c1.2,0.1,2,0.1,2-0.2c0-0.3-0.1-0.5-1.6-0.4C36.6,12.8,34.7,12.4,34.5,12.4z M152.2,21.1\tc-0.1,0.1-2.4-0.3-7.5-0.3c-5,0-13.6-2.4-17.2-3.5c-3.6-1.1,10,3.9,16.5,4.1C150.5,21.6,152.3,21,152.2,21.1z\"><\/path>\n\t<path class=\"elementor-shape-fill\" d=\"M269.6,18c-0.1-0.1-4.6,0.3-7.2,0c-7.3-0.7-17-3.2-16.6-2.9c0.4,0.3,13.7,3.1,17,3.3\tC267.7,18.8,269.7,18,269.6,18z\"><\/path>\n\t<path class=\"elementor-shape-fill\" d=\"M227.4,9.8c-0.2-0.1-4.5-1-9.5-1.2c-5-0.2-12.7,0.6-12.3,0.5c0.3-0.1,5.9-1.8,13.3-1.2\tS227.6,9.9,227.4,9.8z\"><\/path>\n\t<path class=\"elementor-shape-fill\" d=\"M204.5,13.4c-0.1-0.1,2-1,3.2-1.1c1.2-0.1,2,0,2,0.3c0,0.3-0.1,0.5-1.6,0.4\tC206.4,12.9,204.6,13.5,204.5,13.4z\"><\/path>\n\t<path class=\"elementor-shape-fill\" d=\"M201,10.6c0-0.1-4.4,1.2-6.3,2.2c-1.9,0.9-6.2,3.1-6.1,3.1c0.1,0.1,4.2-1.6,6.3-2.6\tS201,10.7,201,10.6z\"><\/path>\n\t<path class=\"elementor-shape-fill\" d=\"M154.5,26.7c-0.1-0.1-4.6,0.3-7.2,0c-7.3-0.7-17-3.2-16.6-2.9c0.4,0.3,13.7,3.1,17,3.3\tC152.6,27.5,154.6,26.8,154.5,26.7z\"><\/path>\n\t<path class=\"elementor-shape-fill\" d=\"M41.9,19.3c0,0,1.2-0.3,2.9-0.1c1.7,0.2,5.8,0.9,8.2,0.7c4.2-0.4,7.4-2.7,7-2.6\tc-0.4,0-4.3,2.2-8.6,1.9c-1.8-0.1-5.1-0.5-6.7-0.4S41.9,19.3,41.9,19.3z\"><\/path>\n\t<path class=\"elementor-shape-fill\" d=\"M75.5,12.6c0.2,0.1,2-0.8,4.3-1.1c2.3-0.2,2.1-0.3,2.1-0.5c0-0.1-1.8-0.4-3.4,0\tC76.9,11.5,75.3,12.5,75.5,12.6z\"><\/path>\n\t<path class=\"elementor-shape-fill\" d=\"M15.6,13.2c0-0.1,4.3,0,6.7,0.5c2.4,0.5,5,1.9,5,2c0,0.1-2.7-0.8-5.1-1.4\tC19.9,13.7,15.7,13.3,15.6,13.2z\"><\/path>\n<\/svg>\n<div class=\"row\"  id=\"row-856486903\">\n\n\n\t<div id=\"col-1892383529\" class=\"col icon_tg medium-4 small-12 large-4\"  >\n\t\t<div class=\"col-inner\"  >\n\t\t\t\n\t\t\t\n\n<p><span><i class=\"fa fa-star\"><\/i><\/span><\/p>\n<h3>L\u1ee3i \u00edch khi mua xe tr\u1ea3 g\u00f3p<\/h3>\n<ol>\n<li>S\u1ed1 ti\u1ec1n vay l\u00ean \u0111\u1ebfn 95% gi\u00e1 tr\u1ecb xe.<\/li>\n<li>Th\u1eddi gian vay l\u00ean \u0111\u1ebfn 7 n\u0103m.<\/li>\n<li>T\u00e0i tr\u1ee3 vay mua xe \u00f4 t\u00f4 m\u1edbi v\u00e0 xe \u00f4 t\u00f4 \u0111\u00e3 qua s\u1eed d\u1ee5ng.<\/li>\n<li>Th\u1ee7 t\u1ee5c vay \u0111\u01a1n gi\u1ea3n, th\u1eddi gian x\u1eed l\u00fd h\u1ed3 s\u01a1 nhanh ch\u00f3ng.<\/li>\n<li>Ph\u01b0\u01a1ng th\u1ee9c tr\u1ea3 n\u1ee3 linh ho\u1ea1t: l\u00e3i tr\u1ea3 h\u00e0ng th\u00e1ng\/h\u00e0ng qu\u00fd, v\u1ed1n tr\u1ea3 theo ph\u01b0\u01a1ng th\u1ee9c v\u1ed1n g\u00f3p \u0111\u1ec1u ho\u1eb7c v\u1ed1n g\u00f3p b\u1eadc thang gi\u1ea3m d\u1ea7n.<\/li>\n<\/ol>\n\n\t\t<\/div>\n\t\t\t<\/div>\n\n\t\n\n\t<div id=\"col-94435487\" class=\"col icon_tg medium-4 small-12 large-4\"  >\n\t\t<div class=\"col-inner\"  >\n\t\t\t\n\t\t\t\n\n<p><span><i class=\"fa fa-star\"><\/i><\/span><\/p>\n<h3>\u0110i\u1ec1u ki\u1ec7n mua xe tr\u1ea3 g\u00f3p<\/h3>\n<ol>\n<li>C\u00e1 nh\u00e2n t\u1eeb 18 tu\u1ed5i tr\u1edf l\u00ean.<\/li>\n<li>Doanh nghi\u1ec7p th\u00e0nh l\u1eadp tr\u00ean 6 th\u00e1ng.<\/li>\n<li>C\u00f3 h\u1ee3p \u0111\u1ed3ng mua b\u00e1n xe v\u00e0 c\u00e1c gi\u1ea5y t\u1edd c\u00f3 li\u00ean quan.<\/li>\n<li>C\u00f3 thu nh\u1eadp \u0111\u1ea3m b\u1ea3o cho vi\u1ec7c tr\u1ea3 n\u1ee3 cho Ng\u00e2n h\u00e0ng.<\/li>\n<li>C\u00f3 t\u00e0i s\u1ea3n \u0111\u1ea3m b\u1ea3o: l\u00e0 ch\u00ednh chi\u1ebfc xe \u00f4 t\u00f4 m\u00e0 Qu\u00fd kh\u00e1ch mua, b\u1ea5t \u0111\u1ed9ng s\u1ea3n ho\u1eb7c t\u00e0i s\u1ea3n kh\u00e1c.<\/li>\n<\/ol>\n\n\t\t<\/div>\n\t\t\t<\/div>\n\n\t\n\n\t<div id=\"col-1875698406\" class=\"col icon_tg medium-4 small-12 large-4\"  >\n\t\t<div class=\"col-inner\"  >\n\t\t\t\n\t\t\t\n\n<p><span><i class=\"fa fa-star\"><\/i><\/span><\/p>\n<h3>\u0110\u1ed1i t\u01b0\u1ee3ng th\u00edch h\u1ee3p nh\u1ea5t<\/h3>\n<ol>\n<li>Doanh nh\u00e2n, doanh nghi\u1ec7p: nh\u1eefng ng\u01b0\u1eddi c\u00f3 kh\u1ea3 n\u0103ng s\u1eed d\u1ee5ng ti\u1ec1n \u0111\u1ec3 kinh doanh sinh l\u1eddi nhi\u1ec1u h\u01a1n l\u00e0 t\u1ef7 l\u1ec7 l\u00e3i su\u1ea5t ti\u1ec1n cho vay c\u1ee7a ng\u00e2n h\u00e0ng.<\/li>\n<li>Nh\u1eefng ng\u01b0\u1eddi r\u1ea5t c\u1ea7n s\u1eed d\u1ee5ng xe, s\u1ebd c\u00f3 \u0111\u1ee7 ti\u1ec1n mua xe trong m\u1ed9t t\u01b0\u01a1ng lai g\u1ea7n nh\u01b0ng hi\u1ec7n t\u1ea1i ch\u01b0a t\u1eadp trung \u0111\u1ee7 ti\u1ec1n \u0111\u1ec3 mua xe tr\u1ea3 th\u1eb3ng.<\/li>\n<\/ol>\n\n\t\t<\/div>\n\t\t\t<\/div>\n\n\t\n\n<\/div>\n<svg xmlns=\"http:\/\/www.w3.org\/2000\/svg\" viewBox=\"0 0 283.5 19.6\" preserveAspectRatio=\"none\">\n\t<path class=\"elementor-shape-fill\" style=\"opacity:0.33\" d=\"M0 0L0 18.8 141.8 4.1 283.5 18.8 283.5 0z\"><\/path>\n\t<path class=\"elementor-shape-fill\" style=\"opacity:0.33\" d=\"M0 0L0 12.6 141.8 4 283.5 12.6 283.5 0z\"><\/path>\n\t<path class=\"elementor-shape-fill\" style=\"opacity:0.33\" d=\"M0 0L0 6.4 141.8 4 283.5 6.4 283.5 0z\"><\/path>\n\t<path class=\"elementor-shape-fill\" d=\"M0 0L0 1.2 141.8 4 283.5 1.2 283.5 0z\"><\/path>\n<\/svg>\n\n\t\t<\/div>\n\n\t\t\n<style>\n#section_71094061 {\n  padding-top: 30px;\n  padding-bottom: 30px;\n  background-color: rgba(226, 226, 226, 0.52);\n}\n<\/style>\n\t<\/section>\n\t\n\t<section class=\"section\" id=\"section_234535434\">\n\t\t<div class=\"bg section-bg fill bg-fill  bg-loaded\" >\n\n\t\t\t\n\t\t\t\n\t\t\t\n\n\t\t<\/div>\n\n\t\t<div class=\"section-content relative\">\n\t\t\t\n\n<div class=\"row row_qd\"  id=\"row-469725056\">\n\n\n\t<div id=\"col-1882805294\" class=\"col medium-6 small-12 large-6\"  >\n\t\t<div class=\"col-inner\"  >\n\t\t\t\n\t\t\t\n\n<div class=\"tg_ctn_box\">\n<h3 class=\"\">I. \u0110\u1ed0I V\u1edaI C\u00c1 NH\u00c2N<\/h3>\n<div class=\"tg_content\">\n<ol>\n<li>Ch\u1ee9ng Minh Nh\u00e2n D\u00e2n v\u00e0 H\u1ed9 kh\u1ea9u.<\/li>\n<li>Gi\u1ea5y ch\u1ee9ng nh\u1eadn \u0111\u1ed9c th\u00e2n ho\u1eb7c Gi\u1ea5y ch\u1ee9ng nh\u1eadn \u0111\u0103ng k\u00fd k\u1ebft h\u00f4n.<\/li>\n<li>Nh\u1eefng gi\u1ea5y t\u1edd ch\u1ee9ng minh thu nh\u1eadp:<\/li>\n<\/ol>\n<ul>\n<li>Gi\u1ea5y x\u00e1c nh\u1eadn m\u1ee9c l\u01b0\u01a1ng v\u00e0 h\u1ee3p \u0111\u1ed3ng lao \u0111\u1ed9ng, s\u1ed5 ti\u1ebft ki\u1ec7m, t\u00e0i kho\u1ea3n c\u00e1 nh\u00e2n.<br \/>H\u1ee3p \u0111\u1ed3ng cho thu\u00ea nh\u00e0, cho thu\u00ea xe, cho thu\u00ea x\u01b0\u1edfng, gi\u1ea5y g\u00f3p v\u1ed1n, c\u1ed5 ph\u1ea7n, c\u1ed5 phi\u1ebfu, tr\u00e1i phi\u1ebfu.<\/li>\n<li>Gi\u1ea5y t\u1edd x\u00e1c nh\u1eadn s\u1edf h\u1eefu t\u00e0i s\u1ea3n c\u00f3 gi\u00e1 tr\u1ecb: b\u1ea5t \u0111\u1ed9ng s\u1ea3n, c\u00e1c lo\u1ea1i xe \u00f4 t\u00f4, m\u00e1y m\u00f3c, d\u00e2y chuy\u1ec1n nh\u00e0 m\u00e1y, nh\u00e0 x\u01b0\u1edfng\u2026<\/li>\n<li>N\u1ebfu c\u00e1 nh\u00e2n c\u00f3 c\u00f4ng ty ri\u00eang m\u00e0 thu nh\u1eadp ch\u1ee7 y\u1ebfu t\u1eeb c\u00f4ng ty th\u00ec c\u1ea7n th\u00eam: gi\u1ea5y ph\u00e9p kinh doanh, b\u00e1o c\u00e1o thu\u1ebf, b\u00e1o c\u00e1o t\u00e0i ch\u00ednh, b\u1ea3ng l\u01b0\u01a1ng, b\u1ea3ng chia l\u1ee3i nhu\u1eadn t\u1eeb c\u00f4ng ty.<\/li>\n<\/ul>\n<p><em>(Trong tr\u01b0\u1eddng h\u1ee3p c\u00e1 nh\u00e2n kh\u00f4ng \u0111\u1ee7 \u0111i\u1ec1u ki\u1ec7n vay Ng\u00e2n h\u00e0ng, c\u00f3 th\u1ec3 nh\u1edd ng\u01b0\u1eddi th\u00e2n c\u00f3 kh\u1ea3 n\u0103ng v\u00e0 thu nh\u1eadp t\u1ed1t l\u00e0m gi\u1ea5y b\u1ea3o l\u00e3nh cho Ng\u00e2n h\u00e0ng th\u1ea9m \u0111\u1ecbnh).<\/em><\/p>\n<\/div>\n<\/div>\n\n\t\t<\/div>\n\t\t\t<\/div>\n\n\t\n\n\t<div id=\"col-1861990488\" class=\"col medium-6 small-12 large-6\"  >\n\t\t<div class=\"col-inner\"  >\n\t\t\t\n\t\t\t\n\n<div class=\"tg_ctn_box\">\n<h3 class=\"\">II. \u0110\u1ed0I V\u1edaI DOANH NGHI\u1ec6P<\/h3>\n<div class=\"tg_content\">\n<ol>\n<li>Gi\u1ea5y ph\u00e9p kinh doanh.<\/li>\n<li>M\u00e3 s\u1ed1 thu\u1ebf.<\/li>\n<li>Gi\u1ea5y b\u1ed5 nhi\u1ec7m Gi\u00e1m \u0111\u1ed1c, b\u1ed5 nhi\u1ec7m K\u1ebf to\u00e1n tr\u01b0\u1edfng.<\/li>\n<li>Gi\u1ea5y \u0111\u0103ng k\u00fd s\u1eed d\u1ee5ng m\u1eabu d\u1ea5u.<\/li>\n<li>B\u00e1o c\u00e1o thu\u1ebf m\u1ed9t n\u0103m (ho\u1eb7c 6 th\u00e1ng) g\u1ea7n nh\u1ea5t.<\/li>\n<li>B\u00e1o c\u00e1o h\u00f3a \u0111\u01a1n VAT m\u1ed9t n\u0103m (ho\u1eb7c 6 th\u00e1ng) g\u1ea7n nh\u1ea5t.<\/li>\n<li>B\u00e1o c\u00e1o t\u00e0i ch\u00ednh m\u1ed9t n\u0103m (ho\u1eb7c 6 th\u00e1ng) g\u1ea7n nh\u1ea5t.<\/li>\n<li>H\u1ee3p \u0111\u1ed3ng kinh t\u1ebf \u0111\u1ea7u ra, \u0111\u1ea7u v\u00e0o.<\/li>\n<\/ol>\n<\/div>\n<\/div>\n\n\t\t<\/div>\n\t\t\t<\/div>\n\n\t\n\n<\/div>\n\n\t\t<\/div>\n\n\t\t\n<style>\n#section_234535434 {\n  padding-top: 30px;\n  padding-bottom: 30px;\n}\n<\/style>\n\t<\/section>\n\t\n\n","protected":false},"excerpt":{"rendered":"<p>T\u01af V\u1ea4N MUA XE mitsubishi TR\u1ea2 G\u00d3P<\/p>\n","protected":false},"author":1,"featured_media":0,"parent":0,"menu_order":0,"comment_status":"closed","ping_status":"closed","template":"page-blank.php","meta":[],"_links":{"self":[{"href":"https:\/\/hosting.conasi.vn\/w\/mitsubishi2011\/wp-json\/wp\/v2\/pages\/279"}],"collection":[{"href":"https:\/\/hosting.conasi.vn\/w\/mitsubishi2011\/wp-json\/wp\/v2\/pages"}],"about":[{"href":"https:\/\/hosting.conasi.vn\/w\/mitsubishi2011\/wp-json\/wp\/v2\/types\/page"}],"author":[{"embeddable":true,"href":"https:\/\/hosting.conasi.vn\/w\/mitsubishi2011\/wp-json\/wp\/v2\/users\/1"}],"replies":[{"embeddable":true,"href":"https:\/\/hosting.conasi.vn\/w\/mitsubishi2011\/wp-json\/wp\/v2\/comments?post=279"}],"version-history":[{"count":11,"href":"https:\/\/hosting.conasi.vn\/w\/mitsubishi2011\/wp-json\/wp\/v2\/pages\/279\/revisions"}],"predecessor-version":[{"id":824,"href":"https:\/\/hosting.conasi.vn\/w\/mitsubishi2011\/wp-json\/wp\/v2\/pages\/279\/revisions\/824"}],"wp:attachment":[{"href":"https:\/\/hosting.conasi.vn\/w\/mitsubishi2011\/wp-json\/wp\/v2\/media?parent=279"}],"curies":[{"name":"wp","href":"https:\/\/api.w.org\/{rel}","templated":true}]}}