{"id":739,"date":"2020-02-12T18:02:55","date_gmt":"2020-02-12T11:02:55","guid":{"rendered":"https:\/\/mayphatdienhungthinhphat.webdemo.vn\/?post_type=product&#038;p=739"},"modified":"2020-02-12T18:02:56","modified_gmt":"2020-02-12T11:02:56","slug":"avr-may-phat-dien-gb-140","status":"publish","type":"product","link":"https:\/\/hosting.conasi.vn\/w\/mayphatdien2011\/san-pham\/avr-may-phat-dien-gb-140\/","title":{"rendered":"AVR m\u00e1y ph\u00e1t \u0111i\u1ec7n GB-140"},"content":{"rendered":"<p><img class=\"aligncenter\" src=\"https:\/\/mayphatdienhungthinhphat.webdemo.com\/wp-content\/uploads\/2020\/02\/avr-may-phat-dien-gb-140-739.jpg\" alt=\"1-3\" \/><img class=\"aligncenter\" src=\"https:\/\/mayphatdienhungthinhphat.webdemo.com\/wp-content\/uploads\/2020\/02\/avr-may-phat-dien-gb-140-739-1.jpg\" alt=\"1-2\" \/><\/p>\n<p><strong>B\u1ed9 t\u1ea1o b\u00e0n ch\u1ea3i GB-140 AVR, b\u1ed9 \u0111i\u1ec1u ch\u1ec9nh k\u00edch th\u00edch, b\u1ed9 \u0111i\u1ec1u ch\u1ec9nh, b\u1ea3ng \u0111i\u1ec7n \u00e1p, b\u1ea3ng \u0111i\u1ec1u ch\u1ec9nh<\/strong><\/p>\n<p data-spm-anchor-id=\"2114.10010108.1000023.i0.2c6651e9VKvQGr\"><strong>Th\u00f4ng s\u1ed1 k\u1ef9 thu\u1eadt:<\/strong><\/p>\n<p>Th\u00edch h\u1ee3p cho pha pha tr\u1ed9n v\u00e0 m\u00e1y ph\u00e1t \u0111i\u1ec7n kh\u00f4ng rung \u0111\u1ed9ng ba giai \u0111o\u1ea1n k\u00edch th\u00edch<\/p>\n<p>Ph\u00e1t hi\u1ec7n \u0111\u1ea7u v\u00e0o: U, V, W \u0110i\u1ec7n \u00e1p: 400VAC T\u1ea7n s\u1ed1: 50 \/ 60Hz<\/p>\n<p>Ch\u1ebf \u0111\u1ed9 \u0111i\u1ec1u khi\u1ec3n: F +, Z2 Shunt<\/p>\n<p>D\u00f2ng \u0111i\u1ec1u ch\u1ec9nh c\u1ef1c \u0111\u1ea1i: 15A<\/p>\n<p>\u0110i\u1ec7n \u00e1p tr\u1ea1ng th\u00e1i \u1ed5n \u0111\u1ecbnh t\u1ef7 l\u1ec7 quy \u0111\u1ecbnh: \\ u003c 1,5%<\/p>\n<hr \/>\n<p style=\"margin-bottom: 5px;\"><span style=\"color: #333399;\"><strong>C\u00d4NG TY TNHH SX &#8211; TM &#8211; XNK H\u01afNG TH\u1ecaNH PH\u00c1T<\/strong><\/span><\/p>\n<ul>\n<li><span style=\"color: #000000;\"><strong>\u0110\u1ecba ch\u1ec9:<\/strong> S\u1ed1 496\/13 L\u00e3 Xu\u00e2n Oai, T\u1ed5 7, Khu ph\u1ed1 Ph\u01b0\u1edbc Hi\u1ec7p, Ph\u01b0\u1eddng Long Tr\u01b0\u1eddng, Qu\u1eadn 9, TP.HCM<\/span><\/li>\n<li><span class=\"text\" style=\"color: #000000;\"><strong>\u0110i\u1ec7n tho\u1ea1i:<\/strong> <span style=\"color: #ed1c24;\"><strong>0909.078.509<\/strong><\/span><\/span><\/li>\n<li><span class=\"text\" style=\"color: #000000;\"><strong> Email:<\/strong> <span style=\"color: #3366ff;\">hungthinhphatgenerator@gmail.com<\/span><\/span><\/li>\n<\/ul>\n","protected":false},"excerpt":{"rendered":"<ul class=\"mnv-infoproduct\">\n<li><strong>M\u00e3 s\u1ea3n ph\u1ea9m:<\/strong> \u00a0<span style=\"color: red;\">AVR GB-140<\/span><\/li>\n<li><strong>Gi\u00e1 b\u00e1n:<\/strong> <span style=\"color: red;\">LH: 0909.078.509<\/span><\/li>\n<li><strong>Xu\u1ea5t x\u1ee9:<\/strong> China<\/li>\n<li><strong>B\u1ea3o h\u00e0nh:<\/strong> 12 Th\u00e1ng<\/li>\n<\/ul>\n","protected":false},"featured_media":740,"comment_status":"open","ping_status":"closed","template":"","meta":[],"_links":{"self":[{"href":"https:\/\/hosting.conasi.vn\/w\/mayphatdien2011\/wp-json\/wp\/v2\/product\/739"}],"collection":[{"href":"https:\/\/hosting.conasi.vn\/w\/mayphatdien2011\/wp-json\/wp\/v2\/product"}],"about":[{"href":"https:\/\/hosting.conasi.vn\/w\/mayphatdien2011\/wp-json\/wp\/v2\/types\/product"}],"replies":[{"embeddable":true,"href":"https:\/\/hosting.conasi.vn\/w\/mayphatdien2011\/wp-json\/wp\/v2\/comments?post=739"}],"wp:featuredmedia":[{"embeddable":true,"href":"https:\/\/hosting.conasi.vn\/w\/mayphatdien2011\/wp-json\/wp\/v2\/media\/740"}],"wp:attachment":[{"href":"https:\/\/hosting.conasi.vn\/w\/mayphatdien2011\/wp-json\/wp\/v2\/media?parent=739"}],"curies":[{"name":"wp","href":"https:\/\/api.w.org\/{rel}","templated":true}]}}