{"id":699,"date":"2020-02-12T17:03:40","date_gmt":"2020-02-12T10:03:40","guid":{"rendered":"https:\/\/mayphatdienhungthinhphat.webdemo.vn\/?post_type=product&#038;p=699"},"modified":"2020-02-12T17:03:41","modified_gmt":"2020-02-12T10:03:41","slug":"bo-sac-ac-quy-lixise-lbc2405","status":"publish","type":"product","link":"https:\/\/hosting.conasi.vn\/w\/mayphatdien2011\/san-pham\/bo-sac-ac-quy-lixise-lbc2405\/","title":{"rendered":"B\u1ed9 s\u1ea1c \u00e1c quy Lixise LBC2405"},"content":{"rendered":"<p><strong>Gi\u1edbi thi\u00ea\u0323u sa\u0309n ph\u00e2\u0309m:<\/strong><\/p>\n<p>\u0110\u01b0\u1ee3c thi\u1ebft k\u1ebf cho \u0111\u1ed9ng c\u01a1 b\u1eaft \u0111\u1ea7u ho\u1ea1t \u0111\u1ed9ng c\u1ee7a pin s\u1ea1c, s\u1ea1c h\u01a1n. V\u1edbi \u0111i\u1ec7n \u00e1p kh\u00f4ng \u0111\u1ed5i, li\u00ean t\u1ee5c hi\u1ec7n t\u1ea1i, m\u1ed9t trickle n\u1ed5i, ho\u00e0n to\u00e0n t\u1ef1 \u0111\u1ed9ng d\u1eebng l\u1ea1i, ng\u1eafn m\u1ea1ch, \u0111\u1ea3o ng\u01b0\u1ee3c k\u1ebft n\u1ed1i, vv.<\/p>\n<p><strong>\u0110i\u1ec3m b\u00e1n h\u00e0ng:<\/strong><\/p>\n<p>C\u00f3 nhi\u1ec1u ph\u1ea7n s\u1ea1c, k\u00e9o d\u00e0i tu\u1ed5i th\u1ecd pin 30%;<\/p>\n<p>Kh\u00f4ng c\u00f3 ng\u1eafn m\u1ea1ch kh\u00e1ng chi\u1ebfn, s\u1ee9c \u0111\u1ec1 kh\u00e1ng \u0111\u1ec3 ch\u1ee9c n\u0103ng \u0111\u1ea3o ng\u01b0\u1ee3c;<\/p>\n<p>\u0110\u1ed9 tin c\u1eady cao, c\u00f3 th\u1ec3 ho\u1ea1t \u0111\u1ed9ng b\u00ecnh th\u01b0\u1eddng trong &#8211; 30 ~ 70 \u0111\u1ed9;<\/p>\n<p>C\u1ed9ng v\u1edbi: thay th\u1ebf m\u1ed9t n\u0103m, b\u1ea3o h\u00e0nh tr\u1ecdn \u0111\u1eddi;<\/p>\n<p><strong>T\u1ea1i sao b\u1ea1n ch\u1ecdn ch\u00fang t\u00f4i:<\/strong><\/p>\n<p>\u25cf\u00a0 \u00a0Nhi\u1ec1u ph\u1ea7n s\u1ea1c: \u0111i\u1ec7n \u00e1p kh\u00f4ng \u0111\u1ed5i, d\u00f2ng kh\u00f4ng \u0111\u1ed5i, ph\u00ed nh\u1ecf gi\u1ecdt, d\u1eebng t\u1ef1 \u0111\u1ed9ng ho\u00e0n to\u00e0n, k\u00e9o d\u00e0i tu\u1ed5i th\u1ecd pin l\u00ean 30%;<\/p>\n<p>\u25cf\u00a0 v\u1edbi c\u00e1c ch\u1ee9c n\u0103ng c\u1ee7a ng\u1eafn m\u1ea1ch kh\u00e1ng chi\u1ebfn, s\u1ee9c \u0111\u1ec1 kh\u00e1ng \u0111\u1ec3 \u0111\u1ea3o ng\u01b0\u1ee3c;<\/p>\n<p>\u25cf Ch\u1ec9\u00a0 b\u00e1o tr\u1ea1ng th\u00e1i s\u1ea1c LED, xem s\u1ebd bi\u1ebft li\u1ec7u ch\u00fang \u0111\u00e3 \u0111\u1ea7y hay ch\u01b0a;<\/p>\n<p>\u25cf\u00a0 V\u1edbi l\u1ed7i ti\u1ebfp x\u00fac \u0111\u1ea7u ra s\u1ea1c, c\u00f3 th\u1ec3 \u0111\u01b0\u1ee3c k\u1ebft n\u1ed1i v\u1edbi PLC, b\u1ed9 \u0111i\u1ec1u khi\u1ec3n m\u00e1y ph\u00e1t, v.v., nh\u1eadn ra b\u00e1o l\u1ed7i l\u1ed7i s\u1ea1c;<\/p>\n<p>\u25cf\u00a0 V\u1edbi ch\u1ee9c n\u0103ng BOOST l\u00ean \u0111i\u1ec7n \u00e1p, b\u1ed3i th\u01b0\u1eddng m\u00f9a \u0111\u00f4ng \u0111i\u1ec1n hi\u1ec7n t\u01b0\u1ee3ng kh\u00f4ng h\u00e0i l\u00f2ng;<\/p>\n<p>\u25cf\u00a0 \u0110\u1ed9 tin c\u1eady cao, c\u00f3 th\u1ec3 ho\u1ea1t \u0111\u1ed9ng \u1edf &#8211; 30 ~ 70 \u0111\u1ed9;<\/p>\n<p>\u25cf\u00a0 D\u1ea3i \u0111i\u1ec7n \u00e1p \u0111\u1ea7u v\u00e0o r\u1ed9ng: 100-265 vac.<\/p>\n<p>\u25cf\u00a0 S\u1eed d\u1ee5ng c\u1ea5u tr\u00fac m\u1ea1ch chuy\u1ec3n m\u1ea1ch, hi\u1ec7u su\u1ea5t cao t\u1edbi 86,7% @ 265 vac.<\/p>\n<p><strong>C\u1eeda s\u1ed5 6 l\u00f5i:<\/strong><\/p>\n<p>\u25cf\u00a0 Nhi\u1ec1u ph\u1ea7n s\u1ea1c: \u0111i\u1ec7n \u00e1p kh\u00f4ng \u0111\u1ed5i, d\u00f2ng kh\u00f4ng \u0111\u1ed5i, ph\u00ed nh\u1ecf gi\u1ecdt, d\u1eebng t\u1ef1 \u0111\u1ed9ng ho\u00e0n to\u00e0n, k\u00e9o d\u00e0i tu\u1ed5i th\u1ecd pin l\u00ean 30%;<\/p>\n<p>\u25cf\u00a0 B\u1ed9 s\u1ea1c c\u00f3 s\u1ee9c \u0111\u1ec1 kh\u00e1ng ho\u00e0n h\u1ea3o \u0111\u1ed1i v\u1edbi \u0111o\u1ea3n m\u1ea1ch v\u00e0 b\u1ea3o v\u1ec7 k\u1ebft n\u1ed1i ng\u01b0\u1ee3c, khi dung l\u01b0\u1ee3ng pin r\u1ea5t nh\u1ecf (kh\u00e1ng), t\u1ea3i ng\u1eafn m\u1ea1ch ho\u1eb7c b\u1ed9 s\u1ea1c k\u1ebft n\u1ed1i v\u1edbi ngu\u1ed3n \u0111i\u1ec7n \u0111\u1ec3 s\u1ea1c pin c\u00f9ng m\u1ed9t l\u00fac \u0111\u1ec3 kh\u1edfi \u0111\u1ed9ng \u0111\u1ed9ng c\u01a1 c\u00f9ng m\u1ed9t l\u00fac , v\u1eabn c\u00f2n cho hi\u1ec7n t\u1ea1i li\u00ean t\u1ee5c s\u1ea3n l\u01b0\u1ee3ng hi\u1ec7n t\u1ea1i m\u00e0 kh\u00f4ng c\u00f3 thi\u1ec7t h\u1ea1i, do \u0111\u00f3, khi pin l\u00e0 ngu\u1ed3n cung c\u1ea5p n\u0103ng l\u01b0\u1ee3ng b\u1eaft \u0111\u1ea7u c\u00f9ng m\u1ed9t l\u00fac, b\u1ed9 s\u1ea1c kh\u00f4ng th\u1ec3 ng\u1eaft k\u1ebft n\u1ed1i c\u00e1c bi\u1ec7n ph\u00e1p ;.<\/p>\n<p>\u25cf\u00a0 Ch\u1ec9 b\u00e1o tr\u1ea1ng th\u00e1i s\u1ea1c LED ch\u1ec9 b\u00e1o s\u1ea1c: m\u00e0u \u0111\u1ecf, \u00e1nh s\u00e1ng khi s\u1ea1c, \u0111\u1ea7y \u00e1nh s\u00e1ng ph\u00eda sau. \u0110\u00e8n ngu\u1ed3n m\u00e0u xanh l\u00e1 c\u00e2y<\/p>\n<p>\u25cf\u00a0 V\u1edbi s\u1ef1 th\u1ea5t b\u1ea1i giao di\u1ec7n \u0111\u1ea7u ra s\u1ea1c, c\u00f3 th\u1ec3 \u0111\u01b0\u1ee3c k\u1ebft n\u1ed1i v\u1edbi PLC, b\u1ed9 \u0111i\u1ec1u khi\u1ec3n m\u00e1y ph\u00e1t, ch\u1eb3ng h\u1ea1n nh\u01b0 b\u00e1o \u0111\u1ed9ng l\u1ed7i s\u1ea1c. Trong \u0111i\u1ec7n \u00e1p pin l\u01b0u tr\u1eef th\u1ea5p, ng\u1eafn m\u1ea1ch, kh\u00f4ng c\u00f3 m\u1ea5t \u0111i\u1ec7n ac nh\u01b0 hi\u1ec7u qu\u1ea3;<\/p>\n<p>\u25cf\u00a0 V\u1edbi ch\u1ee9c n\u0103ng BOOST l\u00ean \u0111i\u1ec7n \u00e1p, b\u1ed3i th\u01b0\u1eddng m\u00f9a \u0111\u00f4ng \u0111i\u1ec1n hi\u1ec7n t\u01b0\u1ee3ng kh\u00f4ng h\u00e0i l\u00f2ng;<\/p>\n<p>\u25cf\u00a0 ch\u1ee9c n\u0103ng b\u1ea3o v\u1ec7 qu\u00e1 nhi\u1ec7t. Khi nhi\u1ec7t \u0111\u1ed9 b\u00ean trong b\u1ea3o v\u1ec7 t\u1ef1 \u0111\u1ed9ng, tr\u1edf l\u1ea1i l\u00e0m vi\u1ec7c sau khi \u0111\u01b0\u1ee3c m\u00e1t m\u1ebb. \u0110\u1ea3m b\u1ea3o s\u1ef1 an to\u00e0n c\u1ee7a b\u1ed9 s\u1ea1c v\u00e0 pin;<\/p>\n<p><strong>TH\u00d4NG TIN S\u1ea2N PH\u1ea8M\u00a0 LIXISE LBC2405 :<\/strong><\/p>\n<p><img class=\"aligncenter\" src=\"https:\/\/mayphatdienhungthinhphat.webdemo.com\/wp-content\/uploads\/2020\/02\/bo-sac-ac-quy-lixise-lbc2405-699.jpg\" alt=\"thong-so-ky-thuat-sac-ac-quy-lixise-lbc2405\" \/><\/p>\n<p><img class=\"aligncenter\" src=\"https:\/\/mayphatdienhungthinhphat.webdemo.com\/wp-content\/uploads\/2020\/02\/bo-sac-ac-quy-lixise-lbc2405-699-1.jpg\" alt=\"so-do-dau-noi-sac-ac-quy-lixise-lbc2405\" \/><\/p>\n<hr \/>\n<p style=\"margin-bottom: 5px;\"><span style=\"color: #333399;\"><strong>C\u00d4NG TY TNHH SX &#8211; TM &#8211; XNK H\u01afNG TH\u1ecaNH PH\u00c1T<\/strong><\/span><\/p>\n<ul>\n<li><span style=\"color: #000000;\"><strong>\u0110\u1ecba ch\u1ec9:<\/strong> S\u1ed1 496\/13 L\u00e3 Xu\u00e2n Oai, T\u1ed5 7, Khu ph\u1ed1 Ph\u01b0\u1edbc Hi\u1ec7p, Ph\u01b0\u1eddng Long Tr\u01b0\u1eddng, Qu\u1eadn 9, TP.HCM<\/span><\/li>\n<li><span class=\"text\" style=\"color: #000000;\"><strong>\u0110i\u1ec7n tho\u1ea1i:<\/strong> <span style=\"color: #ed1c24;\"><strong>0909.078.509<\/strong><\/span><\/span><\/li>\n<li><span class=\"text\" style=\"color: #000000;\"><strong> Email:<\/strong> <span style=\"color: #3366ff;\">hungthinhphatgenerator@gmail.com<\/span><\/span><\/li>\n<\/ul>\n","protected":false},"excerpt":{"rendered":"<ul class=\"mnv-infoproduct\">\n<li><strong>M\u00e3 s\u1ea3n ph\u1ea9m:<\/strong> \u00a0<span style=\"color: red;\">LBC2405<\/span><\/li>\n<li><strong>Gi\u00e1 b\u00e1n:<\/strong> <span style=\"color: red;\">LH: 0909.078.509<\/span><\/li>\n<li><strong>Xu\u1ea5t x\u1ee9:<\/strong> China<\/li>\n<li><strong>B\u1ea3o h\u00e0nh:<\/strong> 12 Th\u00e1ng<\/li>\n<\/ul>\n","protected":false},"featured_media":700,"comment_status":"open","ping_status":"closed","template":"","meta":[],"_links":{"self":[{"href":"https:\/\/hosting.conasi.vn\/w\/mayphatdien2011\/wp-json\/wp\/v2\/product\/699"}],"collection":[{"href":"https:\/\/hosting.conasi.vn\/w\/mayphatdien2011\/wp-json\/wp\/v2\/product"}],"about":[{"href":"https:\/\/hosting.conasi.vn\/w\/mayphatdien2011\/wp-json\/wp\/v2\/types\/product"}],"replies":[{"embeddable":true,"href":"https:\/\/hosting.conasi.vn\/w\/mayphatdien2011\/wp-json\/wp\/v2\/comments?post=699"}],"wp:featuredmedia":[{"embeddable":true,"href":"https:\/\/hosting.conasi.vn\/w\/mayphatdien2011\/wp-json\/wp\/v2\/media\/700"}],"wp:attachment":[{"href":"https:\/\/hosting.conasi.vn\/w\/mayphatdien2011\/wp-json\/wp\/v2\/media?parent=699"}],"curies":[{"name":"wp","href":"https:\/\/api.w.org\/{rel}","templated":true}]}}