{"id":697,"date":"2020-02-12T17:00:51","date_gmt":"2020-02-12T10:00:51","guid":{"rendered":"https:\/\/mayphatdienhungthinhphat.webdemo.vn\/?post_type=product&#038;p=697"},"modified":"2020-02-12T17:00:51","modified_gmt":"2020-02-12T10:00:51","slug":"bo-sac-ac-quy-lixise-lbc2410","status":"publish","type":"product","link":"https:\/\/hosting.conasi.vn\/w\/mayphatdien2011\/san-pham\/bo-sac-ac-quy-lixise-lbc2410\/","title":{"rendered":"B\u1ed9 s\u1ea1c \u00e1c quy Lixise LBC2410"},"content":{"rendered":"<p><strong>Gi\u1edbi thi\u00ea\u0323u sa\u0309n ph\u00e2\u0309m:<\/strong><\/p>\n<p>LBC2410 lo\u1ea1t ba\u00a0\u00a0b\u1ed9\u00a0s\u1ea1c\u00a0m\u00e1y ph\u00e1t \u0111i\u1ec7n\u00a0float\u00a0\u00a0 l\u00e0 m\u1ed9t b\u1ed9 s\u1ea1c pin dc 200 xen k\u1ebd, \u0111\u1ea7y silicone v\u00e0 v\u1ecf nh\u00f4m thi\u1ebft k\u1ebf. N\u00f3 l\u00e0 l\u00ean \u0111\u1ebfn 95,5% hi\u1ec7u qu\u1ea3, b\u1eb1ng ch\u1ee9ng n\u01b0\u1edbc v\u00e0 t\u1eeb xa \u0111\u00f3ng th\u1ea5p kh\u00f4ng t\u1ea3i \u0111i\u1ec7n n\u0103ng ti\u00eau th\u1ee5 l\u00e0 \u00edt h\u01a1n 0,5 W. K\u1ebft h\u1ee3p v\u1edbi tr\u1ea1ng th\u00e1i ngh\u1ec7 thu\u1eadt v\u00e0 thi\u1ebft k\u1ebf, thi\u1ebft k\u1ebf kh\u00f4ng qu\u1ea1t LBC2410 c\u00f3 th\u1ec3 ho\u1ea1t \u0111\u1ed9ng \u1edf tr\u1ea1ng th\u00e1i rung cao 5 g, b\u1ee5i b\u1ea9n, \u1ea9m \u01b0\u1edbt v\u00e0 d\u1ea7u, nhi\u1ec1u t\u00ednh n\u0103ng kh\u00e1c bao g\u1ed3m \u0111i\u1ec7n \u00e1p \u0111\u1ea7u ra c\u00f3 th\u1ec3 \u0111i\u1ec1u ch\u1ec9nh \/ hi\u1ec7n t\u1ea1i v\u00e0 &#8211; 10 \u2103 ~ + 50 \u2103 ph\u1ea1m vi nhi\u1ec7t \u0111\u1ed9 l\u00e0m vi\u1ec7c.<\/p>\n<p><strong>T\u00ednh n\u0103ng s\u1ea3n ph\u1ea9m:<\/strong><\/p>\n<p>Tr\u1ed9n 3 ph\u1ea7n s\u1ea1c<br \/>\nTrong piecesExchange 115\/230 vac, chuy\u1ec3n sang switch<br \/>\nTrong piecesV\u1edbi ch\u1ee9c n\u0103ng PFC th\u1ee5 \u0111\u1ed9ng, ph\u00f9 h\u1ee3p v\u1edbi EN61000-3-2 Lo\u1ea1i A (t\u00f9y ch\u1ecdn)<br \/>\nTrong piecesProtection: ng\u1eafn m\u1ea1ch \/ ph\u00e2n c\u1ef1c ng\u01b0\u1ee3c \/ qu\u00e1 \u00e1p \/ nhi\u1ec7t \u0111\u1ed9<br \/>\nS\u1ea3n ph\u1ea9m l\u00e0m m\u00e1t b\u1eb1ng kh\u00f4ng kh\u00ed<br \/>\nTrong mi\u1ebfngS\u00edch h\u1ee3p cho pin ax\u00edt ch\u00ec<br \/>\nCh\u1ec9 b\u00e1o \u0111\u00e8n LED m\u00e0u<br \/>\nTheo t\u1eebng chi ph\u00ed th\u1ea5p, \u0111\u1ed9 tin c\u1eady cao<br \/>\nTrong pieces3 n\u0103m b\u1ea3o h\u00e0nh.<\/p>\n<p>Th\u00f4ng s\u1ed1 k\u1ef9 thu\u1eadt \u0110i\u1ec7n:<\/p>\n<table border=\"2\" width=\"633\" cellspacing=\"0\" cellpadding=\"0\">\n<tbody>\n<tr>\n<td>m\u00f4 h\u00ecnh<\/td>\n<td><\/td>\n<td>LBC2410-12<\/td>\n<td>LBC2410-24<\/td>\n<td>LBC2410-48<\/td>\n<\/tr>\n<tr>\n<td rowspan=\"7\">\u0110\u1ea7u ra<\/td>\n<td>\u0110i\u1ec7n \u00e1p xung<\/td>\n<td>14,4V<\/td>\n<td>28,8V<\/td>\n<td>57,6V<\/td>\n<\/tr>\n<tr>\n<td>\u0110i\u1ec7n \u00e1p ph\u00ed n\u1ed5i<\/td>\n<td>13,6V<\/td>\n<td>27,2V<\/td>\n<td>54,4V<\/td>\n<\/tr>\n<tr>\n<td>Ph\u1ea1m vi \u0111i\u1ec1u ch\u1ec9nh \u0111i\u1ec7n \u00e1p<\/td>\n<td>13 ~ 14.7V<\/td>\n<td>26 ~ 28,8V<\/td>\n<td>52 ~ 58,6V<\/td>\n<\/tr>\n<tr>\n<td>Dung l\u01b0\u1ee3ng pin \u0111\u01b0\u1ee3c \u0111\u1ec1 xu\u1ea5t (Ah)<\/td>\n<td>60 ~ 200Ah<\/td>\n<td>30 ~ 100Ah<\/td>\n<td>15 ~ 50Ah<\/td>\n<\/tr>\n<tr>\n<td>Lo\u1ea1i pin<\/td>\n<td colspan=\"3\">Pin ch\u00ec ax\u00edt ch\u00ec<\/td>\n<\/tr>\n<tr>\n<td>S\u1ea3n l\u01b0\u1ee3ng hi\u1ec7n t\u1ea1i.<\/td>\n<td>20,85A<\/td>\n<td>10.5A<\/td>\n<td>5,3A<\/td>\n<\/tr>\n<tr>\n<td>Li\u00ean t\u1ee5c s\u1ea3n l\u01b0\u1ee3ng hi\u1ec7n t\u1ea1i<\/td>\n<td>12.5A<\/td>\n<td>6,25A<\/td>\n<td>3.2A<\/td>\n<\/tr>\n<tr>\n<td rowspan=\"7\">\u0110\u1ea7u v\u00e0o<\/td>\n<td>Ph\u1ea1m vi \u0111i\u1ec7n \u00e1p<\/td>\n<td colspan=\"3\">90 ~ 132 vac \/ 180 ~ 132 (th\u00f4ng qua c\u00f4ng t\u1eafc) ho\u1eb7c 127 ~ 187 VDC \/ 254 ~ 187 VDC<\/td>\n<\/tr>\n<tr>\n<td>D\u1ea3i t\u1ea7n s\u1ed1<\/td>\n<td colspan=\"3\">47 ~ 63Hz<\/td>\n<\/tr>\n<tr>\n<td>H\u1ec7 s\u1ed1 c\u00f4ng su\u1ea5t (Typ.)<\/td>\n<td colspan=\"3\">Lo\u1ea1i (P&gt; 0,65) \/ 230 vac<\/td>\n<\/tr>\n<tr>\n<td>Hi\u1ec7u qu\u1ea3 (Typ.)<\/td>\n<td>85,00%<\/td>\n<td>86,00%<\/td>\n<td>88,00%<\/td>\n<\/tr>\n<tr>\n<td>D\u00f2ng \u0111i\u1ec7n xoay chi\u1ec1u (Typ.)<\/td>\n<td colspan=\"3\">6A \/ 115VAC 3A \/ 230VAC<\/td>\n<\/tr>\n<tr>\n<td>Surge hi\u1ec7n t\u1ea1i (Typ.)<\/td>\n<td colspan=\"3\">L\u1ea1nh b\u1eaft \u0111\u1ea7u m\u1ed9t 60<\/td>\n<\/tr>\n<tr>\n<td>R\u00f2 r\u1ec9 hi\u1ec7n t\u1ea1i<\/td>\n<td colspan=\"3\">&lt;3.5mA \/ 240VAC<\/td>\n<\/tr>\n<tr>\n<td rowspan=\"4\">\u0110\u1ec3 b\u1ea3o v\u1ec7<\/td>\n<td>M\u1ed9t \u0111o\u1ea1n ng\u1eafn m\u1ea1ch<\/td>\n<td colspan=\"3\">\u0110\u1ea7u ra thi\u1ebft b\u1ecb \u0111\u1ea7u cu\u1ed1i v\u1edbi c\u1ea7u ch\u00ec (FS100) \u0111\u1ec3 l\u00e0m b\u1ea3o v\u1ec7 ng\u1eafn m\u1ea1ch, \u0111\u00f3ng c\u1eeda sau khi \u0111i\u1ec7n \u00e1p \u0111\u1ea7u ra kh\u00f4ng th\u1ec3 kh\u1edfi \u0111\u1ed9ng l\u1ea1i<\/td>\n<\/tr>\n<tr>\n<td rowspan=\"2\">qu\u00e1 \u00e1p<\/td>\n<td>16 ~ 18V<\/td>\n<td>31 ~ 35V<\/td>\n<td>59 ~ 64V<\/td>\n<\/tr>\n<tr>\n<td colspan=\"3\">Ch\u1ebf \u0111\u1ed9 b\u1ea3o v\u1ec7: \u0111i\u1ec7n \u00e1p \u0111\u1ea7u ra, kh\u1edfi \u0111\u1ed9ng l\u1ea1i sau khi ph\u1ee5c h\u1ed3i<\/td>\n<\/tr>\n<tr>\n<td>Nhi\u1ec7t \u0111\u1ed9<\/td>\n<td colspan=\"3\">Ch\u1ebf \u0111\u1ed9 \u0111\u01b0\u1ee3c b\u1ea3o v\u1ec7: t\u1ef1 \u0111\u1ed9ng gi\u1ea3m d\u00f2ng s\u1ea1c xu\u1ed1ng 0<\/td>\n<\/tr>\n<tr>\n<td>ch\u1ee9c n\u0103ng<\/td>\n<td>\u0110i\u1ec1u khi\u1ec3n t\u1eeb xa (CN5)<\/td>\n<td colspan=\"3\">Ng\u1eafn m\u1ea1ch khi m\u1edf: b\u00ecnh th\u01b0\u1eddng l\u00e0m vi\u1ec7c: ng\u1eebng s\u1ea1c<\/td>\n<\/tr>\n<tr>\n<td rowspan=\"5\">M\u00f4i tr\u01b0\u1eddng<\/td>\n<td>Nhi\u1ec7t \u0111\u1ed9 l\u00e0m vi\u1ec7c<\/td>\n<td colspan=\"3\">&#8211; 10 ~ + 50 \u2103 (vui l\u00f2ng tham kh\u1ea3o &#8220;\u0111\u01b0\u1eddng cong kh\u1ea5u tr\u1eeb&#8221;)<\/td>\n<\/tr>\n<tr>\n<td>\u0110\u1ed9 \u1ea9m l\u00e0m vi\u1ec7c<\/td>\n<td colspan=\"3\">20 ~ 95% RH, kh\u00f4ng ng\u01b0ng t\u1ee5<\/td>\n<\/tr>\n<tr>\n<td>Nhi\u1ec7t \u0111\u1ed9 l\u01b0u tr\u1eef v\u00e0 \u0111\u1ed9 \u1ea9m<\/td>\n<td colspan=\"3\">\u201440 ~ + 85 \u2103 \uff0c 10- ~ 95% RH<\/td>\n<\/tr>\n<tr>\n<td>H\u1ec7 s\u1ed1 nhi\u1ec7t \u0111\u1ed9 c\u1ee7a<\/td>\n<td colspan=\"3\">C\u1ed9ng ho\u1eb7c tr\u1eeb 0,05% \/ \u2103 (0 ~ 45 \u2103)<\/td>\n<\/tr>\n<tr>\n<td>Kh\u1ea3 n\u0103ng ch\u1ed1ng rung<\/td>\n<td colspan=\"3\">10 ~ 500 hz, 2 g \/ 10 ph\u00fat chu k\u1ef3, X, Y, Z m\u1ed7i 60 ph\u00fat m\u1ed9t l\u1ea7n<\/td>\n<\/tr>\n<tr>\n<td rowspan=\"5\">An to\u00e0n v\u00e0 t\u01b0\u01a1ng th\u00edch \u0111i\u1ec7n t\u1eeb (l\u01b0u \u00fd 3)<\/td>\n<td>Ti\u00eau chu\u1ea9n an to\u00e0n<\/td>\n<td colspan=\"3\">IEC60335-2-29 CB (ngo\u1ea1i tr\u1eeb 48 v), ch\u1ee9ng nh\u1eadn UL60950-1 th\u00f4ng qua<\/td>\n<\/tr>\n<tr>\n<td>s\u1ee9c \u00e9p<\/td>\n<td colspan=\"3\">I \/ PO \/ P: 3KVAC I \/ P-FG: 2KVAC O \/ P-FG: 0.5KVAC<\/td>\n<\/tr>\n<tr>\n<td>Tr\u1edf kh\u00e1ng c\u00e1ch \u0111i\u1ec7n<\/td>\n<td colspan=\"3\">I \/ PO \/ P \uff0c I \/ P-FG, O \/ P-FG: 100M Ohms \/ 500VDC \/ 25 \u2103 \/ 70% RH<\/td>\n<\/tr>\n<tr>\n<td>Emc ph\u00e1t th\u1ea3i<\/td>\n<td colspan=\"3\">\u0110\u00e1p \u1ee9ng EN55022 (CISPR22) lo\u1ea1i B, EN61000-3-2-3 (ch\u1ec9 lo\u1ea1i P)<\/td>\n<\/tr>\n<tr>\n<td>Emc mi\u1ec5n d\u1ecbch<\/td>\n<td colspan=\"3\">Ph\u00f9 h\u1ee3p v\u1edbi EN6100-4-2,3,4,5,6,8,11 EN55024, ti\u00eau chu\u1ea9n c\u00f4ng nghi\u1ec7p nh\u1eb9 lo\u1ea1i A<\/td>\n<\/tr>\n<tr>\n<td rowspan=\"3\">kh\u00e1c<\/td>\n<td>MTBF<\/td>\n<td colspan=\"3\">\u22657115.8Khrs MIL-HDBK-217F (25 \u2103)<\/td>\n<\/tr>\n<tr>\n<td>k\u00edch th\u01b0\u1edbc<\/td>\n<td colspan=\"3\">253 * 135 * 48,5mm (L * W * H)<\/td>\n<\/tr>\n<tr>\n<td>bao b\u00ec<\/td>\n<td colspan=\"3\">1.45KG; 6 c\u00e1i \/ 9.7Kg \/ 0.95CUFT<\/td>\n<\/tr>\n<tr>\n<td>ch\u00fa th\u00edch<\/td>\n<td colspan=\"4\">1. N\u1ebfu kh\u00f4ng quy \u0111\u1ecbnh kh\u00e1c, t\u1ea5t c\u1ea3 c\u00e1c th\u00f4ng s\u1ed1 k\u1ef9 thu\u1eadt v\u00e0 c\u00e1c th\u00f4ng s\u1ed1 trong \u0111\u1ea7u v\u00e0o l\u00e0 230 vac, t\u1ea3i tr\u1ecdng \u0111\u1ecbnh m\u1ee9c, 25 \u2103 \u0111o nhi\u1ec7t \u0111\u1ed9 m\u00f4i tr\u01b0\u1eddng xung quanh.<br \/>\n2. C\u00e1c ph\u01b0\u01a1ng ph\u00e1p \u0111o g\u1ee3n s\u00f3ng v\u00e0 ti\u1ebfng \u1ed3n: s\u1eed d\u1ee5ng c\u00e1p xo\u1eafn \u0111\u00f4i 12 &#8220;, thi\u1ebft b\u1ecb \u0111\u1ea7u cu\u1ed1i \u0111\u1ebfn 0,1 uf \u0111i\u1ec7n dung song song c\u00f9ng m\u1ed9t l\u00fac, trong ph\u00e9p \u0111o b\u0103ng th\u00f4ng 20 MHZ.<br \/>\n3. \u0110\u1ed9 ch\u00ednh x\u00e1c: ch\u1ee9a l\u1ed7i thi\u1ebft l\u1eadp, \u0111i\u1ec1u ch\u1ec9nh tuy\u1ebfn t\u00ednh v\u00e0 \u0111i\u1ec1u ch\u1ec9nh t\u1ea3i .<br \/>\n4. s\u1ee9c m\u1ea1nh \u0111\u01b0\u1ee3c coi l\u00e0 m\u1ed9t ph\u1ea7n c\u1ee7a c\u00e1c th\u00e0nh ph\u1ea7n h\u1ec7 th\u1ed1ng, emc x\u00e1c nh\u1eadn li\u00ean quan ph\u1ea3i \u0111\u01b0\u1ee3c th\u1ef1c hi\u1ec7n k\u1ebft h\u1ee3p v\u1edbi c\u00e1c thi\u1ebft b\u1ecb \u0111\u1ea7u cu\u1ed1i.<br \/>\n5. Ki\u1ec3m tra nhi\u1ec7t \u0111\u1ed9 25 \u2103, s\u1ea1c hi\u1ec7n t\u1ea1i \u1edf nhi\u1ec7t \u0111\u1ed9 kh\u00e1c nhau s\u1ebd c\u00f3 nh\u1eefng thay \u0111\u1ed5i.<br \/>\n6. ph\u1ea1m vi hi\u1ec7n t\u1ea1i s\u1ea1c t\u1ed1i \u0111a l\u00e0 90 ~ 110% c\u1ee7a s\u1ea3n l\u01b0\u1ee3ng \u0111\u00e1nh gi\u00e1 hi\u1ec7n t\u1ea1i.<\/td>\n<\/tr>\n<\/tbody>\n<\/table>\n<hr \/>\n<p style=\"margin-bottom: 5px;\"><span style=\"color: #333399;\"><strong>C\u00d4NG TY TNHH SX &#8211; TM &#8211; XNK H\u01afNG TH\u1ecaNH PH\u00c1T<\/strong><\/span><\/p>\n<ul>\n<li><span style=\"color: #000000;\"><strong>\u0110\u1ecba ch\u1ec9:<\/strong> S\u1ed1 496\/13 L\u00e3 Xu\u00e2n Oai, T\u1ed5 7, Khu ph\u1ed1 Ph\u01b0\u1edbc Hi\u1ec7p, Ph\u01b0\u1eddng Long Tr\u01b0\u1eddng, Qu\u1eadn 9, TP.HCM<\/span><\/li>\n<li><span class=\"text\" style=\"color: #000000;\"><strong>\u0110i\u1ec7n tho\u1ea1i:<\/strong> <span style=\"color: #ed1c24;\"><strong>0909.078.509<\/strong><\/span><\/span><\/li>\n<li><span class=\"text\" style=\"color: #000000;\"><strong> Email:<\/strong> <span style=\"color: #3366ff;\">hungthinhphatgenerator@gmail.com<\/span><\/span><\/li>\n<\/ul>\n","protected":false},"excerpt":{"rendered":"<ul class=\"mnv-infoproduct\">\n<li><strong>M\u00e3 s\u1ea3n ph\u1ea9m:<\/strong> \u00a0<span style=\"color: red;\">LBC2410<\/span><\/li>\n<li><strong>Gi\u00e1 b\u00e1n:<\/strong> <span style=\"color: red;\">LH: 0909.078.509<\/span><\/li>\n<li><strong>Xu\u1ea5t x\u1ee9:<\/strong> China<\/li>\n<li><strong>B\u1ea3o h\u00e0nh:<\/strong> 12 Th\u00e1ng<\/li>\n<\/ul>\n","protected":false},"featured_media":698,"comment_status":"open","ping_status":"closed","template":"","meta":[],"_links":{"self":[{"href":"https:\/\/hosting.conasi.vn\/w\/mayphatdien2011\/wp-json\/wp\/v2\/product\/697"}],"collection":[{"href":"https:\/\/hosting.conasi.vn\/w\/mayphatdien2011\/wp-json\/wp\/v2\/product"}],"about":[{"href":"https:\/\/hosting.conasi.vn\/w\/mayphatdien2011\/wp-json\/wp\/v2\/types\/product"}],"replies":[{"embeddable":true,"href":"https:\/\/hosting.conasi.vn\/w\/mayphatdien2011\/wp-json\/wp\/v2\/comments?post=697"}],"wp:featuredmedia":[{"embeddable":true,"href":"https:\/\/hosting.conasi.vn\/w\/mayphatdien2011\/wp-json\/wp\/v2\/media\/698"}],"wp:attachment":[{"href":"https:\/\/hosting.conasi.vn\/w\/mayphatdien2011\/wp-json\/wp\/v2\/media?parent=697"}],"curies":[{"name":"wp","href":"https:\/\/api.w.org\/{rel}","templated":true}]}}