{"id":693,"date":"2020-02-12T16:56:14","date_gmt":"2020-02-12T09:56:14","guid":{"rendered":"https:\/\/mayphatdienhungthinhphat.webdemo.vn\/?post_type=product&#038;p=693"},"modified":"2020-02-12T16:56:14","modified_gmt":"2020-02-12T09:56:14","slug":"bo-sac-ac-quy-lixise-lbc2403","status":"publish","type":"product","link":"https:\/\/hosting.conasi.vn\/w\/mayphatdien2011\/san-pham\/bo-sac-ac-quy-lixise-lbc2403\/","title":{"rendered":"B\u1ed9 s\u1ea1c \u00e1c quy Lixise LBC2403"},"content":{"rendered":"<p>\u0110\u01b0\u1ee3c thi\u1ebft k\u1ebf cho \u0111\u1ed9ng c\u01a1 \u0111\u1ec3 b\u1eaft \u0111\u1ea7u ch\u1ea1y thi\u1ebft k\u1ebf s\u1ea1c pin, s\u1ea1c nhi\u1ec1u giai \u0111o\u1ea1n. V\u1edbi \u00e1p su\u1ea5t kh\u00f4ng \u0111\u1ed5i, li\u00ean t\u1ee5c hi\u1ec7n t\u1ea1i, nh\u1ecf gi\u1ecdt phao, \u0111\u1ea7y \u0111\u1ee7 c\u1ee7a t\u1ef1 ng\u1eebng, ch\u1ed1ng ng\u1eafn m\u1ea1ch, ng\u01b0\u1ee3c l\u1ea1i v\u00e0 c\u00e1c ch\u1ee9c n\u0103ng kh\u00e1c.<\/p>\n<ol>\n<li>ph\u00ed nhi\u1ec1u giai \u0111o\u1ea1n, k\u00e9o d\u00e0i tu\u1ed5i th\u1ecd pin 30%;<\/li>\n<li>v\u1edbi ch\u1ed1ng ng\u1eafn m\u1ea1ch, ch\u1ed1ng ng\u01b0\u1ee3c ch\u1ee9c n\u0103ng;<\/li>\n<li>\u00a0\u0111\u1ed9 tin c\u1eady cao, trong -30 ~ 70 \u0111\u1ed9 c\u00f3 th\u1ec3 ho\u1ea1t \u0111\u1ed9ng t\u1ed1t;<\/li>\n<li>\u00a0c\u1ed9ng th\u00eam: thay th\u1ebf m\u1ed9t n\u0103m, b\u1ea3o hi\u1ec3m nh\u00e2n th\u1ecd;<\/li>\n<\/ol>\n<p><strong>T\u1ea1i sao ch\u1ecdn ch\u00fang t\u00f4I<\/strong><\/p>\n<p>\u25cf s\u1ea1c nhi\u1ec1u giai \u0111o\u1ea1n: \u00e1p su\u1ea5t kh\u00f4ng \u0111\u1ed5i, d\u00f2ng kh\u00f4ng \u0111\u1ed5i, phao nh\u1ecf gi\u1ecdt, \u0111\u1ea7y t\u1ef1 d\u1eebng, tu\u1ed5i th\u1ecd pin k\u00e9o d\u00e0i 30%;<\/p>\n<p>\u25cf ch\u1ed1ng ng\u1eafn m\u1ea1ch, ch\u1ed1ng \u0111\u1ea3o ng\u01b0\u1ee3c ch\u1ee9c n\u0103ng;<\/p>\n<p>\u25cf Ch\u1ec9 b\u00e1o tr\u1ea1ng th\u00e1i s\u1ea1c LED, m\u1ed9t c\u00e1i nh\u00ecn \u0111\u1ec3 bi\u1ebft li\u1ec7u n\u00f3 c\u00f3 \u0111\u1ea7y hay kh\u00f4ng;<\/p>\n<p>\u25cf V\u1edbi c\u00e1c \u0111\u1ea7u ti\u1ebfp \u0111i\u1ec3m \u0111\u1ea7u ra b\u1ecb l\u1ed7i, c\u00f3 th\u1ec3 \u0111\u01b0\u1ee3c k\u1ebft n\u1ed1i v\u1edbi PLC, b\u1ed9 \u0111i\u1ec1u khi\u1ec3n m\u00e1y ph\u00e1t, v.v., \u0111\u1ec3 \u0111\u1ea1t \u0111\u01b0\u1ee3c b\u00e1o \u0111\u1ed9ng l\u1ed7i s\u1ea1c;<\/p>\n<p>\u25cf BOOST v\u1edbi ch\u1ee9c n\u0103ng \u0111i\u1ec7n \u00e1p, b\u1ed3i th\u01b0\u1eddng cho hi\u1ec7n t\u01b0\u1ee3ng m\u00f9a \u0111\u00f4ng \u0111\u1ea7y b\u1ea5t m\u00e3n;<\/p>\n<p>\u25cf \u0111\u1ed9 tin c\u1eady cao, trong -30 ~ 70 \u0111\u1ed9 c\u00f3 th\u1ec3 ho\u1ea1t \u0111\u1ed9ng b\u00ecnh th\u01b0\u1eddng;<\/p>\n<p>\u25cf D\u1ea3i \u0111i\u1ec7n \u00e1p \u0111\u1ea7u v\u00e0o r\u1ed9ng: 100-265VAC;<\/p>\n<p>\u25cf V\u1edbi c\u1ea5u tr\u00fac m\u1ea1ch chuy\u1ec3n m\u1ea1ch, hi\u1ec7u su\u1ea5t l\u00ean t\u1edbi 86,7% @ 265VAC;<\/p>\n<p><strong>6 \u0111i\u1ec3m n\u1ed5i b\u1eadt c\u1ed1t l\u00f5i l\u1edbn:<\/strong><\/p>\n<p>\u25cf s\u1ea1c nhi\u1ec1u giai \u0111o\u1ea1n: \u00e1p su\u1ea5t kh\u00f4ng \u0111\u1ed5i, d\u00f2ng kh\u00f4ng \u0111\u1ed5i, phao nh\u1ecf gi\u1ecdt, \u0111\u1ea7y t\u1ef1 d\u1eebng, tu\u1ed5i th\u1ecd pin k\u00e9o d\u00e0i 30%;<\/p>\n<p>\u25cf B\u1ed9 s\u1ea1c c\u00f3 m\u1ea1ch ch\u1ed1ng ng\u1eafn ho\u00e0n h\u1ea3o v\u00e0 b\u1ea3o v\u1ec7 ph\u00e2n c\u1ef1c ng\u01b0\u1ee3c, khi dung l\u01b0\u1ee3ng pin r\u1ea5t l\u1edbn (kh\u00e1ng n\u1ed9i b\u1ed9 r\u1ea5t nh\u1ecf), t\u1ea3i ng\u1eafn m\u1ea1ch ho\u1eb7c b\u1ed9 s\u1ea1c \u0111\u01b0\u1ee3c k\u1ebft n\u1ed1i v\u1edbi ngu\u1ed3n \u0111i\u1ec7n trong khi pin c\u00f9ng l\u00fac v\u1edbi Kai<\/p>\n<p>\u0110\u1ed9ng c\u01a1 diesel \u0111\u1ed9ng, \u0111\u1ea7u ra hi\u1ec7n t\u1ea1i v\u1eabn l\u00e0 d\u00f2ng \u0111i\u1ec7n kh\u00f4ng \u0111\u1ed5i m\u00e0 kh\u00f4ng b\u1ecb h\u01b0 h\u1ea1i, v\u00ec v\u1eady khi pin kh\u1edfi \u0111\u1ed9ng c\u00f9ng l\u00fac th\u00ec b\u1ed9 s\u1ea1c c\u00f3 th\u1ec3 kh\u00f4ng ph\u1ea3i ng\u1eaft k\u1ebft n\u1ed1i;<\/p>\n<p>\u25cf Ch\u1ec9 b\u00e1o tr\u1ea1ng th\u00e1i s\u1ea1c LED: m\u00e0u \u0111\u1ecf cho ch\u1ec9 b\u00e1o s\u1ea1c, \u0111\u00e8n b\u00e1o s\u1ea1c, \u0111\u1ea7y \u0111\u00e8n t\u1eaft. Xanh l\u1ee5c cho ch\u1ec9 b\u00e1o ngu\u1ed3n;<\/p>\n<p>\u25cf V\u1edbi giao di\u1ec7n \u0111\u1ea7u ra l\u1ed7i s\u1ea1c, c\u00f3 th\u1ec3 \u0111\u01b0\u1ee3c k\u1ebft n\u1ed1i v\u1edbi PLC, b\u1ed9 \u0111i\u1ec1u khi\u1ec3n m\u00e1y ph\u00e1t, v.v., \u0111\u1ec3 \u0111\u1ea1t \u0111\u01b0\u1ee3c b\u00e1o \u0111\u1ed9ng l\u1ed7i s\u1ea1c. Trong pin \u0111i\u1ec7n \u00e1p th\u1ea5p, ng\u01b0\u1ee3c, ng\u1eafn m\u1ea1ch, kh\u00f4ng c\u00f3 ngu\u1ed3n \u0111i\u1ec7n AC v\u00e0 c\u00e1c h\u01b0 h\u1ecfng kh\u00e1c<\/p>\n<p><strong>\u00a0 \u00a0 \u00a0C\u00f3 hi\u1ec7u l\u1ef1c;<\/strong><\/p>\n<p>\u25cf BOOST v\u1edbi ch\u1ee9c n\u0103ng \u0111i\u1ec7n \u00e1p, b\u1ed3i th\u01b0\u1eddng cho hi\u1ec7n t\u01b0\u1ee3ng m\u00f9a \u0111\u00f4ng \u0111\u1ea7y b\u1ea5t m\u00e3n;<\/p>\n<p>\u25cf Ch\u1ee9c n\u0103ng b\u1ea3o v\u1ec7 qu\u00e1 nhi\u1ec7t. Khi nhi\u1ec7t \u0111\u1ed9 m\u00e1y qu\u00e1 t\u1ef1 \u0111\u1ed9ng \u0111\u01b0\u1ee3c b\u1ea3o v\u1ec7 cho \u0111\u1ebfn khi nhi\u1ec7t \u0111\u1ed9 gi\u1ea3m sau khi n\u1ed1i l\u1ea1i c\u00f4ng vi\u1ec7c. \u0110\u1ec3 \u0111\u1ea3m b\u1ea3o s\u1ef1 an to\u00e0n c\u1ee7a b\u1ed9 s\u1ea1c v\u00e0 pin;<\/p>\n<p><strong>Ch\u1ea5t li\u1ec7u s\u1ea3n ph\u1ea9m v\u00e0 quy tr\u00ecnh M\u00f4 t\u1ea3:<\/strong><\/p>\n<p>1, Hoa K\u1ef3 nh\u1eadp kh\u1ea9u ch\u00ednh IC, c\u00f4ng ngh\u1ec7 l\u00e3o h\u00f3a;<\/p>\n<p>2, ph\u1ea1m vi \u0111i\u1ec7n \u00e1p \u0111\u1ea7u v\u00e0o: 100-265VAC<\/p>\n<p>3, s\u1eed d\u1ee5ng c\u1ea5u tr\u00fac m\u1ea1ch cung c\u1ea5p \u0111i\u1ec7n chuy\u1ec3n m\u1ea1ch, hi\u1ec7u qu\u1ea3 l\u00ean \u0111\u1ebfn 87,8% @ 265VAC<\/p>\n<p>4, theo 100V t\u1ed1i \u0111a hi\u1ec7n t\u1ea1i li\u00ean t\u1ee5c l\u00e3o h\u00f3a 12 gi\u1edd \u0111\u1ec3 \u0111\u1ea3m b\u1ea3o r\u1eb1ng s\u1ea3n ph\u1ea9m \u1ed5n \u0111\u1ecbnh v\u00e0 \u0111\u00e1ng tin c\u1eady<\/p>\n<p>&#8212;&#8212;&#8212;&#8212;&#8212;&#8212;&#8212;&#8212;&#8212;&#8212;&#8212;&#8212;&#8212;&#8212;&#8212;&#8212;&#8212;&#8212;&#8212;&#8211;<\/p>\n<p style=\"margin-bottom: 5px;\"><span style=\"color: #333399;\"><strong>C\u00d4NG TY TNHH SX &#8211; TM &#8211; XNK H\u01afNG TH\u1ecaNH PH\u00c1T<\/strong><\/span><\/p>\n<ul>\n<li><span style=\"color: #000000;\"><strong>\u0110\u1ecba ch\u1ec9:<\/strong> S\u1ed1 496\/13 L\u00e3 Xu\u00e2n Oai, T\u1ed5 7, Khu ph\u1ed1 Ph\u01b0\u1edbc Hi\u1ec7p, Ph\u01b0\u1eddng Long Tr\u01b0\u1eddng, Qu\u1eadn 9, TP.HCM<\/span><\/li>\n<li><span class=\"text\" style=\"color: #000000;\"><strong>\u0110i\u1ec7n tho\u1ea1i:<\/strong> <span style=\"color: #ed1c24;\"><strong>0909.078.509<\/strong><\/span><\/span><\/li>\n<li><span class=\"text\" style=\"color: #000000;\"><strong> Email:<\/strong> <span style=\"color: #3366ff;\">hungthinhphatgenerator@gmail.com<\/span><\/span><\/li>\n<\/ul>\n","protected":false},"excerpt":{"rendered":"<ul class=\"mnv-infoproduct\">\n<li><strong>M\u00e3 s\u1ea3n ph\u1ea9m:<\/strong> LBC2403<\/li>\n<li><strong>Gi\u00e1 b\u00e1n:<\/strong> <span style=\"color: red;\">LH: 0909.078.509<\/span><\/li>\n<li><strong>Xu\u1ea5t x\u1ee9:<\/strong> China<\/li>\n<li><strong>B\u1ea3o h\u00e0nh:<\/strong> 12 Th\u00e1ng<\/li>\n<\/ul>\n","protected":false},"featured_media":694,"comment_status":"open","ping_status":"closed","template":"","meta":[],"_links":{"self":[{"href":"https:\/\/hosting.conasi.vn\/w\/mayphatdien2011\/wp-json\/wp\/v2\/product\/693"}],"collection":[{"href":"https:\/\/hosting.conasi.vn\/w\/mayphatdien2011\/wp-json\/wp\/v2\/product"}],"about":[{"href":"https:\/\/hosting.conasi.vn\/w\/mayphatdien2011\/wp-json\/wp\/v2\/types\/product"}],"replies":[{"embeddable":true,"href":"https:\/\/hosting.conasi.vn\/w\/mayphatdien2011\/wp-json\/wp\/v2\/comments?post=693"}],"wp:featuredmedia":[{"embeddable":true,"href":"https:\/\/hosting.conasi.vn\/w\/mayphatdien2011\/wp-json\/wp\/v2\/media\/694"}],"wp:attachment":[{"href":"https:\/\/hosting.conasi.vn\/w\/mayphatdien2011\/wp-json\/wp\/v2\/media?parent=693"}],"curies":[{"name":"wp","href":"https:\/\/api.w.org\/{rel}","templated":true}]}}