{"id":662,"date":"2020-02-11T18:48:47","date_gmt":"2020-02-11T11:48:47","guid":{"rendered":"https:\/\/mayphatdienhungthinhphat.webdemo.vn\/?post_type=product&#038;p=662"},"modified":"2020-02-11T18:48:47","modified_gmt":"2020-02-11T11:48:47","slug":"bo-dieu-toc-dien-tu-cummins-3044195","status":"publish","type":"product","link":"https:\/\/hosting.conasi.vn\/w\/mayphatdien2011\/san-pham\/bo-dieu-toc-dien-tu-cummins-3044195\/","title":{"rendered":"B\u1ed9 \u0111i\u1ec1u t\u1ed1c \u0111i\u1ec7n t\u1eed Cummins 3044195"},"content":{"rendered":"<p><span style=\"color: #ff0000;\"><strong>I. M\u00f4 t\u1ea3 S\u1ea3n ph\u1ea9m Cummins 3044195<\/strong><\/span><\/p>\n<p>Ch\u00fang t\u00f4i c\u0169ng cung c\u1ea5p c\u00e1c b\u1ed9 \u0111i\u1ec1u khi\u1ec3n t\u1ed1c \u0111\u1ed9 kh\u00e1c nh\u01b0 sau:<br \/>\nCummins:3037359; 3044196;3062322; 4914090;4914091; 3032733; 3044195; 3098693.<br \/>\nGAC:ESD5500E; ESD5522E; ESD5111; ESD5550E OEM c\u00f3 s\u1eb5n.<\/p>\n<p><em>\u0110\u1ec3 bi\u1ebft th\u00eam th\u00f4ng tin, vui l\u00f2ng \u0111\u1eebng ng\u1ea7n ng\u1ea1i li\u00ean l\u1ea1c v\u1edbi ch\u00fang t\u00f4i : <strong>0909.078.509<\/strong><\/em><\/p>\n<p><span style=\"color: #ff0000;\"><strong>II. \u0110\u1eb6C \u0110I\u1ec2M K\u1ef8 THU\u1eacT :<\/strong><\/span><\/p>\n<p>\u0110\u1ed9 \u1ed5n \u0111\u1ecbnh RPM: &lt;\u00b1 0.25%<br \/>\nT\u1ed1c \u0111\u1ed9 T\u1ed1c \u0111\u1ed9: 1KHz ~ 6.5KHz<br \/>\nNhi\u1ec7t \u0111\u1ed9 \u1ed5n \u0111\u1ecbnh: T\u1ed1i \u0111a \u00b1 0.7%<br \/>\nQuy \u0111\u1ecbnh IDLE: 260 \u00b1 20Hz<\/p>\n<p><strong>QUY \u0110\u1ecaNH DROOP:<\/strong><\/p>\n<p>T\u1ed1i thi\u1ec3u 15Hz \u00b1 6Hz \/ 1 Amp<br \/>\nT\u1ed1i \u0111a: 400Hz \u00b1 75Hz \/ 1 Amp<br \/>\nQuy \u0111\u1ecbnh t\u1ed1c \u0111\u1ed9 b\u00ean ngo\u00e0i: \u00b1 200Hz (v\u1edbi k\u1ebft n\u1ed1i 1K\u03a9)<br \/>\n\u0110\u1ed9 nh\u1ea1y \u0111\u1ea7u v\u00e0o AUX: 148Hz \/ 1V, \u00b1 10Hz<br \/>\nTr\u1edf kh\u00e1ng: 1M\u03a9<br \/>\nNhi\u1ec7t \u0111\u1ed9 l\u00e0m vi\u1ec7c Nhi\u1ec7t \u0111\u1ed9: -40 ~ 85 \u00b0 C<\/p>\n<p><strong>M\u00d4I TR\u01af\u1edcNG:<\/strong><\/p>\n<p>Ph\u1ea1m vi \u0111\u1ed9 \u1ea9m l\u00e0m vi\u1ec7c: T\u1ed1i \u0111a 95%<br \/>\nNhi\u1ec7t \u0111\u1ed9 d\u1ef1 tr\u1eef: -55 ~ 92 \u00b0 C<br \/>\nCh\u1ea5n \u0111\u1ed9ng: 20-100Hz 500mm \/ gi\u00e2y.<\/p>\n<p><span style=\"color: #ff0000;\"><strong>III. T\u1ea0I SAO B\u1ea0N N\u00caN MUA PH\u1ee4 T\u00d9NG M\u00c1Y PH\u00c1T \u0110I\u1ec6N C\u1ee6A CH\u00daNG T\u00d4I :<\/strong><\/span><\/p>\n<p>1. \u0110\u1ea7u ti\u00ean b\u1ea1n s\u1ebd c\u1ea3m nh\u1eadn \u0111\u01b0\u1ee3c s\u1ef1 t\u01b0 v\u1ea5n nhi\u1ec7t t\u00ecnh v\u1edbi ki\u1ebfn th\u1ee9c chuy\u00ean m\u00f4n v\u00e0 kinh nghi\u1ec7m 25 n\u0103m trong l\u0129nh v\u1ef1c b\u00e1n linh ph\u1ee5 ki\u1ec7n m\u00e1y ph\u00e1t \u0111i\u1ec7n<br \/>\n2. C\u00f4ng ty ch\u00fang t\u00f4i l\u00e0 nh\u00e0 ph\u00e2n ph\u1ed1i c\u1ea5p 1 t\u1ea1i Vi\u1ec7t Nam v\u1ec1 c\u00e1c ph\u1ee5 t\u00f9ng \u0111i k\u00e8m m\u00e1y<br \/>\n3. Do l\u00e0 nh\u00e0 ph\u00e2n ph\u1ed1i c\u1ea5p 1 n\u00ean ch\u00fang t\u00f4i c\u00f3 gi\u00e1 t\u1ed1t nh\u1ea5t so v\u1edbi c\u00e1c nh\u00e0 ph\u00e2n ph\u1ed1i ho\u1eb7c \u0111\u1ea1i l\u00fd b\u00e1n l\u1ebb kh\u00e1c.<\/p>\n<p>4. H\u00e0ng lu\u00f4n \u0111\u1ea3m b\u1ea3o Nh\u1eadp kh\u1ea9u t\u1eadn g\u1ed1c t\u1eeb nh\u00e0 m\u00e1y &#8211; Ch\u1ee9ng nh\u1eadn v\u00e0 b\u1ea3n quy\u1ec1n duy nh\u1ea5t &#8211; Cam k\u1ebft l\u1ed7i\/ h\u1ecfng \u0111\u1ec1n ti\u1ec1n g\u1ea5p \u0111\u00f4i.<br \/>\n5. Nh\u00e2n vi\u00ean k\u1ef9 thu\u1eadt 24\/24 c\u00f3 th\u1ec3 giao h\u00e0ng t\u1eadn n\u01a1i v\u00e0 thay th\u1ebf tr\u1ef1c ti\u1ebfp n\u1ebfu nh\u01b0 Kh\u00e1ch h\u00e0ng c\u00f3 nhu c\u1ea7u !<br \/>\n6. Lu\u00f4n lu\u00f4n c\u00f3 nh\u1eefng \u01b0u \u0111\u00e3i v\u00e0 d\u1ecbch v\u1ee5 sau b\u00e1n h\u00e0ng !<\/p>\n<p><span style=\"color: #008000;\"><strong>H\u00c3Y \u0110\u1ebeN V\u00c0 C\u1ea2M NH\u1eacN S\u1ef0 UY T\u00cdN &#8211; CHUY\u00caN NGHI\u1ec6P M\u00c0 CH\u00daNG T\u00d4I \u0110EM L\u1ea0I CHO B\u1ea0N !!<\/strong><\/span><br \/>\n&#8212;&#8212;&#8212;&#8212;&#8212;&#8212;&#8212;&#8212;&#8212;&#8212;&#8212;&#8212;&#8212;&#8212;&#8212;&#8212;&#8212;&#8212;&#8212;&#8211;<\/p>\n<p style=\"margin-bottom: 5px;\"><strong>C\u00d4NG TY TNHH SX &#8211; TM &#8211; XNK H\u01afNG TH\u1ecaNH PH\u00c1T<\/strong><\/p>\n<ul>\n<li>\u0110\u1ecba ch\u1ec9: S\u1ed1 496\/13 L\u00e3 Xu\u00e2n Oai, T\u1ed5 7, Khu ph\u1ed1 Ph\u01b0\u1edbc Hi\u1ec7p, Ph\u01b0\u1eddng Long Tr\u01b0\u1eddng, Qu\u1eadn 9, TP.HCM<\/li>\n<li><span class=\"text\">\u0110i\u1ec7n tho\u1ea1i: 0909.078.509<\/span><\/li>\n<li><span class=\"text\"> Email: hungthinhphatgenerator@gmail.com<\/span><\/li>\n<\/ul>\n","protected":false},"excerpt":{"rendered":"<ul class=\"mnv-infoproduct\">\n<li><strong>M\u00e3 s\u1ea3n ph\u1ea9m:<\/strong> <span style=\"color: red;\">Cummins 3044195<\/span><\/li>\n<li><strong>Gi\u00e1 b\u00e1n:<\/strong> <span style=\"color: red;\">LH: 0909.078.509<\/span><\/li>\n<li><strong>Xu\u1ea5t x\u1ee9:<\/strong> China<\/li>\n<li><strong>B\u1ea3o h\u00e0nh:<\/strong> 12 th\u00e1ng<\/li>\n<\/ul>\n","protected":false},"featured_media":663,"comment_status":"open","ping_status":"closed","template":"","meta":[],"_links":{"self":[{"href":"https:\/\/hosting.conasi.vn\/w\/mayphatdien2011\/wp-json\/wp\/v2\/product\/662"}],"collection":[{"href":"https:\/\/hosting.conasi.vn\/w\/mayphatdien2011\/wp-json\/wp\/v2\/product"}],"about":[{"href":"https:\/\/hosting.conasi.vn\/w\/mayphatdien2011\/wp-json\/wp\/v2\/types\/product"}],"replies":[{"embeddable":true,"href":"https:\/\/hosting.conasi.vn\/w\/mayphatdien2011\/wp-json\/wp\/v2\/comments?post=662"}],"wp:featuredmedia":[{"embeddable":true,"href":"https:\/\/hosting.conasi.vn\/w\/mayphatdien2011\/wp-json\/wp\/v2\/media\/663"}],"wp:attachment":[{"href":"https:\/\/hosting.conasi.vn\/w\/mayphatdien2011\/wp-json\/wp\/v2\/media?parent=662"}],"curies":[{"name":"wp","href":"https:\/\/api.w.org\/{rel}","templated":true}]}}