{"id":421,"date":"2019-10-09T23:40:16","date_gmt":"2019-10-09T16:40:16","guid":{"rendered":"http:\/\/isuzu.w2steam.com\/?post_type=product&#038;p=421"},"modified":"2019-10-09T23:40:16","modified_gmt":"2019-10-09T16:40:16","slug":"isuzu-2-5-tan-thung-lung-qkr77fe4","status":"publish","type":"product","link":"https:\/\/hosting.conasi.vn\/w\/isuzu2011\/san-pham\/isuzu-2-5-tan-thung-lung-qkr77fe4\/","title":{"rendered":"ISUZU 2.5 t\u1ea5n th\u00f9ng l\u1eedng QKR77FE4"},"content":{"rendered":"<h3>H\u1ec6 TH\u1ed0NG TRUY\u1ec0N \u0110\u1ed8NG XE T\u1ea2I ISUZU MODEL QKR77FE4<\/h3>\n<div class=\"row row-small\"  id=\"row-1160151800\">\n\n\t<div id=\"col-7415361\" class=\"col medium-6 small-12 large-6\"  >\n\t\t<div class=\"col-inner\"  >\n\t\t\t\n\t\t\t\n\t<div class=\"box has-hover   has-hover box-text-bottom\" >\n\n\t\t<div class=\"box-image\" >\n\t\t\t\t\t\t<div class=\"\" >\n\t\t\t\t<img width=\"640\" height=\"432\" src=\"https:\/\/hosting.conasi.vn\/w\/isuzu2011\/wp-content\/uploads\/2019\/10\/cau-sau-xe-tai-isuzu-QKR77HE4-thung-kin-1.jpg\" class=\"attachment-original size-original\" alt=\"\" loading=\"lazy\" srcset=\"https:\/\/hosting.conasi.vn\/w\/isuzu2011\/wp-content\/uploads\/2019\/10\/cau-sau-xe-tai-isuzu-QKR77HE4-thung-kin-1.jpg 640w, https:\/\/hosting.conasi.vn\/w\/isuzu2011\/wp-content\/uploads\/2019\/10\/cau-sau-xe-tai-isuzu-QKR77HE4-thung-kin-1-510x344.jpg 510w, https:\/\/hosting.conasi.vn\/w\/isuzu2011\/wp-content\/uploads\/2019\/10\/cau-sau-xe-tai-isuzu-QKR77HE4-thung-kin-1-300x203.jpg 300w\" sizes=\"(max-width: 640px) 100vw, 640px\" \/>\t\t\t\t\t\t\t\t\t\t\t<\/div>\n\t\t\t\t\t<\/div>\n\n\t\t<div class=\"box-text text-left\" >\n\t\t\t<div class=\"box-text-inner\">\n\t\t\t\t\n<p style=\"text-align: center;\">H\u1ec7 th\u1ed1ng truy\u1ec1n \u0111\u1ed9ng t\u1eeb \u0111\u1ed9ng c\u01a1, h\u1ed9p s\u1ed1 t\u1edbi c\u1ea7u c\u1ee7a xe \u0111\u01b0\u1ee3c s\u1ea3n xu\u1ea5t \u0111\u1ed3ng b\u1ed9 t\u1ea1i Nh\u1eadt B\u1ea3n v\u00e0 l\u1eafp r\u00e1p t\u1ea1i Vi\u1ec7t Nam tr\u00ean d\u00e2y truy\u1ec1n \u0111\u1ea1t chu\u1ea9n do Isuzu Nh\u1eadt B\u1ea3n chuy\u1ec3n giao gi\u00fap cho m\u1ecdi ho\u1ea1t \u0111\u1ed3ng r\u1ea5t \u00eam v\u00e0 hi\u1ec7u n\u0103ng cao.<\/p>\n\t\t\t<\/div>\n\t\t<\/div>\n\t<\/div>\n\t\n\t\t<\/div>\n\t\t\t<\/div>\n\n\t\n\n\t<div id=\"col-1500557743\" class=\"col medium-6 small-12 large-6\"  >\n\t\t<div class=\"col-inner\"  >\n\t\t\t\n\t\t\t\n\t<div class=\"box has-hover   has-hover box-text-bottom\" >\n\n\t\t<div class=\"box-image\" >\n\t\t\t\t\t\t<div class=\"\" >\n\t\t\t\t<img width=\"640\" height=\"432\" src=\"https:\/\/hosting.conasi.vn\/w\/isuzu2011\/wp-content\/uploads\/2019\/10\/dong-co-xe-tai-isuzu-QKR77-1.jpg\" class=\"attachment-original size-original\" alt=\"\" loading=\"lazy\" srcset=\"https:\/\/hosting.conasi.vn\/w\/isuzu2011\/wp-content\/uploads\/2019\/10\/dong-co-xe-tai-isuzu-QKR77-1.jpg 640w, https:\/\/hosting.conasi.vn\/w\/isuzu2011\/wp-content\/uploads\/2019\/10\/dong-co-xe-tai-isuzu-QKR77-1-510x344.jpg 510w, https:\/\/hosting.conasi.vn\/w\/isuzu2011\/wp-content\/uploads\/2019\/10\/dong-co-xe-tai-isuzu-QKR77-1-300x203.jpg 300w\" sizes=\"(max-width: 640px) 100vw, 640px\" \/>\t\t\t\t\t\t\t\t\t\t\t<\/div>\n\t\t\t\t\t<\/div>\n\n\t\t<div class=\"box-text text-left\" >\n\t\t\t<div class=\"box-text-inner\">\n\t\t\t\t\n<p style=\"text-align: center;\">\u0110\u1ed9ng c\u01a1 c\u1ee7a xe Isuzu QKR77FE4 dung t\u00edch xy lanh 2.999cc c\u00f4ng su\u1ea5t l\u1edbn nh\u1ea5t l\u00ean t\u1edbi 105ps.C\u00f4ng ngh\u1ec7 Blue Power phun nhi\u00ean li\u1ec7u \u0111i\u1ec7n t\u1eed Common Rail t\u1ea1o c\u00f4ng su\u1ea5t l\u1edbn nh\u01b0ng l\u1ea1i ti\u1ebft ki\u1ec7m nhi\u00ean li\u1ec7u h\u01a1n r\u1ea5t nhi\u1ec1u.<\/p>\n\t\t\t<\/div>\n\t\t<\/div>\n\t<\/div>\n\t\n\t\t<\/div>\n\t\t\t<\/div>\n\n\t\n<\/div>\n<h3>N\u1ed8I TH\u1ea4T XE T\u1ea2I ISUZU MODEL QKR77FE4<\/h3>\n<div class=\"row row-small\"  id=\"row-1901161788\">\n\n\t<div id=\"col-959539769\" class=\"col medium-6 small-12 large-6\"  >\n\t\t<div class=\"col-inner\"  >\n\t\t\t\n\t\t\t\n\t<div class=\"box has-hover   has-hover box-text-bottom\" >\n\n\t\t<div class=\"box-image\" >\n\t\t\t\t\t\t<div class=\"\" >\n\t\t\t\t<img width=\"640\" height=\"447\" src=\"https:\/\/hosting.conasi.vn\/w\/isuzu2011\/wp-content\/uploads\/2019\/10\/1524192304_productmodel.jpg\" class=\"attachment-original size-original\" alt=\"\" loading=\"lazy\" srcset=\"https:\/\/hosting.conasi.vn\/w\/isuzu2011\/wp-content\/uploads\/2019\/10\/1524192304_productmodel.jpg 640w, https:\/\/hosting.conasi.vn\/w\/isuzu2011\/wp-content\/uploads\/2019\/10\/1524192304_productmodel-510x356.jpg 510w, https:\/\/hosting.conasi.vn\/w\/isuzu2011\/wp-content\/uploads\/2019\/10\/1524192304_productmodel-300x210.jpg 300w\" sizes=\"(max-width: 640px) 100vw, 640px\" \/>\t\t\t\t\t\t\t\t\t\t\t<\/div>\n\t\t\t\t\t<\/div>\n\n\t\t<div class=\"box-text text-left\" >\n\t\t\t<div class=\"box-text-inner\">\n\t\t\t\t\n<p style=\"text-align: center;\">Gh\u1ebf ng\u1ed3i xe t\u1ea3i Isuzu 1 t\u1ea5n QKR77FE4 \u0111\u01b0\u1ee3c b\u1ecdc v\u1ea3i cao c\u1ea5p c\u00f3 m\u00e0u x\u00e1m ghi sang tr\u1ecdng. S\u1ea1ch s\u1ebd d\u1ec5 d\u00e0ng v\u1ec7 sinh.<\/p>\n\t\t\t<\/div>\n\t\t<\/div>\n\t<\/div>\n\t\n\t\t<\/div>\n\t\t\t<\/div>\n\n\t\n\n\t<div id=\"col-1297890396\" class=\"col medium-6 small-12 large-6\"  >\n\t\t<div class=\"col-inner\"  >\n\t\t\t\n\t\t\t\n\t<div class=\"box has-hover   has-hover box-text-bottom\" >\n\n\t\t<div class=\"box-image\" >\n\t\t\t\t\t\t<div class=\"\" >\n\t\t\t\t<img width=\"640\" height=\"447\" src=\"https:\/\/hosting.conasi.vn\/w\/isuzu2011\/wp-content\/uploads\/2019\/10\/xe-tai-isuzu-thang-long-cabin-trong.jpg\" class=\"attachment-original size-original\" alt=\"\" loading=\"lazy\" srcset=\"https:\/\/hosting.conasi.vn\/w\/isuzu2011\/wp-content\/uploads\/2019\/10\/xe-tai-isuzu-thang-long-cabin-trong.jpg 640w, https:\/\/hosting.conasi.vn\/w\/isuzu2011\/wp-content\/uploads\/2019\/10\/xe-tai-isuzu-thang-long-cabin-trong-510x356.jpg 510w, https:\/\/hosting.conasi.vn\/w\/isuzu2011\/wp-content\/uploads\/2019\/10\/xe-tai-isuzu-thang-long-cabin-trong-300x210.jpg 300w\" sizes=\"(max-width: 640px) 100vw, 640px\" \/>\t\t\t\t\t\t\t\t\t\t\t<\/div>\n\t\t\t\t\t<\/div>\n\n\t\t<div class=\"box-text text-left\" >\n\t\t\t<div class=\"box-text-inner\">\n\t\t\t\t\n<p style=\"text-align: center;\">C\u00e1c chi ti\u1ebft trong n\u1ed9i th\u1ea5t xe \u0111\u01b0\u1ee3c l\u00e0m b\u1eb1ng nh\u1ef1a cao c\u1ea5p \u0111\u1ed3ng m\u00e0u v\u1edbi m\u00e0u gh\u1ebf t\u1ea1o ra kh\u00f4ng gian trang nh\u00e3 v\u00e0 r\u1ed9ng r\u00e3i.<\/p>\n\t\t\t<\/div>\n\t\t<\/div>\n\t<\/div>\n\t\n\t\t<\/div>\n\t\t\t<\/div>\n\n\t\n<\/div>\n<p><strong>Ch\u00fang t\u00f4i \u0111\u00f3ng c\u00e1c lo\u1ea1i th\u00f9ng:\u00a0Th\u00f9ng k\u00edn, th\u00f9ng \u0111\u00f4ng l\u1ea1nh, th\u00f9ng mui b\u1ea1t, th\u00f9ng l\u1eedng, xe g\u1eafn c\u1ea9u<\/strong>\u2026 theo y\u00eau c\u1ea7u Qu\u00fd kh\u00e1ch ph\u00f9 h\u1ee3p v\u1edbi t\u1ea5t c\u1ea3 c\u00e1c lo\u1ea1i h\u00e0ng h\u00f3a tr\u00ean th\u1ecb tr\u01b0\u1eddng: Ch\u1edf s\u1eaft, th\u00e9p, n\u1ed9i th\u1ea5t, gia c\u1ea7m, \u0111i\u1ec7n t\u1eed, \u0111i\u1ec7n l\u1ea1nh, \u0111\u1ed3 g\u1ed7, \u0111\u1ea5t, c\u00e1t\u2026<\/p>\n<h3>C\u00c1C LO\u1ea0I TH\u00d9NG XE<\/h3>\n<div class=\"row row-small\"  id=\"row-686103244\">\n\n\t<div id=\"col-643521805\" class=\"col medium-6 small-12 large-6\"  >\n\t\t<div class=\"col-inner\"  >\n\t\t\t\n\t\t\t\n\t<div class=\"img has-hover x md-x lg-x y md-y lg-y\" id=\"image_880095293\">\n\t\t\t\t\t\t\t\t<div class=\"img-inner dark\" >\n\t\t\t<img width=\"640\" height=\"443\" src=\"https:\/\/hosting.conasi.vn\/w\/isuzu2011\/wp-content\/uploads\/2019\/10\/xe-tai-isuzu-QKR77HE4-thung-kin-1.jpg\" class=\"attachment-original size-original\" alt=\"\" loading=\"lazy\" srcset=\"https:\/\/hosting.conasi.vn\/w\/isuzu2011\/wp-content\/uploads\/2019\/10\/xe-tai-isuzu-QKR77HE4-thung-kin-1.jpg 640w, https:\/\/hosting.conasi.vn\/w\/isuzu2011\/wp-content\/uploads\/2019\/10\/xe-tai-isuzu-QKR77HE4-thung-kin-1-510x353.jpg 510w, https:\/\/hosting.conasi.vn\/w\/isuzu2011\/wp-content\/uploads\/2019\/10\/xe-tai-isuzu-QKR77HE4-thung-kin-1-300x208.jpg 300w\" sizes=\"(max-width: 640px) 100vw, 640px\" \/>\t\t\t\t\t\t\n\t\t\t\t\t<\/div>\n\t\t\t\t\t\t\t\t\n<style>\n#image_880095293 {\n  width: 100%;\n}\n<\/style>\n\t<\/div>\n\t\n\t<div class=\"img has-hover x md-x lg-x y md-y lg-y\" id=\"image_1627871943\">\n\t\t\t\t\t\t\t\t<div class=\"img-inner dark\" >\n\t\t\t<img width=\"640\" height=\"443\" src=\"https:\/\/hosting.conasi.vn\/w\/isuzu2011\/wp-content\/uploads\/2019\/10\/xe-tai-isuzu-qkr77h-euro4-thung-lung-h61-1.jpg\" class=\"attachment-original size-original\" alt=\"\" loading=\"lazy\" srcset=\"https:\/\/hosting.conasi.vn\/w\/isuzu2011\/wp-content\/uploads\/2019\/10\/xe-tai-isuzu-qkr77h-euro4-thung-lung-h61-1.jpg 640w, https:\/\/hosting.conasi.vn\/w\/isuzu2011\/wp-content\/uploads\/2019\/10\/xe-tai-isuzu-qkr77h-euro4-thung-lung-h61-1-510x353.jpg 510w, https:\/\/hosting.conasi.vn\/w\/isuzu2011\/wp-content\/uploads\/2019\/10\/xe-tai-isuzu-qkr77h-euro4-thung-lung-h61-1-300x208.jpg 300w\" sizes=\"(max-width: 640px) 100vw, 640px\" \/>\t\t\t\t\t\t\n\t\t\t\t\t<\/div>\n\t\t\t\t\t\t\t\t\n<style>\n#image_1627871943 {\n  width: 100%;\n}\n<\/style>\n\t<\/div>\n\t\n\t\t<\/div>\n\t\t\t<\/div>\n\n\t\n\n\t<div id=\"col-979659092\" class=\"col medium-6 small-12 large-6\"  >\n\t\t<div class=\"col-inner\"  >\n\t\t\t\n\t\t\t\n\t<div class=\"img has-hover x md-x lg-x y md-y lg-y\" id=\"image_290574638\">\n\t\t\t\t\t\t\t\t<div class=\"img-inner dark\" >\n\t\t\t<img width=\"640\" height=\"443\" src=\"https:\/\/hosting.conasi.vn\/w\/isuzu2011\/wp-content\/uploads\/2019\/10\/xe-tai-isuzu-qkr77fe4-2t5-thung-mui-bat-51-1.jpg\" class=\"attachment-original size-original\" alt=\"\" loading=\"lazy\" srcset=\"https:\/\/hosting.conasi.vn\/w\/isuzu2011\/wp-content\/uploads\/2019\/10\/xe-tai-isuzu-qkr77fe4-2t5-thung-mui-bat-51-1.jpg 640w, https:\/\/hosting.conasi.vn\/w\/isuzu2011\/wp-content\/uploads\/2019\/10\/xe-tai-isuzu-qkr77fe4-2t5-thung-mui-bat-51-1-510x353.jpg 510w, https:\/\/hosting.conasi.vn\/w\/isuzu2011\/wp-content\/uploads\/2019\/10\/xe-tai-isuzu-qkr77fe4-2t5-thung-mui-bat-51-1-300x208.jpg 300w\" sizes=\"(max-width: 640px) 100vw, 640px\" \/>\t\t\t\t\t\t\n\t\t\t\t\t<\/div>\n\t\t\t\t\t\t\t\t\n<style>\n#image_290574638 {\n  width: 100%;\n}\n<\/style>\n\t<\/div>\n\t\n\t<div class=\"img has-hover x md-x lg-x y md-y lg-y\" id=\"image_494286176\">\n\t\t\t\t\t\t\t\t<div class=\"img-inner dark\" >\n\t\t\t<img width=\"640\" height=\"443\" src=\"https:\/\/hosting.conasi.vn\/w\/isuzu2011\/wp-content\/uploads\/2019\/10\/xe-tai-isuzu-qkr77h-euro4-thung-lung-h61.jpg\" class=\"attachment-original size-original\" alt=\"\" loading=\"lazy\" srcset=\"https:\/\/hosting.conasi.vn\/w\/isuzu2011\/wp-content\/uploads\/2019\/10\/xe-tai-isuzu-qkr77h-euro4-thung-lung-h61.jpg 640w, https:\/\/hosting.conasi.vn\/w\/isuzu2011\/wp-content\/uploads\/2019\/10\/xe-tai-isuzu-qkr77h-euro4-thung-lung-h61-510x353.jpg 510w, https:\/\/hosting.conasi.vn\/w\/isuzu2011\/wp-content\/uploads\/2019\/10\/xe-tai-isuzu-qkr77h-euro4-thung-lung-h61-300x208.jpg 300w\" sizes=\"(max-width: 640px) 100vw, 640px\" \/>\t\t\t\t\t\t\n\t\t\t\t\t<\/div>\n\t\t\t\t\t\t\t\t\n<style>\n#image_494286176 {\n  width: 100%;\n}\n<\/style>\n\t<\/div>\n\t\n\t\t<\/div>\n\t\t\t<\/div>\n\n\t\n<\/div>\n","protected":false},"excerpt":{"rendered":"<p>H\u1ec6 TH\u1ed0NG TRUY\u1ec0N \u0110\u1ed8NG XE T\u1ea2I ISUZU MODEL QKR77FE4 N\u1ed8I TH\u1ea4T XE T\u1ea2I ISUZU MODEL QKR77FE4 Ch\u00fang t\u00f4i \u0111\u00f3ng c\u00e1c lo\u1ea1i th\u00f9ng:\u00a0Th\u00f9ng k\u00edn, th\u00f9ng \u0111\u00f4ng l\u1ea1nh, th\u00f9ng mui b\u1ea1t, th\u00f9ng l\u1eedng, xe g\u1eafn c\u1ea9u\u2026 theo y\u00eau c\u1ea7u Qu\u00fd kh\u00e1ch ph\u00f9 h\u1ee3p v\u1edbi t\u1ea5t c\u1ea3 c\u00e1c lo\u1ea1i h\u00e0ng h\u00f3a tr\u00ean th\u1ecb tr\u01b0\u1eddng: Ch\u1edf s\u1eaft, th\u00e9p, n\u1ed9i &#8230;<\/p>\n","protected":false},"featured_media":422,"template":"","meta":[],"_links":{"self":[{"href":"https:\/\/hosting.conasi.vn\/w\/isuzu2011\/wp-json\/wp\/v2\/product\/421"}],"collection":[{"href":"https:\/\/hosting.conasi.vn\/w\/isuzu2011\/wp-json\/wp\/v2\/product"}],"about":[{"href":"https:\/\/hosting.conasi.vn\/w\/isuzu2011\/wp-json\/wp\/v2\/types\/product"}],"wp:featuredmedia":[{"embeddable":true,"href":"https:\/\/hosting.conasi.vn\/w\/isuzu2011\/wp-json\/wp\/v2\/media\/422"}],"wp:attachment":[{"href":"https:\/\/hosting.conasi.vn\/w\/isuzu2011\/wp-json\/wp\/v2\/media?parent=421"}],"curies":[{"name":"wp","href":"https:\/\/api.w.org\/{rel}","templated":true}]}}