{"id":25,"date":"2019-10-09T12:32:43","date_gmt":"2019-10-09T05:32:43","guid":{"rendered":"http:\/\/isuzu.w2steam.com\/?page_id=25"},"modified":"2020-05-09T23:28:13","modified_gmt":"2020-05-09T16:28:13","slug":"lien-he","status":"publish","type":"page","link":"https:\/\/hosting.conasi.vn\/w\/isuzu2011\/lien-he\/","title":{"rendered":"Li\u00ean h\u1ec7"},"content":{"rendered":"\t<section class=\"section\" id=\"section_1922388166\">\n\t\t<div class=\"bg section-bg fill bg-fill  bg-loaded\" >\n\n\t\t\t\n\t\t\t\n\t\t\t\n\n\t\t<\/div>\n\n\t\t<div class=\"section-content relative\">\n\t\t\t\n<div class=\"row row-collapse\"  id=\"row-1329565110\">\n\n\t<div id=\"col-636629620\" class=\"col medium-6 small-12 large-6\"  >\n\t\t<div class=\"col-inner\"  >\n\t\t\t\n\t\t\t\n<h4>\u0110\u1ea1i l\u00fd ISUZU ch\u00ednh h\u00e3ng<\/h4>\n<p>Chuy\u00ean cung c\u1ea5p xe t\u1ea3i Isuzu ch\u00ednh h\u00e3ng gi\u00e1 r\u1ebb nh\u1ea5t, \u01b0u \u0111\u00e3i li\u00ean t\u1ee5c v\u1edbi nhi\u1ec1u ph\u1ea7n qu\u00e0 gi\u00e1 tr\u1ecb. H\u1ed7 tr\u1ee3 tr\u1ea3 g\u00f3p 80% gi\u00e1 tr\u1ecb xe.<\/p>\n<p>Anh ch\u1ecb c\u00f3 nhu c\u1ea7u mua xe, vui l\u00f2ng li\u00ean h\u1ec7 hotline: 0999000000<\/p>\n<div role=\"form\" class=\"wpcf7\" id=\"wpcf7-f255-o1\" lang=\"vi\" dir=\"ltr\">\n<div class=\"screen-reader-response\"><p role=\"status\" aria-live=\"polite\" aria-atomic=\"true\"><\/p> <ul><\/ul><\/div>\n<form action=\"\/w\/isuzu2011\/wp-json\/wp\/v2\/pages\/25#wpcf7-f255-o1\" method=\"post\" class=\"wpcf7-form init\" novalidate=\"novalidate\" data-status=\"init\">\n<div style=\"display: none;\">\n<input type=\"hidden\" name=\"_wpcf7\" value=\"255\" \/>\n<input type=\"hidden\" name=\"_wpcf7_version\" value=\"5.3\" \/>\n<input type=\"hidden\" name=\"_wpcf7_locale\" value=\"vi\" \/>\n<input type=\"hidden\" name=\"_wpcf7_unit_tag\" value=\"wpcf7-f255-o1\" \/>\n<input type=\"hidden\" name=\"_wpcf7_container_post\" value=\"0\" \/>\n<input type=\"hidden\" name=\"_wpcf7_posted_data_hash\" value=\"\" \/>\n<\/div>\n<div class=\"form-khuyen-mai\">\n<h3>\u0110\u0103ng k\u00fd nh\u1eadn khuy\u1ebfn m\u1ea1i<\/h3>\n<p class=\"des\">D\u00e0nh t\u1eb7ng 25 kh\u00e1ch h\u00e0ng \u0111\u1ea7u ti\u00ean c\u1ee7a th\u00e1ng<\/p>\n<div class=\"row-info\">\n<div class=\"left\">\n<span class=\"wpcf7-form-control-wrap text-431\"><input type=\"text\" name=\"text-431\" value=\"\" size=\"40\" class=\"wpcf7-form-control wpcf7-text wpcf7-validates-as-required\" aria-required=\"true\" aria-invalid=\"false\" placeholder=\"T\u00ean c\u1ee7a b\u1ea1n...\" \/><\/span>\n<\/div>\n<div class=\"right\">\n<span class=\"wpcf7-form-control-wrap tel-735\"><input type=\"tel\" name=\"tel-735\" value=\"\" size=\"40\" class=\"wpcf7-form-control wpcf7-text wpcf7-tel wpcf7-validates-as-required wpcf7-validates-as-tel\" aria-required=\"true\" aria-invalid=\"false\" placeholder=\"S\u1ed1 \u0111i\u1ec7n tho\u1ea1i...\" \/><\/span>\n<\/div>\n<\/div>\n<div class=\"row-info\">\n<div class=\"left\">\n<span class=\"wpcf7-form-control-wrap email-139\"><input type=\"email\" name=\"email-139\" value=\"\" size=\"40\" class=\"wpcf7-form-control wpcf7-text wpcf7-email wpcf7-validates-as-email\" aria-invalid=\"false\" placeholder=\"\u0110\u1ecba ch\u1ec9 email...\" \/><\/span>\n<\/div>\n<div class=\"right\">\n<span class=\"wpcf7-form-control-wrap text-444\"><input type=\"text\" name=\"text-444\" value=\"\" size=\"40\" class=\"wpcf7-form-control wpcf7-text\" aria-invalid=\"false\" placeholder=\"N\u1ed9i dung \u0111\u0103ng k\u00fd...\" \/><\/span>\n<\/div>\n<\/div>\n<p><input type=\"submit\" value=\"\u0110\u0103ng k\u00fd nh\u1eadn khuy\u1ebfn m\u1ea1i\" class=\"wpcf7-form-control wpcf7-submit\" \/>\n<\/p><\/div>\n<div class=\"wpcf7-response-output\" aria-hidden=\"true\"><\/div><\/form><\/div>\n\t\t<\/div>\n\t\t\t<\/div>\n\n\t\n\n\t<div id=\"col-946413658\" class=\"col medium-6 small-12 large-6\"  >\n\t\t<div class=\"col-inner\"  >\n\t\t\t\n\t\t\t\n\t<div class=\"img has-hover x md-x lg-x y md-y lg-y\" id=\"image_1096054544\">\n\t\t\t\t\t\t\t\t<div class=\"img-inner dark\" >\n\t\t\t<img width=\"1020\" height=\"372\" src=\"https:\/\/hosting.conasi.vn\/w\/isuzu2011\/wp-content\/uploads\/2019\/10\/132507_d-max_reliability_banner-1024x373.jpg\" class=\"attachment-large size-large\" alt=\"\" loading=\"lazy\" srcset=\"https:\/\/hosting.conasi.vn\/w\/isuzu2011\/wp-content\/uploads\/2019\/10\/132507_d-max_reliability_banner-1024x373.jpg 1024w, https:\/\/hosting.conasi.vn\/w\/isuzu2011\/wp-content\/uploads\/2019\/10\/132507_d-max_reliability_banner-510x186.jpg 510w, https:\/\/hosting.conasi.vn\/w\/isuzu2011\/wp-content\/uploads\/2019\/10\/132507_d-max_reliability_banner-300x109.jpg 300w, https:\/\/hosting.conasi.vn\/w\/isuzu2011\/wp-content\/uploads\/2019\/10\/132507_d-max_reliability_banner-768x280.jpg 768w, https:\/\/hosting.conasi.vn\/w\/isuzu2011\/wp-content\/uploads\/2019\/10\/132507_d-max_reliability_banner.jpg 1920w\" sizes=\"(max-width: 1020px) 100vw, 1020px\" \/>\t\t\t\t\t\t\n\t\t\t\t\t<\/div>\n\t\t\t\t\t\t\t\t\n<style>\n#image_1096054544 {\n  width: 100%;\n}\n<\/style>\n\t<\/div>\n\t\n<div class=\"ten_cong_ty\"><strong>ISUZU TH\u0102NG LONG<\/strong><\/div>\n<div class=\"adress_title_home\"><strong><img loading=\"lazy\" class=\"size-full wp-image-555 alignleft\" src=\"https:\/\/isuzuhanoi.vn\/wp-content\/uploads\/2019\/01\/icon-home.png\" alt=\"\" width=\"20\" height=\"20\" \/>490A, \u0110i\u1ec7n Bi\u00ean Ph\u1ee7, P.21, Q. T\u00e2n B\u00ecnh, Tp. HCM<br \/>\n<\/strong><\/div>\n<div class=\"adress_title_home1\"><img loading=\"lazy\" class=\"size-full wp-image-557 alignleft\" src=\"https:\/\/isuzuhanoi.vn\/wp-content\/uploads\/2019\/01\/icon-phone.png\" alt=\"\" width=\"20\" height=\"20\" \/>0999000000<\/div>\n<div class=\"adress_title_home2\"><img loading=\"lazy\" class=\"size-full wp-image-556 alignleft\" src=\"https:\/\/isuzuhanoi.vn\/wp-content\/uploads\/2019\/01\/icon-mail.png\" alt=\"\" width=\"20\" height=\"20\" \/>email@gmail.com<\/div>\n<div class=\"adress_title_home3\"><img loading=\"lazy\" class=\"wp-image-558 size-full alignleft\" src=\"https:\/\/isuzuhanoi.vn\/wp-content\/uploads\/2019\/01\/icon-web.png\" alt=\"\" width=\"20\" height=\"20\" \/><a href=\"#\">www.tenweb.vn<\/a><\/div>\n\t<div id=\"gap-1790460486\" class=\"gap-element clearfix\" style=\"display:block; height:auto;\">\n\t\t\n<style>\n#gap-1790460486 {\n  padding-top: 45px;\n}\n<\/style>\n\t<\/div>\n\t\n\t\t<\/div>\n\t\t\t<\/div>\n\n\t\n\n<style>\n#row-1329565110 > .col > .col-inner {\n  padding: 20px 20px 20px 20px;\n  background-color: rgb(255, 255, 255);\n}\n<\/style>\n<\/div>\n\t\t<\/div>\n\n\t\t\n<style>\n#section_1922388166 {\n  padding-top: 50px;\n  padding-bottom: 50px;\n  background-color: rgb(240, 249, 255);\n}\n<\/style>\n\t<\/section>\n\t\n","protected":false},"excerpt":{"rendered":"","protected":false},"author":1,"featured_media":0,"parent":0,"menu_order":0,"comment_status":"closed","ping_status":"closed","template":"page-blank.php","meta":[],"_links":{"self":[{"href":"https:\/\/hosting.conasi.vn\/w\/isuzu2011\/wp-json\/wp\/v2\/pages\/25"}],"collection":[{"href":"https:\/\/hosting.conasi.vn\/w\/isuzu2011\/wp-json\/wp\/v2\/pages"}],"about":[{"href":"https:\/\/hosting.conasi.vn\/w\/isuzu2011\/wp-json\/wp\/v2\/types\/page"}],"author":[{"embeddable":true,"href":"https:\/\/hosting.conasi.vn\/w\/isuzu2011\/wp-json\/wp\/v2\/users\/1"}],"replies":[{"embeddable":true,"href":"https:\/\/hosting.conasi.vn\/w\/isuzu2011\/wp-json\/wp\/v2\/comments?post=25"}],"version-history":[{"count":3,"href":"https:\/\/hosting.conasi.vn\/w\/isuzu2011\/wp-json\/wp\/v2\/pages\/25\/revisions"}],"predecessor-version":[{"id":740,"href":"https:\/\/hosting.conasi.vn\/w\/isuzu2011\/wp-json\/wp\/v2\/pages\/25\/revisions\/740"}],"wp:attachment":[{"href":"https:\/\/hosting.conasi.vn\/w\/isuzu2011\/wp-json\/wp\/v2\/media?parent=25"}],"curies":[{"name":"wp","href":"https:\/\/api.w.org\/{rel}","templated":true}]}}