{"id":233,"date":"2018-06-06T01:43:15","date_gmt":"2018-06-05T18:43:15","guid":{"rendered":"http:\/\/iqos.khowebseotop.vn\/?post_type=product&#038;p=233"},"modified":"2018-06-06T01:43:16","modified_gmt":"2018-06-05T18:43:16","slug":"thuoc-heets-au-cho-iqos","status":"publish","type":"product","link":"https:\/\/hosting.conasi.vn\/w\/iqos2011\/san-pham\/thuoc-heets-au-cho-iqos\/","title":{"rendered":"Thu\u1ed1c Heets \u00c2u cho IQOS"},"content":{"rendered":"<h1>Thu\u1ed1c Heets Nga c\u00f3 4 v\u1ecb \u0111\u1ec3 l\u1ef1a ch\u1ecdn, g\u1ed3m:<\/h1>\n<ul>\n<li><strong>Heets v\u00e0ng<\/strong> v\u1edbi h\u01b0\u01a1ng chanh nh\u1eb9 nh\u00e0ng th\u01a1m m\u00e1t kh\u00f4ng qu\u00e1 n\u1eb7ng<\/li>\n<li><strong>Heets Amber<\/strong> \u0111\u1eadm \u0111\u00e0, th\u01a1m ngon<\/li>\n<li><strong>Heets xanh<\/strong> h\u01b0\u01a1ng b\u1ea1c h\u00e0 v\u1eeba ph\u1ea3i<\/li>\n<li><strong>Heets t\u00edm<\/strong> h\u01b0\u01a1ng b\u1ea1c h\u00e0 hoa qu\u1ea3 v\u1ecb vi\u1ec7t qu\u1ea5t nh\u1eb9 nh\u00e0ng<br \/>\n<h2><strong>1. Heets v\u00e0ng<\/strong><\/h2>\n<\/li>\n<li><strong>Heets Yellow:\u00a0<\/strong>n\u1ed3ng \u0111\u1ed9 nicotine v\u1eeba ph\u1ea3i\u00a0c\u00f3 pha tr\u1ed9n m\u1ed9t ch\u00fat v\u1ecb chanh nh\u1eb9 nh\u00e0ng, \u0111em l\u1ea1i c\u1ea3m gi\u00e1c t\u01b0\u01a1i m\u00e1t c\u1ea3 ng\u00e0y cho m\u1ed9t ng\u00e0y l\u00e0m vi\u1ec7c hi\u1ec7u qu\u1ea3.<img loading=\"lazy\" class=\"aligncenter size-full wp-image-934\" title=\"1. Heets v\u00e0ng 1\" src=\"http:\/\/ webdemo.com\/wp-content\/uploads\/2018\/06\/img_1869.jpg\" sizes=\"(max-width: 5188px) 100vw, 5188px\" srcset=\"http:\/\/ webdemo.com\/wp-content\/uploads\/2018\/06\/img_1869.jpg 5188w, http:\/\/ webdemo.com\/wp-content\/uploads\/2018\/06\/img_1869-768x512.jpg 768w, http:\/\/ webdemo.com\/wp-content\/uploads\/2018\/06\/img_1869-360x240.jpg 360w\" alt=\"1. Heets v\u00e0ng 1\" width=\"5188\" height=\"3459\" \/><br \/>\n<h2><strong>2. Heets Amber<\/strong><\/h2>\n<\/li>\n<li><strong>Heets<\/strong><strong>Amber\u00a0<\/strong>\u0111\u01b0\u1ee3c \u0111\u00e1nh gi\u00e1 l\u00e0 gi\u1ed1ng thu\u1ed1c l\u00e1 truy\u1ec1n th\u1ed1ng nh\u1ea5t,\u00a0\u00a0\u0111\u01b0\u1ee3m kh\u00f3i, h\u01b0\u01a1ng v\u1ecb d\u1ec5 ch\u1ecbu, m\u00f9i kh\u00f3i \u00edt ng\u00e1i h\u01a1n Marlboro,\u00a0H\u00fat t\u1eeb \u0111\u1ea7u t\u1edbi cu\u1ed1i g\u1ea7n nh\u01b0 gi\u1eef \u0111\u1ec1u v\u1ecb (kh\u00f4ng b\u1ecb chua chua).<img loading=\"lazy\" class=\"aligncenter size-full wp-image-936\" title=\"2. Heets Amber 1\" src=\"http:\/\/ webdemo.com\/wp-content\/uploads\/2018\/06\/img_1878.jpg\" sizes=\"(max-width: 5349px) 100vw, 5349px\" srcset=\"http:\/\/ webdemo.com\/wp-content\/uploads\/2018\/06\/img_1878.jpg 5349w, http:\/\/ webdemo.com\/wp-content\/uploads\/2018\/06\/img_1878-768x512.jpg 768w, http:\/\/ webdemo.com\/wp-content\/uploads\/2018\/06\/img_1878-360x240.jpg 360w\" alt=\"2. Heets Amber 1\" width=\"5349\" height=\"3566\" \/><strong>3. Heets xanh<\/strong><\/li>\n<li><strong>Heets turquoise label<\/strong>: h\u01b0\u01a1ng v\u1ecb kh\u00e1 nh\u1eb9 nh\u00e0ng th\u00eam m\u1ed9t ch\u00fat v\u1ecb b\u1ea1c h\u00e0, r\u1ea5t th\u00edch h\u1ee3p v\u1edbi nh\u1eefng ng\u01b0\u1eddi h\u00fat thu\u1ed1c v\u1edbi c\u01b0\u1eddng \u0111\u1ed9 nh\u1eb9, thu\u1ed1c c\u0169ng ch\u1ee9a h\u00e0m l\u01b0\u1ee3ng nicotine th\u1ea5p.<strong>Heets<img loading=\"lazy\" class=\"aligncenter size-full wp-image-937\" title=\"2. Heets Amber 2\" src=\"http:\/\/ webdemo.com\/wp-content\/uploads\/2018\/06\/img_1881.jpg\" sizes=\"(max-width: 5289px) 100vw, 5289px\" srcset=\"http:\/\/ webdemo.com\/wp-content\/uploads\/2018\/06\/img_1881.jpg 5289w, http:\/\/ webdemo.com\/wp-content\/uploads\/2018\/06\/img_1881-768x512.jpg 768w, http:\/\/ webdemo.com\/wp-content\/uploads\/2018\/06\/img_1881-360x240.jpg 360w\" alt=\"2. Heets Amber 2\" width=\"5289\" height=\"3526\" \/><\/strong><\/li>\n<\/ul>\n<h2><strong>4. Heets t\u00edm<\/strong><\/h2>\n<ul>\n<li><strong>Purple \u00c2u:<\/strong>\u00a0v\u1edbi v\u1ecb\u00a0the nh\u1eb9 nh\u00e0ng, c\u1ea3m gi\u00e1c lan to\u1ea3 gi\u1ed1ng \u0103n k\u1eb9o cao su cool air, m\u00f9i hoa qu\u1ea3 (vi\u1ec7t qu\u1ea5t) thoang tho\u1ea3ng, c\u1ea3m gi\u00e1c ng\u1ecdt ng\u00e0o n\u01a1i \u0111\u1ea7u l\u01b0\u1ee1i, tho\u1ea3 m\u00e3n \u0111\u1ed9 ph\u00ea khi c\u01a1 th\u1ec3 \u0111\u00f2i h\u1ecfi.<img loading=\"lazy\" class=\"aligncenter size-full wp-image-935\" title=\"4. Heets t\u00edm 1\" src=\"http:\/\/ webdemo.com\/wp-content\/uploads\/2018\/06\/img_1875.jpg\" sizes=\"(max-width: 5251px) 100vw, 5251px\" srcset=\"http:\/\/ webdemo.com\/wp-content\/uploads\/2018\/06\/img_1875.jpg 5251w, http:\/\/ webdemo.com\/wp-content\/uploads\/2018\/06\/img_1875-768x512.jpg 768w, http:\/\/ webdemo.com\/wp-content\/uploads\/2018\/06\/img_1875-360x240.jpg 360w\" alt=\"4. Heets t\u00edm 1\" width=\"5251\" height=\"3501\" \/><\/li>\n<\/ul>\n","protected":false},"excerpt":{"rendered":"<div class=\"mtng\">\n<p>B\u00ean c\u1ea1nh vi\u1ec7c s\u1ea3n xu\u1ea5t IQOS, PMI c\u00f2n cho ra r\u1ea5t nhi\u1ec1u d\u00f2ng thu\u1ed1c h\u1ed7 tr\u1ee3 ph\u00eda sau nh\u01b0 nh\u1eefng c\u1eb7p b\u00e0i tr\u00f9ng. Thu\u1ed1c IQOS c\u00f3 3 d\u00f2ng ch\u00ednh: Parliament \u2013 Heets \u2013 Marlboro. M\u1ed7i d\u00f2ng thu\u1ed1c l\u1ea1i c\u00f3 nhi\u1ec1u m\u00f9i v\u1ecb v\u00e0 ki\u1ec3u d\u00e1ng kh\u00e1c nhau.<\/p>\n<\/div>\n<p class=\"xuatxu\"><b>Xu\u1ea5t x\u1ee9: <\/b>Nga, Ukraine<\/p>\n","protected":false},"featured_media":234,"comment_status":"open","ping_status":"closed","template":"","meta":[],"_links":{"self":[{"href":"https:\/\/hosting.conasi.vn\/w\/iqos2011\/wp-json\/wp\/v2\/product\/233"}],"collection":[{"href":"https:\/\/hosting.conasi.vn\/w\/iqos2011\/wp-json\/wp\/v2\/product"}],"about":[{"href":"https:\/\/hosting.conasi.vn\/w\/iqos2011\/wp-json\/wp\/v2\/types\/product"}],"replies":[{"embeddable":true,"href":"https:\/\/hosting.conasi.vn\/w\/iqos2011\/wp-json\/wp\/v2\/comments?post=233"}],"wp:featuredmedia":[{"embeddable":true,"href":"https:\/\/hosting.conasi.vn\/w\/iqos2011\/wp-json\/wp\/v2\/media\/234"}],"wp:attachment":[{"href":"https:\/\/hosting.conasi.vn\/w\/iqos2011\/wp-json\/wp\/v2\/media?parent=233"}],"curies":[{"name":"wp","href":"https:\/\/api.w.org\/{rel}","templated":true}]}}