{"id":225,"date":"2018-06-06T01:41:16","date_gmt":"2018-06-05T18:41:16","guid":{"rendered":"http:\/\/iqos.khowebseotop.vn\/?post_type=product&#038;p=225"},"modified":"2018-06-06T01:41:16","modified_gmt":"2018-06-05T18:41:16","slug":"3-vi-moi-nhat-cua-marlboro","status":"publish","type":"product","link":"https:\/\/hosting.conasi.vn\/w\/iqos2011\/san-pham\/3-vi-moi-nhat-cua-marlboro\/","title":{"rendered":"3 v\u1ecb m\u1edbi nh\u1ea5t c\u1ee7a Marlboro"},"content":{"rendered":"<p><strong>Marlboro_blend_05 cam<\/strong>\u00a0: \u00a0v\u1ecb nicotine v\u1eeba ph\u1ea3i k\u1ebft h\u1ee3p m\u1ed9t ch\u00fat v\u1ecb cam d\u1ecbu nh\u1eb9, nh\u01b0 c\u00f3 nh\u01b0 kh\u00f4ng t\u1ea1o n\u00ean m\u1ed9t h\u01b0\u01a1ng v\u1ecb \u00eam d\u1ecbu.<img loading=\"lazy\" class=\"aligncenter size-full wp-image-865\" title=\"3 v\u1ecb m\u1edbi nh\u1ea5t c\u1ee7a Marlboro 1\" src=\"http:\/\/ webdemo.com\/wp-content\/uploads\/2018\/06\/34200980_1033998476757359_6862015510188392448_n.jpg\" sizes=\"(max-width: 960px) 100vw, 960px\" srcset=\"http:\/\/ webdemo.com\/wp-content\/uploads\/2018\/06\/34200980_1033998476757359_6862015510188392448_n.jpg 960w, http:\/\/ webdemo.com\/wp-content\/uploads\/2018\/06\/34200980_1033998476757359_6862015510188392448_n-768x576.jpg 768w\" alt=\"3 v\u1ecb m\u1edbi nh\u1ea5t c\u1ee7a Marlboro 1\" width=\"960\" height=\"720\" \/><\/p>\n<p>&nbsp;<\/p>\n<p>&nbsp;<\/p>\n<p><strong>Marlboro_Blend_26\u00a0v\u1ecb c\u00e0 ph\u00ea<\/strong> : v\u1edbi nh\u1eefng ai y\u00eau th\u00edch c\u00e0 ph\u00ea, nh\u1ea5t l\u00e0 h\u00fat thu\u1ed1c u\u1ed1ng c\u00e0 ph\u00ea v\u00e0o m\u1ed7i s\u00e1ng kh\u00f4ng n\u00ean b\u1ecf qua v\u1ecb n\u00e0y l\u00e0 s\u1ef1 k\u1ebft h\u1ee3p ch\u00fat v\u1ecb nicotine v\u1edbi th\u01a1m n\u1ed3ng v\u1ecb caf\u00e9 s\u1eefa ngon ng\u1ecdt \u0111\u01b0\u1ee3m kh\u00f3i, c\u1ea3m gi\u00e1c m\u1edbi l\u1ea1 \u0111\u1ed9c \u0111\u00e1o.<img loading=\"lazy\" class=\"aligncenter size-full wp-image-866\" title=\"3 v\u1ecb m\u1edbi nh\u1ea5t c\u1ee7a Marlboro 2\" src=\"http:\/\/ webdemo.com\/wp-content\/uploads\/2018\/06\/34341835_1033998480090692_9115598285057294336_n.jpg\" sizes=\"(max-width: 960px) 100vw, 960px\" srcset=\"http:\/\/ webdemo.com\/wp-content\/uploads\/2018\/06\/34341835_1033998480090692_9115598285057294336_n.jpg 960w, http:\/\/ webdemo.com\/wp-content\/uploads\/2018\/06\/34341835_1033998480090692_9115598285057294336_n-768x576.jpg 768w\" alt=\"3 v\u1ecb m\u1edbi nh\u1ea5t c\u1ee7a Marlboro 2\" width=\"960\" height=\"720\" \/><\/p>\n<p><strong>Marlboro yellow menthol :<\/strong>\u00a0chi\u1ebft xu\u1ea5t t\u1eeb l\u00e1 b\u1ea1c h\u00e0 thanh m\u00e1t t\u1ef1 nhi\u00ean, kh\u00f4ng qu\u00e1 cay n\u1ed3ng v\u00e0 r\u1ea5t \u0111\u01b0\u1ee3m m\u00f9i, mang \u0111\u1ebfn c\u1ea3m gi\u00e1c \u201cth\u00f4ng m\u0169i m\u00e1t h\u1ecdng\u201d trong t\u1eebng c\u01a1n r\u00edt thu\u1ed1c, v\u1ecb h\u01b0\u01a1ng chanh th\u01a1m m\u00e1t h\u00f2a quy\u1ec7n t\u1ea1o n\u00ean m\u1ed9t c\u1ea3m gi\u00e1c \u00eam d\u1ecbu th\u01a1m m\u00e1t \u0111\u1ebfn l\u1ea1 k\u00ec.<\/p>\n","protected":false},"excerpt":{"rendered":"<div class=\"mtng\">\n<p><strong>3 v\u1ecb m\u1edbi nh\u1ea5t c\u1ee7a Marlboro<\/strong><\/p>\n<ul>\n<li><strong>Marlboro_blend_05 v\u1ecb cam\u00a0<\/strong><\/li>\n<li><strong>Marlboro_Blend_26\u00a0v\u1ecb c\u00e0 ph\u00ea<\/strong><\/li>\n<li><strong>Marlboro yellow menthol: v\u1ecb b\u1ea1c h\u00e0 chanh nh\u1eb9<\/strong><\/li>\n<\/ul>\n<\/div>\n<p class=\"xuatxu\"><b>Xu\u1ea5t x\u1ee9: <\/b>Nh\u1eadt B\u1ea3n<\/p>\n","protected":false},"featured_media":226,"comment_status":"open","ping_status":"closed","template":"","meta":[],"_links":{"self":[{"href":"https:\/\/hosting.conasi.vn\/w\/iqos2011\/wp-json\/wp\/v2\/product\/225"}],"collection":[{"href":"https:\/\/hosting.conasi.vn\/w\/iqos2011\/wp-json\/wp\/v2\/product"}],"about":[{"href":"https:\/\/hosting.conasi.vn\/w\/iqos2011\/wp-json\/wp\/v2\/types\/product"}],"replies":[{"embeddable":true,"href":"https:\/\/hosting.conasi.vn\/w\/iqos2011\/wp-json\/wp\/v2\/comments?post=225"}],"wp:featuredmedia":[{"embeddable":true,"href":"https:\/\/hosting.conasi.vn\/w\/iqos2011\/wp-json\/wp\/v2\/media\/226"}],"wp:attachment":[{"href":"https:\/\/hosting.conasi.vn\/w\/iqos2011\/wp-json\/wp\/v2\/media?parent=225"}],"curies":[{"name":"wp","href":"https:\/\/api.w.org\/{rel}","templated":true}]}}