{"id":206,"date":"2018-06-06T01:31:48","date_gmt":"2018-06-05T18:31:48","guid":{"rendered":"http:\/\/iqos.khowebseotop.vn\/?post_type=product&#038;p=206"},"modified":"2018-06-06T01:31:48","modified_gmt":"2018-06-05T18:31:48","slug":"tam-ve-sinh-chuyen-dung-cho-iqos","status":"publish","type":"product","link":"https:\/\/hosting.conasi.vn\/w\/iqos2011\/san-pham\/tam-ve-sinh-chuyen-dung-cho-iqos\/","title":{"rendered":"T\u0103m v\u1ec7 sinh chuy\u00ean d\u1ee5ng cho IQOS"},"content":{"rendered":"<ul>\n<li>N\u00ean v\u1ec7 sinh sau t\u1ed1i thi\u1ebfu 2-3 ng\u00e0y v\u1edbi t\u1ea7n su\u1ea5t s\u1eed d\u1ee5ng li\u00ean t\u1ee5c<\/li>\n<li>V\u1ec7 sinh k\u00e8m b\u1ed9 c\u00f4ng c\u1ee5 v\u1ec7 sinh \u0111i k\u00e8m c\u1ee7a b\u1ed9<\/li>\n<li>Nh\u1eb9 tay kh\u00f4ng ch\u1ea1m v\u00e0o l\u01b0\u1ee1i g\u00e0 khi\u1ebfn l\u01b0\u1ee1i d\u1ec5 g\u00e3y<\/li>\n<li>V\u1ec7 sinh IQOS xong nh\u1edb cho v\u00e0o th\u00f9ng r\u00e1c.<\/li>\n<\/ul>\n<p><img loading=\"lazy\" class=\"aligncenter size-full wp-image-614\" title=\"T\u0103m v\u1ec7 sinh chuy\u00ean d\u1ee5ng cho IQOS 1\" src=\"http:\/\/ webdemo.com\/wp-content\/uploads\/2018\/05\/5855151008_290957767-2.jpg\" sizes=\"(max-width: 800px) 100vw, 800px\" srcset=\"http:\/\/ webdemo.com\/wp-content\/uploads\/2018\/05\/5855151008_290957767-2.jpg 800w, http:\/\/ webdemo.com\/wp-content\/uploads\/2018\/05\/5855151008_290957767-2-360x360.jpg 360w, http:\/\/ webdemo.com\/wp-content\/uploads\/2018\/05\/5855151008_290957767-2-768x768.jpg 768w\" alt=\"T\u0103m v\u1ec7 sinh chuy\u00ean d\u1ee5ng cho IQOS 1\" width=\"800\" height=\"800\" \/><\/p>\n","protected":false},"excerpt":{"rendered":"<div class=\"mtng\">\n<ul>\n<li>Thi\u1ebft k\u1ebf\u00a0 g\u1ecdn v\u1eeba tay v\u1edbi \u0111\u1ea7u b\u00f4ng m\u1ec1m v\u00e0 nh\u1ecf<\/li>\n<li>H\u1ed9p nh\u1ecf ti\u1ec7n mang \u0111i \u0111\u1ec3 v\u0103n ph\u00f2ng, xe, hay \u0111i xa<\/li>\n<li>V\u1ec7 sinh IQOS kh\u00f4ng c\u00f2n l\u00e0 \u0111i\u1ec1u kh\u00f3 kh\u0103n<\/li>\n<\/ul>\n<\/div>\n<p class=\"xuatxu\"><b>Xu\u1ea5t x\u1ee9: <\/b>Nh\u1eadt B\u1ea3n<\/p>\n","protected":false},"featured_media":207,"comment_status":"open","ping_status":"closed","template":"","meta":[],"_links":{"self":[{"href":"https:\/\/hosting.conasi.vn\/w\/iqos2011\/wp-json\/wp\/v2\/product\/206"}],"collection":[{"href":"https:\/\/hosting.conasi.vn\/w\/iqos2011\/wp-json\/wp\/v2\/product"}],"about":[{"href":"https:\/\/hosting.conasi.vn\/w\/iqos2011\/wp-json\/wp\/v2\/types\/product"}],"replies":[{"embeddable":true,"href":"https:\/\/hosting.conasi.vn\/w\/iqos2011\/wp-json\/wp\/v2\/comments?post=206"}],"wp:featuredmedia":[{"embeddable":true,"href":"https:\/\/hosting.conasi.vn\/w\/iqos2011\/wp-json\/wp\/v2\/media\/207"}],"wp:attachment":[{"href":"https:\/\/hosting.conasi.vn\/w\/iqos2011\/wp-json\/wp\/v2\/media?parent=206"}],"curies":[{"name":"wp","href":"https:\/\/api.w.org\/{rel}","templated":true}]}}