{"id":195,"date":"2018-06-06T01:29:31","date_gmt":"2018-06-05T18:29:31","guid":{"rendered":"http:\/\/iqos.khowebseotop.vn\/?post_type=product&#038;p=195"},"modified":"2018-06-06T01:33:53","modified_gmt":"2018-06-05T18:33:53","slug":"phu-kien-vi-da-lon-iqos-nap-gap-co-moc-cai","status":"publish","type":"product","link":"https:\/\/hosting.conasi.vn\/w\/iqos2011\/san-pham\/phu-kien-vi-da-lon-iqos-nap-gap-co-moc-cai\/","title":{"rendered":"Ph\u1ee5 ki\u1ec7n v\u00ed da l\u1ed9n n\u1eafp g\u1eadp"},"content":{"rendered":"<p>V\u00ed da c\u00e0i l\u00e0 m\u1ed9t ph\u1ee5 ki\u1ec7n kh\u00f4ng th\u1ec3 thi\u1ebfu cho c\u00e1c Qu\u00fd \u00f4ng khi s\u1eed d\u1ee5ng IQOS, k\u00edch th\u01b0\u1edbc nh\u1ecf g\u1ecdn, ti\u1ec7n d\u1ee5ng, c\u00f3 th\u1ec3 c\u00e0i v\u00e0o d\u00e2y l\u01b0ng b\u00ean s\u01b0\u1eddn.<\/p>\n<p><img loading=\"lazy\" class=\"aligncenter size-full wp-image-531\" title=\"Ph\u1ee5 ki\u1ec7n v\u00ed da l\u1ed9n IQOS n\u1eafp g\u1eadp c\u00f3 m\u00f3c c\u00e0i 2\" src=\"http:\/\/ webdemo.com\/wp-content\/uploads\/2018\/05\/a.jpg\" alt=\"Ph\u1ee5 ki\u1ec7n v\u00ed da l\u1ed9n IQOS n\u1eafp g\u1eadp c\u00f3 m\u00f3c c\u00e0i 2\" width=\"747\" height=\"743\" \/><\/p>\n","protected":false},"excerpt":{"rendered":"<ul>\n<li>Thi\u1ebft k\u1ebf \u0111\u01a1n gi\u1ea3n nh\u01b0ng sang tr\u1ecdng.<\/li>\n<li>M\u00e0u s\u1eafc trang nh\u00e3, \u0111a d\u1ea1ng<\/li>\n<li>S\u1eed d\u1ee5ng \u0111\u01a1n gi\u1ea3n, ti\u1ec7n d\u1ee5ng<\/li>\n<li>Ch\u1ea5t li\u1ec7u da cao c\u1ea5p<\/li>\n<li>\u0110\u1ef1ng \u0111\u01b0\u1ee3c: B\u1ed9 IQOS, b\u1ed9 v\u1ec7 sinh, h\u1ed9p thu\u1ed1c<\/li>\n<\/ul>\n","protected":false},"featured_media":196,"comment_status":"open","ping_status":"closed","template":"","meta":[],"_links":{"self":[{"href":"https:\/\/hosting.conasi.vn\/w\/iqos2011\/wp-json\/wp\/v2\/product\/195"}],"collection":[{"href":"https:\/\/hosting.conasi.vn\/w\/iqos2011\/wp-json\/wp\/v2\/product"}],"about":[{"href":"https:\/\/hosting.conasi.vn\/w\/iqos2011\/wp-json\/wp\/v2\/types\/product"}],"replies":[{"embeddable":true,"href":"https:\/\/hosting.conasi.vn\/w\/iqos2011\/wp-json\/wp\/v2\/comments?post=195"}],"wp:featuredmedia":[{"embeddable":true,"href":"https:\/\/hosting.conasi.vn\/w\/iqos2011\/wp-json\/wp\/v2\/media\/196"}],"wp:attachment":[{"href":"https:\/\/hosting.conasi.vn\/w\/iqos2011\/wp-json\/wp\/v2\/media?parent=195"}],"curies":[{"name":"wp","href":"https:\/\/api.w.org\/{rel}","templated":true}]}}