{"id":190,"date":"2018-06-06T01:28:24","date_gmt":"2018-06-05T18:28:24","guid":{"rendered":"http:\/\/iqos.khowebseotop.vn\/?post_type=product&#038;p=190"},"modified":"2018-06-06T01:36:56","modified_gmt":"2018-06-05T18:36:56","slug":"nuoc-ve-sinh-may-iqos","status":"publish","type":"product","link":"https:\/\/hosting.conasi.vn\/w\/iqos2011\/san-pham\/nuoc-ve-sinh-may-iqos\/","title":{"rendered":"N\u01b0\u1edbc v\u1ec7 sinh m\u00e1y IQOS"},"content":{"rendered":"<p>X\u1ecbt dung d\u1ecbch v\u00e0o t\u0103m b\u00f4ng ho\u1eb7c b\u1ed9 v\u1ec7 sinh r\u1ed3i ti\u1ebfn h\u00e0nh c\u00e1c b\u01b0\u1edbc v\u1ec7 sinh, l\u00e0m s\u1ea1ch t\u1ea9u IQOS<\/p>\n<p><img loading=\"lazy\" class=\"aligncenter size-full wp-image-547\" title=\"N\u01b0\u1edbc v\u1ec7 sinh m\u00e1y IQOS 1\" src=\"http:\/\/ webdemo.com\/wp-content\/uploads\/2018\/05\/8661522056_290957767.jpg\" sizes=\"(max-width: 750px) 100vw, 750px\" srcset=\"http:\/\/ webdemo.com\/wp-content\/uploads\/2018\/05\/8661522056_290957767.jpg 750w, http:\/\/ webdemo.com\/wp-content\/uploads\/2018\/05\/8661522056_290957767-360x360.jpg 360w\" alt=\"N\u01b0\u1edbc v\u1ec7 sinh m\u00e1y IQOS 1\" width=\"750\" height=\"750\" \/><\/p>\n<p><img loading=\"lazy\" class=\"aligncenter size-full wp-image-540\" title=\"N\u01b0\u1edbc v\u1ec7 sinh m\u00e1y IQOS 2\" src=\"http:\/\/ webdemo.com\/wp-content\/uploads\/2018\/05\/33042211_2023482767661891_2342689610955489280_n.jpg\" sizes=\"(max-width: 750px) 100vw, 750px\" srcset=\"http:\/\/ webdemo.com\/wp-content\/uploads\/2018\/05\/33042211_2023482767661891_2342689610955489280_n.jpg 750w, http:\/\/ webdemo.com\/wp-content\/uploads\/2018\/05\/33042211_2023482767661891_2342689610955489280_n-360x240.jpg 360w\" alt=\"N\u01b0\u1edbc v\u1ec7 sinh m\u00e1y IQOS 2\" width=\"750\" height=\"500\" \/><\/p>\n","protected":false},"excerpt":{"rendered":"<div class=\"mtng\">\n<ul>\n<li>L\u00e0m s\u1ea1ch t\u1ea9u, l\u01b0\u1ee1i nung n\u00f3ng thu\u1ed1c<\/li>\n<li>L\u1ea5y \u0111i h\u1ebft c\u00e1c v\u1ebft nicotin t\u1ed3n \u0111\u1ecdng \u1edf t\u1ea9u v\u00e0 l\u01b0\u1ee1i \u0111\u1ed1t<\/li>\n<li>D\u1ea1ng chai nh\u1ecf g\u1ecdn, thu\u1eadn ti\u1ec7n mang theo<\/li>\n<\/ul>\n<\/div>\n<p class=\"xuatxu\"><b>Xu\u1ea5t x\u1ee9: <\/b>Nh\u1eadt B\u1ea3n<\/p>\n<p class=\"kemtheo\"><b>K\u00e8m theo: <\/b>T\u0103m b\u00f4ng<\/p>\n<p><a class=\"muahang\" href=\"http:\/\/ webdemo.com\/sp\/nuoc-ve-sinh-may-iqos\/#\">MU<\/a><\/p>\n","protected":false},"featured_media":191,"comment_status":"open","ping_status":"closed","template":"","meta":[],"_links":{"self":[{"href":"https:\/\/hosting.conasi.vn\/w\/iqos2011\/wp-json\/wp\/v2\/product\/190"}],"collection":[{"href":"https:\/\/hosting.conasi.vn\/w\/iqos2011\/wp-json\/wp\/v2\/product"}],"about":[{"href":"https:\/\/hosting.conasi.vn\/w\/iqos2011\/wp-json\/wp\/v2\/types\/product"}],"replies":[{"embeddable":true,"href":"https:\/\/hosting.conasi.vn\/w\/iqos2011\/wp-json\/wp\/v2\/comments?post=190"}],"wp:featuredmedia":[{"embeddable":true,"href":"https:\/\/hosting.conasi.vn\/w\/iqos2011\/wp-json\/wp\/v2\/media\/191"}],"wp:attachment":[{"href":"https:\/\/hosting.conasi.vn\/w\/iqos2011\/wp-json\/wp\/v2\/media?parent=190"}],"curies":[{"name":"wp","href":"https:\/\/api.w.org\/{rel}","templated":true}]}}