{"id":181,"date":"2018-06-06T01:26:19","date_gmt":"2018-06-05T18:26:19","guid":{"rendered":"http:\/\/iqos.khowebseotop.vn\/?post_type=product&#038;p=181"},"modified":"2018-06-06T01:34:50","modified_gmt":"2018-06-05T18:34:50","slug":"vi-cai-tien-loi","status":"publish","type":"product","link":"https:\/\/hosting.conasi.vn\/w\/iqos2011\/san-pham\/vi-cai-tien-loi\/","title":{"rendered":"V\u00ed c\u00e0i ti\u1ec7n l\u1ee3i"},"content":{"rendered":"<p>V\u00ed da c\u00e0i l\u00e0 m\u1ed9t ph\u1ee5 ki\u1ec7n kh\u00f4ng th\u1ec3 thi\u1ebfu cho c\u00e1c Qu\u00fd \u00f4ng khi s\u1eed d\u1ee5ng IQOS, k\u00edch th\u01b0\u1edbc nh\u1ecf g\u1ecdn, ti\u1ec7n d\u1ee5ng<\/p>\n<p><img loading=\"lazy\" class=\"aligncenter size-full wp-image-576\" title=\"V\u00ed c\u00e0i 1\" src=\"http:\/\/ webdemo.com\/wp-content\/uploads\/2018\/05\/7446544753_1960677214.jpg\" sizes=\"(max-width: 800px) 100vw, 800px\" srcset=\"http:\/\/ webdemo.com\/wp-content\/uploads\/2018\/05\/7446544753_1960677214.jpg 800w, http:\/\/ webdemo.com\/wp-content\/uploads\/2018\/05\/7446544753_1960677214-360x360.jpg 360w, http:\/\/ webdemo.com\/wp-content\/uploads\/2018\/05\/7446544753_1960677214-768x768.jpg 768w\" alt=\"V\u00ed c\u00e0i 1\" width=\"800\" height=\"800\" \/><\/p>\n","protected":false},"excerpt":{"rendered":"<ul>\n<li>Thi\u1ebft k\u1ebf \u0111\u01a1n gi\u1ea3n nh\u01b0ng sang tr\u1ecdng.<\/li>\n<li>M\u00e0u s\u1eafc trang nh\u00e3, \u0111a d\u1ea1ng<\/li>\n<li>S\u1eed d\u1ee5ng \u0111\u01a1n gi\u1ea3n, ti\u1ec7n d\u1ee5ng<\/li>\n<li>Ch\u1ea5t li\u1ec7u da cao c\u1ea5p<\/li>\n<li>\u0110\u1ef1ng \u0111\u01b0\u1ee3c: B\u1ed9 IQOS,\u00a0 h\u1ed9p thu\u1ed1cV\u00ed da c\u00e0i l\u00e0 m\u1ed9t ph\u1ee5 ki\u1ec7n kh\u00f4ng th\u1ec3 thi\u1ebfu cho c\u00e1c Qu\u00fd \u00f4ng khi s\u1eed d\u1ee5ng IQOS, k\u00edch th\u01b0\u1edbc nh\u1ecf g\u1ecdn, ti\u1ec7n d\u1ee5ng<\/li>\n<\/ul>\n","protected":false},"featured_media":182,"comment_status":"open","ping_status":"closed","template":"","meta":[],"_links":{"self":[{"href":"https:\/\/hosting.conasi.vn\/w\/iqos2011\/wp-json\/wp\/v2\/product\/181"}],"collection":[{"href":"https:\/\/hosting.conasi.vn\/w\/iqos2011\/wp-json\/wp\/v2\/product"}],"about":[{"href":"https:\/\/hosting.conasi.vn\/w\/iqos2011\/wp-json\/wp\/v2\/types\/product"}],"replies":[{"embeddable":true,"href":"https:\/\/hosting.conasi.vn\/w\/iqos2011\/wp-json\/wp\/v2\/comments?post=181"}],"wp:featuredmedia":[{"embeddable":true,"href":"https:\/\/hosting.conasi.vn\/w\/iqos2011\/wp-json\/wp\/v2\/media\/182"}],"wp:attachment":[{"href":"https:\/\/hosting.conasi.vn\/w\/iqos2011\/wp-json\/wp\/v2\/media?parent=181"}],"curies":[{"name":"wp","href":"https:\/\/api.w.org\/{rel}","templated":true}]}}