{"id":173,"date":"2018-06-06T01:24:22","date_gmt":"2018-06-05T18:24:22","guid":{"rendered":"http:\/\/iqos.khowebseotop.vn\/?post_type=product&#038;p=173"},"modified":"2018-06-06T01:24:22","modified_gmt":"2018-06-05T18:24:22","slug":"vi-gap-tien-loi","status":"publish","type":"product","link":"https:\/\/hosting.conasi.vn\/w\/iqos2011\/san-pham\/vi-gap-tien-loi\/","title":{"rendered":"V\u00ed g\u1eadp ti\u1ec7n l\u1ee3i"},"content":{"rendered":"<div id=\"content\" class=\"hfeed\">\n<div class=\"container\">\n<div class=\"post-603 sanpham type-sanpham status-publish has-post-thumbnail hentry cm-phu-kien-iqos entry\">\n<div id=\"tab-1\" class=\"entry-content tab-content current\">\n<p>V\u00ed da c\u00e0i l\u00e0 m\u1ed9t ph\u1ee5 ki\u1ec7n kh\u00f4ng th\u1ec3 thi\u1ebfu cho c\u00e1c Qu\u00fd \u00f4ng khi s\u1eed d\u1ee5ng IQOS, k\u00edch th\u01b0\u1edbc nh\u1ecf g\u1ecdn trong l\u00f2ng b\u00e0n tay, ti\u1ec7n d\u1ee5ng, c\u00f3 th\u1ec3 c\u00e0i v\u00e0o d\u00e2y l\u01b0ng b\u00ean s\u01b0\u1eddn. M\u00e0u s\u1eafc trang nh\u00e3, nhi\u1ec1u l\u1ef1a ch\u1ecdn: \u0111en, xanh,xan<img loading=\"lazy\" class=\"aligncenter size-full wp-image-605\" title=\"V\u00ed g\u1eadp 1\" src=\"http:\/\/ webdemo.com\/wp-content\/uploads\/2018\/05\/33161887_1685230951597891_1216200580628742144_n.jpg\" alt=\"V\u00ed g\u1eadp 1\" width=\"260\" height=\"260\" \/><img loading=\"lazy\" class=\"aligncenter size-full wp-image-604\" title=\"V\u00ed g\u1eadp 2\" src=\"http:\/\/ webdemo.com\/wp-content\/uploads\/2018\/05\/33312885_1685230964931223_3692357812135919616_n.jpg\" alt=\"V\u00ed g\u1eadp 2\" width=\"260\" height=\"260\" \/><\/p>\n<\/div>\n<\/div>\n<\/div>\n<\/div>\n","protected":false},"excerpt":{"rendered":"<div class=\"mtng\">\n<ul>\n<li>Thi\u1ebft k\u1ebf \u0111\u01a1n gi\u1ea3n nh\u01b0ng sang tr\u1ecdng.<\/li>\n<li>C\u00f3\u00a0nhi\u1ec1u\u00a0m\u00e0u \u0111\u1ec3 l\u1ef1a ch\u1ecdn:n\u00e2u, \u0111en,\u00a0cam \u0111\u1ea5t, xanh<\/li>\n<li>S\u1eed d\u1ee5ng \u0111\u01a1n gi\u1ea3n, ti\u1ec7n d\u1ee5ng<\/li>\n<li>Ch\u1ea5t li\u1ec7u da cao c\u1ea5p<\/li>\n<li>\u0110\u1ef1ng \u0111\u01b0\u1ee3c: B\u1ed9 IQOS, b\u1ed9 v\u1ec7 sinh, h\u1ed9p thu\u1ed1c<\/li>\n<\/ul>\n<\/div>\n<p class=\"xuatxu\"><b>Xu\u1ea5t x\u1ee9: <\/b>Da cao c\u1ea5p<\/p>\n","protected":false},"featured_media":174,"comment_status":"open","ping_status":"closed","template":"","meta":[],"_links":{"self":[{"href":"https:\/\/hosting.conasi.vn\/w\/iqos2011\/wp-json\/wp\/v2\/product\/173"}],"collection":[{"href":"https:\/\/hosting.conasi.vn\/w\/iqos2011\/wp-json\/wp\/v2\/product"}],"about":[{"href":"https:\/\/hosting.conasi.vn\/w\/iqos2011\/wp-json\/wp\/v2\/types\/product"}],"replies":[{"embeddable":true,"href":"https:\/\/hosting.conasi.vn\/w\/iqos2011\/wp-json\/wp\/v2\/comments?post=173"}],"wp:featuredmedia":[{"embeddable":true,"href":"https:\/\/hosting.conasi.vn\/w\/iqos2011\/wp-json\/wp\/v2\/media\/174"}],"wp:attachment":[{"href":"https:\/\/hosting.conasi.vn\/w\/iqos2011\/wp-json\/wp\/v2\/media?parent=173"}],"curies":[{"name":"wp","href":"https:\/\/api.w.org\/{rel}","templated":true}]}}