{"id":133,"date":"2018-06-06T01:02:28","date_gmt":"2018-06-05T18:02:28","guid":{"rendered":"http:\/\/iqos.khowebseotop.vn\/?post_type=product&#038;p=133"},"modified":"2018-06-06T10:35:21","modified_gmt":"2018-06-06T03:35:21","slug":"iqos-2-4-plus-trang","status":"publish","type":"product","link":"https:\/\/hosting.conasi.vn\/w\/iqos2011\/san-pham\/iqos-2-4-plus-trang\/","title":{"rendered":"IQOS 2.4 Plus tr\u1eafng"},"content":{"rendered":"<ul>\n<li>Thanh nhi\u1ec7t l\u00e0m n\u00f3ng \u0111i\u1ebfu thu\u1ed1c (l\u01b0\u1ee1i g\u00e0) ch\u1eafc ch\u1eafn h\u01a1n, h\u1ea1n ch\u1ebf t\u1ed1i \u0111a t\u00ecnh tr\u1ea1ng g\u00e3y thanh nhi\u1ec7t nh\u01b0 IQOS 2.4 th\u01b0\u1eddng.<\/li>\n<li>H\u1ed9p s\u1ea1c m\u1eabu m\u00e3 m\u1edbi ch\u1eafc ch\u1eafn h\u01a1n, t\u1ea9u h\u00fat \u0111\u1eb9p<\/li>\n<li>S\u1ea1c nhanh h\u01a1n sau m\u1ed7i l\u1ea7n h\u00fat ( t\u1ea7m 2 ph\u00fat )<\/li>\n<li>S\u1eed d\u1ee5ng c\u00f4ng ngh\u1ec7 rung (khi b\u1eaft \u0111\u1ea7u v\u00e0 k\u1ebft th\u00fac \u0111i\u1ebfu thu\u1ed1c )<\/li>\n<\/ul>\n<p>C\u00f3 th\u00eam t\u00ednh n\u0103ng Bluetooth \u0111\u1ec3 k\u1ebft n\u1ed1i v\u1edbi app theo d\u00f5i s\u1ee9c kh\u1ecfe<img loading=\"lazy\" class=\"aligncenter size-full wp-image-779\" title=\"IQOS 2.4 Plus tr\u1eafng 1\" src=\"http:\/\/ webdemo.com\/wp-content\/uploads\/2018\/05\/21-copy.jpg\" sizes=\"(max-width: 3648px) 100vw, 3648px\" srcset=\"http:\/\/ webdemo.com\/wp-content\/uploads\/2018\/05\/21-copy.jpg 3648w, http:\/\/ webdemo.com\/wp-content\/uploads\/2018\/05\/21-copy-360x360.jpg 360w, http:\/\/ webdemo.com\/wp-content\/uploads\/2018\/05\/21-copy-768x768.jpg 768w\" alt=\"IQOS 2.4 Plus tr\u1eafng 1\" width=\"3648\" height=\"3648\" \/><\/p>\n<p><img loading=\"lazy\" class=\"aligncenter size-medium wp-image-780\" title=\"IQOS 2.4 Plus tr\u1eafng 2\" src=\"http:\/\/ webdemo.com\/wp-content\/uploads\/2018\/05\/22-copy.jpg\" sizes=\"(max-width: 3648px) 100vw, 3648px\" srcset=\"http:\/\/ webdemo.com\/wp-content\/uploads\/2018\/05\/22-copy.jpg 3648w, http:\/\/ webdemo.com\/wp-content\/uploads\/2018\/05\/22-copy-360x360.jpg 360w, http:\/\/ webdemo.com\/wp-content\/uploads\/2018\/05\/22-copy-768x768.jpg 768w\" alt=\"IQOS 2.4 Plus tr\u1eafng 2\" width=\"3648\" height=\"3648\" \/><\/p>\n<p>&nbsp;<\/p>\n<p><img loading=\"lazy\" class=\"aligncenter size-medium wp-image-782\" title=\"IQOS 2.4 Plus tr\u1eafng 3\" src=\"http:\/\/ webdemo.com\/wp-content\/uploads\/2018\/05\/img_0519-copy.jpg\" sizes=\"(max-width: 5472px) 100vw, 5472px\" srcset=\"http:\/\/ webdemo.com\/wp-content\/uploads\/2018\/05\/img_0519-copy.jpg 5472w, http:\/\/ webdemo.com\/wp-content\/uploads\/2018\/05\/img_0519-copy-768x512.jpg 768w, http:\/\/ webdemo.com\/wp-content\/uploads\/2018\/05\/img_0519-copy-360x240.jpg 360w\" alt=\"IQOS 2.4 Plus tr\u1eafng 3\" width=\"5472\" height=\"3648\" \/><\/p>\n<p><img loading=\"lazy\" class=\"aligncenter size-medium wp-image-783\" title=\"IQOS 2.4 Plus tr\u1eafng 4\" src=\"http:\/\/ webdemo.com\/wp-content\/uploads\/2018\/05\/img_0520-copy-1.jpg\" sizes=\"(max-width: 5472px) 100vw, 5472px\" srcset=\"http:\/\/ webdemo.com\/wp-content\/uploads\/2018\/05\/img_0520-copy-1.jpg 5472w, http:\/\/ webdemo.com\/wp-content\/uploads\/2018\/05\/img_0520-copy-1-768x512.jpg 768w, http:\/\/ webdemo.com\/wp-content\/uploads\/2018\/05\/img_0520-copy-1-360x240.jpg 360w\" alt=\"IQOS 2.4 Plus tr\u1eafng 4\" width=\"5472\" height=\"3648\" \/><\/p>\n<p>&nbsp;<\/p>\n<p><img loading=\"lazy\" class=\"aligncenter size-medium wp-image-784\" title=\"IQOS 2.4 Plus tr\u1eafng 5\" src=\"http:\/\/ webdemo.com\/wp-content\/uploads\/2018\/05\/img_0521-copy.jpg\" sizes=\"(max-width: 5472px) 100vw, 5472px\" srcset=\"http:\/\/ webdemo.com\/wp-content\/uploads\/2018\/05\/img_0521-copy.jpg 5472w, http:\/\/ webdemo.com\/wp-content\/uploads\/2018\/05\/img_0521-copy-768x512.jpg 768w, http:\/\/ webdemo.com\/wp-content\/uploads\/2018\/05\/img_0521-copy-360x240.jpg 360w\" alt=\"IQOS 2.4 Plus tr\u1eafng 5\" width=\"5472\" height=\"3648\" \/><\/p>\n<p><img loading=\"lazy\" class=\"aligncenter size-medium wp-image-785\" title=\"IQOS 2.4 Plus tr\u1eafng 6\" src=\"http:\/\/ webdemo.com\/wp-content\/uploads\/2018\/05\/img_0525-copy.jpg\" sizes=\"(max-width: 5472px) 100vw, 5472px\" srcset=\"http:\/\/ webdemo.com\/wp-content\/uploads\/2018\/05\/img_0525-copy.jpg 5472w, http:\/\/ webdemo.com\/wp-content\/uploads\/2018\/05\/img_0525-copy-768x512.jpg 768w, http:\/\/ webdemo.com\/wp-content\/uploads\/2018\/05\/img_0525-copy-360x240.jpg 360w\" alt=\"IQOS 2.4 Plus tr\u1eafng 6\" width=\"5472\" height=\"3648\" \/><\/p>\n","protected":false},"excerpt":{"rendered":"<div class=\"mtng\">\n<ul>\n<li>Thanh nhi\u1ec7t l\u00e0m n\u00f3ng \u0111i\u1ebfu thu\u1ed1c (l\u01b0\u1ee1i g\u00e0) ch\u1eafc ch\u1eafn h\u01a1n, h\u1ea1n ch\u1ebf t\u1ed1i \u0111a t\u00ecnh tr\u1ea1ng g\u00e3y thanh nhi\u1ec7t nh\u01b0 IQOS 2.4 th\u01b0\u1eddng.<\/li>\n<li>H\u1ed9p s\u1ea1c m\u1eabu m\u00e3 m\u1edbi ch\u1eafc ch\u1eafn h\u01a1n, t\u1ea9u h\u00fat \u0111\u1eb9p<\/li>\n<li>S\u1ea1c nhanh h\u01a1n sau m\u1ed7i l\u1ea7n h\u00fat ( t\u1ea7m 2 ph\u00fat )<\/li>\n<li>S\u1eed d\u1ee5ng c\u00f4ng ngh\u1ec7 rung (khi b\u1eaft \u0111\u1ea7u v\u00e0 k\u1ebft th\u00fac \u0111i\u1ebfu thu\u1ed1c )<\/li>\n<li>C\u00f3 th\u00eam t\u00ednh n\u0103ng Bluetooth \u0111\u1ec3 k\u1ebft n\u1ed1i v\u1edbi app theo d\u00f5i s\u1ee9c kh\u1ecfe<\/li>\n<\/ul>\n<\/div>\n<p class=\"xuatxu\"><b>Xu\u1ea5t x\u1ee9: <\/b>Nh\u1eadt &#8211; Nga<\/p>\n<p class=\"kemtheo\"><b>K\u00e8m theo: <\/b>T\u1eb7ng 5 bao Heets \u00c2u<\/p>\n<p class=\"baohanh\"><b>B\u1ea3o h\u00e0nh: <\/b>3 th\u00e1ng<\/p>\n<p><a class=\"muahang\" href=\"http:\/\/ webdemo.com\/sp\/iqos-2-4-plus\/#\">M<\/a><\/p>\n","protected":false},"featured_media":134,"comment_status":"open","ping_status":"closed","template":"","meta":[],"_links":{"self":[{"href":"https:\/\/hosting.conasi.vn\/w\/iqos2011\/wp-json\/wp\/v2\/product\/133"}],"collection":[{"href":"https:\/\/hosting.conasi.vn\/w\/iqos2011\/wp-json\/wp\/v2\/product"}],"about":[{"href":"https:\/\/hosting.conasi.vn\/w\/iqos2011\/wp-json\/wp\/v2\/types\/product"}],"replies":[{"embeddable":true,"href":"https:\/\/hosting.conasi.vn\/w\/iqos2011\/wp-json\/wp\/v2\/comments?post=133"}],"wp:featuredmedia":[{"embeddable":true,"href":"https:\/\/hosting.conasi.vn\/w\/iqos2011\/wp-json\/wp\/v2\/media\/134"}],"wp:attachment":[{"href":"https:\/\/hosting.conasi.vn\/w\/iqos2011\/wp-json\/wp\/v2\/media?parent=133"}],"curies":[{"name":"wp","href":"https:\/\/api.w.org\/{rel}","templated":true}]}}