{"id":130,"date":"2018-06-06T01:00:17","date_gmt":"2018-06-05T18:00:17","guid":{"rendered":"http:\/\/iqos.khowebseotop.vn\/?post_type=product&#038;p=130"},"modified":"2018-06-06T10:34:38","modified_gmt":"2018-06-06T03:34:38","slug":"tau-roi-2-4-plus","status":"publish","type":"product","link":"https:\/\/hosting.conasi.vn\/w\/iqos2011\/san-pham\/tau-roi-2-4-plus\/","title":{"rendered":"T\u1ea9u r\u1eddi 2.4 PLUS"},"content":{"rendered":"<div class=\"mtng\">\n<p><strong>\u0110\u1ed5i t\u1ea9u c\u0169 h\u1ecfng:<\/strong> ( l\u1ed7i \u0111\u00e8n \u0111\u1ecf, g\u00e3y l\u01b0\u1ee1i g\u00e0 &#8230;) l\u1ea5y t\u1ea9u m\u1edbi<\/p>\n<p><strong>Gi\u00e1:<\/strong> 1.000.000\u0111 &#8211; 1.500.000\u0111<\/p>\n<\/div>\n<p class=\"xuatxu\"><b>Xu\u1ea5t x\u1ee9: <\/b>Nh\u1eadt<\/p>\n<p class=\"baohanh\"><b>B\u1ea3o h\u00e0nh: <\/b>3 th\u00e1ng<\/p>\n","protected":false},"excerpt":{"rendered":"<div class=\"mtng\">\n<p><strong>\u0110\u1ed5i t\u1ea9u c\u0169 h\u1ecfng:<\/strong> ( l\u1ed7i \u0111\u00e8n \u0111\u1ecf, g\u00e3y l\u01b0\u1ee1i g\u00e0 &#8230;) l\u1ea5y t\u1ea9u m\u1edbi<\/p>\n<p><strong>Gi\u00e1:<\/strong> 1.000.000\u0111 &#8211; 1.500.000\u0111<\/p>\n<\/div>\n<p class=\"xuatxu\"><b>Xu\u1ea5t x\u1ee9: <\/b>Nh\u1eadt<\/p>\n<p class=\"baohanh\"><b>B\u1ea3o h\u00e0nh: <\/b>3 th\u00e1ng<\/p>\n","protected":false},"featured_media":131,"comment_status":"open","ping_status":"closed","template":"","meta":[],"_links":{"self":[{"href":"https:\/\/hosting.conasi.vn\/w\/iqos2011\/wp-json\/wp\/v2\/product\/130"}],"collection":[{"href":"https:\/\/hosting.conasi.vn\/w\/iqos2011\/wp-json\/wp\/v2\/product"}],"about":[{"href":"https:\/\/hosting.conasi.vn\/w\/iqos2011\/wp-json\/wp\/v2\/types\/product"}],"replies":[{"embeddable":true,"href":"https:\/\/hosting.conasi.vn\/w\/iqos2011\/wp-json\/wp\/v2\/comments?post=130"}],"wp:featuredmedia":[{"embeddable":true,"href":"https:\/\/hosting.conasi.vn\/w\/iqos2011\/wp-json\/wp\/v2\/media\/131"}],"wp:attachment":[{"href":"https:\/\/hosting.conasi.vn\/w\/iqos2011\/wp-json\/wp\/v2\/media?parent=130"}],"curies":[{"name":"wp","href":"https:\/\/api.w.org\/{rel}","templated":true}]}}