{"id":593,"date":"2018-06-06T11:24:41","date_gmt":"2018-06-06T04:24:41","guid":{"rendered":"http:\/\/iqos.khowebseotop.vn\/?page_id=593"},"modified":"2021-03-12T21:36:09","modified_gmt":"2021-03-12T14:36:09","slug":"lien-he","status":"publish","type":"page","link":"https:\/\/hosting.conasi.vn\/w\/iqos2011\/lien-he\/","title":{"rendered":"Li\u00ean h\u1ec7"},"content":{"rendered":"\n\t<div class=\"img has-hover x md-x lg-x y md-y lg-y\" id=\"image_626277806\">\n\t\t\t\t\t\t\t\t<div class=\"img-inner image-cover dark\" style=\"padding-top:11%;\">\n\t\t\t<img width=\"1920\" height=\"500\" src=\"https:\/\/hosting.conasi.vn\/w\/iqos2011\/wp-content\/uploads\/2018\/06\/slider.jpg\" class=\"attachment-original size-original\" alt=\"\" loading=\"lazy\" srcset=\"https:\/\/hosting.conasi.vn\/w\/iqos2011\/wp-content\/uploads\/2018\/06\/slider.jpg 1920w, https:\/\/hosting.conasi.vn\/w\/iqos2011\/wp-content\/uploads\/2018\/06\/slider-510x133.jpg 510w, https:\/\/hosting.conasi.vn\/w\/iqos2011\/wp-content\/uploads\/2018\/06\/slider-300x78.jpg 300w, https:\/\/hosting.conasi.vn\/w\/iqos2011\/wp-content\/uploads\/2018\/06\/slider-768x200.jpg 768w, https:\/\/hosting.conasi.vn\/w\/iqos2011\/wp-content\/uploads\/2018\/06\/slider-1024x267.jpg 1024w\" sizes=\"(max-width: 1920px) 100vw, 1920px\" \/>\t\t\t\t\t\t\n\t\t\t\t\t<\/div>\n\t\t\t\t\t\t\t\t\n<style>\n#image_626277806 {\n  width: 100%;\n}\n<\/style>\n\t<\/div>\n\t\n\n\t<div id=\"gap-124089873\" class=\"gap-element clearfix\" style=\"display:block; height:auto;\">\n\t\t\n<style>\n#gap-124089873 {\n  padding-top: 30px;\n}\n<\/style>\n\t<\/div>\n\t\n\n<div class=\"row\"  id=\"row-477807224\">\n\n\n\t<div id=\"col-470583667\" class=\"col medium-6 small-12 large-6\"  >\n\t\t<div class=\"col-inner\"  >\n\t\t\t\n\t\t\t\n\n<p><span style=\"color: #000000;\"><strong>IQOS Vi\u1ec7t Nam<\/strong><\/span><\/p>\n<p><img loading=\"lazy\" class=\"alignnone size-full wp-image-369\" src=\"https:\/\/bizhostvn.com\/w\/iqos2011\/wp-content\/uploads\/2018\/06\/logo-giuseart.png\" alt=\"\" width=\"178\" height=\"37\" \/><\/p>\n<ul>\n<li class=\"location\"><span style=\"font-size: 95%;\"><strong>\u0110\u1ecba ch\u1ec9:\u00a0<\/strong>490A, \u0110i\u1ec7n Bi\u00ean Ph\u1ee7, P.21, Q.B\u00ecnh Th\u1ea1nh<\/span><\/li>\n<li class=\"phone\"><span style=\"font-size: 95%;\"><strong>\u0110i\u1ec7n tho\u1ea1i:\u00a0<\/strong>0999000000<\/span><\/li>\n<li class=\"email\"><span style=\"font-size: 95%;\"><strong>Email:<\/strong>\u00a0email@gmail.com<\/span><\/li>\n<li class=\"website\"><span style=\"font-size: 95%;\"><strong>Website:<\/strong>\u00a0 webdemo.com<\/span><\/li>\n<\/ul>\n\n\t\t<\/div>\n\t\t\t<\/div>\n\n\t\n\n\t<div id=\"col-197764064\" class=\"col medium-6 small-12 large-6\"  >\n\t\t<div class=\"col-inner\"  >\n\t\t\t\n\t\t\t\n\n<p><span style=\"color: #003366;\"><strong><span style=\"font-size: 120%;\">Bi\u1ec3u m\u1eabu li\u00ean h\u1ec7:<\/span><\/strong><\/span><\/p>\n<div role=\"form\" class=\"wpcf7\" id=\"wpcf7-f349-o1\" lang=\"vi\" dir=\"ltr\">\n<div class=\"screen-reader-response\"><p role=\"status\" aria-live=\"polite\" aria-atomic=\"true\"><\/p> <ul><\/ul><\/div>\n<form action=\"\/w\/iqos2011\/wp-json\/wp\/v2\/pages\/593#wpcf7-f349-o1\" method=\"post\" class=\"wpcf7-form init\" novalidate=\"novalidate\" data-status=\"init\">\n<div style=\"display: none;\">\n<input type=\"hidden\" name=\"_wpcf7\" value=\"349\" \/>\n<input type=\"hidden\" name=\"_wpcf7_version\" value=\"5.4\" \/>\n<input type=\"hidden\" name=\"_wpcf7_locale\" value=\"vi\" \/>\n<input type=\"hidden\" name=\"_wpcf7_unit_tag\" value=\"wpcf7-f349-o1\" \/>\n<input type=\"hidden\" name=\"_wpcf7_container_post\" value=\"0\" \/>\n<input type=\"hidden\" name=\"_wpcf7_posted_data_hash\" value=\"\" \/>\n<\/div>\n<div class=\"form-lien-he\">\n<div class=\"row1\">\n<div class=\"left\">\n<span class=\"wpcf7-form-control-wrap text-647\"><input type=\"text\" name=\"text-647\" value=\"\" size=\"40\" class=\"wpcf7-form-control wpcf7-text wpcf7-validates-as-required\" aria-required=\"true\" aria-invalid=\"false\" placeholder=\"H\u1ecd t\u00ean c\u1ee7a b\u1ea1n...\" \/><\/span><br \/>\n<span class=\"wpcf7-form-control-wrap text-644\"><input type=\"text\" name=\"text-644\" value=\"\" size=\"40\" class=\"wpcf7-form-control wpcf7-text\" aria-invalid=\"false\" placeholder=\"\u0110\u1ecba ch\u1ec9 c\u1ee7a b\u1ea1n...\" \/><\/span>\n<\/div>\n<div class=\"right\">\n<span class=\"wpcf7-form-control-wrap tel-76\"><input type=\"tel\" name=\"tel-76\" value=\"\" size=\"40\" class=\"wpcf7-form-control wpcf7-text wpcf7-tel wpcf7-validates-as-required wpcf7-validates-as-tel\" aria-required=\"true\" aria-invalid=\"false\" placeholder=\"S\u1ed1 \u0111i\u1ec7n tho\u1ea1i...\" \/><\/span><br \/>\n<span class=\"wpcf7-form-control-wrap email-811\"><input type=\"email\" name=\"email-811\" value=\"\" size=\"40\" class=\"wpcf7-form-control wpcf7-text wpcf7-email wpcf7-validates-as-email\" aria-invalid=\"false\" placeholder=\"\u0110\u1ecba ch\u1ec9 email...\" \/><\/span>\n<\/div>\n<div class=\"clearboth\"><\/div>\n<\/div>\n<div class=\"row2\">\n<span class=\"wpcf7-form-control-wrap textarea-455\"><textarea name=\"textarea-455\" cols=\"40\" rows=\"10\" class=\"wpcf7-form-control wpcf7-textarea\" aria-invalid=\"false\" placeholder=\"Ghi ch\u00fa th\u00eam...\"><\/textarea><\/span><br \/>\n<input type=\"submit\" value=\"Li\u00ean h\u1ec7 ngay\" class=\"wpcf7-form-control wpcf7-submit\" \/>\n<\/div>\n<\/div>\n<div class=\"wpcf7-response-output\" aria-hidden=\"true\"><\/div><\/form><\/div>\n\n\n\t\t<\/div>\n\t\t\t<\/div>\n\n\t\n\n<\/div>\n\t<section class=\"section\" id=\"section_381304936\">\n\t\t<div class=\"bg section-bg fill bg-fill  \" >\n\n\t\t\t\n\t\t\t\n\t\t\t\n\n\t\t<\/div>\n\n\t\t<div class=\"section-content relative\">\n\t\t\t\n\n<p style=\"text-align: center;\"><span style=\"font-size: 150%; color: #ffffff;\">H\u00e3y \u0111\u1ebfn v\u1edbi ch\u00fang t\u00f4i \u0111\u1ec3 c\u1ea3m nh\u1eadn s\u1ef1 kh\u00e1c bi\u1ec7t!<\/span><\/p>\n\n\t\t<\/div>\n\n\t\t\n<style>\n#section_381304936 {\n  padding-top: 30px;\n  padding-bottom: 30px;\n}\n#section_381304936 .section-bg.bg-loaded {\n  background-image: url(https:\/\/hosting.conasi.vn\/w\/iqos2011\/wp-content\/uploads\/2018\/06\/bg-phanhoi.jpg);\n}\n<\/style>\n\t<\/section>\n\t\n\n","protected":false},"excerpt":{"rendered":"","protected":false},"author":2,"featured_media":0,"parent":0,"menu_order":0,"comment_status":"closed","ping_status":"closed","template":"page-blank.php","meta":[],"_links":{"self":[{"href":"https:\/\/hosting.conasi.vn\/w\/iqos2011\/wp-json\/wp\/v2\/pages\/593"}],"collection":[{"href":"https:\/\/hosting.conasi.vn\/w\/iqos2011\/wp-json\/wp\/v2\/pages"}],"about":[{"href":"https:\/\/hosting.conasi.vn\/w\/iqos2011\/wp-json\/wp\/v2\/types\/page"}],"author":[{"embeddable":true,"href":"https:\/\/hosting.conasi.vn\/w\/iqos2011\/wp-json\/wp\/v2\/users\/2"}],"replies":[{"embeddable":true,"href":"https:\/\/hosting.conasi.vn\/w\/iqos2011\/wp-json\/wp\/v2\/comments?post=593"}],"version-history":[{"count":2,"href":"https:\/\/hosting.conasi.vn\/w\/iqos2011\/wp-json\/wp\/v2\/pages\/593\/revisions"}],"predecessor-version":[{"id":780,"href":"https:\/\/hosting.conasi.vn\/w\/iqos2011\/wp-json\/wp\/v2\/pages\/593\/revisions\/780"}],"wp:attachment":[{"href":"https:\/\/hosting.conasi.vn\/w\/iqos2011\/wp-json\/wp\/v2\/media?parent=593"}],"curies":[{"name":"wp","href":"https:\/\/api.w.org\/{rel}","templated":true}]}}