{"id":99,"date":"2019-05-28T08:36:50","date_gmt":"2019-05-28T08:36:50","guid":{"rendered":"http:\/\/hyundai.w2steam.com\/?post_type=product&#038;p=99"},"modified":"2019-05-29T03:39:18","modified_gmt":"2019-05-29T03:39:18","slug":"kona","status":"publish","type":"product","link":"https:\/\/hosting.conasi.vn\/w\/hyundai2011\/san-pham\/kona\/","title":{"rendered":"Kona"},"content":{"rendered":"<h3 style=\"text-align: center;\"><strong>CH\u1eccN PHONG C\u00c1CH, S\u1ed0NG \u0110AM M\u00ca<\/strong><\/h3>\n<div class=\"text1\"><strong>D\u00c1M KH\u00c1C BI\u1ec6T<\/strong><\/div>\n<div class=\"text2\">\u0110\u00f4i khi nh\u1eefng kho\u1ea3nh kh\u1eafc \u0111\u1eb9p nh\u1ea5t l\u00e0 nh\u1eefng gi\u00e2y ph\u00fat b\u1ea5t ng\u1edd \u0111\u1ea7y c\u1ea3m h\u1ee9ng kh\u00e1c bi\u1ec7t m\u00e0 ch\u00fang ta kh\u00f4ng chu\u1ea9n b\u1ecb tr\u01b0\u1edbc. \u0110\u00f3 ch\u00ednh l\u00e0 tinh th\u1ea7n c\u1ee7a Kona, l\u00e0 s\u1ef1 k\u1ebft h\u1ee3p c\u1ee7a phong c\u00e1ch n\u0103ng \u0111\u1ed9ng c\u00f9ng hi\u1ec7u su\u1ea5t v\u1eadn h\u00e0nh v\u1edbi nh\u1eefng c\u00f4ng ngh\u1ec7 hi\u1ec7n \u0111\u1ea1i h\u00e0ng \u0111\u1ea7u.<\/div>\n<p><img loading=\"lazy\" class=\"aligncenter size-full wp-image-1223\" src=\"http:\/\/hyundai.w2steam.com\/wp-content\/uploads\/2019\/05\/kona-99.jpg\" alt=\"\" width=\"1920\" height=\"696\" \/><strong>PHONG C\u00c1CH C\u1ee6A B\u1ea0N<\/strong> V\u1edbi nh\u1eefng \u0111\u01b0\u1eddng n\u00e9t thi\u1ebft k\u1ebf s\u1eafc n\u00e9t c\u00e1 t\u00ednh, Hyundai Kona tr\u1edf n\u00ean b\u1eaft m\u1eaft d\u01b0\u1edbi m\u1ecdi g\u00f3c nh\u00ecn. S\u1edf h\u1eefu nh\u1eefng m\u00e0u s\u1eafc b\u1eaft m\u1eaft v\u00e0 \u0111\u1ed9c \u0111\u00e1o, Kona gi\u00fap b\u1ea1n n\u1ed5i b\u1eadt h\u01a1n, kh\u00e1c bi\u1ec7t h\u01a1n v\u1edbi s\u1ed1 \u0111\u00f4ng.<img loading=\"lazy\" class=\"aligncenter size-full wp-image-1224\" src=\"http:\/\/hyundai.w2steam.com\/wp-content\/uploads\/2019\/05\/kona-99-1.jpg\" alt=\"\" width=\"1429\" height=\"975\" \/><\/p>\n<p><strong>C\u00c1 T\u00cdNH V\u00c0 KH\u00c1C BI\u1ec6T<\/strong><\/p>\n<div class=\"text1 text_play\"><strong>NGO\u1ea0I TH\u1ea4T<\/strong><\/div>\n<div class=\"text2\"><strong>Hyundai Kona<\/strong>\u00a0s\u1edf h\u1eefu thi\u1ebft k\u1ebf ngo\u1ea1i th\u1ea5t b\u1eaft m\u1eaft d\u01b0\u1edbi m\u1ecdi g\u00f3c nh\u00ecn.<\/div>\n<div><img loading=\"lazy\" class=\"aligncenter size-full wp-image-1225\" src=\"http:\/\/hyundai.w2steam.com\/wp-content\/uploads\/2019\/05\/kona-99-2.jpg\" alt=\"\" width=\"1920\" height=\"557\" \/><\/div>\n<div>\n<div><\/div>\n<div class=\"text1\"><strong>\u1ed0P TH\u00c2N<\/strong><\/div>\n<div class=\"text2\">Kona \u0111\u01b0\u1ee3c trang b\u1ecb b\u1ed9 \u1ed1p th\u00e2n xe t\u1ea1o n\u00ean d\u00e1ng v\u1ebb m\u1ea1nh m\u1ebd, c\u01a1 b\u1eafp \u0111\u1eadm ch\u1ea5t SUV.<\/div>\n<div><img loading=\"lazy\" class=\"aligncenter size-full wp-image-1226\" src=\"http:\/\/hyundai.w2steam.com\/wp-content\/uploads\/2019\/05\/kona-99-3.jpg\" alt=\"\" width=\"625\" height=\"338\" \/><\/div>\n<div>\n<div class=\"text1\">M\u1ea0NH M\u1ebc V\u00c0 M\u1ea0NH M\u1ebc H\u01a0N<\/div>\n<div class=\"text2\">\u0110\u00e8n LED ki\u1ec3u d\u00e1ng b\u1eaft m\u1eaft, c\u00f9ng c\u1ea3n sau n\u1ed5i b\u1eadt t\u1ea1o n\u00ean d\u00e1ng v\u1ebb c\u01a1 b\u1eafp \u0111\u1eb7c tr\u01b0ng c\u1ee7a m\u1ed9t chi\u1ebfc SUV hi\u1ec7n \u0111\u1ea1i<\/div>\n<div><img loading=\"lazy\" class=\"aligncenter size-full wp-image-1227\" src=\"http:\/\/hyundai.w2steam.com\/wp-content\/uploads\/2019\/05\/kona-99-4.jpg\" alt=\"\" width=\"1024\" height=\"549\" \/><\/div>\n<div>\n<div class=\"text1 text_play\"><strong>N\u1ed8I TH\u1ea4T<\/strong><\/div>\n<div class=\"text2\">Kh\u00e1m ph\u00e1 kh\u00f4ng gian n\u1ed9i th\u1ea5t \u1ea5n t\u01b0\u1ee3ng v\u1edbi s\u1ef1 th\u1ecfa m\u00e1i, ti\u1ec7n nghi c\u00f9ng m\u1ee9c \u0111\u1ed9 ho\u00e0n thi\u1ec7n cao c\u1ea5p.<\/div>\n<div><img loading=\"lazy\" class=\"aligncenter size-full wp-image-1071\" src=\"http:\/\/hyundai.w2steam.com\/wp-content\/uploads\/2019\/05\/kona-99-5.jpg\" alt=\"\" width=\"1920\" height=\"1131\" \/><\/div>\n<div>\n<div><\/div>\n<div class=\"text1\"><strong>M\u00c0N H\u00ccNH TH\u00d4NG TIN<\/strong><\/div>\n<div class=\"text2\">Kona \u0111\u01b0\u1ee3c trang b\u1ecb m\u00e0n h\u00ecnh th\u00f4ng tin 3,5 inch cho ph\u00e9p theo d\u00f5i c\u00e1c th\u00f4ng s\u1ed1 v\u1eadn h\u00e0nh c\u0169ng nh\u01b0 t\u00f9y ch\u1ec9nh c\u00e1c ch\u1ee9c tr\u0103ng theo xe.<\/div>\n<div><img loading=\"lazy\" class=\"aligncenter size-full wp-image-1072\" src=\"http:\/\/hyundai.w2steam.com\/wp-content\/uploads\/2019\/05\/kona-99-6.jpg\" alt=\"\" width=\"1024\" height=\"478\" \/><\/div>\n<div>\n<div><\/div>\n<div class=\"text1 text_play\"><strong>\u0110\u1ed8NG C\u01a0 &#8211; H\u1ed8P S\u1ed0<\/strong><\/div>\n<div class=\"text2\">Hi\u1ec7u n\u0103ng v\u00e0 s\u1ee9c m\u1ea1nh v\u01b0\u1ee3t tr\u1ed9i<\/div>\n<div>\n<div id=\"gallery-1\" class=\"gallery galleryid-1064 gallery-columns-2 gallery-size-full\">\n<dl class=\"gallery-item\">\n<dt class=\"gallery-icon portrait\"><a href=\"http:\/\/hyundaihatinh.net\/xe\/hyundai-kona\/dong-co\"><img loading=\"lazy\" class=\"attachment-full size-full\" src=\"http:\/\/hyundai.w2steam.com\/wp-content\/uploads\/2019\/05\/kona-99-7.jpg\" sizes=\"(max-width: 512px) 100vw, 512px\" srcset=\"http:\/\/hyundai.w2steam.com\/wp-content\/uploads\/2019\/05\/kona-99-7.jpg 512w, http:\/\/hyundaihatinh.net\/wp-content\/uploads\/2018\/08\/dong-co-263x300.png 263w\" alt=\"\" width=\"512\" height=\"584\" \/><\/a><\/dt>\n<\/dl>\n<dl class=\"gallery-item\">\n<dt class=\"gallery-icon landscape\"><a href=\"http:\/\/hyundaihatinh.net\/xe\/hyundai-kona\/dong-co-1\"><img loading=\"lazy\" class=\"attachment-full size-full\" src=\"http:\/\/hyundai.w2steam.com\/wp-content\/uploads\/2019\/05\/kona-99-8.jpg\" sizes=\"(max-width: 624px) 100vw, 624px\" srcset=\"http:\/\/hyundai.w2steam.com\/wp-content\/uploads\/2019\/05\/kona-99-8.jpg 624w, http:\/\/hyundaihatinh.net\/wp-content\/uploads\/2018\/08\/dong-co-1-300x281.png 300w\" alt=\"\" width=\"624\" height=\"584\" \/><\/a><\/dt>\n<\/dl>\n<\/div>\n<div class=\"txt\"><strong><span class=\"ModernHBold\">Gamma 1.6L T-GDI<\/span><\/strong><\/div>\n<div class=\"txt\">\u0110\u1ed9ng c\u01a1 Gamma 1.6L T-GDI cho c\u00f4ng su\u1ea5t 177 m\u00e3 l\u1ef1c t\u1ea1i 5.500 v\u00f2ng\/ph\u00fat c\u00f9ng Momen xo\u1eafn c\u1ef1c \u0111\u1ea1i 265NM t\u1eeb 1,500 ~ 4,500v\u00f2ng\/ph\u00fat<\/div>\n<div><img loading=\"lazy\" class=\"aligncenter size-full wp-image-1075\" src=\"http:\/\/hyundai.w2steam.com\/wp-content\/uploads\/2019\/05\/kona-99-9.jpg\" alt=\"\" width=\"653\" height=\"532\" \/><\/div>\n<div>\n<div class=\"txt\"><strong><span class=\"ModernHBold\">Atkinson MPI 2.0L<\/span><\/strong><\/div>\n<div class=\"txt\">\u0110\u1ed9ng c\u01a1 Atkinson MPI 2.0L cho c\u00f4ng su\u1ea5t t\u1ed1i \u0111a 149 m\u00e3 l\u1ef1c t\u1ea1i 6.200 v\u00f2ng\/ph\u00fat, Momen xo\u1eafn c\u1ef1c \u0111\u1ea1i 180 Nm t\u1ea1i 4500 v\u00f2ng\/ph\u00fat<\/div>\n<div><strong>H\u1ec7 th\u1ed1ng An to\u00e0n<\/strong><\/div>\n<div>\n<div class=\"txt\"><strong><span class=\"ModernHBold\">H\u1ec7 th\u1ed1ng c\u1ea3nh b\u00e1o \u0111i\u1ec3m m\u00f9<\/span><\/strong><\/div>\n<div class=\"txt\">H\u1ec7 th\u1ed1ng c\u1ea3nh b\u1ea3o \u0111i\u1ec3m m\u00f9 v\u1edbi radar gi\u00fap nhanh ch\u00f3ng ph\u00e1t hi\u1ec7n v\u00e0 c\u1ea3nh b\u00e1o ch\u01b0\u1edbng ng\u1ea1i v\u1eadt \u0111i v\u00e0o ph\u1ea7n m\u00f9 trong t\u1ea7m quan s\u00e1t c\u1ee7a b\u1ea1n.<\/div>\n<div><img loading=\"lazy\" class=\"aligncenter size-full wp-image-1076\" src=\"http:\/\/hyundai.w2steam.com\/wp-content\/uploads\/2019\/05\/kona-99-10.jpg\" alt=\"\" width=\"1024\" height=\"434\" \/><\/div>\n<div>\n<div class=\"txt\"><strong><span class=\"ModernHBold\">H\u1ec7 th\u1ed1ng c\u1ea3m bi\u1ebfn \u00e1p su\u1ea5t l\u1ed1p TPMS<\/span><\/strong><\/div>\n<div class=\"txt\">H\u1ec7 th\u1ed1ng c\u1ea3m bi\u1ebfn \u00e1p su\u1ea5t l\u1ed1p ph\u00e1t hi\u1ec7n s\u1ef1 thay \u0111\u1ed5i v\u1ec1 \u00e1p su\u1ea5t tr\u00ean t\u1eebng l\u1ed1p, nhanh ch\u00f3ng \u0111\u01b0a ra c\u1ea3nh b\u00e1o \u0111\u1ec3 x\u1eed l\u00ed s\u1ef1 c\u1ed1, \u0111\u1ea3m b\u1ea3o an to\u00e0n cho chuy\u1ebfn \u0111i c\u1ee7a b\u1ea1n.<\/div>\n<div>\n<div class=\"txt\"><strong><span class=\"ModernHBold\">H\u1ec7 th\u1ed1ng h\u1ed7 tr\u1ee3 \u0111\u1ed7 xe PAS<\/span><\/strong><\/div>\n<div class=\"txt\">V\u1edbi 8 c\u1ea3m bi\u1ebfn tr\u01b0\u1edbc v\u00e0 sau, PAS gi\u00fap b\u1ea1n d\u1ec5 d\u00e0ng \u0111\u1ed7 xe v\u00e0o v\u1ecb tr\u00ed, \u0111\u1eb7c bi\u1ec7t l\u00e0 trong m\u00f4i tr\u01b0\u1eddng \u0111\u00f4 th\u1ecb \u0111\u00f4ng \u0111\u00fac<\/div>\n<div>\n<div class=\"txt\"><strong><span class=\"ModernHBold\">Camera l\u00f9i<\/span><\/strong><\/div>\n<div class=\"txt\">Camera l\u00f9i gi\u00fap b\u1ea1n quan s\u00e1t t\u00ecnh tr\u1ea1ng ph\u00eda sau xe, \u0111\u1ea3m b\u1ea3o an to\u00e0n khi l\u00f9i xe tr\u00e1nh c\u00e1c ch\u01b0\u1edbng ng\u1ea1i v\u1eadt g\u1eb7p ph\u1ea3i, \u0111\u1eb7c bi\u1ec7t trong m\u00f4i tr\u01b0\u1eddng \u0111\u00f4 th\u1ecb \u0111\u00f4ng \u0111\u00fac<\/div>\n<div>\n<div class=\"txt\"><strong><span class=\"ModernHBold\">KH\u00d4NG GIAN TI\u1ec6N NGHI<\/span><\/strong><\/div>\n<div class=\"txt\"><strong>Kona<\/strong>\u00a0s\u1edf h\u1eefu kh\u00f4ng gian ti\u1ec7n nghi cao c\u1ea5p ph\u00f9 h\u1ee3p v\u1edbi nhi\u1ec1u nh\u00f3m \u0111\u1ed1i t\u01b0\u1ee3ng kh\u00e1ch h\u00e0ng. S\u1edf h\u1eefu c\u1ed1p ch\u1ee9a \u0111\u1ed3 v\u1edbi th\u1ec3 t\u00edch l\u00ean \u0111\u1ebfn 361l, b\u1ea1n c\u00f3 th\u1ec3 d\u1ec5 d\u00e0ng m\u1edf r\u1ed9ng kh\u00f4ng gian l\u00ean \u0111\u1ebfn 1.143l th\u00f4ng qua m\u1ed9t n\u00fat b\u1ea5m.<\/div>\n<div><img loading=\"lazy\" class=\"aligncenter size-full wp-image-1077\" src=\"http:\/\/hyundai.w2steam.com\/wp-content\/uploads\/2019\/05\/kona-99-11.jpg\" alt=\"\" width=\"1920\" height=\"703\" \/><\/div>\n<\/div>\n<\/div>\n<\/div>\n<\/div>\n<\/div>\n<\/div>\n<\/div>\n<\/div>\n<\/div>\n<\/div>\n<\/div>\n<\/div>\n<p>&nbsp;<\/p>\n<p>&nbsp;<\/p>\n<p>&nbsp;<\/p>\n","protected":false},"excerpt":{"rendered":"<p>CH\u1eccN PHONG C\u00c1CH, S\u1ed0NG \u0110AM M\u00ca D\u00c1M KH\u00c1C BI\u1ec6T \u0110\u00f4i khi nh\u1eefng kho\u1ea3nh kh\u1eafc \u0111\u1eb9p nh\u1ea5t l\u00e0 nh\u1eefng gi\u00e2y ph\u00fat b\u1ea5t ng\u1edd \u0111\u1ea7y c\u1ea3m h\u1ee9ng kh\u00e1c bi\u1ec7t m\u00e0 ch\u00fang ta kh\u00f4ng chu\u1ea9n b\u1ecb tr\u01b0\u1edbc. \u0110\u00f3 ch\u00ednh l\u00e0 tinh th\u1ea7n c\u1ee7a Kona, l\u00e0 s\u1ef1 k\u1ebft h\u1ee3p c\u1ee7a phong c\u00e1ch n\u0103ng \u0111\u1ed9ng c\u00f9ng hi\u1ec7u su\u1ea5t v\u1eadn h\u00e0nh&#8230;<\/p>\n","protected":false},"featured_media":212,"comment_status":"open","ping_status":"closed","template":"","meta":[],"_links":{"self":[{"href":"https:\/\/hosting.conasi.vn\/w\/hyundai2011\/wp-json\/wp\/v2\/product\/99"}],"collection":[{"href":"https:\/\/hosting.conasi.vn\/w\/hyundai2011\/wp-json\/wp\/v2\/product"}],"about":[{"href":"https:\/\/hosting.conasi.vn\/w\/hyundai2011\/wp-json\/wp\/v2\/types\/product"}],"replies":[{"embeddable":true,"href":"https:\/\/hosting.conasi.vn\/w\/hyundai2011\/wp-json\/wp\/v2\/comments?post=99"}],"wp:featuredmedia":[{"embeddable":true,"href":"https:\/\/hosting.conasi.vn\/w\/hyundai2011\/wp-json\/wp\/v2\/media\/212"}],"wp:attachment":[{"href":"https:\/\/hosting.conasi.vn\/w\/hyundai2011\/wp-json\/wp\/v2\/media?parent=99"}],"curies":[{"name":"wp","href":"https:\/\/api.w.org\/{rel}","templated":true}]}}