{"id":121,"date":"2019-05-28T09:32:56","date_gmt":"2019-05-28T09:32:56","guid":{"rendered":"http:\/\/hyundai.w2steam.com\/?post_type=product&#038;p=121"},"modified":"2019-05-29T04:19:46","modified_gmt":"2019-05-29T04:19:46","slug":"grand-i10","status":"publish","type":"product","link":"https:\/\/hosting.conasi.vn\/w\/hyundai2011\/san-pham\/grand-i10\/","title":{"rendered":"Grand i10"},"content":{"rendered":"<p>Grand i10 s\u1edf h\u1eefu k\u00edch th\u01b0\u1edbc l\u1edbn h\u00e0ng \u0111\u1ea7u ph\u00e2n kh\u00fac, \u0111em \u0111\u1ebfn m\u1ed9t kh\u00f4ng gian th\u1ecfa m\u00e1i t\u1ed1i \u0111a c\u0169ng nh\u01b0 phong c\u00e1ch n\u0103ng \u0111\u1ed9ng cho ch\u1ee7 nh\u00e2n. B\u00ean c\u1ea1nh \u0111\u00f3, nh\u1eefng c\u00f4ng ngh\u1ec7 h\u00e0ng \u0111\u1ea7u \u0111\u01b0\u1ee3c trang b\u1ecb tr\u00ean xe gi\u00fap cho tr\u1ea3i nghi\u1ec7m l\u00e1i xe c\u00e0ng tr\u1edf n\u00ean th\u00fa v\u1ecb\u00a0<img loading=\"lazy\" class=\"aligncenter size-full wp-image-1017\" src=\"http:\/\/hyundai.w2steam.com\/wp-content\/uploads\/2019\/05\/grand-i10-121-7.jpg\" alt=\"\" width=\"1000\" height=\"635\" \/>THI\u1ebeT K\u1ebe \u1ea4N T\u01af\u1ee2NG Grand i10 2018 g\u00e2y \u1ea5n t\u01b0\u1ee3ng b\u1edfi v\u1ebb ngo\u00e0i m\u1ea1nh m\u1ebd, th\u1ec3 thao h\u01a1n v\u1edbi \u0111i\u1ec3m nh\u1ea5n l\u00e0 l\u01b0\u1edbi t\u1ea3n nhi\u1ec7t \u0111\u01b0\u1ee3c thi\u1ebft k\u1ebf m\u1edbi phong c\u00e1ch Th\u00e1c n\u01b0\u1edbc c\u00f9ng d\u1ea3i \u0111\u00e8n LED ch\u1ea1y ban ng\u00e0y Daytime Running Lights (DRL).<\/p>\n<p>Phong c\u00e1ch th\u1ec3 thao v\u1edbi l\u01b0\u1edbi t\u1ea3n nhi\u1ec7t \u0111\u01b0\u1ee3c thi\u1ebft k\u1ebf m\u1edbi theo phong c\u00e1ch \u201cTh\u00e1c n\u01b0\u1edbc\u201d<\/p>\n<p>B\u1ec1 m\u1eb7t l\u01b0\u1edbi t\u1ea3n nhi\u1ec7t ma\u0323 crom v\u1edbi di\u1ec7n t\u00edch r\u1ed9ng r\u00e3i giu\u0301p t\u0103ng c\u01b0\u1eddng l\u01b0\u1ee3ng kh\u00ed l\u00e0m m\u00e1t va\u0300 gi\u1eef cho \u0111\u1ed9ng c\u01a1 lu\u00f4n ch\u1eafc kh\u1ecfe, \u0111\u1ea1t hi\u1ec7u su\u1ea5t t\u1ed1i \u0111a.<\/p>\n<p>Phong c\u00e1ch th\u1ec3 thao kh\u00f4ng th\u1ec3 nh\u1ea7m l\u1eabn<\/p>\n<h2><img loading=\"lazy\" class=\"aligncenter size-full wp-image-1018\" src=\"http:\/\/hyundai.w2steam.com\/wp-content\/uploads\/2019\/05\/grand-i10-121-8.jpg\" alt=\"\" width=\"1280\" height=\"360\" \/><img loading=\"lazy\" class=\"aligncenter size-full wp-image-1019\" src=\"http:\/\/hyundai.w2steam.com\/wp-content\/uploads\/2019\/05\/grand-i10-121-9.jpg\" alt=\"\" width=\"1280\" height=\"360\" \/><\/h2>\n<p><strong>Nh\u1ea5n n\u00fat kh\u1edfi \u0111\u1ed9ng cu\u1ed9c s\u1ed1ng m\u1edbi<\/strong><\/p>\n<p>Da\u0301ng ve\u0309 th\u00ea\u0309 thao va\u0300 ch\u0103\u0301c ch\u0103\u0301n la\u0300 nh\u01b0\u0303ng ca\u0309m nh\u00e2\u0323n \u0111\u00e2\u0300u ti\u00ean khi Grand i10 xu\u00e2\u0301t hi\u00ea\u0323n. Grand i10 v\u1edbi thi\u1ebft k\u1ebf \u0111\u1eb3ng c\u1ea5p v\u00e0 c\u00f4ng ngh\u1ec7 ti\u00ean ti\u1ebfn gi\u00fap b\u1ea1n tr\u1ea3i nghi\u1ec7m nhi\u1ec1u h\u01a1n nh\u1eefng g\u00ec m\u00ecnh th\u1ef1c s\u1ef1 mong \u0111\u1ee3i.<\/p>\n<p><strong>R\u1ed9ng r\u00e3i v\u00e0 cao c\u1ea5p<\/strong><\/p>\n<p><strong>Hyundai Grand i10 2018\u00a0<\/strong>\u00a0\u1ea5n t\u01b0\u1ee3ng ma\u0323nh me\u0303 nh\u1edd kh\u00f4ng gian cabin r\u1ed9ng r\u00e3i va\u0300 s\u1ef1 k\u1ebft h\u1ee3p c\u00e1c ch\u1ea5t li\u1ec7u cao c\u00e2\u0301p. \u0110i\u1ec3m n\u1ed5i b\u1eadt trong cabin xe bao g\u1ed3m: G\u01b0\u01a1ng chi\u1ebfu h\u1eadu g\u1eadp \u0111i\u1ec7n, c\u00e1c n\u00fat b\u1ea5m ti\u00ea\u0323n i\u0301ch tr\u00ean v\u00f4-l\u0103ng, n\u00fat kh\u1edfi \u0111\u1ed9ng star\/stop engine&#8230;\u00a0<img loading=\"lazy\" class=\"aligncenter size-full wp-image-1020\" src=\"http:\/\/hyundai.w2steam.com\/wp-content\/uploads\/2019\/05\/grand-i10-121-10.jpg\" alt=\"\" width=\"1000\" height=\"667\" \/><\/p>\n<p><strong>\u0110\u1ed9ng c\u01a1 Kappa 1.25L v\u00e0 1.0L<\/strong><\/p>\n<p>Hyundai Grand i10 s\u1edf h\u1eefu \u0111\u1ed9ng c\u01a1 v\u1eadn h\u00e0nh \u00eam \u00e1i, m\u01b0\u1ee3t m\u00e0, nh\u01b0ng v\u00e2\u0303n \u0111a\u0309m ba\u0309o \u0111\u01b0\u01a1\u0323c ti\u00eau chi\u0301 ti\u1ebft ki\u1ec7m nhi\u00ean li\u1ec7u ti\u00eau th\u1ee5.\u00a0<img loading=\"lazy\" class=\"aligncenter size-full wp-image-1021\" src=\"http:\/\/hyundai.w2steam.com\/wp-content\/uploads\/2019\/05\/grand-i10-121-11.jpg\" alt=\"\" width=\"1000\" height=\"667\" \/><strong>NGO\u1ea0I TH\u1ea4T<\/strong><\/p>\n<p class=\"txt\"><strong class=\"ModernHBold\">Thi\u1ebft k\u1ebf kho\u1ebb kho\u1eafn, h\u1ee3p th\u1eddi trang<\/strong><\/p>\n<p>Hyundai\u00a0Grand i10 2016 a\u0301p du\u0323ng ng\u00f4n ng\u1eef thi\u1ebft k\u1ebf &#8220;\u0111i\u00eau kh\u1eafc d\u00f2ng ch\u1ea3y&#8221; \u0111\u1eb7c tr\u01b0ng c\u1ee7a gia \u0111\u00ecnh Hyundai. T\u00f4\u0309ng quan v\u00ea\u0300 ngoa\u0323i hi\u0300nh, c\u00e1c \u0111\u01b0\u1eddng n\u00e9t v\u00e0 c\u1ee5m chi ti\u1ebft d\u1ea1ng kh\u1ed1i gi\u00fap xe nh\u00ecn ch\u1eafn ch\u1eafn h\u01a1n. Grand i10 x\u01b0\u0301ng l\u00e0 m\u1ed9t chi\u1ebfc xe h\u01a1i l\u00fd t\u01b0\u1edfng gi\u00fap b\u1ea1n d\u1ec5 d\u00e0ng di chuy\u1ec3n trong th\u00e0nh ph\u1ed1 ch\u1eadt ch\u1ed9i m\u00e0 v\u1eabn \u0111\u1ea3m b\u1ea3o \u0111\u1ed9 b\u1ec1n c\u1ee7a \u0111\u1ed9ng c\u01a1 c\u0169ng nh\u01b0 c\u1ea3m gi\u00e1c \u00eam \u00e1i khi l\u00e1i xe. \u0110\u00e2y l\u00e0 m\u1ed9t chi\u1ebfc xe hatchback to\u00e0n di\u1ec7n v\u1edbi nh\u1eefng gi\u00e1 tr\u1ecb v\u01b0\u1ee3t xa s\u1ef1 mong \u0111\u1ee3i.\u00a0<img loading=\"lazy\" class=\"aligncenter size-full wp-image-1022\" src=\"http:\/\/hyundai.w2steam.com\/wp-content\/uploads\/2019\/05\/grand-i10-121-12.jpg\" alt=\"\" width=\"1000\" height=\"674\" \/><\/p>\n<p><strong>\u0110\u00e8n pha d\u1ea1ng v\u00f2ng<\/strong><\/p>\n<p>C\u1ee5m \u0111\u00e8n pha chi\u1ebfu s\u00e1ng c\u1ee7a Grand i10 2018 \u0111\u01b0\u1ee3c thi\u1ebft k\u1ebf trang nh\u00e3, h\u00e0i h\u00f2a v\u1edbi t\u1ed5ng th\u1ec3 c\u1ee7a chi\u1ebfc xe \u0111\u1ed3ng th\u1eddi \u0111\u1ea3m b\u1ea3o \u0111\u1ed9 s\u00e1ng t\u1ed1i \u0111a. \u0110\u00e8n pha ph\u00eda tr\u01b0\u1edbc \u0111\u01b0\u1ee3c thi\u1ebft k\u1ebf d\u1ea1ng v\u00f2ng, trong su\u1ed1t t\u1ea1o va\u0300 \u0111\u01b0\u01a1\u0300ng vi\u00ea\u0300n \u201cke\u0309 m\u0103\u0301t\u201d thu hu\u0301t ta\u0323o n\u00ean phong c\u00e1ch sang tr\u1ecdng m\u00e0 v\u1eabn \u0111\u1ea3m b\u1ea3o \u0111\u1ed9 an to\u00e0n t\u1ed1i \u01b0u. Ngoa\u0300i ra, thi\u1ebft k\u1ebf co\u0300n t\u00edch h\u1ee3p \u0111\u00e8n s\u01b0\u01a1ng m\u00f9 gi\u00fap t\u0103ng kh\u1ea3 n\u0103ng chi\u1ebfu\u00a0s\u00e1ng ban \u0111\u00eam v\u00e0 ca\u0309 trong \u0111i\u1ec1u ki\u1ec7n th\u1eddi ti\u1ebft x\u1ea5u.<\/p>\n<p class=\"exterior02\"><strong>L\u01b0\u1edbi t\u1ea3n nhi\u1ec7t m\u1ea1 cr\u00f4m<\/strong><\/p>\n<p>B\u1ec1 m\u1eb7t l\u01b0\u1edbi t\u1ea3n nhi\u1ec7t ma\u0323 crom v\u1edbi di\u1ec7n t\u00edch r\u1ed9ng r\u00e3i giu\u0301p t\u0103ng c\u01b0\u1eddng l\u01b0\u1ee3ng kh\u00ed l\u00e0m m\u00e1t va\u0300 gi\u1eef cho \u0111\u1ed9ng c\u01a1 lu\u00f4n ch\u1eafc kh\u1ecfe, \u0111\u1ea1t hi\u1ec7u su\u1ea5t t\u1ed1i \u0111a.<\/p>\n<p><strong>Thi\u1ebft k\u1ebf th\u1ec3 thao v\u00e0 kh\u00ed \u0111\u1ed9ng h\u1ecdc<\/strong><\/p>\n<p>Ki\u1ec3u d\u00e1ng\u00a0xe\u00a0Hyundai Grand i10 2016 \u0111\u00e3 c\u00f3 m\u1ed9t b\u01b0\u1edbc ti\u1ebfn l\u1edbn h\u01b0\u1edbng t\u1edbi chi\u1ebfc xe \u201csupermini\u201d t\u01b0\u01a1ng t\u1ef1 c\u1ee7a ch\u00e2u \u00c2u. T\u1eebng b\u1ed9 ph\u1eadn ngo\u1ea1i th\u1ea5t \u0111\u1ec1u \u0111\u01b0\u1ee3c trau chu\u1ed1t, h\u01b0\u1edbng t\u1edbi s\u1ef1 ho\u00e0n thi\u1ec7n v\u00e0 t\u1ea1o n\u00ean \u1ea5n t\u01b0\u1ee3ng kh\u00f3 qu\u00ean ngay t\u1eeb c\u00e1i nh\u00ecn \u0111\u1ea7u ti\u00ean.\u00a0<span class=\"ModernHBold\">Trong ph\u00e2n kh\u00fac xe c\u1ee1 nh\u1ecf th\u00e0nh th\u1ecb t\u1ea1i Vi\u1ec7t Nam, n\u1ebfu nh\u01b0 da\u0301nh v\u1ebb th\u1ec3 thao, th\u1eddi trang c\u1ee7a Picanto ph\u00f9 h\u1ee3p h\u01a1n v\u1edbi c\u00e1c kh\u00e1ch h\u00e0ng n\u1eef gi\u1edbi, n\u00e9t c\u01a1 b\u1eafp v\u00e0 c\u1ee9ng c\u00e1p c\u1ee7a Spark ph\u00f9 h\u1ee3p v\u1edbi c\u00e1c kh\u00e1ch h\u00e0ng nam gi\u1edbi th\u00ec Hyundai Grand i10 2016 l\u1ea1i l\u00e0 m\u1eabu xe trung ho\u00e0 c\u1ea3 hai y\u1ebfu t\u1ed1 tr\u00ean.<\/span><\/p>\n<p class=\"right\"><strong>G\u01b0\u01a1ng chi\u1ebfu h\u1eadu t\u00edch h\u1ee3p \u0111\u00e8n b\u00e1o r\u1ebd<\/strong><\/p>\n<p>C\u1ee5m \u0111\u00e8n b\u00e1o r\u1ebd \u0111\u01b0\u1ee3c t\u00edch h\u1ee3p tr\u00ean g\u01b0\u01a1ng chi\u1ebfu h\u1eadu gi\u00fap c\u00e1c xe ph\u00eda sau d\u1ec5 d\u00e0ng nh\u1eadn ra t\u00edn hi\u1ec7u c\u1ee7a Hyundai Grand i10 khi xe r\u1ebd ph\u1ea3i hay r\u1ebd tr\u00e1i.\u00a0<img loading=\"lazy\" class=\"aligncenter size-full wp-image-1023\" src=\"http:\/\/hyundai.w2steam.com\/wp-content\/uploads\/2019\/05\/grand-i10-121-13.jpg\" alt=\"\" width=\"800\" height=\"576\" \/><\/p>\n<p class=\"right\"><strong>Tay n\u1eafm c\u1eeda m\u1ea1 cr\u00f4m\u00a0<\/strong><\/p>\n<p>Tay n\u1eafm c\u1eeda m\u1ea1 cr\u00f4m b\u00f3ng b\u1ea9y mang \u0111\u1ebfn v\u1ebb hi\u1ec7n \u0111\u1ea1i, sang tr\u1ecdng, \u0111\u1ed3ng b\u1ed9 v\u1edbi c\u00e1c chi ti\u1ebft ngo\u1ea1i\u00a0 th\u1ea5t n\u1ed5i b\u1eadt c\u1ee7a Grand i10.<\/p>\n<p><strong><span class=\"ModernHBold\">T\u1ef1 tin thu h\u00fat\u00a0m\u1ecdi \u00e1nh nh\u00ecn<\/span><\/strong><\/p>\n<p><strong>\u00a0<\/strong>Thi\u1ebft k\u1ebf mang t\u00ednh ch\u1eafc kh\u1ecfe, th\u1ea9m m\u0129 v\u00e0 c\u00f4ng ngh\u1ec7 t\u01b0\u01a1ng lai v\u01b0\u1ee3t tr\u1ed9i c\u1ee7a xe Grand i10 thu h\u00fat m\u1ecdi \u00e1nh nh\u00ecn \u1edf b\u1ea5t k\u00ec n\u01a1i n\u00e0o n\u00f3 xu\u1ea5t hi\u1ec7n.<\/p>\n<p><strong>C\u1ee5m \u0111\u00e8n h\u1eadu\u00a0<\/strong><\/p>\n<p>C\u1ee5m \u0111\u00e8n h\u1eadu \u1edf v\u1ecb tr\u00ed cao nh\u1ea5t t\u0103ng c\u01b0\u1eddng \u0111\u1ed9 nh\u1eadn di\u1ec7n t\u1eeb xa cho c\u00e1c xe \u1edf ph\u00eda sau, \u0111\u1ea3m b\u1ea3o s\u1ef1 an to\u00e0n t\u1ed1i \u01b0u khi di chuy\u1ec3n.<\/p>\n<p><strong>C\u00e1nh gi\u00f3 ph\u00eda sau<\/strong><\/p>\n<p>C\u00e1nh gi\u00f3 ph\u00eda sau \u0111\u01b0\u1ee3c thi\u1ebft k\u1ebf g\u1ecdn g\u00e0ng mang \u0111\u1ebfn t\u00ednh kh\u00ed \u0111\u1ed9ng h\u1ecdc v\u00e0 th\u1ea9m m\u0129 h\u01a1n cho Grand i10.<strong>N\u1ed8I TH\u1ea4T<\/strong><\/p>\n<p><strong class=\"ModernHBold\">N\u1ed9i th\u1ea5t ti\u1ec7n nghi<\/strong><\/p>\n<p>Kh\u00f4ng gian n\u1ed9i th\u1ea5t ti\u1ec7n nghi c\u1ee7a chi\u1ebfc xe Hyundai Grand i10 ph\u1ee5c v\u1ee5 t\u1ed1i \u01b0u cho c\u00e1c chuy\u1ebfn du l\u1ecbch, d\u00e3 ngo\u1ea1i. V\u00f4 l\u0103ng cu\u0309a xe kh\u00e1 nh\u1ecf, th\u1ea5p v\u00e0 cho c\u1ea3m gi\u00e1c r\u1ea5t th\u00edch th\u00fa khi n\u1eafm. C\u00e1c lo\u1ea1i n\u00fat b\u1ea5m trong khoang l\u00e1i\u00a0Xe Hyundai Grand i10 2015\u00a0c\u0169ng cho c\u1ea3m gi\u00e1c m\u01b0\u01a1\u0323t ma\u0300, ph\u00e2\u0301n khi\u0301ch. Khoang h\u00e0nh l\u00fd \u0111\u01b0\u1ee3c n\u00e2ng th\u1ec3 t\u00edch l\u00ean 31 l\u00edt ch\u1ee9a \u0111\u01b0\u1ee3c nhi\u1ec1u \u0111\u1ed3 v\u00e0 h\u00e0nh l\u00fd h\u01a1n. C\u00e1c th\u00e0nh vi\u00ean ng\u1ed3i tr\u00ean Grand i10. \u0110\u1eb7c bi\u1ec7t, t\u1eebng ng\u0103n \u0111\u1ec3 \u0111\u1ed3 trung t\u00e2m trong\u00a0Hyundai Grand i10\u00a0c\u00f3 thi\u1ebft k\u1ebf th\u00f4ng minh \u0111\u1ec1 ch\u1ee9a \u0111\u01b0\u01a1\u0323c nhi\u1ec1u v\u1eadt d\u1ee5ng c\u1ee7a ch\u1ee7 nh\u00e2n.\u00a0<img loading=\"lazy\" class=\"aligncenter size-full wp-image-1024\" src=\"http:\/\/hyundai.w2steam.com\/wp-content\/uploads\/2019\/05\/grand-i10-121-14.jpg\" alt=\"\" width=\"910\" height=\"378\" \/><\/p>\n<p class=\"text\"><strong>H\u00e0ng gh\u1ebf tr\u01b0\u1edbc v\u00e0 sau<\/strong><\/p>\n<p>Ki\u1ec3u d\u00e1ng h\u1ee3p th\u1eddi trang c\u1ee7a h\u00e0ng gh\u1ebf tr\u01b0\u1edbc v\u00e0 h\u00e0ng gh\u1ebf sau l\u00e0m n\u1ed5i b\u1eadt phong c\u00e1ch l\u1ecbch l\u00e3m, sang tr\u1ecdng c\u1ee7a Grand i10. T\u1ef1a l\u01b0ng v\u00e0o h\u00e0ng gh\u1ebf tr\u01b0\u1edbc ho\u1eb7c sau, b\u1ea1n \u0111\u1ec1u c\u1ea3m nh\u1eadn \u0111\u01b0\u1ee3c s\u1ef1 \u00eam \u00e1i, th\u01b0 gi\u00e3n tuy\u1ec7t v\u1eddi.<\/p>\n<p class=\"left\"><strong>Khoang h\u00e0nh l\u00fd\u00a0<\/strong><\/p>\n<p>Kh\u00f4ng gian h\u00e0nh l\u00fd c\u1ee7a Hyundai Grandi10 2018 r\u1ed9ng r\u00e3i so v\u1edbi k\u00edch th\u01b0\u1edbc v\u00e0 ph\u00e2n kh\u00fac c\u1ee7a ch\u00ednh n\u00f3. Ch\u1ec9 c\u1ea7n g\u1eadp h\u00e0ng gh\u1ebf ph\u00eda sau, khoang h\u00e0nh l\u00fd s\u1ebd \u0111\u01b0\u1ee3c m\u1edf r\u1ed9ng t\u1ed1i \u0111a. Grand i 10 \u0111\u00edch th\u1ef1c l\u00e0 m\u1ed9t chi\u1ebfc xe h\u01a1i ph\u00f9 h\u1ee3p v\u1edbi m\u1ee5c \u0111\u00edch \u0111i du l\u1ecbch, d\u00e3 ngo\u1ea1i c\u1ee7a gia \u0111\u00ecnh v\u00e0o cu\u1ed1i tu\u1ea7n.<\/p>\n<p class=\"morelist\"><span class=\"description\"><strong>Kh\u1edfi \u0111\u1ed9ng n\u00fat b\u1ea5m<\/strong><\/span><\/p>\n<p>Ch\u1ec9 v\u1edbi m\u1ed9t n\u00fat b\u1ea5m th\u00f4ng minh, Hyundai Grand i10 2015 s\u1ebd t\u1ef1 kh\u1edfi \u0111\u1ed9ng \u0111\u1ed9ng c\u01a1 r\u1ea5t ti\u1ec7n \u00edch, nhanh ch\u00f3ng. V\u1eacN H\u00c0NH\u00a0<strong>\u00a0\u00a0H\u1ed9p s\u1ed1 t\u1ef1 \u0111\u1ed9ng<\/strong>\u00a0<strong>Xe Hyundai Grand i10 2018<\/strong>\u00a0c\u00f3 2 l\u1ef1a ch\u1ecdn \u0111\u1ed9ng c\u01a1 cho 5 phi\u00ean b\u1ea3n: * Phi\u00ean b\u1ea3nHyundai Grand i10 1.0MT 2018 v\u00e0 Hyundai Grand i10 1.0AT 2015\u00a0c\u00f9ng s\u1eed d\u1ee5ng \u0111\u1ed9ng c\u01a1 1.0 l\u00edt c\u00f4ng su\u1ea5t 66 m\u00e3 l\u1ef1c t\u1ea1i 5.500 v\u00f2ng\/ph\u00fat, m\u00f4-men xo\u1eafn 91,2 Nm. * Phi\u00ean b\u1ea3n\u00a0Hyundai Grand i10 1.2AT 2018 s\u1eed d\u1ee5ng \u0111\u1ed9ng c\u01a1\u00a01.25 l\u00edt v\u1edbi c\u00f4ng su\u1ea5t 87 m\u00e3 l\u1ef1c t\u1ea1i 6.000 v\u00f2ng\/ph\u00fat, m\u00f4-men xo\u1eafn 119,7 Nm\u00a0t\u1ea1i 4.000 v\u00f2ng\/ph\u00fat.\u00a0<strong>H\u1ed9p s\u1ed1 s\u00e0n<\/strong>\u00a0* Phi\u00ean b\u1ea3n Hyundai Grand i10 1.0MT 2018 l\u00e0 h\u1ed9p s\u1ed1 s\u00e0n 5 s\u1ed1 * Phi\u00ean b\u1ea3n\u00a0Hyundai Grand i10 1.0AT 2018 v\u00e0\u00a0Hyundai Grand i10 1.2AT 2018 \u0111\u1ebfu l\u00e0 h\u1ed9p s\u1ed1 t\u1ef1 \u0111\u1ed9ng 4 c\u1ea5p ho\u00e0n to\u00e0n m\u1edbi. Ho\u1ea1t \u0111\u1ed9ng c\u1ee7a b\u1ed9 ly h\u1ee3p kh\u00e1 nh\u1eb9 v\u1edbi h\u1ed9p s\u1ed1 s\u00e0n 5 c\u1ea5p c\u0169ng\u00a0nh\u01b0 h\u1ed9p s\u1ed1 t\u1ef1 \u0111\u1ed9ng 4 c\u1ea5p ho\u1ea1t \u0111\u1ed9ng r\u1ea5t \u201cng\u1ecdt\u201d v\u00e0 \u00eam. C\u00f3 th\u1ec3 n\u00f3i, Hyundai Grand i10 l\u00e0 l\u1ef1a ch\u1ecdn ho\u00e0n h\u1ea3o nh\u1ea5t \u0111\u1ec3 l\u00e1i trong c\u00e1c khu d\u00e2n c\u01b0 th\u1ecb th\u00e0nh. AN TO\u00c0N<\/p>\n<p class=\"right\"><strong>K\u1ebft c\u1ea5u an to\u00e0n\u00a0<\/strong><\/p>\n<p>K\u1ebft c\u1ea5u c\u1ee7a Grand i10 ch\u1eafc ch\u1eafn v\u1edbi th\u00e9p ch\u1ed1ng \u0103n m\u00f2n v\u00e0 c\u1ea5u tr\u00fac v\u00f2ng gia t\u0103ng \u0111\u1ed9 c\u1ee9ng, ch\u1ed1ng va \u0111\u1eadp cho th\u00e2n xe.<\/p>\n<p><strong>H\u1ec7 th\u1ed1ng ch\u1ed1ng b\u00f3 c\u1ee9ng phanh (ABS)<\/strong><\/p>\n<p>H\u1ec7 th\u1ed1ng phanh ABS c\u1ef1c nh\u1ea1y gi\u00fap l\u00e1i xe \u0111i\u1ec1u ch\u1ec9nh \u0111\u01b0\u1ee3c t\u1ed1c \u0111\u1ed9 \u0111\u1ed9t\u00a0ng\u1ed9t khi phanh tr\u00ean \u0111\u01b0\u1eddng tr\u01a1n tr\u01b0\u1ee3t, \u0111\u1ea3m b\u1ea3o an to\u00e0n cho xe<\/p>\n<p><strong>C\u1ea3m bi\u1ebfn l\u00f9i (RPAS)<\/strong><\/p>\n<p>C\u1ea3m bi\u1ebfn l\u00f9i t\u1ef1 \u0111\u1ed9ng ph\u00e1t hi\u1ec7n nh\u1eefng v\u1eadt c\u1ea3n v\u00e0 ph\u00e1t ra t\u00edn hi\u1ec7u b\u1eb1ng \u00e2m thanh \u0111\u1ec3 tr\u00e1nh va ch\u1ea1m kh\u00f4ng c\u1ea7n thi\u1ebft. Nh\u1edd v\u1eady, vi\u1ec7c d\u1eebng, \u0111\u1ed7 xe c\u1ee7a b\u1ea1n tr\u1edf\u00a0n\u00ean d\u1ec5 d\u00e0ng h\u01a1n.<\/p>\n<p><strong>G\u01b0\u01a1ng ch\u1ed1ng ch\u00f3i<\/strong><\/p>\n<p>Khi l\u00e1i xe, \u0111\u00f4i m\u1eaft c\u1ee7a b\u1ea1n s\u1ebd \u0111\u01b0\u1ee3c b\u1ea3o v\u1ec7 an to\u00e0n b\u1edfi g\u01b0\u01a1ng ch\u1ed1ng ch\u00f3i.\u00a0G\u01b0\u01a1ng ch\u1ed1ng ch\u00f3i \u0111\u01b0\u1ee3c trang b\u1ecb v\u1edbi c\u00e1c ch\u1ebf \u0111\u1ed9 ng\u00e0y\/\u0111\u00eam l\u00e0m gi\u1ea3m tia s\u00e1ng\u00a0g\u00e2y ch\u00f3i m\u1eaft.<\/p>\n<p><strong>C\u1eeda s\u1ed5 \u0111i\u1ec1u khi\u1ec3n \u0111i\u1ec7n<\/strong><\/p>\n<p><strong>\u00a0<\/strong>\u00a0C\u00e1c c\u00f4ng t\u1eafc \u0111\u01b0\u1ee3c thi\u1ebft k\u1ebf ti\u1ec7n l\u1ee3i gi\u00fap d\u1ec5 d\u00e0ng \u0111i\u1ec1u khi\u1ec3n c\u1eeda s\u1ed5 xe. TI\u1ec6N NGHI T\u00e1p l\u00f4 si\u00eau s\u00e1ng \u0111\u01b0\u1ee3c thi\u1ebft k\u1ebf t\u0103ng th\u00eam t\u00ednh th\u1ea9m m\u1ef9 cho ph\u00e9p hi\u1ec3n th\u1ecb t\u1ed1i \u0111a. C\u00e1c th\u00f4ng s\u1ed1 d\u1ec5 \u0111\u1ecdc, c\u00f9ng v\u1edbi \u00e1nh s\u00e1ng tr\u1eafng &amp; xanh d\u1ecbu m\u1eaft, gi\u00fap cho Grand i10 th\u00e2n thi\u1ec7n h\u01a1n v\u1edbi ng\u01b0\u1eddi s\u1eed d\u1ee5ng\u00a0<strong>\u0110i\u1ec1u khi\u1ec3n \u00e2m thanh tr\u00ean v\u00f4 l\u0103ng\u00a0<\/strong>V\u00f4 l\u0103ng c\u00f3 t\u00edch h\u1ee3p n\u00fat b\u1ea5m \u0111i\u1ec1u ch\u1ec9nh \u00e2m thanh gi\u00fap b\u1ea1n c\u00f3 th\u1ec3 d\u1ec5 d\u00e0ng s\u1eed d\u1ee5ng \u0111i\u1ec7n tho\u1ea1i di \u0111\u1ed9ng qua Bluetooth m\u00e0 kh\u00f4ng c\u1ea7n ph\u1ea3i r\u1eddi b\u00e1nh l\u00e1i.\u00a0<img loading=\"lazy\" class=\"aligncenter size-full wp-image-1025\" src=\"http:\/\/hyundai.w2steam.com\/wp-content\/uploads\/2019\/05\/grand-i10-121-15.jpg\" alt=\"\" width=\"965\" height=\"347\" \/><\/p>\n<p>&nbsp;<\/p>\n<p>&nbsp;<\/p>\n<p>&nbsp;<\/p>\n<p>&nbsp;<\/p>\n<p>&nbsp;<\/p>\n<p>&nbsp;<\/p>\n<p>&nbsp;<\/p>\n<p>&nbsp;<\/p>\n<p>&nbsp;<\/p>\n","protected":false},"excerpt":{"rendered":"<p>Grand i10 s\u1edf h\u1eefu k\u00edch th\u01b0\u1edbc l\u1edbn h\u00e0ng \u0111\u1ea7u ph\u00e2n kh\u00fac, \u0111em \u0111\u1ebfn m\u1ed9t kh\u00f4ng gian th\u1ecfa m\u00e1i t\u1ed1i \u0111a c\u0169ng nh\u01b0 phong c\u00e1ch n\u0103ng \u0111\u1ed9ng cho ch\u1ee7 nh\u00e2n. B\u00ean c\u1ea1nh \u0111\u00f3, nh\u1eefng c\u00f4ng ngh\u1ec7 h\u00e0ng \u0111\u1ea7u \u0111\u01b0\u1ee3c trang b\u1ecb tr\u00ean xe gi\u00fap cho tr\u1ea3i nghi\u1ec7m l\u00e1i xe c\u00e0ng tr\u1edf n\u00ean th\u00fa v\u1ecb\u00a0THI\u1ebeT K\u1ebe \u1ea4N&#8230;<\/p>\n","protected":false},"featured_media":122,"comment_status":"open","ping_status":"closed","template":"","meta":[],"_links":{"self":[{"href":"https:\/\/hosting.conasi.vn\/w\/hyundai2011\/wp-json\/wp\/v2\/product\/121"}],"collection":[{"href":"https:\/\/hosting.conasi.vn\/w\/hyundai2011\/wp-json\/wp\/v2\/product"}],"about":[{"href":"https:\/\/hosting.conasi.vn\/w\/hyundai2011\/wp-json\/wp\/v2\/types\/product"}],"replies":[{"embeddable":true,"href":"https:\/\/hosting.conasi.vn\/w\/hyundai2011\/wp-json\/wp\/v2\/comments?post=121"}],"wp:featuredmedia":[{"embeddable":true,"href":"https:\/\/hosting.conasi.vn\/w\/hyundai2011\/wp-json\/wp\/v2\/media\/122"}],"wp:attachment":[{"href":"https:\/\/hosting.conasi.vn\/w\/hyundai2011\/wp-json\/wp\/v2\/media?parent=121"}],"curies":[{"name":"wp","href":"https:\/\/api.w.org\/{rel}","templated":true}]}}