{"id":115,"date":"2019-05-28T09:31:58","date_gmt":"2019-05-28T09:31:58","guid":{"rendered":"http:\/\/hyundai.w2steam.com\/?post_type=product&#038;p=115"},"modified":"2019-05-29T07:26:04","modified_gmt":"2019-05-29T07:26:04","slug":"i20-active","status":"publish","type":"product","link":"https:\/\/hosting.conasi.vn\/w\/hyundai2011\/san-pham\/i20-active\/","title":{"rendered":"I20-Active"},"content":{"rendered":"<div class=\"medium-insert-images\"><a class=\"fancybox\" title=\"\" href=\"https:\/\/static.danhgiaxe.com\/files\/1280x\/hyundai-i20-active-hyundai-i20-active-2017-20-bwi5U8lklx.jpg\" rel=\"gallery\"><img class=\"lazyautosizes lazyloaded\" src=\"http:\/\/hyundai.w2steam.com\/wp-content\/uploads\/2019\/05\/i20-active-115.jpg\" sizes=\"689px\" srcset=\"https:\/\/static.danhgiaxe.com\/files\/480x\/hyundai-i20-active-hyundai-i20-active-2017-20-bwi5U8lklx.jpg 480w, https:\/\/static.danhgiaxe.com\/files\/640x\/hyundai-i20-active-hyundai-i20-active-2017-20-bwi5U8lklx.jpg 640w, https:\/\/static.danhgiaxe.com\/files\/800x\/hyundai-i20-active-hyundai-i20-active-2017-20-bwi5U8lklx.jpg 800w, https:\/\/static.danhgiaxe.com\/files\/1280x\/hyundai-i20-active-hyundai-i20-active-2017-20-bwi5U8lklx.jpg 1280w, https:\/\/static.danhgiaxe.com\/files\/1600x\/hyundai-i20-active-hyundai-i20-active-2017-20-bwi5U8lklx.jpg 1600w, https:\/\/static.danhgiaxe.com\/files\/2560x\/hyundai-i20-active-hyundai-i20-active-2017-20-bwi5U8lklx.jpg 2560w\" alt=\"\" width=\"100%\" data-srcset=\"https:\/\/static.danhgiaxe.com\/files\/480x\/hyundai-i20-active-hyundai-i20-active-2017-20-bwi5U8lklx.jpg 480w, https:\/\/static.danhgiaxe.com\/files\/640x\/hyundai-i20-active-hyundai-i20-active-2017-20-bwi5U8lklx.jpg 640w, https:\/\/static.danhgiaxe.com\/files\/800x\/hyundai-i20-active-hyundai-i20-active-2017-20-bwi5U8lklx.jpg 800w, https:\/\/static.danhgiaxe.com\/files\/1280x\/hyundai-i20-active-hyundai-i20-active-2017-20-bwi5U8lklx.jpg 1280w, https:\/\/static.danhgiaxe.com\/files\/1600x\/hyundai-i20-active-hyundai-i20-active-2017-20-bwi5U8lklx.jpg 1600w, https:\/\/static.danhgiaxe.com\/files\/2560x\/hyundai-i20-active-hyundai-i20-active-2017-20-bwi5U8lklx.jpg 2560w\" data-sizes=\"auto\" data-optimumx=\"1.6\" \/><\/a><\/div>\n<p>T\u1ea1i th\u1ecb tr\u01b0\u1eddng Vi\u1ec7t Nam, ph\u00e2n kh\u00fac crossover \u0111ang l\u1edbn m\u1ea1nh t\u1eebng ng\u00e0y. K\u1ebb \u0111\u1ee9ng \u0111\u1ea7u\u00a0Ford EcoSport\u00a0lu\u00f4n ph\u1ea3i d\u00e8 ch\u1eebng v\u1edbi nhi\u1ec1u \u0111\u1ed1i th\u1ee7 \u0111ang d\u1ea7n xu\u1ea5t hi\u1ec7n, t\u1ea1o th\u00e0nh th\u1ebf c\u00e2n b\u1eb1ng cho th\u1ecb tr\u01b0\u1eddng xe CUV \u1edf \u0111\u1ea5t n\u01b0\u1edbc h\u00ecnh ch\u1eef \u201cS\u201d.\u00a0Hyundai i20 Active 2017\u00a0ch\u00ednh l\u00e0 m\u1ed9t trong nh\u1eefng \u0111\u1ed1i tr\u1ecdng \u0111\u00f3 c\u1ee7a EcoSport.<\/p>\n<p>Hyundai i20 Active\u00a0ra m\u1eaft kh\u00e1ch h\u00e0nh Vi\u1ec7t l\u1ea7n \u0111\u1ea7u ti\u00ean v\u00e0o h\u00e1ng 9\/2015, ch\u1ec9 6 th\u00e1ng sau khi \u0111\u01b0\u1ee3c tr\u00ecnh l\u00e0ng r\u1ed9ng r\u00e3i tr\u00ean to\u00e0n th\u1ebf gi\u1edbi. \u0110\u1ed9ng th\u00e1i nhanh nh\u1ea1y n\u00e0y \u0111\u01b0\u1ee3c coi l\u00e0 m\u1ed9t chi\u1ebfn l\u01b0\u1ee3c m\u1ea1nh tay c\u1ee7a Hyundai Th\u00e0nh C\u00f4ng nh\u1eb1m \u0111\u01b0a m\u1eabu xe h\u1ea5p d\u1eabn n\u00e0y v\u1ec1 l\u1eafp r\u00e1p, s\u1ea3n xu\u1ea5t v\u00e0 ph\u00e2n ph\u1ed1i \u0111\u1ec3 ph\u1ee5c ph\u1ee5 kh\u00e1ch h\u00e0ng Vi\u1ec7t.<\/p>\n<p class=\"\">T\u1ea1i th\u1eddi \u0111i\u1ec3m n\u00e0y, Hyundai Th\u00e0nh C\u00f4ng v\u1eabn gi\u1eef v\u1eefng ch\u00ednh s\u00e1ch ph\u00e2n ph\u1ed1i duy nh\u1ea5t m\u1ed9t phi\u00ean b\u1ea3n c\u1ee7a\u00a0<strong>Hyundai i20\u00a0Active 2017<\/strong>, s\u1eed d\u1ee5ng \u0111\u1ed9ng c\u01a1 x\u0103ng 1.4L. Phi\u00ean b\u1ea3n n\u00e0y \u0111\u01b0\u1ee3c ph\u00e2n ph\u1ed1i v\u1edbi gi\u00e1 kh\u1edfi \u0111i\u1ec3m kho\u1ea3ng 628 tri\u1ec7u \u0111\u1ed3ng nh\u1ec9nh h\u01a1n \u0111\u00f4i ch\u00fat so v\u1edbi chi\u1ebfc CUV c\u1ee7a Ford. Ngo\u00e0i ra, i20 Active c\u00f3 \u0111\u01b0\u1ee3c l\u1ee3i th\u1ebf h\u01a1n h\u1eb3n\u00a0Suzuki Vitara\u00a0v\u1edbi gi\u00e1 b\u00e1n 759 tri\u1ec7u \u0111\u1ed3ng.<\/p>\n<p>Mang d\u00e1ng d\u1ea5p c\u1ee7a m\u1ed9t m\u1eabu xe CUV kh\u1ecfe m\u1ea1nh, ngo\u1ea1i h\u00ecnh c\u1ee7a Hyundai i20 Active g\u00e2y \u1ea5n t\u01b0\u1ee3ng v\u1edbi nhi\u1ec1u \u0111\u01b0\u1eddng n\u00e9t t\u00e1o b\u1ea1o, c\u00e1c chi ti\u1ebft \u0111\u00e8n chi\u1ebfu s\u00e1ng mang k\u00edch th\u01b0\u1edbc l\u1edbn \u1ea5n t\u01b0\u1ee3ng c\u00f9ng k\u00edch th\u01b0\u1edbc g\u1ecdn g\u00e0ng, ti\u1ec7n d\u1ee5ng. V\u1edbi nh\u1eefng \u0111\u1eb7c \u0111i\u1ec3m n\u00e0y, Hyundai i20 Active 2017 c\u00f3 l\u1ebd s\u1ebd r\u1ea5t ph\u00f9 h\u1ee3p v\u1edbi c\u00e1c b\u1ea1n tr\u1ebb n\u0103ng \u0111\u1ed9ng, kh\u1ecfe m\u1ea1nh v\u00e0 c\u00e1 t\u00ednh nh\u01b0 ch\u00ednh t\u00ean g\u1ecdi v\u00e0 n\u00e9t thi\u1ebft k\u1ebf \u0111\u1eb7c tr\u01b0ng c\u1ee7a i20 Active 2017.<\/p>\n<p class=\"\"><strong>K\u00edch th\u01b0\u1edbc t\u1ed5ng th\u1ec3 c\u1ee7a Hyundai i20 Active 2017<\/strong>\u00a0l\u1ea7n l\u01b0\u1ee3t D\u00e0i x R\u1ed9ng x Cao l\u00e0 3.995 x 1.760 x 1.555 mm c\u00f9ng chi\u1ec1u d\u00e0i c\u01a1 s\u1edf \u0111\u1ea1t 2.570 mm. So v\u1edbi Ford EcoSport th\u00ec chi\u1ec1u d\u00e0i c\u01a1 s\u1edf c\u1ee7a i20 Active d\u00e0i h\u01a1n 51mm. Trong khi \u0111\u00f3, n\u1ebfu so s\u00e1nh v\u1edbi Suzuki Vitara th\u00ec i20 Active d\u00e0i h\u01a1n \u0111\u1ebfn 70mm. \u0110\u00e2y c\u00f3 th\u1ec3 xem l\u00e0 m\u1ed9t \u01b0u \u0111i\u1ec3m tr\u00ean m\u1eabu xe CUV n\u00e0y khi cho ph\u00e9p b\u1ed1 tr\u00ed kh\u00f4ng gian n\u1ed9i th\u1ea5t r\u1ed9ng r\u00e3i h\u01a1n m\u00e0 kh\u00f4ng ph\u1ea3i hy sinh k\u00edch th\u01b0\u1edbc t\u1ed5ng th\u1ec3, v\u1ed1n c\u00f3 chi\u1ec1u d\u00e0i to\u00e0n b\u1ed9 th\u00e2n xe ch\u01b0a \u0111\u1ebfn 4 m\u00e9t.<\/p>\n<div class=\"row\">\n<div class=\"col m6 s12\"><\/div>\n<div class=\"col m6 s12\"><span style=\"color: #555555; font-size: 14.4px;\">Ph\u00eda \u0111\u1ea7u xe, Hyundai b\u1ed1 tr\u00ed m\u1ed9t b\u1ed9 \u0111\u00e8n chi\u1ebfu s\u00e1ng c\u00f3 n\u00e9t thi\u1ebft k\u1ebf t\u00e1o b\u1ea1o, k\u00e9o d\u00e0i t\u1eeb g\u1ea7n gi\u1eefa l\u01b0\u1edbi t\u1ea3ng nhi\u1ec7t \u0111\u1ebfn g\u1ea7n n\u1eeda n\u1eafp capo. Cho d\u00f9 c\u00f3 k\u00edch th\u01b0\u1edbc l\u1edbn l\u00e0 th\u1ebf, b\u1ed9 \u0111\u00e8n chi\u1ebfu s\u00e1ng n\u00e0y v\u1eabn cho c\u00e1i nh\u00ecn kh\u00e1 h\u00e0i h\u00f2a tr\u00ean t\u1ed5ng th\u1ec3 th\u00e2n xe, n\u1ebfu kh\u00f4ng n\u00f3i l\u00e0 kh\u00e1 \u0111\u1eb9p v\u00e0 \u1ea5n t\u01b0\u1ee3ng.<\/span><\/div>\n<div><\/div>\n<\/div>\n<div class=\"row\">\n<div class=\"col m3 s6\"><span style=\"color: #555555; font-size: 14.4px;\">Ngo\u00e0i d\u1ea3i \u0111\u00e8n ch\u1ea1y ban ng\u00e0y &#8211; DLR &#8211; s\u1eed d\u1ee5ng 5 b\u00f3ng LED m\u1ed7i b\u00ean th\u00ec c\u00e1c v\u1ecb tr\u00ed c\u00f2n l\u1ea1i \u0111\u1ec1u \u0111\u01b0\u1ee3c trang b\u1ecb \u0111\u00e8n d\u00e2y t\u00f3c halogen b\u00ecnh th\u01b0\u1eddng. Ri\u00eang \u0111\u00e8n ch\u00ednh s\u1eed d\u1ee5ng b\u1ed9 g\u01b0\u01a1ng c\u1ea7u kh\u00e1 \u0111\u1eb9p \u0111i k\u00e8m v\u1edbi ch\u1ee9c n\u0103ng t\u1eaft m\u1edf t\u1ef1 \u0111\u1ed9ng v\u00e0 kh\u1ea3 n\u0103ng xoay theo h\u01b0\u1edbng \u0111\u00e1nh l\u00e1i c\u1ee7a volant. Ngo\u00e0i ra, \u201cch\u00e2n m\u00e0y\u201d c\u1ee1 l\u1edbn \u0111\u01b0\u1ee3c s\u1eed d\u1ee5ng nh\u01b0 \u0111\u00e8n v\u1ecb tr\u00ed hay trang tr\u00ed g\u00e2y \u1ea3o gi\u00e1c nh\u01b0 m\u1ed9t d\u1ea3i \u0111\u00e8n LED cao c\u1ea5p v\u00e0 l\u1ea1 m\u1eaft. Th\u00eam v\u00e0o \u0111\u00f3, ph\u1ea7n \u0111\u1ea7u xe c\u00f2n \u0111\u01b0\u1ee3c b\u1ed1 tr\u00ed 1 \u0111\u00e8n s\u01b0\u01a1ng m\u00f9 \u1edf ph\u00eda th\u1ea5p h\u01a1n v\u00e0 c\u0169ng mang n\u00e9t \u201cto,b\u1ef1\u201d nh\u01b0 b\u1ed9 \u0111\u00e8n ch\u00ednh. \u0110\u1ec3 \u0111\u1ed3ng b\u1ed9, Hyundai c\u00f2n trang tr\u00ed th\u00eam cho b\u1ed9 \u0111\u00e8n g\u1ea7m n\u00e0y m\u1ed9t v\u00f2ng trang tr\u00ed \u0111\u1ed3ng m\u00e0u v\u1edbi th\u00e2n xe kh\u00e1 \u0111\u1eb9p.<\/span><\/div>\n<\/div>\n<p>Ngo\u00e0i ra, l\u01b0\u1edbi t\u1ea3n nhi\u1ec7t c\u1ee7a\u00a0<strong>Hyundai i20 Active<\/strong>\u00a0s\u1eed d\u1ee5ng b\u1ed9 l\u01b0\u1edbi t\u1ea3n nhi\u1ec7t t\u1ed1i gi\u1ea3n v\u1edbi n\u00e9t trang tr\u00ed kh\u00e9o k\u00e9o b\u1eb1ng m\u1ed9t v\u00f2ng m\u1ea1 chrome s\u00e1ng b\u00f3ng. C\u00e1ch b\u1ed1 tr\u00ed n\u00e0y t\u1ea1o ra v\u1ebb ngo\u00e0i m\u1ea1nh m\u1ebd v\u00e0 h\u1ea7m h\u1ed1. \u0110\u1ec3 n\u00e2ng t\u1ea7m phong c\u00e1ch n\u00e0y, Hyundai b\u1ed1 tr\u00ed th\u00eam cho i20 Active m\u1ed9t t\u1ea5m \u1ed1p b\u1ea3o v\u1ec7 c\u1ea3n tr\u01b0\u1edbc m\u00e0u b\u1ea1c b\u1eaft m\u1eaft v\u00e0 n\u1ed5i b\u1eadt. C\u00e1ch thi\u1ebft k\u1ebf n\u00e0y \u0111\u01b0a i20 \u0111\u1ebfn g\u1ea7n h\u01a1n v\u1edbi n\u00e9t th\u1ec3 thao c\u1ee7a c\u00e1c m\u1eabu xe SUV th\u1ef1c th\u1ee5.<\/p>\n<p class=\"\"><strong>Th\u00e2n xe i20 Active<\/strong>\u00a0n\u1ed5i b\u1eadt v\u1edbi \u0111\u01b0\u1eddng g\u00e2n d\u1eadp n\u1ed5i m\u1ea1nh m\u1ebd, \u0111\u00ednh k\u00e8m v\u1edbi b\u1ed9 hai thanh n\u1eb9p m\u1ea1nh m\u1ebd tr\u00ean tr\u1ea7n xe. Hyundai trang b\u1ecb cho i20 Active b\u1ed9 m\u00e2m h\u1ee3p kim nh\u00f4m 5 ch\u1ea5u k\u00e9p kh\u1ecfe m\u1ea1nh. Theo \u0111\u00f3, b\u1ed9 m\u00e2m n\u00e0y s\u1ebd \u0111i k\u00e8m v\u1edbi l\u1ed1p xe Bridgestone B250 c\u00f3 k\u00edch th\u01b0\u1edbc 195\/55R16.<\/p>\n<div class=\"row\">\n<div><\/div>\n<div class=\"col m3 s6\"><span style=\"color: #555555; font-size: 14.4px;\">Khi nh\u00ecn ngang th\u00e2n xe, c\u00f3 th\u1ec3 d\u1ec5 d\u00e0ng nh\u1eadn th\u1ea5y g\u01b0\u01a1ng chi\u1ebfu h\u1eadu c\u1ee7a xe \u0111\u01b0\u1ee3c t\u00edch h\u1ee3p \u0111\u00e8n b\u00e1o r\u1ebd c\u00f9ng kh\u1ea3 n\u0103ng ch\u1ec9nh v\u00e0 g\u1eadp \u0111i\u1ec7n hi\u1ec7n \u0111\u1ea1i v\u00e0 ti\u1ec7n l\u1ee3i. Th\u00eam v\u00e0o \u0111\u00f3, c\u00e1c tay n\u1eafm c\u1ee7a m\u1ea1 chrome kh\u00e1 \u0111\u1eb9p c\u0169ng \u0111\u01b0\u1ee3c t\u00edch h\u1ee3p ch\u1ee9c n\u0103ng kh\u00f3a\/m\u1edf c\u1eeda b\u1eb1ng n\u00fat b\u1ea5m m\u1ed9t ch\u1ea1m.<\/span><\/div>\n<\/div>\n<div class=\"row\">\n<div class=\"col m6 s12\"><\/div>\n<div class=\"col m6 s12\"><span style=\"color: #555555; font-size: 14.4px;\">T\u01b0\u01a1ng \u0111\u1ed3ng v\u1edbi n\u00e9t thi\u1ebft k\u1ebf c\u1ee7a \u0111\u00e8n tr\u01b0\u1edbc, \u0111\u00e8n chi\u1ebfu h\u1eadu th\u1eadm ch\u00ed c\u00f2n n\u1ed5i b\u1eadt h\u01a1n v\u00e0 g\u00e2y \u1ea5n t\u01b0\u1ee3ng m\u1ea1nh v\u1edbi c\u1ee5m ba \u0111\u00e8n \u0111\u01b0\u1ee3c t\u00e1c ri\u00eang. C\u00e1c thi\u1ebft k\u1ebf n\u00e0y \u0111em l\u1ea1i c\u00e1i nh\u00ecn m\u1edbi l\u1ea1 \u0111\u1ed9c \u0111\u00e1o so v\u1edbi ph\u1ea7n c\u00f2n l\u1ea1i c\u1ee7a ph\u00e2n kh\u00fac CUV, mang \u0111\u1eadm n\u00e9t \u201cHyundai\u201d. \u0110\u1ec3 \u0111\u1ea3m b\u1ea3o n\u00e9t \u0111\u1eb9p v\u00e0 s\u1ef1 \u0111\u1ed3ng b\u1ed9 c\u1ee7a b\u1ed9 \u0111\u00e8n b\u00e1o d\u1eebng n\u00e0y, Hyundai \u0111\u00e3 di d\u1eddi \u0111\u00e8n b\u00e1o l\u00f9i xu\u1ed1ng ph\u00eda d\u01b0\u1edbi c\u1ea3n sau, nh\u01b0ng ch\u1ec9 b\u1ed1 tr\u00ed \u1edf m\u1ed9t b\u00ean, ph\u00eda c\u00f2n l\u1ea1i h\u1ecd b\u1ed1 tr\u00ed m\u1ed9t \u1ed1p ph\u1ea3n quang \u0111\u1ed3ng m\u00e0u.<\/span><\/div>\n<\/div>\n<p>Ngay \u1edf \u0111u\u00f4i xe, c\u00f3 th\u1ec3 d\u1ec5 d\u00e0ng ph\u00e1t hi\u1ec7n ra ngay camera h\u1ed7 tr\u1ee3 l\u00f9i ngay d\u01b0\u1edbi logo Hyundai n\u1eb1m ngay ng\u1eafn ch\u00ednh gi\u1eefa. Nh\u00ecn chung ph\u1ea7n h\u1eadu c\u1ee7a Hyundai i20 Active kh\u00e1 b\u1eaft m\u1eaft v\u00e0 hi\u1ec7n \u0111\u1ea1i.<\/p>\n<p>B\u01b0\u1edbc v\u00e0o khoang l\u00e1i, kh\u00f4ng gian n\u1ed9i th\u1ea5t c\u1ee7a\u00a0<strong>Hyundai i20 Activa<\/strong>\u00a0cho c\u1ea3m gi\u00e1c kh\u00e1 thu\u1eadn m\u1eaft. C\u00e1c chi ti\u1ebft thi\u1ebft k\u1ebf c\u1ee7a b\u1ea3ng taplo mang n\u00e9t t\u1ed1i gi\u1ea3n trong thi\u1ebft k\u1ebf t\u1ea1o \u00e1nh nh\u00ecn g\u1ecdn g\u00e0ng v\u00e0 ng\u0103n n\u1eafp. B\u1ed9 c\u00e1c gh\u1ebf ng\u1ed3i tr\u00ean xe chi\u1ebfc CUV n\u00e0y \u0111\u01b0\u1ee3c Hyundai b\u1ecdc l\u1ea1i b\u1eb1ng v\u1ea3i n\u1ec9 v\u1edbi c\u00e1c d\u1ea3i m\u00e0u cam n\u1ed5i b\u1eadt tr\u00ean n\u1ec1n \u0111en tuy\u1ec1n, kh\u00e1 b\u1eaft m\u1eaft.<\/p>\n<div class=\"row\">\n<div class=\"col m6 s12\"><span style=\"color: #555555; font-size: 14.4px;\">H\u00e0ng gh\u1ebf tr\u01b0\u1edbc ch\u1ec9 \u0111\u01b0\u1ee3c trang b\u1ecb c\u00e1c l\u1eaby \u0111i\u1ec1u ch\u1ec9nh b\u1eb1ng tay trong khi h\u00e0ng gh\u1ebf sau c\u00f3 kh\u1ea3 n\u0103ng g\u1eadp t\u1ef7 l\u1ec7 60:40. C\u1ea3m gi\u00e1c m\u00e0 c\u00e1c gh\u1ebf ng\u1ed3i mang l\u1ea1i kh\u00e1 \u00eam. Tuy nhi\u00ean, n\u1ebfu s\u1eed d\u1ee5ng l\u1edbp b\u1ecdc da thay cho n\u1ec9, \u0111\u1ed9 tho\u1ea3i m\u00e1i s\u1ebd \u0111\u01b0\u1ee3c t\u1ed1t h\u01a1n. Gi\u1eefa hai gh\u1ebf tr\u01b0\u1edbc, Hyundai c\u0169ng t\u00edch h\u1ee3p 1 b\u1ec7 t\u1ef3 tay kh\u00e1 \u0111\u1eb9p, c\u00f3 k\u00edch th\u01b0\u1edbc v\u1eeba \u0111\u1ee7 d\u00f9ng.<\/span><\/div>\n<\/div>\n<div class=\"row\">\n<div class=\"col m6 s12\"><\/div>\n<\/div>\n<p class=\"\">Tay l\u00e1i c\u1ee7a xe mang thi\u1ebft k\u1ebf 3 ch\u1ea5u th\u1ec3 thao kh\u00e1 \u0111\u1eb9p v\u1edbi n\u00e9t trang tr\u00ed m\u1ea1 chrome \u1ea9n m\u00ecnh d\u01b0\u1edbi v\u1ecb tr\u00ed c\u1ee7a k\u00e8n xe. Hai b\u00ean, Hyundai \u0111\u00e3 t\u00edch h\u1ee3p kh\u1ea3 n\u0103ng \u0111\u00e0m tho\u1ea1i r\u1ea3nh tay tr\u00ean ph\u1ea7n b\u00ean tr\u00e1i, trong khi ph\u00eda c\u00f2n l\u1ea1i h\u1ed7 tr\u1ee3 kh\u1ea3 n\u0103ng t\u00f9y ch\u1ec9nh c\u00e1c th\u00f4ng tin hi\u1ec3n th\u1ecb \u0111i\u1ec1u ki\u1ec7n ho\u1ea1t \u0111\u1ed9ng c\u1ee7a xe.<\/p>\n<div class=\"row\">\n<div class=\"col m6 s12\"><span style=\"color: #555555; font-size: 14.4px;\">Xe \u0111\u01b0\u1ee3c Hyundai t\u00edch h\u1ee3p nhi\u1ec1u c\u00f4ng ngh\u1ec7 ti\u1ec7n nghi hi\u1ec7n \u0111\u1ea1i nh\u01b0 m\u00e0 h\u00ecnh trung t\u00e2m c\u1ee1 l\u1edbn \u0111i\u1ec1u khi\u1ec3n h\u1ec7 th\u1ed1ng \u00e2m thanh g\u1ed3m 8 loa, \u0111i k\u00e8m v\u1edbi c\u00e1c ch\u1ee9c n\u0103ng kh\u00e1c nh\u01b0 \u0111\u1ecdc \u0111\u0129a CD, MP3, nghe \u0111\u1ea7u AM\/FM, k\u1ebft n\u1ed1i Bluetooth, AUX v\u00e0 USB. Ngo\u00e0i ra, h\u1ec7 th\u1ed1ng \u0111i\u1ec1u h\u00f2a t\u1ef1 \u0111\u1ed9ng c\u0169ng l\u00e0 m\u1ed9t \u0111i\u1ec3m c\u1ed9ng tr\u00ean i20 Active, tuy ch\u01b0a \u0111\u01b0\u1ee3c t\u00edch h\u1ee3p kh\u1ea3 n\u0103ng l\u00e0m m\u00e1t 2 v\u00f9ng ri\u00eang bi\u1ec7t.<\/span><\/div>\n<\/div>\n<p><strong>Hyundai i20 Active<\/strong>\u00a0s\u1eed d\u1ee5ng \u0111\u1ed9ng c\u01a1 x\u0103ng 4 xi-lanh th\u1eb3ng h\u00e0ng mang m\u00e3 \u201cK\u201d v\u1edbi t\u1ed5ng dung t\u00edch 1.4L, t\u1ea1o ra c\u00f4ng su\u1ea5t t\u1ed1i \u0111a 98 m\u00e3 l\u1ef1c t\u1ea1i 6000 v\u00f2ng\/ph\u00fat, trong khi moment xo\u1eafn c\u1ef1c \u0111\u1ea1i \u0111\u01b0\u1ee3c s\u1ea3n sinh \u1edf v\u00f2ng tua m\u00e1y 3500 v\u00f2ng\/ ph\u00fat l\u00e0 136Nm. \u0110\u1ec3 truy\u1ec1n h\u1ebft n\u0103ng l\u01b0\u1ee3ng n\u00e0y xu\u1ed1ng 2 b\u00e1nh tr\u01b0\u1edbc, Hyundai \u0111\u00e3 s\u1eed d\u1ee5ng h\u1ed9p s\u1ed1 t\u1ef1 \u0111\u1ed9ng 4 c\u1ea5p.<\/p>\n<p>Tuy c\u00f3 m\u1ee9c gi\u00e1 b\u00e1n kh\u00e1 h\u1ee3p l\u00fd, Hyundai i20 Active v\u1eabn \u0111\u01b0\u1ee3c trang b\u1ecb c\u00e1c h\u1ec7 th\u1ed1ng an to\u00e0n hi\u1ec7n \u0111\u1ea1i v\u00e0 \u0111\u1ea7y \u0111\u1ee7 nh\u01b0 : 6 t\u00fai kh\u00ed an to\u00e0n bao g\u1ed3m 2 t\u00fai kh\u00ed tr\u01b0\u1edbc, 2 t\u00fai kh\u00ed b\u00ean h\u00f4ng c\u1eeda tr\u01b0\u1edbc c\u00f9ng 2 t\u00fai kh\u00ed r\u00e8m c\u1eeda. Ngo\u00e0i ra, h\u1ec7 th\u1ed1ng phanh c\u0169ng \u0111\u01b0\u1ee3c trang b\u1ecb ch\u1ee9c n\u0103ng ch\u1ed1ng b\u00f3 c\u1ee9ng phanh &#8211; ABS, h\u1ec7 th\u1ed1ng ph\u00e2n b\u1ed5 l\u1ef1c phanh &#8211; EBD.<\/p>\n<p>Nh\u00ecn chung, v\u1edbi ki\u1ec3u d\u00e1ng tr\u1ebb trung hi\u1ec7n \u0111\u1ea1i, trang b\u1ecb ti\u1ec7n nghi, an to\u00e0n \u0111\u1ea7y \u0111\u1ee7, kh\u1ea3 n\u0103ng v\u1eadn h\u00e0nh ph\u00f9 h\u1ee3p v\u1edbi s\u1ed1 \u0111\u1ed9ng c\u00f9ng gi\u00e1 b\u00e1n kh\u00e1 h\u1ea5p d\u1eabn, Hyundai i20 Active s\u1ebd l\u00e0 m\u1ed9t s\u1ef1 l\u1ef1a ch\u1ecdn \u0111\u00e1ng c\u00e2n nh\u1eafc cho c\u00e1c kh\u00e1ch h\u00e0ng sinh s\u1ed1ng \u1edf \u0111\u00f4 th\u1ecb, c\u1ea7n m\u1ed9t chi\u1ebfc CUV c\u00e1 t\u00ednh nh\u01b0ng h\u1eefu d\u1ee5ng, \u0111\u00e1p \u1ee9ng t\u1ed1t nhu c\u1ea7u \u0111i l\u1ea1i h\u1eb1ng ng\u00e0y.<\/p>\n<p>&nbsp;<\/p>\n<p>&nbsp;<\/p>\n","protected":false},"excerpt":{"rendered":"<p>T\u1ea1i th\u1ecb tr\u01b0\u1eddng Vi\u1ec7t Nam, ph\u00e2n kh\u00fac crossover \u0111ang l\u1edbn m\u1ea1nh t\u1eebng ng\u00e0y. K\u1ebb \u0111\u1ee9ng \u0111\u1ea7u\u00a0Ford EcoSport\u00a0lu\u00f4n ph\u1ea3i d\u00e8 ch\u1eebng v\u1edbi nhi\u1ec1u \u0111\u1ed1i th\u1ee7 \u0111ang d\u1ea7n xu\u1ea5t hi\u1ec7n, t\u1ea1o th\u00e0nh th\u1ebf c\u00e2n b\u1eb1ng cho th\u1ecb tr\u01b0\u1eddng xe CUV \u1edf \u0111\u1ea5t n\u01b0\u1edbc h\u00ecnh ch\u1eef \u201cS\u201d.\u00a0Hyundai i20 Active 2017\u00a0ch\u00ednh l\u00e0 m\u1ed9t trong nh\u1eefng \u0111\u1ed1i tr\u1ecdng \u0111\u00f3 c\u1ee7a&#8230;<\/p>\n","protected":false},"featured_media":116,"comment_status":"open","ping_status":"closed","template":"","meta":[],"_links":{"self":[{"href":"https:\/\/hosting.conasi.vn\/w\/hyundai2011\/wp-json\/wp\/v2\/product\/115"}],"collection":[{"href":"https:\/\/hosting.conasi.vn\/w\/hyundai2011\/wp-json\/wp\/v2\/product"}],"about":[{"href":"https:\/\/hosting.conasi.vn\/w\/hyundai2011\/wp-json\/wp\/v2\/types\/product"}],"replies":[{"embeddable":true,"href":"https:\/\/hosting.conasi.vn\/w\/hyundai2011\/wp-json\/wp\/v2\/comments?post=115"}],"wp:featuredmedia":[{"embeddable":true,"href":"https:\/\/hosting.conasi.vn\/w\/hyundai2011\/wp-json\/wp\/v2\/media\/116"}],"wp:attachment":[{"href":"https:\/\/hosting.conasi.vn\/w\/hyundai2011\/wp-json\/wp\/v2\/media?parent=115"}],"curies":[{"name":"wp","href":"https:\/\/api.w.org\/{rel}","templated":true}]}}