{"id":111,"date":"2019-05-28T09:30:41","date_gmt":"2019-05-28T09:30:41","guid":{"rendered":"http:\/\/hyundai.w2steam.com\/?post_type=product&#038;p=111"},"modified":"2019-05-29T03:46:20","modified_gmt":"2019-05-29T03:46:20","slug":"santafe","status":"publish","type":"product","link":"https:\/\/hosting.conasi.vn\/w\/hyundai2011\/san-pham\/santafe\/","title":{"rendered":"Santafe"},"content":{"rendered":"<p>Hi\u1ec7n t\u1ea1i d\u00f2ng xe 7 ch\u1ed7 c\u1ee7a Hyundai \u0111ang \u0111\u01b0\u1ee3c l\u1eafp r\u00e1p t\u1ea1i Vi\u1ec7t Nam v\u1edbi 100% linh ki\u1ec7n \u0111\u01b0\u1ee3c nh\u1eadp t\u1eeb H\u00e0n Qu\u1ed1c, phi\u00ean b\u1ea3n Hyundai Santafe 2017 \u0111\u01b0\u1ee3c s\u1ea3n xu\u1ea5t t\u1ea1i nh\u00e0 m\u00e1y Hyundai Th\u00e0nh C\u00f4ng \u0111\u00e3 \u0111\u1ea1t \u0111\u01b0\u1ee3c doanh s\u1ed1 b\u00e1n h\u00e0ng t\u1ed1t nh\u1ea5t, v\u00e0 d\u00f2ng xe n\u00e0y s\u1ebd gi\u1eef nguy\u00ean m\u1eabu cho \u0111\u1ebfn c\u00e1c n\u0103m 2017 v\u00e0 2018, v\u1ec1 trang thi\u1ebft b\u1ecb theo xe th\u00ec hi\u1ec7n t\u1ea1i phi\u00ean b\u1ea3n n\u00e0y \u0111\u00e3 t\u00edch h\u1ee3p \u0111\u1ee7 c\u00e1c ch\u1ee9c n\u0103ng c\u1ea7n thi\u1ebft c\u1ee7a m\u1ed9t chi\u1ebfc xe du l\u1ecbch cao c\u1ea5p.<img loading=\"lazy\" class=\"size-full wp-image-700\" src=\"http:\/\/hyundai.w2steam.com\/wp-content\/uploads\/2019\/05\/santafe-111.jpg\" alt=\"Hyundai Santafe\" width=\"999\" height=\"624\" \/>Hyundai Santafe \u0111\u1ebfn Vi\u1ec7t Nam v\u00e0 tr\u00e3i qua m\u1ed9t th\u1eddi gian v\u00e0 thu nh\u1eadn nhi\u1ec1u \u00fd ki\u1ebfn t\u1eeb kh\u00e1ch h\u00e0ng \u0111\u00e3 s\u1eed d\u1ee5ng xe Hyundai Santafe\u00a0\u00a0th\u00ec \u0111\u1ec1u h\u00e0i l\u00f2ng v\u00ec ch\u1ea5t l\u01b0\u1ee3ng c\u1ee7a m\u1ed9t chi\u1ebfc xe H\u00e0n m\u00e0 \u0111\u01b0\u1ee3c l\u1eafp r\u00e1p t\u1ea1i Vi\u1ec7t Nam.\u00a0<img loading=\"lazy\" class=\"size-full wp-image-701\" src=\"http:\/\/hyundai.w2steam.com\/wp-content\/uploads\/2019\/05\/santafe-111-1.jpg\" alt=\"Hyundai Santafe\" width=\"800\" height=\"458\" \/>\u00a0T\u1eadp \u0111o\u00e0n Hyundai To\u00e0n c\u1ea7u v\u1edbi nh\u00e0 m\u00e1y trung t\u00e2m \u0111\u1eb7t t\u1ea1i n\u01b0\u1edbc \u0110\u1ee9c ( German ) n\u01a1i g\u1ecdi l\u00e0 thu \u0111\u00f4 xe h\u01a1i cao c\u1ea5p sang tr\u1ecdng c\u1ee7a \u00f4 t\u00f4 th\u1ebf gi\u1edbi. C\u00e1c k\u1ef9 s\u01b0 v\u00e0 c\u00e1c designer \u0111\u00e3 t\u1eadp trung ph\u00e1c th\u1ea3o v\u00e0 nghi\u00ean c\u1ee9u th\u1ecb tr\u01b0\u1eddng c\u0169ng nh\u01b0 c\u00e1c h\u00e3ng xe cao c\u1ea5p \u0111\u1ec3 \u0111\u01b0a ra m\u1ed9t d\u00f2ng xe 7 ch\u00f5 \u0111\u00fang ngh\u0129a SUV sang tr\u1ecdng v\u00e0 gi\u00e1 th\u00e0nh h\u1ee3p l\u00fd, c\u00e1c nh\u00e0 s\u1ea3n xu\u1ea5t c\u1ee7a Hyundai \u0111\u00e3 \u0111\u01b0a t\u1ea5t c\u1ea3 nh\u1eefng c\u00f4ng ngh\u1ec7 m\u1edbi nh\u1ea5t \u0111\u1ec3 trang b\u1ecb\u00a0cho chi\u1ebfc 7 ch\u1ed7 Santa Fe n\u00e0y.<img loading=\"lazy\" class=\"aligncenter size-full wp-image-702\" src=\"http:\/\/hyundai.w2steam.com\/wp-content\/uploads\/2019\/05\/santafe-111-2.jpg\" alt=\"hyundai-santafe-4\" width=\"800\" height=\"480\" \/>\u00a0Hyundai Santafe\u00a0\u0111\u01b0\u1ee3c trang b\u1ecb M\u00e0n h\u00ecnh DVD theo xe, \u0111\u01b0\u1ee3c t\u00edch h\u1ee3p \u0111\u1ecbnh v\u1ecb d\u1eabn \u0111\u01b0\u1eddng, m\u1eb7t c\u1ea3m \u1ee9ng nh\u1ea1y h\u01a1n ch\u1ec9 m\u1ed9t l\u1ea7n ch\u1ea1m nh\u1eb9<img loading=\"lazy\" class=\"aligncenter size-full wp-image-703\" src=\"http:\/\/hyundai.w2steam.com\/wp-content\/uploads\/2019\/05\/santafe-111-3.jpg\" alt=\"Hyundai Santafe 2017\" width=\"999\" height=\"624\" \/>Santa Fe \u0111\u01b0\u1ee3c trang b\u1ecb H\u1ed9p s\u1ed1 t\u1ef1 \u0111\u1ed9ng 6 c\u1ea5p v\u1edbi ch\u1ebf \u0111\u1ed9 b\u00e1n t\u1ef1 \u0111\u1ed9ng s\u1ebd k\u1ebft h\u1ee3p t\u1ed1t v\u1edbi 3 ch\u1ebf \u0111\u1ed9 l\u00e1i tr\u00ean v\u00f4 l\u0103ng, th\u1eafng tay th\u00f4ng minh b\u1eb1ng \u0111i\u1ec7n v\u1edbi ch\u1ee9c n\u0103ng t\u1ef1 nh\u1ea3 th\u1eafng khi sang s\u1ed1, k\u00eat h\u1ee3p ch\u1ebf \u0111\u1ed9 h\u1ed7 tr\u1ee3 kh\u1edfi h\u00e0nh ngang d\u1ed1c. Ph\u00eda tr\u01b0\u1edbc gh\u1ebf l\u00e1i \u0111\u01b0\u1ee3c trang b\u1ecb c\u00e1c ch\u1ee9c n\u0103ng an to\u00e0n nh\u01b0 h\u1ed7 tr\u1ee3 ch\u1ed1ng tr\u01a1n tr\u01b0\u1ee3t, \u0111\u1ed7 \u0111\u00e8o, ch\u1ebf \u0111\u1ed9 cruise ch\u00e2n ga t\u1ef1 \u0111\u1ed9ng, c\u00e1c ch\u1ee9c n\u0103ng gi\u1ea3i tr\u00ed \u0111\u01b0\u1ee3c t\u00edch h\u1ee3p tr\u00ean v\u00f4 l\u0103ng. N\u00fat kh\u1edfi \u0111\u1ed9ng b\u1eb1ng ch\u00eca kho\u00e1 th\u00f4ng minh Star\/Stop hi\u1ec7n \u0111\u1ea1i ch\u1ec9 trang b\u1ecb tr\u00ean c\u00e1c chi\u1ebfc xe sang. H\u1ec7 th\u1ed1ng \u0111\u00f3ng m\u1edf c\u1ed1p \u0111i\u1ec7n \u0111i\u1ec1u khi\u1ec3n t\u1eeb xe t\u00edch h\u1ee3p ch\u1ee9c n\u0103ng m\u1edf c\u1ed1p t\u1ef1 \u0111\u1ed9ng.C\u1eeda s\u1ed1 tr\u1eddi paronama to\u00e0n c\u1ea3nh gi\u00fap chi\u1ebfc xe tr\u1edf n\u00ean sang tr\u1ecdng, \u0111\u1ea7y ch\u1ea5t th\u1ec3 thao v\u00e0 ho\u00e0n h\u1ea3o khi ng\u1ed3i v\u00e0o xe.<img loading=\"lazy\" class=\"aligncenter size-full wp-image-704\" src=\"http:\/\/hyundai.w2steam.com\/wp-content\/uploads\/2019\/05\/santafe-111-4.jpg\" alt=\"C\u1eeda s\u1ed5 tr\u1eddi Santafe\" width=\"999\" height=\"624\" \/><img loading=\"lazy\" class=\"aligncenter size-full wp-image-705\" src=\"http:\/\/hyundai.w2steam.com\/wp-content\/uploads\/2019\/05\/santafe-111-5.jpg\" alt=\"thong-so-ky-thuat-santafe\" width=\"950\" height=\"3000\" \/><\/p>\n<p>&nbsp;<\/p>\n","protected":false},"excerpt":{"rendered":"<p>Hi\u1ec7n t\u1ea1i d\u00f2ng xe 7 ch\u1ed7 c\u1ee7a Hyundai \u0111ang \u0111\u01b0\u1ee3c l\u1eafp r\u00e1p t\u1ea1i Vi\u1ec7t Nam v\u1edbi 100% linh ki\u1ec7n \u0111\u01b0\u1ee3c nh\u1eadp t\u1eeb H\u00e0n Qu\u1ed1c, phi\u00ean b\u1ea3n Hyundai Santafe 2017 \u0111\u01b0\u1ee3c s\u1ea3n xu\u1ea5t t\u1ea1i nh\u00e0 m\u00e1y Hyundai Th\u00e0nh C\u00f4ng \u0111\u00e3 \u0111\u1ea1t \u0111\u01b0\u1ee3c doanh s\u1ed1 b\u00e1n h\u00e0ng t\u1ed1t nh\u1ea5t, v\u00e0 d\u00f2ng xe n\u00e0y s\u1ebd gi\u1eef nguy\u00ean m\u1eabu&#8230;<\/p>\n","protected":false},"featured_media":238,"comment_status":"open","ping_status":"closed","template":"","meta":[],"_links":{"self":[{"href":"https:\/\/hosting.conasi.vn\/w\/hyundai2011\/wp-json\/wp\/v2\/product\/111"}],"collection":[{"href":"https:\/\/hosting.conasi.vn\/w\/hyundai2011\/wp-json\/wp\/v2\/product"}],"about":[{"href":"https:\/\/hosting.conasi.vn\/w\/hyundai2011\/wp-json\/wp\/v2\/types\/product"}],"replies":[{"embeddable":true,"href":"https:\/\/hosting.conasi.vn\/w\/hyundai2011\/wp-json\/wp\/v2\/comments?post=111"}],"wp:featuredmedia":[{"embeddable":true,"href":"https:\/\/hosting.conasi.vn\/w\/hyundai2011\/wp-json\/wp\/v2\/media\/238"}],"wp:attachment":[{"href":"https:\/\/hosting.conasi.vn\/w\/hyundai2011\/wp-json\/wp\/v2\/media?parent=111"}],"curies":[{"name":"wp","href":"https:\/\/api.w.org\/{rel}","templated":true}]}}