{"id":107,"date":"2019-05-28T09:29:40","date_gmt":"2019-05-28T09:29:40","guid":{"rendered":"http:\/\/hyundai.w2steam.com\/?post_type=product&#038;p=107"},"modified":"2019-05-29T03:41:09","modified_gmt":"2019-05-29T03:41:09","slug":"elantra-sport","status":"publish","type":"product","link":"https:\/\/hosting.conasi.vn\/w\/hyundai2011\/san-pham\/elantra-sport\/","title":{"rendered":"Elantra Sport"},"content":{"rendered":"<p><strong>M\u1eabu xe\u00a0Hyundai Elantra Sport\u00a0\u00a0c\u00f3 nhi\u1ec1u thay \u0111\u1ed5i \u0111\u00e1ng k\u1ec3 t\u1eeb ngo\u1ea1i th\u1ea5t, n\u1ed9i th\u1ea5t \u0111\u1ebfn h\u1ec7 th\u1ed1ng v\u1eadn h\u00e0nh. Hyundai Elantra Sport c\u00f3 gi\u00e1 b\u00e1n l\u1ebb khuy\u1ebfn ngh\u1ecb l\u00e0 729 tri\u1ec7u \u0111\u1ed3ng (\u0111\u00e3 bao g\u1ed3m thu\u1ebf GTGT).<\/strong>\u00a0<img loading=\"lazy\" class=\"aligncenter size-full wp-image-1144\" src=\"http:\/\/hyundai.w2steam.com\/wp-content\/uploads\/2019\/05\/elantra-sport-107.jpg\" alt=\"\" width=\"1500\" height=\"903\" \/><strong>Ngo\u1ea1i th\u1ea5t c\u00e1 t\u00ednh v\u00e0 th\u1ec3 thao<\/strong>\u00a0Hyundai Elantra Sport l\u00e0 phi\u00ean b\u1ea3n th\u1ec3 thao c\u1ee7a m\u1eabu Hyundai Elantra \u0111ang \u0111\u01b0\u1ee3c l\u1eafp r\u00e1p v\u00e0 ph\u00e2n ph\u1ed1i t\u1ea1i Vi\u1ec7t Nam. Chi\u1ebfc xe s\u1edf h\u1eefu ngo\u1ea1i h\u00ecnh \u0111\u1eb9p m\u1eaft d\u1ef1a tr\u00ean c\u1ea3m h\u1ee9ng thi\u1ebft k\u1ebf \u201c\u0110i\u00eau kh\u1eafc d\u00f2ng ch\u1ea3y 2.0\u201d c\u00f9ng l\u01b0\u1edbi t\u1ea3n nhi\u1ec7t l\u1ee5c gi\u00e1c m\u1ea1 Crom quen thu\u1ed9c \u0111\u00e3 \u0111\u01b0\u1ee3c tinh ch\u1ec9nh theo xu h\u01b0\u1edbng th\u1ec3 thao v\u1edbi c\u00e1c \u0111\u01b0\u1eddng g\u00e2n c\u1ee9ng c\u00e1p v\u00e0 \u0111\u01b0\u1ee3c ch\u1eef Turbo \u0111\u1ecf \u0111\u1eb7c tr\u01b0ng. Hyundai Elantra Sport s\u1edf h\u1eefu c\u1ee5m \u0111\u00e8n tr\u01b0\u1edbc Bi-Xenon t\u1ea1o h\u00ecnh ng\u0169 gi\u00e1c (c\u1ea3 \u0111\u00e8n chi\u1ebfu g\u1ea7n v\u00e0 \u0111\u00e8n pha chung b\u00f3ng projector c\u00f4ng ngh\u1ec7 HID), k\u1ebft h\u1ee3p c\u00f9ng d\u1ea3i \u0111\u00e8n LED ch\u1ea1y ban ng\u00e0y Daytime Running Light c\u00e1 t\u00ednh. C\u1ee5m \u0111\u00e8n h\u1eadu thi\u1ebft k\u1ebf d\u1ea1ng LED 3D ki\u1ec3u m\u1edbi t\u1ea1o h\u00ecnh x\u01b0\u01a1ng c\u00e1 \u0111em \u0111\u1ebfn hi\u1ec7u qu\u1ea3 hi\u1ec3n th\u1ecb \u0111\u1eb9p m\u1eaft.\u00a0<img class=\"aligncenter size-full wp-image-1002\" src=\"http:\/\/hyundai.w2steam.com\/wp-content\/uploads\/2019\/05\/elantra-sport-107-1.jpg\" alt=\"\" \/>\u00a0Xe v\u1eabn s\u1edf h\u1eefu k\u00edch th\u01b0\u1edbc D\u00e0i x R\u1ed9ng x Cao l\u1ea7n l\u01b0\u1ee3t l\u00e0 4.570 x 1.800 x 1450 (mm), chi\u1ec1u d\u00e0i c\u01a1 s\u1edf 2.700 (mm) c\u00f9ng kho\u1ea3ng s\u00e1ng g\u1ea7m xe 150 (mm). Elantra Sport\u00a0 mang phong c\u00e1ch c\u1ee7a 1 chi\u1ebfc coupe 4 c\u1eeda thi\u1ebft k\u1ebf kh\u00ed \u0111\u1ed9ng h\u1ecdc cao v\u1edbi h\u1ec7 s\u1ed1 c\u1ea3n gi\u00f3 0,27Cd, ph\u1ea7n mui xe \u0111\u01b0\u1ee3c vu\u1ed1t xu\u1ed1ng th\u1ea5p, n\u1eafp capo \u0111\u01b0\u1ee3c t\u1ea1o \u0111\u01b0\u1eddng g\u00e2n h\u00fat gi\u00f3 h\u00ecnh ch\u1eef V v\u00e1t d\u1ea7n v\u1ec1 sau, c\u1ed9t A, B v\u00e0 C \u0111\u01b0\u1ee3c k\u1ebft n\u1ed1i li\u1ec1n m\u1ea1ch. Chi\u1ebfc xe \u0111\u01b0\u1ee3c trang b\u1ecb body-kit th\u1ec3 thao (c\u1ea3n tr\u01b0\u1edbc, b\u1ed9 khu\u1ebfch t\u00e1n ph\u00eda sau, 2 b\u00ean s\u01b0\u1eddn xe) l\u00e0m t\u0103ng th\u00eam d\u00e1ng v\u1ebb v\u1ebb c\u00e1 t\u00ednh v\u00e0 th\u1ec3 thao. \u0110i\u1ec3m nh\u1ea5n b\u00ean ngo\u00e0i c\u00f2n \u0111\u01b0\u1ee3c th\u1ec3 hi\u1ec7n th\u00f4ng qua c\u1eb7p \u1ed1ng x\u1ea3 k\u00e9p crom s\u00e1ng b\u00f3ng v\u00e0 b\u1ed9 lazang h\u1ee3p kim 17 inch 5 ch\u1ea5u k\u00e9p kim c\u01b0\u01a1ng c\u1eaft \u1ea5n t\u01b0\u1ee3ng.\u00a0<img loading=\"lazy\" class=\"Hyundai Elantra Sport aligncenter wp-image-1003 size-full\" title=\"Hyundai Elantra Sport\" src=\"http:\/\/hyundai.w2steam.com\/wp-content\/uploads\/2019\/05\/elantra-sport-107-2.jpg\" alt=\"\" width=\"2048\" height=\"1365\" \/>\u00a0<strong>Kh\u00f4ng gian n\u1ed9i th\u1ea5t m\u1ea1nh m\u1ebd v\u00e0 tinh t\u1ebf<\/strong>\u00a0Hyundai Elantra Sport\u00a0 s\u1edf h\u1eefu m\u1ed9t kh\u00f4ng gian n\u1ed9i th\u1ea5t tinh t\u1ebf v\u00e0 phong c\u00e1ch v\u1edbi v\u1eadt li\u1ec7u da k\u1ebft h\u1ee3p v\u1edbi chi ti\u1ebft nh\u1ef1a cao c\u1ea5p. Xe \u0111\u01b0\u1ee3c trang b\u1ecb gh\u1ebf ng\u1ed3i b\u1ecdc da c\u00f9ng ch\u1ee9c n\u0103ng s\u01b0\u1edfi gh\u1ebf v\u1edbi c\u00e1c l\u1ed7 tho\u00e1t kh\u00ed nh\u1ecf, \u0111em \u0111\u1ebfn c\u1ea3m gi\u00e1c d\u1ec5 ch\u1ecbu cho ng\u01b0\u1eddi l\u00e1i. T\u00f4ng m\u00e0u n\u1ed9i th\u1ea5t \u0111en ch\u1ec9 \u0111\u1ecf, k\u1ebft h\u1ee3p c\u00f9ng nhi\u1ec1u chi ti\u1ebft nh\u1ef1a d\u1ea1ng carbon v\u00e0 crom t\u1ea1o n\u00ean kh\u00f4ng gian \u0111\u1eadm ch\u1ea5t th\u1ec3 thao cao c\u1ea5p.<img loading=\"lazy\" class=\"aligncenter size-full wp-image-1004\" src=\"http:\/\/hyundai.w2steam.com\/wp-content\/uploads\/2019\/05\/elantra-sport-107-3.jpg\" alt=\"\" width=\"2048\" height=\"1297\" \/>B\u1ea3ng taplo xe trang b\u1ecb m\u00e0n h\u00ecnh AVN 7 inch c\u1ea3m \u1ee9ng t\u00edch h\u1ee3p camera l\u00f9i c\u00f9ng b\u1ea3n \u0111\u1ed3 d\u1eabn \u0111\u01b0\u1eddng ch\u00ednh h\u00e3ng d\u00e0nh ri\u00eang cho th\u1ecb tr\u01b0\u1eddng Vi\u1ec7t Nam k\u1ebft h\u1ee3p c\u00f9ng h\u1ec7 th\u1ed1ng gi\u1ea3i tr\u00ed h\u1ed7 tr\u1ee3 Mp3\/Aux\/Usb\/Bluetooth\/Radio FM v\u1edbi 6 loa.<img loading=\"lazy\" class=\"aligncenter size-full wp-image-1005\" src=\"http:\/\/hyundai.w2steam.com\/wp-content\/uploads\/2019\/05\/elantra-sport-107-4.jpg\" alt=\"\" width=\"2048\" height=\"1366\" \/>Hyundai Elantra Sport s\u1edf h\u1eefu nh\u1eefng trang b\u1ecb cao c\u1ea5p h\u00e0ng \u0111\u1ea7u: Ch\u00eca kh\u00f3a th\u00f4ng minh Smartkey c\u00f9ng n\u00fat b\u1ea5m kh\u1edfi \u0111\u1ed9ng Start\/Stop engine, gh\u1ebf l\u00e1i ch\u1ec9nh \u0111i\u1ec7n 10 h\u01b0\u1edbng, v\u00f4 l\u0103ng \u0111i\u1ec1u ch\u1ec9nh 4 h\u01b0\u1edbng, c\u1ed1p \u0111i\u1ec1u khi\u1ec3n t\u1eeb xa th\u00f4ng minh, \u0111i\u1ec1u khi\u1ec3n h\u00e0nh tr\u00ecnh Cruise Control, c\u1ea3m bi\u1ebfn \u0111\u00e8n v\u00e0 g\u1ea1t m\u01b0a t\u1ef1 \u0111\u1ed9ng, k\u00ednh l\u00e1i ch\u1ed1ng s\u01b0\u01a1ng m\u00f9 t\u1ef1 \u0111\u1ed9ng, \u0111i\u1ec1u h\u00f2a t\u1ef1 \u0111\u1ed9ng 2 v\u00f9ng \u0111\u1ed9c l\u1eadp, g\u01b0\u01a1ng chi\u1ebfu h\u1eadu ch\u1ed1ng ch\u00f3i \u0111i\u1ec7n t\u1eed,&#8230;<img loading=\"lazy\" class=\"aligncenter size-full wp-image-1006\" src=\"http:\/\/hyundai.w2steam.com\/wp-content\/uploads\/2019\/05\/elantra-sport-107-5.jpg\" alt=\"\" width=\"2048\" height=\"1366\" \/>Xe \u0111\u01b0\u1ee3c trang b\u1ecb v\u00f4 l\u0103ng D-Cut v\u1edbi \u0111\u00e1y v\u00e1t ph\u1eb3ng, kh\u00f4ng ch\u1ec9 t\u1ea1o n\u00ean phong c\u00e1ch c\u00e1 t\u00ednh m\u00e0 c\u00f2n mang t\u1edbi c\u1ea3m gi\u00e1c \u0111i\u1ec1u khi\u1ec3n xe th\u00fa v\u1ecb, linh ho\u1ea1t h\u01a1n. \u0110\u1eb7c bi\u1ec7t, l\u1eaby chuy\u1ec3n s\u1ed1 tr\u00ean v\u00f4 l\u0103ng c\u00e0ng gi\u00fap t\u0103ng th\u00eam s\u1ef1 ph\u1ea5n kh\u00edch v\u00e0 ch\u1ee7 \u0111\u1ed9ng cho ng\u01b0\u1eddi l\u00e1i. Th\u00eam v\u00e0o \u0111\u00f3 \u0111\u1ed3ng h\u1ed3 c\u00f4ng t\u01a1 m\u00e9t c\u0169ng c\u00f3 thi\u1ebft k\u1ebf ki\u1ec3u m\u1edbi t\u1ea1o c\u1ea3m h\u1ee9ng th\u1ec3 thao v\u00e0 m\u1ea1nh m\u1ebd h\u01a1n.\u00a0<strong>H\u1ec7 th\u1ed1ng v\u1eadn h\u00e0nh v\u00e0 an to\u00e0n v\u01b0\u1ee3t tr\u1ed9i trong ph\u00e2n kh\u00fac<\/strong>\u00a0Hyundai Elantra Sport\u00a0 \u0111\u01b0\u1ee3c \u0111\u1ed9ng c\u01a1 x\u0103ng Gamma 1.6L T-GDi c\u00f3 c\u00f4ng su\u1ea5t c\u1ef1c \u0111\u1ea1i 204 m\u00e3 l\u1ef1c t\u1ea1i 6.000 v\u00f2ng\/ph\u00fat v\u00e0 Momen xo\u1eafn c\u1ef1c \u0111\u1ea1i 265Nm t\u1ea1i 1.500 &#8211; 4.500 v\u00f2ng\/ph\u00fat. Chi\u1ebfc xe s\u1eed d\u1ee5ng h\u1ed9p s\u1ed1 t\u1ef1 \u0111\u1ed9ng 7 c\u1ea5p ly h\u1ee3p k\u00e9p, mang l\u1ea1i kh\u1ea3 n\u0103ng v\u1eadn h\u00e0nh v\u01b0\u1ee3t tr\u1ed9i so v\u1edbi c\u00e1c \u0111\u1ed1i th\u1ee7 kh\u00e1c trong ph\u00e2n kh\u00fac.<img loading=\"lazy\" class=\"aligncenter size-full wp-image-1007\" src=\"http:\/\/hyundai.w2steam.com\/wp-content\/uploads\/2019\/05\/elantra-sport-107-6.jpg\" alt=\"\" width=\"2048\" height=\"1366\" \/>Elantra Sport c\u0169ng \u0111\u01b0\u1ee3c trang b\u1ecb h\u1ec7 th\u1ed1ng l\u00e1i Drive Mode 3 ch\u1ebf \u0111\u1ed9 Eco (ti\u1ebft ki\u1ec7m) \u2013 Normal (th\u00f4ng th\u01b0\u1eddng) \u2013 Sport (th\u1ec3 thao), h\u1ec7 th\u1ed1ng s\u1ebd tr\u1ef1c ti\u1ebfp can thi\u1ec7p v\u00e0o c\u00e1c h\u1ec7 th\u1ed1ng truy\u1ec1n \u0111\u1ed9ng c\u1ee7a xe: v\u00f4 l\u0103ng, h\u1ed9p s\u1ed1, ch\u00e2n ga,\u2026nh\u1eb1m t\u1ea1o ra s\u1ef1 kh\u00e1c bi\u1ec7t v\u1ec1 c\u1ea3m gi\u00e1c l\u00e1i c\u0169ng nh\u01b0 kh\u1ea3 n\u0103ng ho\u1ea1t \u0111\u1ed9ng c\u1ee7a xe. H\u1ec7 th\u1ed1ng treo sau tr\u00ean phi\u00ean b\u1ea3n Sport n\u00e0y \u0111\u01b0\u1ee3c thi\u1ebft k\u1ebf ki\u1ec3u \u0111\u1ed9c l\u1eadp \u0111a \u0111i\u1ec3m thay v\u00ec thanh xo\u1eafn tr\u00ean Elantra ti\u00eau chu\u1ea9n mang t\u1edbi c\u1ea3m gi\u00e1c v\u1eadn h\u00e0nh th\u1ec3 thao h\u01a1n.<img loading=\"lazy\" class=\"aligncenter size-full wp-image-1008\" src=\"http:\/\/hyundai.w2steam.com\/wp-content\/uploads\/2019\/05\/elantra-sport-107-7.jpg\" alt=\"\" width=\"2048\" height=\"1365\" \/>Chi\u1ebfc xe s\u1eed d\u1ee5ng h\u1ec7 th\u1ed1ng khung v\u1ecf v\u1edbi h\u01a1n 51% th\u00e0nh ph\u1ea7n th\u00e9p c\u01b0\u1eddng l\u1ef1c AHSS (Advance High Strength Steel), gi\u00fap t\u0103ng c\u01b0\u1eddng s\u1ee9c ch\u1ecbu l\u1ef1c c\u0169ng nh\u01b0 \u0111\u1ea3m b\u1ea3o \u0111\u1ed9 \u1ed5n \u0111\u1ecbnh. B\u00ean c\u1ea1nh \u0111\u00f3, xe \u0111\u01b0\u1ee3c trang b\u1ecb h\u1ec7 th\u1ed1ng an to\u00e0n 7 t\u00fai kh\u00ed, gi\u00fap \u0111\u1ea3m b\u1ea3o s\u1ef1 an to\u00e0n t\u1ed1i \u0111a cho kh\u00e1ch h\u00e0ng trong tr\u01b0\u1eddng h\u1ee3p x\u1ea3y ra va ch\u1ea1m. Xe \u0111\u01b0\u1ee3c trang b\u1ecb h\u00e0ng lo\u1ea1t nh\u1eefng c\u00f4ng ngh\u1ec7 v\u00e0 t\u00ednh n\u0103ng an to\u00e0n h\u1eefu \u00edch cho ng\u01b0\u1eddi s\u1eed d\u1ee5ng: &#8211;\u00a0\u00a0\u00a0\u00a0 H\u1ec7 th\u1ed1ng ch\u1ed1ng b\u00f3 c\u1ee9ng phanh ABS &#8211;\u00a0\u00a0\u00a0\u00a0 H\u1ec7 th\u1ed1ng ph\u00e2n b\u1ed1 l\u1ef1c phanh \u0111i\u1ec7n t\u1eed EBD &#8211;\u00a0\u00a0\u00a0\u00a0 H\u1ec7 th\u1ed1ng h\u1ed7 tr\u1ee3 l\u1ef1c phanh kh\u1ea9n c\u1ea5p BA &#8211;\u00a0\u00a0\u00a0\u00a0 H\u1ec7 th\u1ed1ng c\u00e2n b\u1eb1ng \u0111i\u1ec7n t\u1eed ESC &#8211;\u00a0\u00a0\u00a0\u00a0 H\u1ec7 th\u1ed1ng ki\u1ec3m so\u00e1t th\u00e2n xe VSM &#8211;\u00a0\u00a0\u00a0\u00a0 H\u1ec7 th\u1ed1ng ch\u1ed1ng tr\u1ed9m Immobilizer &#8211;\u00a0\u00a0\u00a0\u00a0 H\u1ec7 th\u1ed1ng h\u1ed7 tr\u1ee3 kh\u1edfi h\u00e0nh ngang d\u1ed1c HAC &#8211;\u00a0\u00a0\u00a0\u00a0 H\u1ec7 th\u1ed1ng ki\u1ec3m so\u00e1t l\u1ef1c k\u00e9o TCS &#8211;\u00a0\u00a0\u00a0\u00a0 H\u1ec7 th\u1ed1ng h\u1ed7 tr\u1ee3 \u0111\u1ed7 xe v\u1edbi 8 c\u1ea3m bi\u1ebfn tr\u01b0\u1edbc v\u00e0 sau &#8211;\u00a0\u00a0\u00a0\u00a0 H\u1ec7 th\u1ed1ng c\u1ea3m bi\u1ebfn \u00e1p su\u1ea5t l\u1ed1p<img loading=\"lazy\" class=\"aligncenter size-full wp-image-1009\" src=\"http:\/\/hyundai.w2steam.com\/wp-content\/uploads\/2019\/05\/elantra-sport-107-8.jpg\" alt=\"\" width=\"2048\" height=\"1365\" \/>Hyundai Elantra Sport nh\u01b0 c\u00e1c m\u1eabu xe kh\u00e1c \u0111\u01b0\u1ee3c Hyundai Th\u00e0nh C\u00f4ng s\u1ea3n xu\u1ea5t v\u00e0 l\u1eafp r\u00e1p tr\u00ean d\u00e2y chuy\u1ec1n c\u00f4ng ngh\u1ec7 \u0111\u01b0\u1ee3c chuy\u1ec3n giao tr\u1ef1c ti\u1ebfp t\u1eeb T\u1eadp \u0111o\u00e0n Hyundai H\u00e0n Qu\u1ed1c v\u1edbi c\u00e1c ti\u00eau chu\u1ea9n ki\u1ec3m \u0111\u1ecbnh s\u1ea3n ph\u1ea9m \u0111\u1ea1t ch\u1ea5t l\u01b0\u1ee3ng to\u00e0n c\u1ea7u. Xe \u0111\u01b0\u1ee3c ph\u00e2n ph\u1ed1i v\u1edbi 6 m\u00e0u s\u1eafc: \u0110en, Tr\u1eafng, B\u1ea1c, V\u00e0ng c\u00e1t, Be, \u0110\u1ecf v\u1edbi gi\u00e1 b\u00e1n l\u1ebb khuy\u1ebfn ngh\u1ecb tr\u00ean h\u1ec7 th\u1ed1ng \u0111\u1ea1i l\u00fd Hyundai Th\u00e0nh C\u00f4ng l\u00e0 729 tri\u1ec7u \u0111\u1ed3ng (\u0111\u00e3 bao g\u1ed3m thu\u1ebf GTGT) c\u00f9ng ch\u1ebf \u0111\u1ed9 b\u1ea3o h\u00e0nh 3 n\u0103m ho\u1eb7c 100.000km t\u00f9y \u0111i\u1ec1u ki\u1ec7n n\u00e0o \u0111\u1ebfn tr\u01b0\u1edbc.\u00a0<strong>\u0110i\u1ec3m m\u1edbi \u0111\u00e1ng ch\u00fa \u00fd tr\u00ean Hyundai Elantra Sport so v\u1edbi Elantra 2.0L<\/strong><\/p>\n<ul>\n<li>&#8211; Thi\u1ebft k\u1ebf l\u01b0\u1edbi t\u1ea3n nhi\u1ec7t m\u1edbi th\u1ec3 thao h\u01a1n v\u00e0 \u0111\u01b0\u1ee3c g\u1eafn ch\u1eef sport m\u00e0u \u0111\u1ecf<\/li>\n<li>&#8211; \u0110\u00e8n tr\u01b0\u1edbc Bi-Xenon \u0111\u01b0\u1ee3c thi\u1ebft k\u1ebf m\u1edbi (\u0111\u00e8n chi\u1ebfu g\u1ea7n v\u00e0 \u0111\u00e8n pha chung projector c\u00f4ng ngh\u1ec7 HID)<\/li>\n<li>&#8211; \u0110\u00e8n ban ng\u00e0y \u0111\u01b0\u1ee3c thi\u1ebft k\u1ebf m\u1edbi n\u1ed5i b\u1eadt h\u01a1n<\/li>\n<li>&#8211; C\u1ee5m \u0111\u00e8n sau \u0111\u01b0\u1ee3c thi\u1ebft k\u1ebf m\u1edbi v\u1edbi d\u1ea1ng 3D h\u00ecnh x\u01b0\u01a1ng c\u00e1<\/li>\n<li>&#8211; Body-kit quanh xe (c\u1ea3n tr\u01b0\u1edbc, khu\u1ebfch t\u00e1n ph\u00eda sau, \u1ed1p s\u01b0\u1eddn)<\/li>\n<li>&#8211; \u1ed0ng x\u1ea3 k\u00e9p v\u00e0 la-z\u0103ng 5 ch\u1ea5u ki\u1ec3u th\u1ec3 thao<\/li>\n<li>&#8211; N\u1ed9i th\u1ea5t da m\u00e0u \u0111en kh\u00e2u ch\u1ec9 \u0111\u1ecf, d\u1eadp n\u1ed5i ch\u1eef Sport tr\u00ean t\u1ef1a \u0111\u1ea7u, \u1ed1p nh\u1ef1a d\u1ea1ng carbon v\u00e0 c\u00e1c chi ti\u1ebft crom<\/li>\n<li>&#8211; V\u00f4 l\u0103ng d\u1ea1ng D-Cut th\u1ec3 thao t\u00edch h\u1ee3p l\u1eaby chuy\u1ec3n s\u1ed1<\/li>\n<li>&#8211; \u0110\u1ed3ng h\u1ed3 c\u00f4ng t\u01a1 m\u00e9t l\u00e0m m\u1edbi theo c\u1ea3m h\u1ee9ng t\u1eeb nh\u1eefng m\u1eabu xe v\u1eadn h\u00e0nh cao<\/li>\n<li>&#8211; G\u01b0\u01a1ng chi\u1ebfu h\u1eadu trong xe ch\u1ed1ng ch\u00f3i t\u1ef1 \u0111\u1ed9ng<\/li>\n<li>&#8211; B\u1eadc \u0111\u1ec3 ch\u00e2n d\u1eadp n\u1ed5i ch\u1eef Elantra c\u00f9ng v\u00e2n hoa th\u1ec3 thao<\/li>\n<li>&#8211; \u0110\u1ed9ng c\u01a1 1.6L Turbo-GDi (phun tr\u1ef1c ti\u1ebfp v\u00e0 t\u0103ng \u00e1p) cho c\u00f4ng su\u1ea5t c\u1ef1c \u0111\u1ea1i l\u00ean t\u1edbi 204 m\u00e3 l\u1ef1c (cao h\u01a1n 48 m\u00e3 l\u1ef1c so v\u1edbi Elantra 2.0L) v\u00e0 m\u00f4-men xo\u1eafn 265Nm (cao h\u01a1n 110 Nm so v\u1edbi Elantra 2.0L)<\/li>\n<li>&#8211; H\u1ed9p s\u1ed1 t\u1ef1 \u0111\u1ed9ng 7 c\u1ea5p ly h\u1ee3p k\u00e9p<\/li>\n<li>&#8211; H\u1ec7 th\u1ed1ng treo sau \u0111\u1ed9c l\u1eadp \u0111a \u0111i\u1ec3m<\/li>\n<li>&#8211; H\u1ec7 th\u1ed1ng 7 t\u00fai kh\u00ed (th\u00eam t\u00fai kh\u00ed \u0111\u1ea7u g\u1ed1i)<\/li>\n<\/ul>\n<p><img loading=\"lazy\" class=\"aligncenter size-full wp-image-1010\" src=\"http:\/\/hyundai.w2steam.com\/wp-content\/uploads\/2019\/05\/elantra-sport-107-9.jpg\" alt=\"\" width=\"2048\" height=\"1365\" \/><img loading=\"lazy\" class=\"aligncenter size-full wp-image-1011\" src=\"http:\/\/hyundai.w2steam.com\/wp-content\/uploads\/2019\/05\/elantra-sport-107-10.jpg\" alt=\"\" width=\"2048\" height=\"1365\" \/><img loading=\"lazy\" class=\"aligncenter size-full wp-image-1012\" src=\"http:\/\/hyundai.w2steam.com\/wp-content\/uploads\/2019\/05\/elantra-sport-107-11.jpg\" alt=\"\" width=\"2048\" height=\"1365\" \/><\/p>\n<p>&nbsp;<\/p>\n","protected":false},"excerpt":{"rendered":"<p>M\u1eabu xe\u00a0Hyundai Elantra Sport\u00a0\u00a0c\u00f3 nhi\u1ec1u thay \u0111\u1ed5i \u0111\u00e1ng k\u1ec3 t\u1eeb ngo\u1ea1i th\u1ea5t, n\u1ed9i th\u1ea5t \u0111\u1ebfn h\u1ec7 th\u1ed1ng v\u1eadn h\u00e0nh. Hyundai Elantra Sport c\u00f3 gi\u00e1 b\u00e1n l\u1ebb khuy\u1ebfn ngh\u1ecb l\u00e0 729 tri\u1ec7u \u0111\u1ed3ng (\u0111\u00e3 bao g\u1ed3m thu\u1ebf GTGT).\u00a0Ngo\u1ea1i th\u1ea5t c\u00e1 t\u00ednh v\u00e0 th\u1ec3 thao\u00a0Hyundai Elantra Sport l\u00e0 phi\u00ean b\u1ea3n th\u1ec3 thao c\u1ee7a m\u1eabu Hyundai Elantra \u0111ang&#8230;<\/p>\n","protected":false},"featured_media":108,"comment_status":"open","ping_status":"closed","template":"","meta":[],"_links":{"self":[{"href":"https:\/\/hosting.conasi.vn\/w\/hyundai2011\/wp-json\/wp\/v2\/product\/107"}],"collection":[{"href":"https:\/\/hosting.conasi.vn\/w\/hyundai2011\/wp-json\/wp\/v2\/product"}],"about":[{"href":"https:\/\/hosting.conasi.vn\/w\/hyundai2011\/wp-json\/wp\/v2\/types\/product"}],"replies":[{"embeddable":true,"href":"https:\/\/hosting.conasi.vn\/w\/hyundai2011\/wp-json\/wp\/v2\/comments?post=107"}],"wp:featuredmedia":[{"embeddable":true,"href":"https:\/\/hosting.conasi.vn\/w\/hyundai2011\/wp-json\/wp\/v2\/media\/108"}],"wp:attachment":[{"href":"https:\/\/hosting.conasi.vn\/w\/hyundai2011\/wp-json\/wp\/v2\/media?parent=107"}],"curies":[{"name":"wp","href":"https:\/\/api.w.org\/{rel}","templated":true}]}}