{"id":185,"date":"2019-05-29T02:51:01","date_gmt":"2019-05-29T02:51:01","guid":{"rendered":"http:\/\/hyundai.w2steam.com\/?page_id=185"},"modified":"2019-05-29T02:51:02","modified_gmt":"2019-05-29T02:51:02","slug":"mua-xe-tra-gop","status":"publish","type":"page","link":"https:\/\/hosting.conasi.vn\/w\/hyundai2011\/mua-xe-tra-gop\/","title":{"rendered":"Mua xe tr\u1ea3 g\u00f3p"},"content":{"rendered":"<h2><strong>H\u01b0\u1edbng d\u1eabn th\u1ee7 t\u1ee5c, quy tr\u00ecnh mua xe \u00f4 t\u00f4 tr\u1ea3 g\u00f3p d\u00e0nh cho kh\u00e1ch h\u00e0ng.<\/strong><\/h2>\n<p><strong>B\u1eb1ng vi\u1ec7c li\u00ean k\u1ebft v\u1edbi nhi\u1ec1u ng\u00e2n h\u00e0ng l\u1edbn,\u00a0Hyundai V\u0129nh Ph\u00fac\u00a0lu\u00f4n s\u1eb5n s\u00e0ng h\u1ed7 tr\u1ee3 kh\u00e1ch h\u00e0ng v\u1ec1 v\u1ed1n khi mua xe th\u00f4ng qua h\u00ecnh th\u1ee9c tr\u1ea3 g\u00f3p.<\/strong><\/p>\n<p><img loading=\"lazy\" class=\"size-medium wp-image-1821 aligncenter\" src=\"http:\/\/hyundai.w2steam.com\/wp-content\/uploads\/2019\/05\/mua-xe-tra-gop-185.jpg\" sizes=\"(max-width: 700px) 100vw, 700px\" srcset=\"https:\/\/hyundailevanluong.com\/wp-content\/uploads\/2018\/03\/mua-xe-tra-gop-768x492-700x448.jpg 700w, https:\/\/hyundailevanluong.com\/wp-content\/uploads\/2018\/03\/mua-xe-tra-gop-768x492-600x384.jpg 600w, https:\/\/hyundailevanluong.com\/wp-content\/uploads\/2018\/03\/mua-xe-tra-gop-768x492-150x96.jpg 150w, https:\/\/hyundailevanluong.com\/wp-content\/uploads\/2018\/03\/mua-xe-tra-gop-768x492.jpg 768w, https:\/\/hyundailevanluong.com\/wp-content\/uploads\/2018\/03\/mua-xe-tra-gop-768x492-24x15.jpg 24w, https:\/\/hyundailevanluong.com\/wp-content\/uploads\/2018\/03\/mua-xe-tra-gop-768x492-36x23.jpg 36w, https:\/\/hyundailevanluong.com\/wp-content\/uploads\/2018\/03\/mua-xe-tra-gop-768x492-48x31.jpg 48w\" alt=\"\" width=\"700\" height=\"448\" \/><\/p>\n<h3><strong>1. Ch\u1ee7 xe l\u00e0 c\u00f4ng ty mua xe tr\u1ea3 g\u00f3p<\/strong><\/h3>\n<p><strong>Nh\u1eefng gi\u1ea5y t\u1edd c\u1ea7n c\u00f3:<\/strong><\/p>\n<p>\u2013 Gi\u1ea5y ph\u00e9p kinh doanh.<br \/>\n\u2013 Gi\u1ea5y b\u1ed5 nhi\u1ec7m Gi\u00e1m \u0111\u1ed1c, b\u1ed5 nhi\u1ec7m k\u1ebf to\u00e1n tr\u01b0\u1edfng.<br \/>\n\u2013 Gi\u1ea5y \u0111\u0103ng k\u00fd s\u1eed d\u1ee5ng m\u1eabu d\u1ea5u (b\u1ea3n copy)<br \/>\n\u2013 M\u00e3 s\u1ed1 thu\u1ebf<br \/>\n\u2013 B\u00e1o c\u00e1o thu\u1ebf 01 n\u0103m g\u1ea7n nh\u1ea5t.<br \/>\n\u2013 B\u00e1o c\u00e1o ho\u00e1 \u0111\u01a1n VAT 01 n\u0103m g\u1ea7n nh\u1ea5t.<br \/>\n\u2013 B\u00e1o c\u00e1o t\u00e0i ch\u00ednh 01 n\u0103m g\u1ea7n nh\u1ea5t.<br \/>\n\u2013 \u0110i\u1ec1u l\u1ec7 c\u00f4ng ty.<br \/>\n\u2013 Bi\u00ean b\u1ea3n h\u1ecdp c\u1ee7a h\u1ed9i \u0111\u1ed3ng qu\u1ea3n tr\u1ecb.<br \/>\n\u2013 H\u1ee3p \u0111\u1ed3ng kinh t\u1ebf \u0111\u1ea7u ra, \u0111\u1ea7u v\u00e0o.<br \/>\n\u2013 Gi\u1ea5y s\u1edf h\u1eefu c\u01a1 s\u1edf v\u1eadt ch\u1ea5t: nh\u00e0 m\u00e1y, d\u00e2y chuy\u1ec1n, m\u00e1y m\u00f3c, thi\u1ebft b\u1ecb, nh\u00e0 x\u01b0\u1edfng, \u00f4t\u00f4 kh\u00e1c<br \/>\n\u2013 \u0110\u01a1n xin vay v\u1ed1n ng\u00e2n h\u00e0ng v\u00e0 ph\u01b0\u01a1ng \u00e1n tr\u1ea3 l\u00e3i ( theo m\u1eabu c\u1ee7a Ng\u00e2n h\u00e0ng ).<\/p>\n<h4><strong>Ng\u00e2n h\u00e0ng ho\u1eb7c c\u00f4ng ty cho thu\u00ea t\u00e0i ch\u00ednh s\u1ebd t\u00e0i tr\u1ee3:\u00a0<\/strong><\/h4>\n<p><strong>Ng\u00e2n h\u00e0ng<\/strong><\/p>\n<p>\u2013 M\u1ee9c t\u00e0i tr\u1ee3 th\u00f4ng th\u01b0\u1eddng 80% tr\u00ean t\u00e0i s\u1ea3n th\u1ebf ch\u1ea5p.<br \/>\n\u2013 Th\u1eddi gian t\u1ed1i \u0111a 5 n\u0103m.<br \/>\n\u2013 L\u00e3i su\u1ea5t: c\u00e1c ng\u00e2n h\u00e0ng c\u00f3 m\u1ee9c l\u00e3i su\u1ea5t kh\u00e1c nhau.<br \/>\n\u2013 Th\u1eddi gian th\u1ea9m \u0111\u1ecbnh h\u1ed3 s\u01a1 sau khi nh\u1eadn \u0111\u1ea7y \u0111\u1ee7 24 gi\u1edd.<br \/>\n\u2013 Chi ph\u00ed : ph\u00ed th\u1ee7 t\u1ee5c h\u00e0nh ch\u00e1nh .<br \/>\n\u2013 Th\u1ee7 t\u1ee5c h\u00e0nh ch\u00e1nh t\u1ea1i ng\u00e2n h\u00e0ng g\u1ed3m: ph\u00ed \u0111\u1ea3m b\u1ea3o t\u00e0i s\u1ea3n, ph\u00ed m\u1edf t\u00e0i kho\u1ea3n, ph\u00ed c\u00f4ng ch\u1ee9ng sao y, c\u00e0 v\u1eb9t xe, mua b\u1ea3o hi\u1ec3m th\u00e2n xe 1,5% tr\u1ecb gi\u00e1 xe trong th\u1eddi gian vay.<\/p>\n<p><strong>C\u00f4ng ty cho thu\u00ea t\u00e0i ch\u00ednh<\/strong><\/p>\n<p>\u2013 M\u1ee9c t\u00e0i tr\u1ee3 t\u1ed1i \u0111a 80% tr\u00ean t\u00e0i s\u1ea3n th\u1ebf ch\u1ea5p.<br \/>\n\u2013 Th\u1eddi gian t\u1ed1i \u0111a 05 n\u0103m.<br \/>\n\u2013 L\u00e3i su\u1ea5t \u01b0u \u0111\u00e3i : c\u00e1c ng\u00e2n h\u00e0ng c\u00f3 m\u1ee9c l\u00e3i su\u1ea5t kh\u00e1c nhau.<br \/>\n\u2013 Th\u1eddi gian th\u1ea9m \u0111\u1ecbnh h\u1ed3 s\u01a1 sau khi nh\u1eadn \u0111\u1ea7y \u0111\u1ee7: 05 ng\u00e0y.<br \/>\n\u2013 C\u00f4ng ty cho thu\u00ea t\u00e0i ch\u00ednh \u0111\u1ee9ng t\u00ean ch\u1ee7 xe, sau khi kh\u00e1ch tr\u1ea3 h\u1ebft n\u1ee3, c\u00f4ng ty s\u1ebd sang t\u00ean l\u1ea1i cho kh\u00e1ch.<br \/>\n\u2013 Chi ph\u00ed : ph\u00ed th\u1ee7 t\u1ee5c h\u00e0nh ch\u00ednh<br \/>\n\u2013 Th\u1ee7 t\u1ee5c h\u00e0nh ch\u00ednh t\u1ea1i Ng\u00e2n h\u00e0ng g\u1ed3m: ph\u00ed \u0111\u1ea3m b\u1ea3o t\u00e0i s\u1ea3n, ph\u00ed m\u1edf t\u00e0i kh\u1ecfan, ph\u00ed c\u00f4ng ch\u1ee9ng sao y, c\u00e0 v\u1eb9t xe, mua b\u1ea3o hi\u1ec3m th\u00e2n xe trong th\u1eddi gian vay.<br \/>\n\u2013 \u0110\u01a1n xin vay v\u1ed1n ng\u00e2n h\u00e0ng v\u00e0 ph\u01b0\u01a1ng \u00e1n tr\u1ea3 l\u00e3i (theo m\u1eabu c\u1ee7a c\u00f4ng ty cho thu\u00ea t\u00e0i ch\u00ednh)<\/p>\n<h3><strong>2. Ch\u1ee7 xe l\u00e0 c\u00e1 nh\u00e2n vay mua xe tr\u1ea3 g\u00f3p<\/strong><\/h3>\n<p><strong>Nh\u1eefng gi\u1ea5y t\u1edd c\u1ea7n c\u00f3:<\/strong><\/p>\n<p>\u2013 Sao y h\u1ed9 kh\u1ea9u t\u1ea1i TP H\u00e0 N\u1ed9i.<br \/>\n\u2013 Sao y CMND.<br \/>\n\u2013 Gi\u1ea5y ch\u1ee9ng nh\u1eadn \u0111\u1ed9c th\u00e2n ho\u1eb7c gi\u1ea5y k\u1ebft h\u00f4n.<br \/>\n\u2013 Ch\u1ee9ng minh thu nh\u1eadp b\u1eb1ng: h\u1ee3p \u0111\u1ed3ng lao \u0111\u1ed9ng, b\u1ea3ng l\u01b0\u01a1ng, s\u1ed5 ti\u1ebft ki\u1ec7m, t\u00e0i kho\u1ea3n c\u00e1 nh\u00e2n.<br \/>\n\u2013 C\u00e1 nh\u00e2n s\u1edf h\u1eefu t\u00e0i s\u1ea3n c\u00f3 gi\u00e1 tr\u1ecb: nh\u00e0 c\u1eeda, \u0111\u1ea5t \u0111ai, c\u00e1c lo\u1ea1i \u00f4 t\u00f4 , m\u00e1y m\u00f3c, d\u00e2y chuy\u1ec1n nh\u00e0 m\u00e1y, nh\u00e0 x\u01b0\u1edfng,..<br \/>\n\u2013 H\u1ee3p \u0111\u1ed3ng cho thu\u00ea xe, thu\u00ea nh\u00e0, cho thu\u00ea x\u01b0\u1edfng, gi\u1ea5y g\u00f3p v\u1ed1n, c\u1ed5 ph\u1ea7n, c\u1ed5 phi\u1ebfu, tr\u00e1i phi\u1ebfu.<br \/>\n\u2013 N\u1ebfu c\u00e1 nh\u00e2n c\u00f3 c\u00f4ng ty ri\u00eang m\u00e0 thu nh\u1eadp ch\u1ee7 y\u1ebfu t\u1eeb c\u00f4ng ty th\u00ec th\u00eam: b\u00e1o c\u00e1o thu\u1ebf, b\u00e1o c\u00e1o t\u00e0i ch\u00ednh, b\u1ea3ng l\u01b0\u01a1ng, b\u1ea3ng chia l\u1ee3i nhu\u1eadn t\u1eeb c\u00f4ng ty. Gi\u1ea5y ph\u00e9p \u0111\u0103ng k\u00fd kinh doanh.<br \/>\n\u2013 Ho\u00e1 \u0111\u01a1n chi ph\u00ed c\u00e1 nh\u00e2n c\u00e1c th\u00e1ng g\u1ea7n nh\u1ea5t: \u0111i\u1ec7n tho\u1ea1i, chi ph\u00ed giao d\u1ecbch l\u00e0m \u0103n.<br \/>\n\u2013 Trong tr\u01b0\u1eddng h\u1ee3p c\u00e1 nh\u00e2n mua kh\u00f4ng \u0111\u1ee7 \u0111i\u1ec1u ki\u1ec7n, c\u00f3 th\u1ec3 nh\u1edd ng\u01b0\u1eddi th\u00e2n c\u00f3 kh\u1ea3 n\u0103ng thu nh\u1eadp t\u1ed1t l\u00e0m gi\u1ea5y b\u1ea3o l\u00e3nh cho Ng\u00e2n h\u00e0ng th\u1ea9m \u0111\u1ecbnh.<br \/>\n\u2013 \u0110\u01a1n xin vay v\u1ed1n Ng\u00e2n h\u00e0ng v\u00e0 ph\u01b0\u01a1ng \u00e1n tr\u1ea3 l\u00e3i ( theo m\u1eabu c\u1ee7a Ng\u00e2n h\u00e0ng ).<\/p>\n<h4><strong>Ng\u00e2n h\u00e0ng ho\u1eb7c c\u00f4ng ty cho thu\u00ea t\u00e0i ch\u00ednh s\u1ebd t\u00e0i tr\u1ee3:<\/strong><\/h4>\n<p><strong>Ng\u00e2n h\u00e0ng:<\/strong><\/p>\n<p>\u2013 M\u1ee9c t\u00e0i tr\u1ee3 th\u00f4ng th\u01b0\u1eddng 80% tr\u00ean t\u00e0i s\u1ea3n th\u1ebf ch\u1ea5p.<br \/>\n\u2013 Th\u1eddi gian t\u1ed1i \u0111a 5 n\u0103m.<br \/>\n\u2013 L\u00e3i su\u1ea5t: c\u00e1c ng\u00e2n h\u00e0ng c\u00f3 m\u1ee9c l\u00e3i su\u1ea5t kh\u00e1c nhau.<br \/>\n\u2013 Th\u1eddi gian th\u1ea9m \u0111\u1ecbnh h\u1ed3 s\u01a1 sau khi nh\u1eadn \u0111\u1ea7y \u0111\u1ee7 24 gi\u1edd.<br \/>\n\u2013 Chi ph\u00ed : ph\u00ed th\u1ee7 t\u1ee5c h\u00e0nh ch\u00e1nh .<br \/>\n\u2013 Th\u1ee7 t\u1ee5c h\u00e0nh ch\u00e1nh t\u1ea1i ng\u00e2n h\u00e0ng g\u1ed3m: ph\u00ed \u0111\u1ea3m b\u1ea3o t\u00e0i s\u1ea3n, ph\u00ed m\u1edf t\u00e0i kho\u1ea3n, ph\u00ed c\u00f4ng ch\u1ee9ng sao y, c\u00e0 v\u1eb9t xe, mua b\u1ea3o hi\u1ec3m th\u00e2n xe trong th\u1eddi gian vay.<\/p>\n<p><strong>C\u00f4ng ty cho thu\u00ea t\u00e0i ch\u00ednh:<\/strong><\/p>\n<p>\u2013 M\u1ee9c t\u00e0i tr\u1ee3 t\u1ed1i \u0111a 80% tr\u00ean t\u00e0i s\u1ea3n th\u1ebf ch\u1ea5p.<br \/>\n\u2013 Th\u1eddi gian t\u1ed1i \u0111a 05 n\u0103m.<br \/>\n\u2013 L\u00e3i su\u1ea5t \u01b0u \u0111\u00e3i : c\u00e1c ng\u00e2n h\u00e0ng c\u00f3 m\u1ee9c l\u00e3i su\u1ea5t kh\u00e1c nhau.<br \/>\n\u2013 Th\u1eddi gian th\u1ea9m \u0111\u1ecbnh h\u1ed3 s\u01a1 sau khi nh\u1eadn \u0111\u1ea7y \u0111\u1ee7: 05 ng\u00e0y.<br \/>\n\u2013 C\u00f4ng ty cho thu\u00ea t\u00e0i ch\u00ednh \u0111\u1ee9ng t\u00ean ch\u1ee7 xe, sau khi kh\u00e1ch tr\u1ea3 h\u1ebft n\u1ee3, c\u00f4ng ty s\u1ebd sang t\u00ean l\u1ea1i cho kh\u00e1ch.<br \/>\n\u2013 Chi ph\u00ed : ph\u00ed th\u1ee7 t\u1ee5c h\u00e0nh ch\u00ednh<br \/>\n\u2013 Th\u1ee7 t\u1ee5c h\u00e0nh ch\u00ednh t\u1ea1i Ng\u00e2n h\u00e0ng g\u1ed3m: ph\u00ed \u0111\u1ea3m b\u1ea3o t\u00e0i s\u1ea3n, ph\u00ed m\u1edf t\u00e0i kho\u1ea3n, ph\u00ed c\u00f4ng ch\u1ee9ng sao y, c\u00e0 v\u1eb9t xe, mua b\u1ea3o hi\u1ec3m th\u00e2n xe trong th\u1eddi gian vay.<br \/>\n\u2013 \u0110\u01a1n xin vay v\u1ed1n ng\u00e2n h\u00e0ng v\u00e0 ph\u01b0\u01a1ng \u00e1n tr\u1ea3 l\u00e3i (theo m\u1eabu c\u1ee7a c\u00f4ng ty cho thu\u00ea t\u00e0i ch\u00ednh)<\/p>\n<h3>Quy tr\u00ecnh\u00a0<strong>mua xe tr\u1ea3 g\u00f3p<\/strong>:<\/h3>\n<p>\u2013 Kh\u00e1ch h\u00e0ng chu\u1ea9n b\u1ecb \u0111\u1ea7y \u0111\u1ee7 h\u1ed3 s\u01a1 theo h\u01b0\u1edbng d\u1eabn c\u1ee7a nh\u00e2n vi\u00ean t\u00edn d\u1ee5ng.<br \/>\n\u2013 Nh\u00e2n vi\u00ean th\u1ea9m \u0111\u1ecbnh \u0111\u1ebfn t\u1eadn nh\u00e0 \u0111\u1ec3 th\u1ea9m \u0111\u1ecbnh v\u00e0 l\u1ea5y h\u1ed3 s\u01a1.<br \/>\n\u2013 Sau khi c\u00f3 gi\u1ea5y t\u00e0i tr\u1ee3 t\u00edn d\u1ee5ng v\u00e0 h\u1ed3 s\u01a1 xe.<br \/>\n\u2013 Kh\u00e1ch h\u00e0ng ph\u1ea3i ti\u1ebfn h\u00e0nh ho\u00e0n t\u1ea5t s\u1ed1 ti\u1ec1n \u0111\u1ed1i \u1ee9ng c\u00f2n l\u1ea1i \u0111\u1ec3 xu\u1ea5t h\u00f3a \u0111\u01a1n v\u00e0 chi ph\u00ed l\u00e0m th\u1ee7 t\u1ee5c \u0111\u0103ng k\u00fd xe.<br \/>\n\u2013 Khi c\u00f3 bi\u1ec3n s\u1ed1 xe v\u00e0 c\u00f3 gi\u1ea5y h\u1eb9n, kh\u00e1ch h\u00e0ng l\u00ean ng\u00e2n h\u00e0ng k\u00fd h\u1ee3p \u0111\u1ed3ng t\u00edn d\u1ee5ng, \u0111\u00f3ng ph\u00ed h\u00e0nh ch\u00ednh v\u00e0 gi\u1ea5y nh\u1eadn n\u1ee3 c\u1ee7a ng\u00e2n h\u00e0ng.<br \/>\n\u2013 Khi ti\u1ec1n chuy\u1ec3n kho\u1ea3n c\u1ee7a ng\u00e2n h\u00e0ng v\u00e0o t\u00e0i kho\u1ea3n c\u1ee7a\u00a0<strong>Hyundai V\u0129nh Ph\u00fac<\/strong>, th\u00ec kh\u00e1ch h\u00e0ng mang theo CMND v\u00e0 gi\u1ea5y gi\u1edbi thi\u1ec7u l\u00ean nh\u1eadn xe, k\u00fd bi\u00ean b\u1ea3n b\u00e0n giao xe v\u1edbi gi\u1ea5y t\u1edd xe h\u1ee3p l\u1ec7 theo ph\u00e1p lu\u1eadt.<br \/>\n\u2013 Khi c\u00f3 gi\u1ea5y \u0111\u0103ng k\u00fd xe, Ng\u00e2n h\u00e0ng s\u1ebd \u0111i \u0111\u0103ng k\u00fd v\u00e0 sao y cho kh\u00e1ch h\u00e0ng m\u1ed9t b\u1ea3n \u0111\u1ec3 s\u1eed d\u1ee5ng.<br \/>\n\u2013 Tr\u01b0\u1eddng h\u1ee3p kh\u00e1ch mua qua C\u00f4ng ty cho thu\u00ea t\u00e0i ch\u00ednh th\u00ec kh\u00e1ch h\u00e0ng \u0111\u00f3ng ti\u1ec1n xe t\u1ea1i C\u00f4ng ty cho thu\u00ea t\u00e0i ch\u00ednh. \u2013 Chi ph\u00ed \u0111\u0103ng k\u00fd xe kh\u00e1ch h\u00e0ng ph\u1ea3i ch\u1ecbu, Bi\u00ean b\u1ea3n b\u00e0n giao xe 03 b\u00ean c\u00f9ng k\u00fd \u0111\u1ec3 c\u00f4ng ty cho thu\u00ea t\u00e0i ch\u00ednh gi\u1ea3i ng\u00e2n cho h\u00e3ng xe.<br \/>\n\u2013 Tr\u01b0\u1eddng h\u1ee3p kh\u00e1ch h\u00e0ng \u1edf t\u1ec9nh mua xe tr\u1ea3 g\u00f3p th\u00ec chi ph\u00ed D\u1ecbch v\u1ee5 \u0111i \u0111\u0103ng k\u00fd xe do kh\u00e1ch h\u00e0ng ch\u1ecbu, t\u00f9y theo t\u1ec9nh xa hay g\u1ea7n m\u00e0 th\u1ecfa thu\u1eadn.<\/p>\n<p>&nbsp;<\/p>\n","protected":false},"excerpt":{"rendered":"<p>H\u01b0\u1edbng d\u1eabn th\u1ee7 t\u1ee5c, quy tr\u00ecnh mua xe \u00f4 t\u00f4 tr\u1ea3 g\u00f3p d\u00e0nh cho kh\u00e1ch h\u00e0ng. B\u1eb1ng vi\u1ec7c li\u00ean k\u1ebft v\u1edbi nhi\u1ec1u ng\u00e2n h\u00e0ng l\u1edbn,\u00a0Hyundai V\u0129nh Ph\u00fac\u00a0lu\u00f4n s\u1eb5n s\u00e0ng h\u1ed7 tr\u1ee3 kh\u00e1ch h\u00e0ng v\u1ec1 v\u1ed1n khi mua xe th\u00f4ng qua h\u00ecnh th\u1ee9c tr\u1ea3 g\u00f3p. 1. Ch\u1ee7 xe l\u00e0 c\u00f4ng ty mua xe tr\u1ea3 g\u00f3p Nh\u1eefng&#8230;<\/p>\n","protected":false},"author":1,"featured_media":0,"parent":0,"menu_order":0,"comment_status":"closed","ping_status":"closed","template":"","meta":[],"_links":{"self":[{"href":"https:\/\/hosting.conasi.vn\/w\/hyundai2011\/wp-json\/wp\/v2\/pages\/185"}],"collection":[{"href":"https:\/\/hosting.conasi.vn\/w\/hyundai2011\/wp-json\/wp\/v2\/pages"}],"about":[{"href":"https:\/\/hosting.conasi.vn\/w\/hyundai2011\/wp-json\/wp\/v2\/types\/page"}],"author":[{"embeddable":true,"href":"https:\/\/hosting.conasi.vn\/w\/hyundai2011\/wp-json\/wp\/v2\/users\/1"}],"replies":[{"embeddable":true,"href":"https:\/\/hosting.conasi.vn\/w\/hyundai2011\/wp-json\/wp\/v2\/comments?post=185"}],"version-history":[{"count":1,"href":"https:\/\/hosting.conasi.vn\/w\/hyundai2011\/wp-json\/wp\/v2\/pages\/185\/revisions"}],"predecessor-version":[{"id":187,"href":"https:\/\/hosting.conasi.vn\/w\/hyundai2011\/wp-json\/wp\/v2\/pages\/185\/revisions\/187"}],"wp:attachment":[{"href":"https:\/\/hosting.conasi.vn\/w\/hyundai2011\/wp-json\/wp\/v2\/media?parent=185"}],"curies":[{"name":"wp","href":"https:\/\/api.w.org\/{rel}","templated":true}]}}