{"id":180,"date":"2019-05-29T02:49:39","date_gmt":"2019-05-29T02:49:39","guid":{"rendered":"http:\/\/hyundai.w2steam.com\/?page_id=180"},"modified":"2019-05-29T02:49:39","modified_gmt":"2019-05-29T02:49:39","slug":"gioi-thieu","status":"publish","type":"page","link":"https:\/\/hosting.conasi.vn\/w\/hyundai2011\/gioi-thieu\/","title":{"rendered":"Gi\u1edbi thi\u1ec7u"},"content":{"rendered":"<h2>Gi\u1edbi thi\u1ec7u v\u1ec1 Hyundai L\u00ea V\u0103n L\u01b0\u01a1ng<\/h2>\n<p>C\u00f4ng ty C\u1ed5 ph\u1ea7n \u00f4 t\u00f4 Th\u00e0nh An Long Bi\u00ean l\u00e0 m\u1ed9t doanh nghi\u1ec7p kinh doanh \u00f4 t\u00f4 v\u00e0 d\u1ecbch v\u1ee5 s\u1eeda ch\u1eefa \u00f4 t\u00f4 \u0111\u01b0\u1ee3c th\u00e0nh l\u1eadp t\u1eeb ng\u00e0y 6 th\u00e1ng 3 n\u0103m 2013.<\/p>\n<p>T\u1eeb nh\u1eefng ng\u00e0y th\u00e0nh l\u1eadp v\u1edbi 11 nh\u00e2n vi\u00ean, Th\u00e0nh An Long Bi\u00ean ch\u1ee7 y\u1ebfu kinh doanh xe \u00f4 t\u00f4 \u0111\u00e3 qua s\u1eed d\u1ee5ng v\u1edbi doanh s\u1ed1 \u0111\u1ea1t 200 \u2013 300 xe\/ n\u0103m. Sau 2 n\u0103m ho\u1ea1t \u0111\u1ed9ng, Ban l\u00e3nh \u0111\u1ea1o C\u00f4ng ty nh\u1eadn th\u1ea5y nhu c\u1ea7u mua xe \u00f4 t\u00f4 t\u1ea1i th\u1ecb tr\u01b0\u1eddng H\u00e0 N\u1ed9i ng\u00e0y c\u00e0ng l\u1edbn v\u00e0 xu h\u01b0\u1edbng s\u1eed d\u1ee5ng \u00f4 t\u00f4 cho m\u1ee5c \u0111\u00edch c\u00e1 nh\u00e2n, gia \u0111\u00ecnh v\u00e0 kinh doanh d\u1ecbch v\u1ee5 v\u1eadn chuy\u1ec3n l\u00e0 m\u1ed9t c\u01a1 h\u1ed9i l\u1edbn \u0111\u1ed1i v\u1edbi s\u1ef1 ph\u00e1t tri\u1ec3n c\u1ee7a c\u00f4ng ty. \u0110\u1ec3 x\u00e2y d\u1ef1ng c\u00f4ng ty ng\u00e0y m\u1ed9t l\u1edbn m\u1ea1nh v\u00e0 c\u00f3 ti\u1ec1m l\u1ef1c v\u1ec1 c\u1ea3 t\u00e0i ch\u00ednh v\u00e0 con ng\u01b0\u1eddi, Th\u00e0nh An Long Bi\u00ean \u0111\u00e3 d\u1ea7n ph\u00e1t tri\u1ec3n theo h\u01b0\u1edbng x\u00e2y d\u1ef1ng v\u0103n h\u00f3a doanh nghi\u1ec7p v\u1edbi m\u00f4i tr\u01b0\u1eddng chuy\u00ean nghi\u1ec7p, nh\u00e2n s\u1ef1 c\u00f3 tr\u00ecnh \u0111\u1ed9 cao v\u00e0 b\u1eaft \u0111\u1ea7u b\u01b0\u1edbc sang ng\u00e0nh kinh doanh xe m\u1edbi.<\/p>\n<p><img loading=\"lazy\" class=\"size-medium wp-image-1827 aligncenter\" src=\"http:\/\/hyundai.w2steam.com\/wp-content\/uploads\/2019\/05\/gioi-thieu-180.jpg\" sizes=\"(max-width: 700px) 100vw, 700px\" srcset=\"https:\/\/hyundailevanluong.com\/wp-content\/uploads\/2018\/03\/tap-the-hyundai-levanluong-700x293.jpg 700w, https:\/\/hyundailevanluong.com\/wp-content\/uploads\/2018\/03\/tap-the-hyundai-levanluong-600x251.jpg 600w, https:\/\/hyundailevanluong.com\/wp-content\/uploads\/2018\/03\/tap-the-hyundai-levanluong-150x63.jpg 150w, https:\/\/hyundailevanluong.com\/wp-content\/uploads\/2018\/03\/tap-the-hyundai-levanluong-768x322.jpg 768w, https:\/\/hyundailevanluong.com\/wp-content\/uploads\/2018\/03\/tap-the-hyundai-levanluong-24x10.jpg 24w, https:\/\/hyundailevanluong.com\/wp-content\/uploads\/2018\/03\/tap-the-hyundai-levanluong-36x15.jpg 36w, https:\/\/hyundailevanluong.com\/wp-content\/uploads\/2018\/03\/tap-the-hyundai-levanluong-48x20.jpg 48w, https:\/\/hyundailevanluong.com\/wp-content\/uploads\/2018\/03\/tap-the-hyundai-levanluong.jpg 1005w\" alt=\"\" width=\"700\" height=\"293\" \/><\/p>\n<p>Hyundai L\u00ea V\u0103n L\u01b0\u01a1ng ch\u00ednh l\u00e0 minh ch\u1ee9ng cho s\u1ef1 ph\u00e1t tri\u1ec3n \u0111\u1ed9t ph\u00e1 c\u1ee7a Th\u00e0nh An Long Bi\u00ean, t\u1eeb nh\u1eefng ng\u00e0y \u0111\u1ea7u n\u0103m 2016 kh\u1edfi \u0111\u1ea7u kinh doanh xe \u00f4 t\u00f4 m\u1edbi c\u1ee7a h\u00e3ng Hyundai, sau 8 th\u00e1ng ho\u1ea1t \u0111\u1ed9ng C\u00f4ng ty \u0111\u00e3 ch\u00ednh th\u1ee9c tr\u1edf th\u00e0nh \u0110\u1ea1i l\u00fd 3S c\u1ee7a T\u1eadp \u0111o\u00e0n Hyundai Th\u00e0nh C\u00f4ng.<\/p>\n<p>Lu\u00f4n \u0111\u1ec1 cao ch\u1ea5t l\u01b0\u1ee3ng v\u00e0 uy t\u00edn trong ho\u1ea1t \u0111\u1ed9ng, Th\u00e0nh An Long Bi\u00ean v\u1edbi th\u01b0\u01a1ng hi\u1ec7u Hyundai L\u00ea V\u0103n L\u01b0\u01a1ng c\u00e0ng ng\u00e0y c\u00e0ng \u0111\u01b0\u1ee3c nhi\u1ec1u kh\u00e1ch h\u00e0ng tin t\u01b0\u1edfng v\u00e0 l\u1ef1a ch\u1ecdn, kh\u00f4ng ch\u1ec9 ph\u00e1t tri\u1ec3n theo chi\u1ec1u s\u00e2u t\u1eeb ph\u00e2n ph\u1ed1i xe \u00f4 t\u00f4 Hyundai t\u1edbi b\u1ea3o h\u00e0nh s\u1eeda ch\u1eefa v\u00e0 ph\u1ee5 t\u00f9ng thay th\u1ebf ch\u00ednh h\u00e3ng Th\u00e0nh An Long Bi\u00ean c\u0169ng kh\u00f4ng ng\u1eebng m\u1edf r\u1ed9ng khu v\u1ef1c ho\u1ea1t \u0111\u1ed9ng \u1edf H\u00e0 N\u1ed9i v\u00e0 c\u00e1c t\u1ec9nh l\u00e2n c\u1eadn nh\u01b0 H\u01b0ng Y\u00ean, L\u1ea1ng S\u01a1n, Tuy\u00ean Quang v\u00e0 Thanh H\u00f3a.<\/p>\n<p>L\u1ea5y s\u1ef1 h\u00e0i l\u00f2ng c\u1ee7a kh\u00e1ch h\u00e0ng v\u00e0 uy t\u00edn ch\u1ea5t l\u01b0\u1ee3ng l\u00e0m kim ch\u1ec9 nam cho m\u1ecdi ho\u1ea1t \u0111\u1ed9ng ch\u00ednh l\u00e0 y\u1ebfu t\u1ed1 then ch\u1ed1t l\u00e0m n\u00ean s\u1ef1 ph\u00e1t tri\u1ec3n c\u1ee7a Th\u00e0nh An Long Bi\u00ean.<\/p>\n<p>&nbsp;<\/p>\n","protected":false},"excerpt":{"rendered":"<p>Gi\u1edbi thi\u1ec7u v\u1ec1 Hyundai L\u00ea V\u0103n L\u01b0\u01a1ng C\u00f4ng ty C\u1ed5 ph\u1ea7n \u00f4 t\u00f4 Th\u00e0nh An Long Bi\u00ean l\u00e0 m\u1ed9t doanh nghi\u1ec7p kinh doanh \u00f4 t\u00f4 v\u00e0 d\u1ecbch v\u1ee5 s\u1eeda ch\u1eefa \u00f4 t\u00f4 \u0111\u01b0\u1ee3c th\u00e0nh l\u1eadp t\u1eeb ng\u00e0y 6 th\u00e1ng 3 n\u0103m 2013. T\u1eeb nh\u1eefng ng\u00e0y th\u00e0nh l\u1eadp v\u1edbi 11 nh\u00e2n vi\u00ean, Th\u00e0nh An Long Bi\u00ean&#8230;<\/p>\n","protected":false},"author":1,"featured_media":0,"parent":0,"menu_order":0,"comment_status":"closed","ping_status":"closed","template":"","meta":[],"_links":{"self":[{"href":"https:\/\/hosting.conasi.vn\/w\/hyundai2011\/wp-json\/wp\/v2\/pages\/180"}],"collection":[{"href":"https:\/\/hosting.conasi.vn\/w\/hyundai2011\/wp-json\/wp\/v2\/pages"}],"about":[{"href":"https:\/\/hosting.conasi.vn\/w\/hyundai2011\/wp-json\/wp\/v2\/types\/page"}],"author":[{"embeddable":true,"href":"https:\/\/hosting.conasi.vn\/w\/hyundai2011\/wp-json\/wp\/v2\/users\/1"}],"replies":[{"embeddable":true,"href":"https:\/\/hosting.conasi.vn\/w\/hyundai2011\/wp-json\/wp\/v2\/comments?post=180"}],"version-history":[{"count":1,"href":"https:\/\/hosting.conasi.vn\/w\/hyundai2011\/wp-json\/wp\/v2\/pages\/180\/revisions"}],"predecessor-version":[{"id":182,"href":"https:\/\/hosting.conasi.vn\/w\/hyundai2011\/wp-json\/wp\/v2\/pages\/180\/revisions\/182"}],"wp:attachment":[{"href":"https:\/\/hosting.conasi.vn\/w\/hyundai2011\/wp-json\/wp\/v2\/media?parent=180"}],"curies":[{"name":"wp","href":"https:\/\/api.w.org\/{rel}","templated":true}]}}