{"id":948,"date":"2020-03-24T12:02:10","date_gmt":"2020-03-24T05:02:10","guid":{"rendered":"http:\/\/edu.muathemewordpress.net\/?post_type=product&#038;p=948"},"modified":"2020-03-24T12:02:10","modified_gmt":"2020-03-24T05:02:10","slug":"casio-casiotone-ct-s300","status":"publish","type":"product","link":"https:\/\/hosting.conasi.vn\/w\/hocdan2011\/san-pham\/casio-casiotone-ct-s300\/","title":{"rendered":"Casio Casiotone CT-S300"},"content":{"rendered":"<h2 dir=\"ltr\"><strong>C\u00f3 thi\u1ebft k\u1ebf nh\u1ecf g\u1ecdn v\u1edbi ch\u1ec9 3,3kg c\u00f9ng thi\u1ebft k\u1ebf 61 ph\u00edm gi\u00fap cho b\u1ea1n d\u1ec5 d\u00e0ng th\u01b0\u1edfng th\u1ee9c \u00e2m nh\u1ea1c m\u1ecdi l\u00fac, m\u1ecdi n\u01a1i b\u1ea1n th\u00edch.<\/strong><\/h2>\n<p dir=\"ltr\">CT-S300 l\u00e0 model \u0111\u00e0n \u0111\u01b0\u1ee3c ph\u00e1t tri\u1ec3n t\u1eeb d\u00f2ng \u0111\u00e0n Casiotone c\u1ee7a th\u01b0\u01a1ng hi\u1ec7u Casio \u0111\u01b0\u1ee3c s\u1ea3n xu\u1ea5t v\u00e0o nh\u1eefng n\u0103m 1980. Sau g\u1ea7n 40 n\u0103m, c\u00e2y \u0111\u00e0n Casiotone phi\u00ean b\u1ea3n m\u1edbi \u0111\u01b0\u1ee3c ra m\u1eaft trong l\u1ec5 h\u1ed9i Summer NAMM show 2019 \u0111\u01b0\u1ee3c t\u1ed5 ch\u1ee9c t\u1ea1i Nashville &#8211; Tennessee &#8211; M\u1ef9, \u0111\u00e3 nh\u1eadn \u0111\u01b0\u1ee3c r\u1ea5t nhi\u1ec1u thi\u1ec7n c\u1ea3m c\u1ee7a ng\u01b0\u1eddi tham d\u1ef1 v\u1ec1 m\u1ed9t nh\u1ea1c c\u1ee5 \u0111\u1ea7y m\u00e0u s\u1eafc \u00e2m thanh v\u00e0 l\u00e0 m\u1ed9t m\u00f3n qu\u00e0 ho\u00e0n h\u1ea3o cho tu\u1ed5i th\u01a1 c\u1ee7a c\u00e1c b\u1ea1n nh\u1ecf.<\/p>\n<p dir=\"ltr\"><img class=\"aligncenter\" src=\"https:\/\/vietthuong.vn\/upload\/content\/images\/Casio\/organ\/dan-organ-casiotone-cts300-nho-gon-de-choi.jpg\" alt=\"\" \/><\/p>\n<h3 dir=\"ltr\"><strong>1.Thi\u1ebft k\u1ebf nh\u1ecf g\u1ecdn si\u00eau di \u0111\u1ed9ng<\/strong><\/h3>\n<p dir=\"ltr\">V\u1edbi tr\u1ecdng l\u01b0\u1ee3ng ch\u1ec9 3,4kg c\u00f9ng thi\u1ebft k\u1ebf 61 ph\u00edm gi\u00fap cho c\u00e2y \u0111\u00e0n Casiotone CT-S300 kh\u00f4ng l\u00e0m kh\u00f3 \u0111\u01b0\u1ee3c c\u00e1c b\u1ea1n nh\u1ecf trong qu\u00e1 tr\u00ecnh c\u1ea7n di chuy\u1ec3n \u0111\u00e0n khi h\u1ecdc hay khi ch\u01a1i, khi t\u1ee5 t\u1eadp c\u00f9ng b\u1ea1n b\u00e8. Tr\u1ecdng l\u01b0\u1ee3ng 3,3kg th\u00edch h\u1ee3p ngay c\u1ea3 v\u1edbi m\u1ed9t em b\u00e9 4 tu\u1ed5i, mang \u0111\u1ebfn t\u00ednh linh ho\u1ea1t tuy\u1ec7t v\u1eddi cho m\u1ecdi ho\u1ea1t \u0111\u1ed9ng.<\/p>\n<p dir=\"ltr\">Ngo\u00e0i ra v\u1edbi m\u1ee5c \u0111\u00edch thi\u1ebft k\u1ebf r\u00f5 r\u00e0ng l\u00e0 c\u00f3 l\u1ee3i cho s\u1ef1 di chuy\u1ec3n c\u1ee7a ng\u01b0\u1eddi s\u1edf h\u1eefu, \u1edf ph\u1ea7n n\u1eafp tr\u00ean c\u00e2y \u0111\u00e0n c\u00f2n thi\u1ebft k\u1ebf ph\u1ea7n tay c\u1ea7m, thu\u1eadn ti\u1ec7n h\u01a1n v\u1edbi vi\u1ec7c mang c\u00e2y \u0111\u00e0n \u0111i b\u1ea5t c\u1ee9 v\u1ecb tr\u00ed n\u00e0o, gi\u00fap ng\u01b0\u1eddi ch\u01a1i c\u00f3 th\u1ec3 th\u01b0\u1edfng th\u1ee9c \u00e2m nh\u1ea1c theo phong c\u00e1ch ri\u00eang.<\/p>\n<p dir=\"ltr\"><img class=\"aligncenter\" src=\"https:\/\/vietthuong.vn\/upload\/content\/images\/Casio\/organ\/dan-organ-casiotone-cts300.jpg\" alt=\"\" \/><\/p>\n<p dir=\"ltr\">L\u1edbp v\u1ecf b\u00ean ngo\u00e0i l\u00e0 nh\u1ef1a \u0111\u00fac m\u00e0u \u0111en, ph\u1ed1i v\u1edbi b\u00e0n ph\u00edm d\u1ea1ng piano hai m\u00e0u \u0111en tr\u1eafng n\u1ed5i b\u1eadt, l\u1ed9ng l\u1eaby, mang \u0111\u1ebfn thi\u1ec7n c\u1ea3m ngay t\u1eeb c\u00e1i nh\u00ecn \u0111\u1ea7u ti\u00ean cho tr\u1ebb khi \u0111\u01b0\u1ee3c s\u1edf h\u1eefu m\u00f3n qu\u00e0 n\u00e0y, g\u1ee3i l\u00ean h\u1ee9ng th\u00fa h\u1ecdc t\u1eadp v\u00e0 ch\u01a1i \u0111\u00e0n b\u1ea5t t\u1eadn cho c\u00e1c b\u1ea1n nh\u1ecf.<\/p>\n<p dir=\"ltr\">Thi\u1ebft k\u1ebf pin c\u00f3 n\u0103ng l\u01b0\u1ee3ng d\u00e0i h\u01a1n so v\u1edbi c\u00e1c d\u00f2ng \u0111\u00e0n Keyboard kh\u00e1c c\u0169ng l\u00e0 m\u1ed9t \u01b0u th\u1ebf v\u01b0\u1ee3t tr\u1ed9i c\u1ee7a Casiotone CTS series, \u01b0u th\u1ebf n\u00e0y c\u00e0ng gi\u00fap CT-S300 kh\u1eb3ng \u0111\u1ecbnh \u0111\u01b0\u1ee3c tinh linh ho\u1ea1t trong m\u1ecdi t\u00ecnh hu\u1ed1ng ch\u01a1i \u0111\u00e0n, \u0111em v\u1ec1 l\u1ee3i \u00edch nhi\u1ec1u h\u01a1n cho ng\u01b0\u1eddi s\u1edf h\u1eefu.<\/p>\n<h3 dir=\"ltr\"><strong>2.B\u00e0n ph\u00edm si\u00eau th\u1ef1c Piano d\u00e0nh cho m\u1ed9t c\u00e2y \u0111\u00e0n Keyboard gi\u00e1 si\u00eau \u01b0u \u0111\u00e3i<\/strong><\/h3>\n<p dir=\"ltr\">V\u1edbi m\u1ed9t m\u1ee9c gi\u00e1 v\u00f4 c\u00f9ng m\u1ec1m m\u00e0 CT-S300 \u0111\u01b0\u1ee3c Casio \u01b0u \u00e1i d\u00e0nh cho thi\u1ebft k\u1ebf b\u00e0n ph\u00edm Casiotone c\u00f3 c\u00e1c hi\u1ec7u \u1ee9ng b\u00e0n ph\u00edm ph\u1ea3n h\u1ed3i n\u1eb7ng nh\u1eb9, mang v\u1ec1 ph\u1ea3n \u1ee9ng ph\u00edm v\u00e0 nh\u1eefng b\u01b0\u1edbc t\u1eadp luy\u1ec7n \u0111\u1ea7u ti\u00ean gi\u00e0u gi\u00e1 tr\u1ecb cho m\u1ed9t con \u0111\u01b0\u1eddng ngh\u1ec7 thu\u1eadt Piano d\u00e0i l\u00e2u ph\u00eda sau, \u0111\u00e2y l\u00e0 \u0111\u1eb7c \u0111i\u1ec3m n\u1ed5i tr\u1ed9i m\u00e0 kh\u00f4ng ph\u1ea3i b\u1ea5t k\u1ef3 model Keyboard n\u00e0o c\u0169ng l\u00e0m \u0111\u01b0\u1ee3c.<\/p>\n<p dir=\"ltr\"><img class=\"aligncenter\" src=\"https:\/\/vietthuong.vn\/upload\/content\/images\/Casio\/organ\/dan-organ-casiotone-cts300-nho-gon.jpg\" alt=\"\" \/><\/p>\n<p dir=\"ltr\">V\u1edbi b\u00e0n ph\u00edm n\u00e0y nh\u1eefng ng\u01b0\u1eddi m\u1edbi ch\u01a1i \u0111ang c\u00f3 \u00fd \u0111\u1ecbnh l\u00e0m quen v\u1edbi c\u00e1c b\u00e0n ph\u00edm d\u1ea1ng Piano, nh\u01b0ng l\u1ef1c tay c\u00f2n nh\u1ecf, ch\u01b0a \u0111\u1ee7 \u0111\u1ec3 th\u1ef1c hi\u1ec7n tr\u00ean b\u00e0n ph\u00edm Piano th\u1eadt th\u00ec ch\u1eafc h\u1eb3n kh\u00f4ng n\u00ean ch\u1ea7n ch\u1eeb \u0111\u1ec3 c\u00f3 th\u1ec3 s\u1edf h\u1eefu CT-S300.<\/p>\n<p dir=\"ltr\">\n<h3 dir=\"ltr\"><strong>3.C\u00e1c t\u00ednh n\u0103ng k\u1ef9 thu\u1eadt s\u1ed1 mang \u0111\u1ebfn ch\u1ea5t \u00e2m nh\u1ea1c \u0111\u1ea7y s\u1ef1 vui v\u1ebb<\/strong><\/h3>\n<p dir=\"ltr\">V\u1edbi 400 \u00e2m s\u1eafc, 75 nh\u1ecbp \u0111i\u1ec7u, 12 \u00e2m thanh nh\u1ea1c \u0111i\u1ec7n t\u1eed c\u1ee7a Casiotone CT-S300 c\u00f9ng t\u00ednh n\u0103ng Dance Music Mode cho ph\u00e9p ng\u01b0\u1eddi ch\u01a1i t\u1ea1o ra c\u00e1c \u00e2m thanh nh\u1ea1c c\u1ee5 nh\u01b0 tr\u1ed1ng, bass, \u00e2m nh\u1ea1c \u0111i\u1ec7n t\u1eed v\u00e0 c\u00f3 th\u1ec3 t\u1ef1 s\u00e1ng t\u1ea1o n\u00ean nh\u1eefng giai \u0111i\u1ec7u s\u00f4i \u0111\u1ed9ng kh\u00e1c nhau t\u1eeb kho nh\u1ea1c v\u00e0 c\u00e1c t\u00ednh n\u0103ng k\u1ef9 thu\u1eadt s\u1ed1 ti\u00ean ti\u1ebfn n\u00e0y.<\/p>\n<p dir=\"ltr\">M\u00e0n h\u00ecnh Led hi\u1ec3n th\u1ecb c\u1ee5 th\u1ec3, \u0111\u1ea7y \u0111\u1ee7 v\u00e0 tr\u1ef1c quan c\u00e1c ch\u01b0\u01a1ng tr\u00ecnh \u0111ang s\u1eed d\u1ee5ng, gi\u00fap ng\u01b0\u1eddi ch\u01a1i nh\u1ecf tu\u1ed5i x\u1eed l\u00fd t\u1ed1t h\u01a1n c\u00e1c k\u1ef9 thu\u1eadt ch\u01a1i mong mu\u1ed1n, mang v\u1ec1 b\u1ea3n nh\u1ea1c linh ho\u1ea1t v\u00e0 l\u01b0u lo\u00e1t.<\/p>\n<p dir=\"ltr\"><img class=\"aligncenter\" src=\"https:\/\/vietthuong.vn\/upload\/content\/images\/Casio\/organ\/dan-organ-casiotone-cts300-hinh-01.jpg\" alt=\"\" \/><\/p>\n<p dir=\"ltr\">H\u1ec7 th\u1ed1ng \u00e2m thanh v\u1edbi c\u00e1c loa h\u00ecnh oval c\u00f3 k\u00edch th\u01b0\u1edbc 13cmx6cm cho \u00e2m thanh vang v\u1ecdng, tr\u00f2n \u0111\u1ea7y h\u01a1n cho m\u1ed9t thi\u1ebft k\u1ebf nh\u1ecf g\u1ecdn so v\u1edbi nh\u1eefng d\u00f2ng Keyboard 61 ph\u00edm kh\u00e1c c\u1ee7a Casio. H\u1ec7 th\u1ed1ng loa d\u00e0nh cho c\u00e1c c\u00e2y Keyboard CT-S series mang \u0111\u1ebfn kh\u1ea3 n\u0103ng s\u1ebb chia \u00e2m nh\u1ea1c v\u1edbi b\u1ea5t c\u1ee9 ai c\u00f3 trong c\u0103n ph\u00f2ng ch\u01a1i nh\u1ea1c m\u1ed9t c\u00e1ch r\u00f5 r\u00e0ng, mang \u0111\u1ebfn s\u1ef1 th\u01b0\u1edfng th\u1ee9c \u00e2m nh\u1ea1c tuy\u1ec7t v\u1eddi cho c\u00e1c b\u1ea1n nh\u1ecf.<\/p>\n<p dir=\"ltr\">Ngo\u00e0i ra c\u00e2y \u0111\u00e0n m\u1eb7c d\u00f9 nh\u1ecf, thi\u1ebft k\u1ebf ch\u1ee7 y\u1ebfu d\u00e0nh cho ng\u01b0\u1eddi ch\u01a1i l\u00e0 tr\u1ebb em, nh\u01b0ng c\u00e1c k\u1ebft n\u1ed1i hi\u1ec7n \u0111\u1ea1i t\u1eeb USB, MIDI, v\u00e0 \u1ee9ng d\u1ee5ng Chordana Play IOS\/Android s\u1ebd mang \u0111\u1ebfn kh\u1ea3 n\u0103ng ch\u01a1i nh\u1ea1c r\u1ed9ng m\u1edf h\u01a1n, c\u00f3 th\u1ec3 gi\u1edbi thi\u1ec7u th\u00e0nh qu\u1ea3 ch\u01a1i nh\u1ea1c c\u1ee7a b\u1ea1n tr\u1ebb \u0111\u1ebfn v\u1edbi m\u1ecdi ng\u01b0\u1eddi th\u00f4ng qua c\u00e1c k\u1ebft n\u1ed1i n\u00e0y m\u1ed9t c\u00e1ch d\u1ec5 d\u00e0ng.<\/p>\n<p dir=\"ltr\"><img class=\"aligncenter\" src=\"https:\/\/vietthuong.vn\/upload\/content\/images\/Casio\/organ\/dan-organ-casiotone-cts300-hinh-03.jpg\" alt=\"\" \/><\/p>\n<p dir=\"ltr\">H\u1ec7 th\u1ed1ng tai nghe \u0111\u01b0\u1ee3c t\u00edch h\u1ee3p tr\u00ean \u0111\u00e0n c\u0169ng gi\u00fap t\u0103ng kh\u1ea3 n\u0103ng t\u1eadp luy\u1ec7n cho tr\u1ebb m\u1ecdi l\u00fac m\u1ecdi n\u01a1i m\u00e0 kh\u00f4ng l\u00e0m \u1ed3n ng\u01b0\u1eddi kh\u00e1c, ho\u1eb7c khi ng\u01b0\u1eddi ch\u01a1i mu\u1ed1n t\u1eadp \u0111\u00e0n m\u1ed9t c\u00e1ch y\u00ean t\u0129nh c\u0169ng c\u00f3 th\u1ec3 s\u1eed d\u1ee5ng c\u00f4ng ngh\u1ec7 tai nghe m\u1ed9t c\u00e1ch th\u01b0\u1eddng xuy\u00ean.<\/p>\n<h3 dir=\"ltr\"><strong>4.Gi\u00e1 c\u1ea3 \u01b0u \u0111\u00e3i cho m\u1ed9t c\u00e2y \u0111\u00e0n Keyboard n\u1ed5i b\u1eadt<\/strong><\/h3>\n<p dir=\"ltr\">Casiotone CT-S300 v\u1eeba ra m\u1eaft t\u1ea1i NAMM show v\u1edbi m\u1ed9t m\u1ee9c gi\u00e1 ni\u00eam y\u1ebft r\u1ea5t t\u1ed1t, h\u1ee9a h\u1eb9n m\u1ed9t gi\u00e1 c\u1ea3 ph\u1ea3i ch\u0103ng, h\u1ee3p l\u00fd v\u1edbi t\u1ea5t c\u1ea3 c\u00e1c \u0111\u1ed1i t\u01b0\u1ee3ng ng\u01b0\u1eddi ch\u01a1i l\u00e0 tr\u1ebb nh\u1ecf t\u1ea1i Vi\u1ec7t Nam khi ra m\u1eaft, b\u1ea5t c\u1ee9 ai c\u0169ng c\u00f3 th\u1ec3 s\u1edf h\u1eefu c\u00e2y \u0111\u00e0n Organ nhi\u1ec1u t\u00ednh n\u0103ng h\u1ed7 tr\u1ee3 ng\u01b0\u1eddi ch\u01a1i nh\u1ecf tu\u1ed5i nh\u01b0 CT-S300.<\/p>\n<p dir=\"ltr\"><img class=\"aligncenter\" src=\"https:\/\/vietthuong.vn\/upload\/content\/images\/Casio\/organ\/dan-organ-casiotone-cts300-hinh-02.jpg\" alt=\"\" \/><\/p>\n<p dir=\"ltr\">\n<h3 dir=\"ltr\"><strong>5.T\u1ed5ng k\u1ebft<\/strong><\/h3>\n<p dir=\"ltr\">V\u1edbi b\u00e0n ph\u00edm 61 ph\u00edm c\u00f3 ph\u1ea3n \u1ee9ng ph\u1ea3n h\u1ed3i n\u1eb7ng nh\u1eb9, c\u00f9ng h\u1ec7 th\u1ed1ng \u0111a \u00e2m k\u1ebft h\u1ee3p v\u1edbi c\u00e1c hi\u1ec7u \u1ee9ng k\u1ef9 thu\u1eadt s\u1ed1, c\u00e1c giai \u0111i\u1ec7u d\u1ec5 d\u00e0ng t\u1ea1o ra c\u00e1c b\u1ea3n nh\u1ea1c EDM s\u00f4i \u0111\u1ed9ng, \u0111\u1ea7y h\u1ee9ng kh\u1edfi \u0111\u1ec3 b\u1eaft \u0111\u1ea7u m\u1ed9t h\u00e0nh tr\u00ecnh \u00e2m nh\u1ea1c \u0111\u1ea7y m\u00e0u s\u1eafc trong t\u01b0\u01a1ng lai cho c\u00e1c b\u1ea1n nh\u1ecf.<\/p>\n<p dir=\"ltr\">N\u1ebfu b\u1ea1n \u0111ang mu\u1ed1n t\u00ecm m\u1ed9t m\u00f3n qu\u00e0 \u00e2m nh\u1ea1c cho b\u00e9 n\u0103m h\u1ecdc n\u00e0y, th\u00ec CasiotoneCT-S300 l\u00e0 model \u0111\u00e0n v\u00f4 c\u00f9ng x\u1ee9ng \u0111\u00e1ng \u0111\u1ec3 b\u1ea1n trao y\u00eau th\u01b0\u01a1ng, g\u1eedi ni\u1ec1m tin t\u1edbi b\u1ea1n tr\u1ebb nh\u00e0 m\u00ecnh.<\/p>\n","protected":false},"excerpt":{"rendered":"<ul>\n<li>Thi\u1ebft k\u1ebf nh\u1ecf g\u1ecdn<\/li>\n<li>Tr\u1ecdng l\u01b0\u1ee3ng nh\u1eb9<\/li>\n<li>T\u00ednh n\u0103ng dance<\/li>\n<li><strong>S\u1ea3n ph\u1ea9m bao g\u1ed3m<\/strong>:\u00a0AD9V, CXDON<\/li>\n<\/ul>\n","protected":false},"featured_media":949,"comment_status":"open","ping_status":"closed","template":"","meta":[],"_links":{"self":[{"href":"https:\/\/hosting.conasi.vn\/w\/hocdan2011\/wp-json\/wp\/v2\/product\/948"}],"collection":[{"href":"https:\/\/hosting.conasi.vn\/w\/hocdan2011\/wp-json\/wp\/v2\/product"}],"about":[{"href":"https:\/\/hosting.conasi.vn\/w\/hocdan2011\/wp-json\/wp\/v2\/types\/product"}],"replies":[{"embeddable":true,"href":"https:\/\/hosting.conasi.vn\/w\/hocdan2011\/wp-json\/wp\/v2\/comments?post=948"}],"wp:featuredmedia":[{"embeddable":true,"href":"https:\/\/hosting.conasi.vn\/w\/hocdan2011\/wp-json\/wp\/v2\/media\/949"}],"wp:attachment":[{"href":"https:\/\/hosting.conasi.vn\/w\/hocdan2011\/wp-json\/wp\/v2\/media?parent=948"}],"curies":[{"name":"wp","href":"https:\/\/api.w.org\/{rel}","templated":true}]}}