{"id":939,"date":"2020-03-24T11:58:55","date_gmt":"2020-03-24T04:58:55","guid":{"rendered":"http:\/\/edu.muathemewordpress.net\/?post_type=product&#038;p=939"},"modified":"2020-03-24T11:58:55","modified_gmt":"2020-03-24T04:58:55","slug":"organ-roland-ex20","status":"publish","type":"product","link":"https:\/\/hosting.conasi.vn\/w\/hocdan2011\/san-pham\/organ-roland-ex20\/","title":{"rendered":"Organ Roland EX20"},"content":{"rendered":"<h1>\u0110\u00e0n Organ Roland EX20<\/h1>\n<div class=\"pro-short-desc\">\n<p>Organ\u00a0Roland EX20 v\u1edbi ngu\u1ed3n \u00e2m thanh Super Natural \u00e1p d\u1ee5ng nh\u1eefng c\u00f4ng ngh\u1ec7 \u00e2m thanh hi\u1ec7n \u0111\u1ea1i, ti\u00ean ti\u1ebfn v\u00e0 m\u1edbi nh\u1ea5t \u0111\u00e3 t\u1ea1o \u0111i\u1ec1u ki\u1ec7n cho vi\u1ec7c t\u1ea1o ra m\u1ed9t h\u1ec7 th\u1ed1ng \u00e2m thanh phong ph\u00fa t\u1eeb tr\u1ea7m b\u1ed5ng, du d\u01b0\u01a1ng \u0111\u1ebfn m\u1ea1nh m\u1ebd, s\u00f4i \u0111\u1ed9ng v\u1edbi 128 voices ph\u1ee9c \u0111i\u1ec7u ch\u1ea5t l\u01b0\u1ee3ng cao, 647 \u00e2m s\u1eafc, 9 ti\u1ebfng tr\u1ed1ng, 10 lo\u1ea1i hi\u1ec7u \u1ee9ng Reverb v\u00e0 8 lo\u1ea1i hi\u1ec7u \u1ee9ng Chorus.<\/p>\n<p>\u00c2m thanh piano truy\u1ec1n th\u1ed1ng r\u1ea5t l\u00fd t\u01b0\u1edfng cho c\u00e1c b\u00e0i h\u1ecdc \u00e2m nh\u1ea1c v\u00e0 v\u1edbi c\u00e1c giai \u0111i\u1ec7u kh\u00e1c nhau ph\u00f9 h\u1ee3p v\u1edbi nh\u1ea1c c\u1ed5 \u0111i\u1ec3n, pop, rock v\u00e0 jazz, con b\u1ea1n c\u00f3 th\u1ec3 ch\u1ecdn \u00e2m thanh ho\u00e0n h\u1ea3o cho c\u00e1c b\u00e0i h\u00e1t \u0111\u1ea7u ti\u00ean c\u1ee7a m\u00ecnh \u2013 sau \u0111\u00f3 th\u1ef1c hi\u1ec7n ch\u00fang v\u1edbi s\u1ef1 r\u00f5 r\u00e0ng, t\u1ef1 tin v\u00e0 bi\u1ec3u hi\u1ec7n.<\/p>\n<p>E-X20 c\u00f2n t\u1ea1o c\u1ea3m h\u1ee9ng khi bi\u1ec3u di\u1ec5n solo, nh\u1edd t\u00ednh n\u0103ng Arranger t\u00edch h\u1ee3p cho ph\u00e9p tr\u1ebb ch\u01a1i c\u00f9ng v\u1edbi nh\u1ea1c \u0111\u1ec7m \u0111\u1ea7y \u0111\u1ee7, chu\u1ea9n b\u1ecb cho ban nh\u1ea1c ho\u1eb7c d\u00e0n nh\u1ea1c \u0111\u1ea7u ti\u00ean.<\/p>\n<\/div>\n<h2>Th\u00f4ng s\u1ed1 k\u1ef9 thu\u1eadt:<\/h2>\n<div>B\u00e0n ph\u00edm: 61 ph\u00edm<\/div>\n<div>Ph\u1ee9c \u0111i\u00ea\u0323u t\u00f4\u0301i \u0111a: 128 voices<\/div>\n<div>Th\u00e0nh ph\u1ea7n b\u1ed9 \u0111\u1ec7m: 16 parts<\/div>\n<div>B\u1ed9 nh\u1edb: 64 MB<\/div>\n<div>S\u1ed1 l\u01b0\u1ee3ng \u00e2m s\u1eafc: 391 + 256 (GM2), S\u1ed1 ti\u1ebfng tr\u1ed1ng: 9 (GM2)<\/div>\n<div>Hi\u00ea\u0323u \u1ee9ng k\u1ef9 thu\u00e2\u0323t s\u00f4\u0301: Reverb: 10 types; Chorus: 8 types<\/div>\n<div>D\u1ecbch tone: -12\u2014+12 (in semitones)<\/div>\n<div>AT\u0103ng gi\u1ea3m b\u00e1t \u0111\u1ed9: -1\u2014+1<\/div>\n<div>Styles (s\u1ed1 \u0111i\u1ec7u): 253 styles<\/div>\n<div>Internal Songs (b\u00e0i qu\u1ed1c t\u1ebf): 140 songs<\/div>\n<div>Recording (b\u00e0i thu \u00e2m): 10 songs<\/div>\n<div>C\u00f4ng su\u1ea5t loa ph\u00e1t: 3 W + 3 W<\/div>\n<div>C\u1ee1 loa: 10 cm x 2<\/div>\n<div>B\u00e1nh xe luy\u1ebfn l\u00e1y: Pitch bend wheel<\/div>\n<div>Hi\u1ec3n th\u1ecb: M\u00e0n h\u00ecnh LCD<\/div>\n<div>PHONES jack: Stereo 1\/4-inch phone type (phone 6mm)<\/div>\n<div>OUTPUT (L\/MONO, R) jacks: 1\/4-inch phone type (out put 6mm)<\/div>\n<div>SUSTAIN jack: 1\/4-inch TRS phone type (pedal ng\u00e2n ti\u1ebfng 6mm)<\/div>\n<div>USB Computer port: USB B type c\u1ed5ng USB: lo\u1ea1i B (gi\u1ed1ng m\u00e1y in)<\/div>\n<div>DC IN jack (L\u1ed7 c\u1eafm ngu\u1ed3n)<\/div>\n<div>Music rest: gi\u00e1 nh\u1ea1c<\/div>\n<div>Chi\u1ec1u r\u1ed9ng: 956 mm \u2013 Chi\u1ec1u ngang: 360 mm \u2013 Chi\u1ec1u cao: 133 mm \u2013 Tr\u1ecdng l\u01b0\u1ee3ng: 5.0 kg<\/div>\n","protected":false},"excerpt":{"rendered":"<p>&nbsp;<\/p>\n<ul>\n<li>Xu\u1ea5t x\u1ee9: Malaysia<\/li>\n<li>Nh\u00e0 s\u1ea3n xu\u1ea5t: Roland<\/li>\n<li>B\u1ea3o h\u00e0nh 1 n\u0103m<\/li>\n<li>T\u1eb7ng gi\u00e1 \u0111\u00e0n<\/li>\n<li>Bao v\u1ea3i<\/li>\n<li>Mi\u1ec5n ph\u00ed v\u1eadn chuy\u1ec3n n\u1ed9i th\u00e0nh H\u00e0 N\u1ed9i<\/li>\n<\/ul>\n<p>&nbsp;<\/p>\n","protected":false},"featured_media":940,"comment_status":"open","ping_status":"closed","template":"","meta":[],"_links":{"self":[{"href":"https:\/\/hosting.conasi.vn\/w\/hocdan2011\/wp-json\/wp\/v2\/product\/939"}],"collection":[{"href":"https:\/\/hosting.conasi.vn\/w\/hocdan2011\/wp-json\/wp\/v2\/product"}],"about":[{"href":"https:\/\/hosting.conasi.vn\/w\/hocdan2011\/wp-json\/wp\/v2\/types\/product"}],"replies":[{"embeddable":true,"href":"https:\/\/hosting.conasi.vn\/w\/hocdan2011\/wp-json\/wp\/v2\/comments?post=939"}],"wp:featuredmedia":[{"embeddable":true,"href":"https:\/\/hosting.conasi.vn\/w\/hocdan2011\/wp-json\/wp\/v2\/media\/940"}],"wp:attachment":[{"href":"https:\/\/hosting.conasi.vn\/w\/hocdan2011\/wp-json\/wp\/v2\/media?parent=939"}],"curies":[{"name":"wp","href":"https:\/\/api.w.org\/{rel}","templated":true}]}}