{"id":924,"date":"2020-03-24T11:51:51","date_gmt":"2020-03-24T04:51:51","guid":{"rendered":"http:\/\/edu.muathemewordpress.net\/?post_type=product&#038;p=924"},"modified":"2020-03-24T11:51:51","modified_gmt":"2020-03-24T04:51:51","slug":"upright-piano-kawai-k-800","status":"publish","type":"product","link":"https:\/\/hosting.conasi.vn\/w\/hocdan2011\/san-pham\/upright-piano-kawai-k-800\/","title":{"rendered":"Upright Piano Kawai K-800"},"content":{"rendered":"<h2><strong>L\u00e0 c\u00e2y \u0111\u00e0n piano c\u01a1 thu\u1ed9c d\u00f2ng upright piano kawai K series c\u1ee7a Nh\u1eadt b\u1ea3n, thi\u1ebft k\u1ebf v\u1edbi ki\u1ec3u d\u00e1ng thanh l\u1ecbch, giai \u0111i\u1ec7u \u1ea5m \u00e1p, ch\u00e2n th\u1ef1c. K800 \u0111\u01b0\u1ee3c m\u1ec7nh danh l\u00e0 c\u00e2y \u0111\u00e0n piano Upright cao c\u1ea5p, \u0111\u01b0\u1ee3c r\u1ea5t nhi\u1ec1u gi\u1edbi nh\u1ea1c c\u00f4ng, ngh\u1ec7 s\u0129 \u0111\u00e1nh gi\u00e1 cao v\u00e0 l\u1ef1a ch\u1ecdn.<\/strong><\/h2>\n<h2><img class=\"aligncenter\" src=\"https:\/\/vietthuong.vn\/upload\/content\/images\/kawai\/dan-piano-kawai-k800-sang-trong.jpg\" alt=\"\" \/><\/h2>\n<h3 dir=\"ltr\"><strong>1. C\u1ea3m \u1ee9ng ph\u00edm piano Kawai\u00a0K-800<\/strong><\/h3>\n<h4 dir=\"ltr\"><strong>B\u1ed9 c\u01a1 \u0111\u00e0n upright piano Millennium III<\/strong><\/h4>\n<p dir=\"ltr\">C\u00e1c b\u1ed9 ph\u1eadn c\u1ee7a b\u1ed9 c\u01a1 \u0111\u00e0n upright piano Millennium III \u0111\u01b0\u1ee3c l\u00e0m b\u1eb1ng ch\u1ea5t li\u1ec7u ABS-Carbon, m\u1ed9t lo\u1ea1i v\u1eadt li\u1ec7u t\u1ed5ng h\u1ee3p \u0111\u01b0\u1ee3c t\u1ea1o ra b\u1edfi s\u1ef1 pha tr\u1ed9n c\u1ee7a s\u1ee3i carbon v\u00e0 nh\u1ef1a ABS Styran. ABS-Carbon r\u1ea5t c\u1ee9ng ch\u1eafc, cho ph\u00e9p c\u00e1c b\u1ed9 ph\u1eadn c\u1ee7a b\u1ed9 c\u01a1 tr\u1edf n\u00ean nh\u1eb9 nh\u00e0ng h\u01a1n m\u00e0 kh\u00f4ng c\u1ea7n ph\u1ea3i ch\u1ecbu nhi\u1ec1u l\u1ef1c. K\u1ebft qu\u1ea3 l\u00e0 b\u1ed9 c\u01a1 ho\u1ea1t \u0111\u1ed9ng m\u1ea1nh h\u01a1n v\u00e0 nhanh h\u01a1n, nh\u1edd \u0111\u00f3 mang l\u1ea1i hi\u1ec7u qu\u1ea3 cao h\u01a1n, kh\u1ea3 n\u0103ng ki\u1ec3m so\u00e1t t\u1ed1t h\u01a1n c\u0169ng nh\u01b0 \u0111\u1ed9 \u1ed5n \u0111\u1ecbnh tuy\u1ec7t v\u1eddi h\u01a1n so v\u1edbi c\u00e1c lo\u1ea1i b\u1ed9 c\u01a1 truy\u1ec1n th\u1ed1ng ho\u00e0n to\u00e0n b\u1eb1ng g\u1ed7.<\/p>\n<p dir=\"ltr\"><img class=\"aligncenter\" src=\"https:\/\/vietthuong.vn\/upload\/content\/images\/kawai\/Bo-may-dan-piano-kawai-Millennium-III.jpg\" alt=\"\" \/><\/p>\n<h4 dir=\"ltr\"><strong>B\u1ec1 m\u1eb7t b\u00e0n ph\u00edm NEOTEX<\/strong><\/h4>\n<p dir=\"ltr\">V\u1eadt li\u1ec7u b\u1ec1 m\u1eb7t b\u00e0n ph\u00edm NEOTEX \u0111\u1ed9c quy\u1ec1n c\u1ee7a Kawai \u0111\u01b0\u1ee3c l\u00e0m b\u1eb1ng s\u1ee3i cellulose mang l\u1ea1i k\u1ebft c\u1ea5u tinh t\u1ebf v\u00e0 m\u01b0\u1ee3t m\u00e0 c\u1ee7a ng\u00e0 voi v\u00e0 g\u1ed7 mun t\u1ef1 nhi\u00ean, v\u00e0 \u0111\u01b0\u1ee3c ph\u1ee7 l\u1edbp b\u1ec1 m\u1eb7t silica b\u00e1n x\u1ed1p c\u00f3 kh\u1ea3 n\u0103ng h\u1ea5p th\u1ee5 c\u00e1c lo\u1ea1i d\u1ea7u t\u1ef1 nhi\u00ean v\u00e0 m\u1ed3 h\u00f4i tay c\u00f3 th\u1ec3 g\u00e2y tr\u01b0\u1ee3t ph\u00edm. NEOTEX ng\u0103n ng\u1eeba s\u1ef1 r\u1ea1n n\u1ee9t v\u00e0 ng\u1ea3 m\u00e0u qua nhi\u1ec1u n\u0103m s\u1eed d\u1ee5ng, \u0111\u1ed3ng th\u1eddi mang l\u1ea1i \u00e2m thanh b\u1ed5ng v\u00fat v\u00e0 t\u1ef1 nhi\u00ean \u0111\u1ec3 cho c\u1ea3m gi\u00e1c nh\u1ea5t qu\u00e1n tr\u00ean to\u00e0n b\u1ed9 b\u00e0n ph\u00edm.<\/p>\n<p dir=\"ltr\"><img src=\"https:\/\/vietthuong.vn\/upload\/content\/images\/kawai\/be-mat-phim-kawai-k-series-voi-cong-nghe-neotex.jpg\" alt=\"\" \/><\/p>\n<h4 dir=\"ltr\"><strong>Gi\u00e1 \u0111\u1ee1 b\u1ed9 c\u01a1 b\u1eb1ng nh\u00f4m \u0111\u00fac<\/strong><\/h4>\n<p dir=\"ltr\">Piano Kawai \u0111\u01b0\u1ee3c \u0111\u00fac t\u1eeb m\u1ed9t khu\u00f4n c\u1ed1 \u0111\u1ecbnh, nh\u1eefng b\u1ed9 ph\u1eadn c\u1ee7a gi\u00e1 \u0111\u1ee1 \u0111\u01b0\u1ee3c \u0111\u00fac ch\u00ednh x\u00e1c v\u00e0 gi\u1ed1ng h\u1ec7t nhau trong m\u1ecdi l\u1ea7n \u0111\u00fac. D\u00f2ng piano K-Series c\u00f3 3 gi\u00e1 \u0111\u1ee1 b\u1eb1ng nh\u00f4m \u0111\u00fac \u0111\u1ec3 cung c\u1ea5p l\u1ef1c \u0111\u1ee1 ch\u1eafc ch\u1eafn, nh\u1ea5t qu\u00e1n v\u00e0 \u1ed5n \u0111\u1ecbnh cho b\u00e0n ph\u00edm chu\u1ea9n x\u00e1c theo th\u1eddi gian.<\/p>\n<p dir=\"ltr\"><img class=\"aligncenter\" src=\"https:\/\/vietthuong.vn\/upload\/content\/images\/kawai\/gia-do-bo-co-bang-nhom-duc-ap-luc.jpg\" alt=\"\" \/><\/p>\n<h4 dir=\"ltr\"><strong>Ph\u00edm \u0111\u00e0n d\u00e0i h\u01a1n<\/strong><\/h4>\n<p dir=\"ltr\">Ph\u00edm \u0111\u00e0n d\u00e0i h\u01a1n gi\u00fap ch\u01a1i \u0111\u00e0n d\u1ec5 d\u00e0ng h\u01a1n, \u0111\u1ed3ng th\u1eddi gi\u00fap b\u1ec1 m\u1eb7t ph\u00edm nh\u1ea1y h\u01a1n khi ch\u01a1i. Ng\u01b0\u1eddi ch\u01a1i nh\u1edd \u0111\u00f3 c\u00f3 th\u1ec3 ki\u1ec3m so\u00e1t t\u1ed1t h\u01a1n v\u00e0 tr\u00ecnh di\u1ec5n hi\u1ec7u qu\u1ea3 h\u01a1n v\u1edbi n\u1ed7 l\u1ef1c \u00edt h\u01a1n.<\/p>\n<p dir=\"ltr\"><img class=\"aligncenter\" src=\"https:\/\/vietthuong.vn\/upload\/content\/images\/kawai\/do-dai-phim-dan-kawai-kseries-duoc-tang-them.jpg\" alt=\"\" \/><\/p>\n<h3 dir=\"ltr\"><strong>2. \u00c2m thanh \u0111\u00e0n piano Kawai K-800<\/strong><\/h3>\n<h4 dir=\"ltr\"><strong>B\u1ea3ng c\u1ed9ng h\u01b0\u1edfng (soundboard) \u0111\u01b0\u1ee3c l\u00e0m b\u1eb1ng g\u1ed7 v\u00e2n sam nguy\u00ean t\u1ea5m g\u1ecdt thon<\/strong><\/h4>\n<p dir=\"ltr\">B\u1ea3ng c\u1ed9ng h\u01b0\u1edfng l\u00e0 b\u1ed9 ph\u1eadn quan tr\u1ecdng nh\u1ea5t c\u1ee7a c\u00e2y \u0111\u00e0n piano. B\u1ed9 ph\u1eadn n\u00e0y \u0111\u01b0\u1ee3c d\u00f9ng \u0111\u1ec3 bi\u1ebfn s\u1ef1 rung \u0111\u1ed9ng c\u1ee7a c\u00e1c d\u00e2y \u0111\u00e0n th\u00e0nh nh\u1eefng \u00e2m vang phong ph\u00fa. Kawai ch\u1ec9 s\u1eed d\u1ee5ng lo\u1ea1i g\u1ed7 v\u00e2n sam nguy\u00ean t\u1ea5m c\u00f3 \u0111\u01b0\u1eddng v\u00e2n g\u1ed7 th\u1eb3ng \u0111\u01b0\u1ee3c c\u01b0a l\u00e0m t\u01b0 gh\u00e9p l\u1ea1i v\u1edbi nhau. T\u1eebng t\u1ea5m g\u1ed7 \u0111\u01b0\u1ee3c g\u1ecdt thon l\u1ea1i \u0111\u1ec3 t\u1ed1i \u01b0u h\u00f3a kh\u1ea3 n\u0103ng t\u1ea1o ra \u00e2m thanh. Ch\u1ec9 ri\u00eang nh\u1eefng \u0111i\u1ec1u \u1ea5y \u0111\u00e3 \u0111\u00e1p \u1ee9ng, th\u1eadm ch\u00ed v\u01b0\u1ee3t qu\u00e1, ti\u00eau chu\u1ea9n d\u00e0nh cho \u0111\u00e0n upright piano chuy\u00ean nghi\u1ec7p.<\/p>\n<p dir=\"ltr\"><img class=\"aligncenter\" src=\"https:\/\/vietthuong.vn\/upload\/content\/images\/kawai\/bang-cong-huong-go-van-sam-nguyen-khoi-kawai-k-series.jpg\" alt=\"\" \/><\/p>\n<h4 dir=\"ltr\"><strong>Tr\u1ee5 \u0111\u00e0n piano Kawai ch\u1eafc ch\u1eafn ch\u1ecbu t\u1ed1t l\u1ef1c cho khung \u0111\u00e0n.<\/strong><\/h4>\n<h4 dir=\"ltr\"><img class=\"aligncenter\" src=\"https:\/\/vietthuong.vn\/upload\/content\/images\/kawai\/tru-dan-piano-kawai-k-series.jpg\" alt=\"\" \/><\/h4>\n<h4 dir=\"ltr\"><strong>C\u00e1c b\u00faa \u0111\u00e0n c\u00f3 ghim h\u00ecnh ch\u1eef T, l\u00f5i b\u1eb1ng g\u1ed7 g\u1ee5 v\u00e0 \u0111\u01b0\u1ee3c b\u1ecdc n\u1ec9 hai b\u00ean<\/strong><\/h4>\n<p dir=\"ltr\">B\u00faa \u0111\u00e0n Piano Kawai K-800 \u0111\u01b0\u1ee3c l\u00e0m b\u1eb1ng g\u1ed7 g\u1ee5 c\u00f3 tr\u1ecdng l\u01b0\u1ee3ng nh\u1eb9 v\u00e0 c\u1ef1c k\u1ef3 nh\u1ea1y. Ch\u1ec9 tr\u00ean nh\u1eefng c\u00e2y \u0111\u00e0n ch\u1ea5t l\u01b0\u1ee3ng cao nh\u01b0 d\u00f2ng upright piano chuy\u00ean nghi\u1ec7p K-Series, b\u00faa \u0111\u00e0n m\u1edbi \u0111\u01b0\u1ee3c l\u00e0m ho\u00e0n to\u00e0n b\u1eb1ng g\u1ed7 g\u1ee5. T\u1ea5t c\u1ea3 b\u00faa \u0111\u00e0n c\u1ee7a d\u00f2ng K-Series \u0111\u1ec1u c\u00f3 ghim h\u00ecnh ch\u1eef T \u0111\u1ec3 gi\u1eef h\u00ecnh d\u1ea1ng b\u00faa v\u00e0 b\u1ecdc th\u00eam m\u1ed9t l\u1edbp n\u1ec9 \u0111\u1ec3 h\u1ed7 tr\u1ee3 vi\u1ec7c t\u1ea1o ra c\u00e1c \u00e2m thanh tuy\u1ec7t v\u1eddi.<\/p>\n<p dir=\"ltr\"><img class=\"aligncenter\" src=\"https:\/\/vietthuong.vn\/upload\/content\/images\/kawai\/bua-dan-piano-kawai-k-series.jpg\" alt=\"\" \/><\/p>\n<h3 dir=\"ltr\"><strong>3. Piano Kawai K800 c\u00f3 thi\u1ebft k\u1ebf ch\u1eafc ch\u1eafn<\/strong><\/h3>\n<h4><strong>Khung s\u1eaft \u0111\u01b0\u1ee3c thi\u1ebft k\u1ebf theo c\u00f4ng ngh\u1ec7 CAD m\u1ea1nh m\u1ebd<\/strong><\/h4>\n<p>Khung s\u1eaft b\u00ean trong \u0111\u00e0n piano kawai KseriesTr\u00ean t\u1ea5t c\u1ea3 c\u00e1c d\u00f2ng m\u00e1y K Series, c\u00e1c soundboard \u0111\u01b0\u1ee3c h\u1ed7 tr\u1ee3 b\u1edfi c\u00e1c khung s\u1eaft \u201cs\u1ee9c m\u1ea1nh ph\u00f9 h\u1ee3p\u201d \u0111\u1ed9c quy\u1ec1n c\u1ee7a Kawai. Nh\u1eefng khung s\u1eaft n\u00e0y s\u1eed d\u1ee5ng c\u00f4ng ngh\u1ec7 CAD ti\u00ean ti\u1ebfn nh\u1ea5t, th\u01b0\u01a1ng hi\u1ec7u pinao Kawai hi\u1ec7u ch\u1ec9nh c\u01b0\u1eddng \u0111\u1ed9 v\u00e0 kh\u1ed1i l\u01b0\u1ee3ng c\u1ee7a t\u1ea5m \u0111\u1ec3 ph\u00f9 h\u1ee3p v\u1edbi thi\u1ebft k\u1ebf quy m\u00f4 c\u1ee7a t\u1eebng model. Tri\u1ebft l\u00fd n\u00e0y \u0111\u1ea3m b\u1ea3o m\u1ed9t h\u1ed9i \u0111\u1ed3ng m\u1ea1nh m\u1ebd, c\u00e2n b\u1eb1ng tr\u1edf l\u1ea1i h\u1ed7 tr\u1ee3 c\u0103ng th\u1eb3ng chu\u1ed7i v\u00e0 cung c\u1ea5p m\u1ed9t n\u1ec1n t\u1ea3ng v\u1eefng ch\u1eafc cho giai \u0111i\u1ec7u n\u1ed5i b\u1eadt.<\/p>\n<p><img class=\"aligncenter\" src=\"https:\/\/vietthuong.vn\/upload\/content\/images\/kawai\/khung-dan-piano-kawai-kseries.jpg\" alt=\"\" \/><\/p>\n<h4><strong>Tuning Pins \u2013 Ch\u1ed1t ch\u1ec9nh d\u00e2y \u0111\u00e0n<\/strong><\/h4>\n<p>C\u00e1c ch\u1ed1t ch\u1ec9nh d\u00e2y \u0111\u00e0n K Series ch\u1ec9nh ch\u00e2n \u0111\u01b0\u1ee3c l\u00e0m t\u1eeb th\u00e9p t\u1ed1t nh\u1ea5t, m\u00e1y-ren cho m\u00f4-men xo\u1eafn hai chi\u1ec1u t\u1ed1i \u0111a v\u00e0 m\u1ea1 niken \u0111\u1ec3 t\u0103ng c\u01b0\u1eddng v\u1ebb \u0111\u1eb9p v\u00e0 cung c\u1ea5p b\u1ea3o v\u1ec7 l\u00e2u d\u00e0i.<\/p>\n<p><img class=\"aligncenter\" src=\"https:\/\/vietthuong.vn\/upload\/content\/images\/kawai\/Tuning-Pins-piano-kawai-k-series.jpg\" alt=\"\" \/><\/p>\n<h4><strong>Pinblock Multi-Grip Kawai K800<\/strong><\/h4>\n<p>Ch\u1ed1t pin Multi-Grip tr\u00ean t\u1ea5t c\u1ea3 c\u00e1c c\u00e2y \u0111\u00e0n piano K Series \u0111\u01b0\u1ee3c gh\u00e9p nhi\u1ec1u l\u1edbp v\u1edbi t\u1ed1i thi\u1ec3u 11 l\u1edbp c\u1ee7a c\u00e2y phong B\u1eafc M\u1ef9 cho s\u1ee9c m\u1ea1nh t\u1ed1i \u0111a v\u00e0 m\u00f4 men xo\u1eafn nh\u1ea5t qu\u00e1n.<\/p>\n<p><img class=\"aligncenter\" src=\"https:\/\/vietthuong.vn\/upload\/content\/images\/kawai\/multi-grip-pinblock-kawai-kseries.jpg\" alt=\"\" \/><\/p>\n<h4 dir=\"ltr\"><strong>Thanh \u0111\u1ee1 ph\u00edm (keyslip) \u0111\u01b0\u1ee3c gia c\u1ed1 b\u1eb1ng th\u00e9p<\/strong><\/h4>\n<p dir=\"ltr\">Thanh \u0111\u1ee1 ph\u00edm piano Piano Kawai K-600 l\u00e0 m\u1ed9t thanh g\u1ed7 d\u00e0i, n\u1eb1m ngang, bao ph\u1ee7 m\u1eb7t tr\u01b0\u1edbc c\u1ee7a c\u00e1c ph\u00edm \u0111\u00e0n. Ch\u00ednh v\u00ec \u0111\u01b0\u1ee3c l\u00e0m b\u1eb1ng \u0111o\u1ea1n g\u1ed7 d\u00e0i v\u00e0 m\u1ecfng m\u00e0 thanh \u0111\u1ee1 ph\u00edm c\u00f3 th\u1ec3 v\u00eanh l\u00ean ho\u1eb7c b\u1ecb u\u1ed1n cong do s\u1ef1 thay \u0111\u1ed5i \u0111\u1ed9 \u1ea9m, g\u00e2y ra hi\u1ec7n t\u01b0\u1ee3ng k\u1eb9t ph\u00edm. \u0110\u1ec3 kh\u1eafc ph\u1ee5c v\u1ea5n \u0111\u1ec1 n\u00e0y, m\u1ed9t m\u1eb7t c\u1ee7a thanh \u0111\u1ee1 ph\u00edm \u0111\u01b0\u1ee3c gia c\u1ed1 b\u1eb1ng c\u00e1ch b\u1ecdc th\u00e9p d\u00e0y. Ph\u00edm \u0111\u00e0n nh\u1edd \u0111\u00f3 s\u1ebd di chuy\u1ec3n t\u1ef1 do h\u01a1n m\u00e0 kh\u00f4ng b\u1ecb k\u1eb9t ph\u00edm hay c\u1ea1 ph\u00edm.<\/p>\n<p dir=\"ltr\"><img class=\"aligncenter\" src=\"https:\/\/vietthuong.vn\/upload\/content\/images\/kawai\/thanh-do-phim-keyslip-kawai-k-series.jpg\" alt=\"\" \/><\/p>\n<h4 dir=\"ltr\"><strong>B\u1ec7 \u0111\u1ee1 ph\u00edm (keybed) v\u00e0 thanh n\u1ed1i (braces)<\/strong><\/h4>\n<p dir=\"ltr\">B\u1ec7 \u0111\u1ee1 ph\u00eda d\u01b0\u1edbi ph\u00edm \u0111\u00e0n ph\u1ea3i th\u1eadt ch\u1eafc ch\u1eafn v\u00e0 \u1ed5n \u0111\u1ecbnh \u0111\u1ec3 h\u1ed7 tr\u1ee3 cho qu\u00e1 tr\u00ecnh l\u1eafp r\u00e1p b\u1ed9 c\u01a1 c\u0169ng nh\u01b0 duy tr\u00ec s\u1ef1 \u0111i\u1ec1u ch\u1ec9nh b\u1ed9 c\u01a1 qua nhi\u1ec1u n\u0103m d\u00f9 c\u01b0\u1eddng \u0111\u1ed9 s\u1eed d\u1ee5ng cao. B\u1ec7 \u0111\u1ee1 ph\u00edm c\u1ee7a d\u00f2ng K-Series \u0111\u01b0\u1ee3c l\u00e0m b\u1eb1ng nh\u1eefng phi\u1ebfn g\u1ed7 c\u1ee9ng d\u00e1t m\u1ecfng nh\u01b0ng ch\u1eafc ch\u1eafn v\u00e0 \u0111\u01b0\u1ee3c gia c\u1ed1 b\u1eb1ng thanh n\u1ed1i ph\u00eda sau \u1edf b\u00ean tr\u00ean khung th\u00e9p \u0111\u1ec3 gi\u00fap \u0111\u1ea3m b\u1ea3o v\u1ecb tr\u00ed \u1ed5n \u0111\u1ecbnh v\u00e0 gia t\u0103ng \u0111\u1ed9 ch\u1eafc ch\u1eafn nh\u1eb1m tr\u00e1nh th\u1ea5t tho\u00e1t n\u0103ng l\u01b0\u1ee3ng.<\/p>\n<p dir=\"ltr\"><img class=\"aligncenter\" src=\"https:\/\/vietthuong.vn\/upload\/content\/images\/kawai\/be-do-phim-keybed-kawai-kseries.jpg\" alt=\"\" \/><\/p>\n<h3><strong>4.Thi\u1ebft k\u1ebf m\u1edbi cho v\u1ebb \u0111\u1eb9p sang tr\u1ecdng, qu\u00fd ph\u00e1i v\u00e0 cao c\u1ea5p<\/strong><\/h3>\n<h4><strong>B\u00e1nh xe \u0111\u00f4i cao c\u1ea5p \u0111\u01b0\u1ee3c l\u00e0m t\u1eeb \u0111\u1ed3ng thau ch\u1eafc ch\u1eafn.<\/strong><\/h4>\n<p><img class=\"aligncenter\" src=\"https:\/\/vietthuong.vn\/upload\/content\/images\/kawai\/banh-xe-doi-dan-piano-kawai-k-series.jpg\" alt=\"\" \/><\/p>\n<h4><strong>Gi\u00e1 nh\u1ea1c piano Kawai K-800 v\u00e0 n\u1eafp \u0111\u1ed1ng ph\u00edm \u0111\u01b0\u1ee3c thi\u1ebft k\u1ebf nh\u01b0 c\u00e1c model grand piano cho v\u1ebb sang tr\u1ecdng, l\u1ecbnh l\u00e3m.<\/strong><\/h4>\n<h4><img class=\"aligncenter\" src=\"https:\/\/vietthuong.vn\/upload\/content\/images\/kawai\/gia-nhac-piano-kawai-k-seres-k700.jpg\" alt=\"\" \/><\/h4>\n<h4><strong>H\u1ec7 th\u1ed1ng softfall \u0111\u00f3ng n\u1eafp \u0111\u00e0n piano si\u00eau ch\u1eadm.<\/strong><\/h4>\n<h4><img class=\"aligncenter\" src=\"https:\/\/vietthuong.vn\/upload\/content\/images\/kawai\/Softfall-fallboard-piano-kawai-K-series.jpg\" alt=\"\" \/><\/h4>\n","protected":false},"excerpt":{"rendered":"<ul>\n<li>\u0110\u01b0\u1ee3c m\u1ec7nh danh l\u00e0 c\u00e2y \u0111\u00e0n Upright cao c\u1ea5p<\/li>\n<li>K\u00edch th\u01b0\u1edbc l\u1edbn, \u00e2m thanh d\u00e0y d\u1eb7n<\/li>\n<li>B\u1ed9 m\u00e1y c\u01a1 Millennium III Action \u0111\u01b0\u1ee3c l\u00e0m b\u1eb1ng ABS \u2013 Carbon.<\/li>\n<li>B\u1ea3o h\u00e0nh 5 n\u0103m, b\u1ea3o tr\u00ec 10 l\u1ea7n mi\u1ec5n ph\u00ed.<\/li>\n<li>T\u1eb7ng k\u00e8m gh\u1ebf \u0111\u00e0n Piano, kh\u0103n ph\u1ee7 ph\u00edm \u0111\u00e0n Piano, \u1ed1ng s\u01b0\u1edfi \u0111\u00e0n Piano<\/li>\n<li>Made In Japan<\/li>\n<\/ul>\n","protected":false},"featured_media":925,"comment_status":"open","ping_status":"closed","template":"","meta":[],"_links":{"self":[{"href":"https:\/\/hosting.conasi.vn\/w\/hocdan2011\/wp-json\/wp\/v2\/product\/924"}],"collection":[{"href":"https:\/\/hosting.conasi.vn\/w\/hocdan2011\/wp-json\/wp\/v2\/product"}],"about":[{"href":"https:\/\/hosting.conasi.vn\/w\/hocdan2011\/wp-json\/wp\/v2\/types\/product"}],"replies":[{"embeddable":true,"href":"https:\/\/hosting.conasi.vn\/w\/hocdan2011\/wp-json\/wp\/v2\/comments?post=924"}],"wp:featuredmedia":[{"embeddable":true,"href":"https:\/\/hosting.conasi.vn\/w\/hocdan2011\/wp-json\/wp\/v2\/media\/925"}],"wp:attachment":[{"href":"https:\/\/hosting.conasi.vn\/w\/hocdan2011\/wp-json\/wp\/v2\/media?parent=924"}],"curies":[{"name":"wp","href":"https:\/\/api.w.org\/{rel}","templated":true}]}}